{"id":7320,"date":"2020-04-29T01:09:20","date_gmt":"2020-04-28T22:09:20","guid":{"rendered":"https:\/\/northakademi.com\/tr\/?page_id=7320"},"modified":"2020-05-09T18:00:09","modified_gmt":"2020-05-09T15:00:09","slug":"hareketli-cephe-iskelesi-periyodik-kontrol-muayenesi","status":"publish","type":"page","link":"https:\/\/northakademi.com\/tr\/periyodik-kontrol-muayene\/kaldirma-iletme-ekipmanlari\/hareketli-cephe-iskelesi-periyodik-kontrol-muayenesi\/","title":{"rendered":"Hareketli Cephe \u0130skelesi Periyodik Kontrol Muayenesi"},"content":{"rendered":"<\/div><\/div><\/div><!-- close content main div --><\/div><\/div><div id='av_section_1' class='avia-section main_color avia-section-default avia-no-shadow avia-bg-style-scroll   av-minimum-height av-minimum-height-custom container_wrap sidebar_right' style = 'background-repeat: no-repeat; background-image: url(https:\/\/northakademi.com\/tr\/wp-content\/uploads\/2019\/12\/slide-north-akademi-siyah-lacivert.jpg); background-attachment: scroll; background-position: top left; ' data-section-bg-repeat='no-repeat' ><div class='container' style='height:150px'><div class='template-page content  av-content-small alpha units'><div class='post-entry post-entry-type-page post-entry-7320'><div class='entry-content-wrapper clearfix'>\n<div style='padding-bottom:10px;color:#ffffff;' class='av-special-heading av-special-heading-h3 custom-color-heading   '><h3 class='av-special-heading-tag '  itemprop=\"headline\"  >Hareketli Cephe \u0130skelesi Periyodik Kontrol Muayenesi<\/h3><div class='special-heading-border'><div class='special-heading-inner-border' style='border-color:#ffffff'><\/div><\/div><\/div>\n<\/div><\/div><\/div><!-- close content main div --><\/div><\/div><div id='after_section_1' class='main_color av_default_container_wrap container_wrap sidebar_right'   ><div class='container' ><div class='template-page content  av-content-small alpha units'><div class='post-entry post-entry-type-page post-entry-7320'><div class='entry-content-wrapper clearfix'><div class=\"flex_column av_one_full  flex_column_div av-zero-column-padding first  \" style='border-radius:0px; '><p><div class='avia-image-container  av-styling-    avia-align-center '  itemprop=\"ImageObject\" itemscope=\"itemscope\" itemtype=\"https:\/\/schema.org\/ImageObject\"  ><div class='avia-image-container-inner'><img class='avia_image ' src='https:\/\/northakademi.com\/tr\/wp-content\/uploads\/2019\/12\/north-akademi-egitim-0124.jpg' alt='' title=''   itemprop=\"thumbnailUrl\"  \/><\/div><\/div><br \/>\n<section class=\"av_textblock_section \"  itemscope=\"itemscope\" itemtype=\"https:\/\/schema.org\/CreativeWork\" ><div class='avia_textblock  '   itemprop=\"text\" ><p>B\u00fcy\u00fck bina in\u015faatlar\u0131nda binan\u0131n d\u0131\u015f\u0131n\u0131 g\u00fcvenli bir \u015fekilde kaplama, onarma, boyama, temizleme veya farkl\u0131 bir i\u015f yapmak i\u00e7in kullan\u0131lan kald\u0131rma arac\u0131d\u0131r. Bu hareketli iskele bina \u00f6n\u00fcne sabitle\u015ftirilmi\u015f ve yukar\u0131 ve a\u015fa\u011f\u0131 do\u011fru hareket edebilmektedir. H\u0131zl\u0131 \u00e7al\u0131\u015fan bu hareketli cephe iskelesi elektrik motoru ile \u00e7al\u0131\u015fmaktad\u0131r.<\/p>\n<p>Hareketli cephe iskelesi sayesinde zor i\u015fler kolayl\u0131kla yap\u0131lmaktad\u0131r. Son y\u0131llarda binalar\u0131n y\u00fckselmesi ile kullan\u0131m\u0131 artm\u0131\u015ft\u0131r. \u0130n\u015faat sekt\u00f6r\u00fcnde kullan\u0131lan bu iskelenin mutlaka bak\u0131m ve periyodik kontrolleri yap\u0131lmal\u0131d\u0131r. Hareketli cephe iskelesi d\u0131\u015f cephede \u00e7al\u0131\u015ft\u0131klar\u0131 i\u00e7in aksamlar\u0131 ve ekipmanlar\u0131 standartlarda belirtilen s\u00fcrelerle periyodik kontrol yap\u0131lmal\u0131d\u0131r.\u00a0\u00a0En ufak hatada can kayb\u0131na neden olacak cephe iskelesinin kontrollerini akredite olmu\u015f kurulu\u015flara yapt\u0131r\u0131n\u0131z.<\/p>\n<p>6331 say\u0131l\u0131 kanun gere\u011fince \u201c\u0130\u015f ekipmanlar\u0131 Kullan\u0131m\u0131nda Sa\u011fl\u0131k ve G\u00fcvenlik \u015eartlar\u0131 Y\u00f6netmeli\u011fi\u201dne tabiidir. Bu y\u00f6netmelikte belirtilen standartlara ve hususlara g\u00f6re yap\u0131lan kontroller Avrupa standartlar\u0131na uygundur. Hareketli cephe iskelesine sahip firmalar kontrollerini yapt\u0131rd\u0131\u011f\u0131 s\u00fcrece kazalar\u0131n \u00f6n\u00fcne ge\u00e7er ve i\u015f verimlili\u011fini artt\u0131r\u0131r.<\/p>\n<p><strong>\u0130\u015f Ekipmanlar\u0131 Kullan\u0131m\u0131nda Sa\u011fl\u0131k ve G\u00fcvenlik \u015eartlar\u0131 Y\u00f6netmeli\u011fi<\/strong><\/p>\n<p>Bu Y\u00f6netmeli\u011fin amac\u0131, i\u015f yerinde i\u015f ekipmanlar\u0131n\u0131n kullan\u0131m\u0131 ile ilgili sa\u011fl\u0131k ve g\u00fcvenlik y\u00f6n\u00fcnden uyulmas\u0131 gerekli asgari \u015fartlar\u0131 belirlemektir.\u00a020\/6\/2012 tarihli ve 6331 say\u0131l\u0131 \u0130\u015f Sa\u011fl\u0131\u011f\u0131 ve G\u00fcvenli\u011fi Kanunu kapsam\u0131na giren t\u00fcm i\u015f yerlerini kapsar.<br \/>\n6331 say\u0131l\u0131 \u0130\u015f Sa\u011fl\u0131\u011f\u0131 ve G\u00fcvenli\u011fi Kanununun 30 ve 31 inci maddeleri ile 9\/1\/1985 tarihli ve 3146 say\u0131l\u0131 \u00c7al\u0131\u015fma ve Sosyal G\u00fcvenlik Bakanl\u0131\u011f\u0131n\u0131n Te\u015fkilat ve G\u00f6revleri Hakk\u0131nda Kanunun 2 ve 12 nci maddelerine dayan\u0131larak ve 3\/10\/2009 tarihli ve 2009\/104\/EC say\u0131l\u0131 Avrupa Birli\u011fi Direktifine paralel olarak haz\u0131rlanm\u0131\u015ft\u0131r.<\/p>\n<p><strong>\u0130skelelerin kullan\u0131m\u0131 ile ilgili \u00f6zel h\u00fck\u00fcmler<\/strong><\/p>\n<p>4.3.1. Se\u00e7ilen iskelenin sa\u011flaml\u0131k ve dayan\u0131kl\u0131l\u0131k hesab\u0131 mevcut de\u011filse veya var olan hesaplar se\u00e7ilen iskele tipinde tasarlanan yap\u0131sal de\u011fi\u015fikliklere uygun de\u011filse veya iskelenin genel olarak al\u0131\u015f\u0131lm\u0131\u015f standart konfig\u00fcrasyonlara uygun yap\u0131da imal edilmemi\u015f oldu\u011fu durumlarda bunlar\u0131n sa\u011flaml\u0131k ve dayan\u0131kl\u0131l\u0131k hesaplar\u0131 yap\u0131l\u0131r. Bu hesaplar yap\u0131lmadan iskeleler kullan\u0131lamaz.<\/p>\n<p>4.3.2. Se\u00e7ilen iskelenin karma\u015f\u0131kl\u0131\u011f\u0131na ba\u011fl\u0131 olarak kurma, kullanma ve s\u00f6kme plan\u0131; yap\u0131 i\u015flerinde in\u015faat m\u00fchendisi,<br \/>\n(Ek ibare:RG-23\/7\/2016-29779)(2)<\/p>\n<p>in\u015faat veya yap\u0131 e\u011fitimi b\u00f6l\u00fcm\u00fc mezunu teknik \u00f6\u011fretmen,\u00a0in\u015faat teknikeri veya y\u00fcksek teknikeri; gemi in\u015fas\u0131 ve s\u00f6k\u00fcm\u00fc i\u015flerinde ise gemi in\u015faat\u0131 m\u00fchendisi taraf\u0131ndan yap\u0131l\u0131r veya yapt\u0131r\u0131l\u0131r. Bu plan, iskele ile ilgili detay bilgileri i\u00e7eren standart form \u015feklinde olabilir.<\/p>\n<p>4.3.3. \u0130skelenin ta\u015f\u0131y\u0131c\u0131 elemanlar\u0131n\u0131n kaymas\u0131; yeterli sa\u011flaml\u0131ktaki ta\u015f\u0131y\u0131c\u0131 zemine sabitlenerek, kaymaz ara\u00e7lar kullanarak veya ayn\u0131 etkiye sahip di\u011fer y\u00f6ntemlerle \u00f6nlenir. \u0130skelenin sa\u011flam ve dengeli olmas\u0131 sa\u011flan\u0131r. Y\u00fcksekte \u00e7al\u0131\u015fma s\u0131ras\u0131nda tekerlekli iskelelerin kazara hareket etmesini \u00f6nleyecek uygun ara\u00e7lar kullan\u0131l\u0131r.<\/p>\n<p>4.3.4. \u0130skele platformlar\u0131n\u0131n boyutu, \u015fekli ve yerle\u015ftirilmesi yap\u0131lan i\u015fin \u00f6zelliklerine ve ta\u015f\u0131nan y\u00fcke uygun ve g\u00fcvenli \u00e7al\u0131\u015fma ve ge\u00e7i\u015flere izin verecek \u015fekilde olmas\u0131 gerekir. \u0130skele platformlar\u0131 normal kullan\u0131mda, elemanlar\u0131 hareket etmeyecek \u015fekilde kurulur. Platform elemanlar\u0131 ve dikey korkuluklar\u0131n aras\u0131nda d\u00fc\u015fmelere neden olabilecek tehlikeli bo\u015fluklar bulunmamas\u0131 gerekir.<\/p>\n<p>4.3.5. Kurma, s\u00f6kme veya de\u011fi\u015fiklik yap\u0131lmas\u0131 s\u0131ras\u0131nda iskelenin kullan\u0131ma haz\u0131r olmayan k\u0131s\u0131mlar\u0131, 23\/12\/2003 tarihli ve 25325 say\u0131l\u0131 Resm\u00ee Gazete\u2019de yay\u0131mlanan G\u00fcvenlik ve Sa\u011fl\u0131k \u0130\u015faretleri Y\u00f6netmeli\u011fine uygun \u015fekilde genel uyar\u0131 i\u015faretleri ile i\u015faretlenir ve tehlikeli b\u00f6lgeye giri\u015fler fiziki olarak engellenir.<\/p>\n<p>4.3.6. \u0130skelelerin kurulmas\u0131, s\u00f6k\u00fclmesi veya \u00fczerinde \u00f6nemli de\u011fi\u015fiklik yap\u0131lmas\u0131, g\u00f6revli in\u015faat m\u00fchendisi,<br \/>\n(Ek ibare:RG-23\/7\/2016-29779) (2)<\/p>\n<p>in\u015faat veya yap\u0131 e\u011fitimi b\u00f6l\u00fcm\u00fc mezunu teknik \u00f6\u011fretmen, in\u015faat teknikeri veya y\u00fcksek teknikeri; tersanelerde ise gemi in\u015faat\u0131 m\u00fchendisi g\u00f6zetimi alt\u0131nda ve bu Y\u00f6netmeli\u011fin 11 inci maddesi uyar\u0131nca, \u00f6zel riskleri ve ayr\u0131ca a\u015fa\u011f\u0131da belirtilen hususlar\u0131 kapsayan konularda yapacaklar\u0131 i\u015fle ilgili yeterli e\u011fitim alm\u0131\u015f \u00e7al\u0131\u015fanlar taraf\u0131ndan yap\u0131l\u0131r.<\/p>\n<p>a) \u0130skelelerin kurulmas\u0131, s\u00f6k\u00fclmesi veya de\u011fi\u015fiklik yap\u0131lmas\u0131 ile ilgili planlar\u0131n anla\u015f\u0131lmas\u0131,<br \/>\nb) \u0130skelelerin kurulmas\u0131, s\u00f6k\u00fclmesi veya de\u011fi\u015fiklik yap\u0131lmas\u0131 s\u0131ras\u0131nda g\u00fcvenlik,<br \/>\nc) \u00c7al\u0131\u015fanlar\u0131n veya malzemelerin d\u00fc\u015fme riskini \u00f6nleyecek tedbirler,<br \/>\n\u00e7) \u0130skelelerde g\u00fcvenli\u011fi olumsuz etkileyebilecek de\u011fi\u015fen hava ko\u015fullar\u0131na g\u00f6re al\u0131nacak g\u00fcvenlik \u00f6nlemleri,<br \/>\nd) \u0130skelelerin ta\u015f\u0131yabilece\u011fi y\u00fckler,<br \/>\ne) \u0130skelelerin kurulmas\u0131, s\u00f6k\u00fclmesi veya de\u011fi\u015fiklik yap\u0131lmas\u0131 i\u015flemleri s\u0131ras\u0131nda ortaya \u00e7\u0131kabilecek di\u011fer riskler.<\/p>\n<p>Yap\u0131 \u0130skeleleri Periyodik Kontrol S\u00fcresi TS EN 1495 + A2 ve TS EN 1808 standartlar\u0131nda belirtilen kriterlere uygun olarak ve EK-II\u2019nin 4 \u00fcnc\u00fc maddesinde belirtilen hususlar dikkate al\u0131narak yap\u0131l\u0131r. Bu standartlara g\u00f6re periyodik kontrol s\u00fcresi 6 ay d\u0131r.<\/p>\n<\/div><\/section><\/p><\/div><\/p>\n","protected":false},"excerpt":{"rendered":"","protected":false},"author":1,"featured_media":0,"parent":7522,"menu_order":0,"comment_status":"closed","ping_status":"closed","template":"","meta":{"footnotes":""},"_links":{"self":[{"href":"https:\/\/northakademi.com\/tr\/wp-json\/wp\/v2\/pages\/7320"}],"collection":[{"href":"https:\/\/northakademi.com\/tr\/wp-json\/wp\/v2\/pages"}],"about":[{"href":"https:\/\/northakademi.com\/tr\/wp-json\/wp\/v2\/types\/page"}],"author":[{"embeddable":true,"href":"https:\/\/northakademi.com\/tr\/wp-json\/wp\/v2\/users\/1"}],"replies":[{"embeddable":true,"href":"https:\/\/northakademi.com\/tr\/wp-json\/wp\/v2\/comments?post=7320"}],"version-history":[{"count":1,"href":"https:\/\/northakademi.com\/tr\/wp-json\/wp\/v2\/pages\/7320\/revisions"}],"predecessor-version":[{"id":7321,"href":"https:\/\/northakademi.com\/tr\/wp-json\/wp\/v2\/pages\/7320\/revisions\/7321"}],"up":[{"embeddable":true,"href":"https:\/\/northakademi.com\/tr\/wp-json\/wp\/v2\/pages\/7522"}],"wp:attachment":[{"href":"https:\/\/northakademi.com\/tr\/wp-json\/wp\/v2\/media?parent=7320"}],"curies":[{"name":"wp","href":"https:\/\/api.w.org\/{rel}","templated":true}]}}