{"id":7318,"date":"2020-04-29T01:07:37","date_gmt":"2020-04-28T22:07:37","guid":{"rendered":"https:\/\/northakademi.com\/tr\/?page_id=7318"},"modified":"2020-05-09T17:59:55","modified_gmt":"2020-05-09T14:59:55","slug":"greyder-periyodik-kontrol-muayenesi","status":"publish","type":"page","link":"https:\/\/northakademi.com\/tr\/periyodik-kontrol-muayene\/kaldirma-iletme-ekipmanlari\/greyder-periyodik-kontrol-muayenesi\/","title":{"rendered":"Greyder Periyodik Kontrol Muayenesi"},"content":{"rendered":"<\/div><\/div><\/div><!-- close content main div --><\/div><\/div><div id='av_section_1' class='avia-section main_color avia-section-default avia-no-shadow avia-bg-style-scroll   av-minimum-height av-minimum-height-custom container_wrap sidebar_right' style = 'background-repeat: no-repeat; background-image: url(https:\/\/northakademi.com\/tr\/wp-content\/uploads\/2019\/12\/slide-north-akademi-siyah-lacivert.jpg); background-attachment: scroll; background-position: top left; ' data-section-bg-repeat='no-repeat' ><div class='container' style='height:150px'><div class='template-page content  av-content-small alpha units'><div class='post-entry post-entry-type-page post-entry-7318'><div class='entry-content-wrapper clearfix'>\n<div style='padding-bottom:10px;color:#ffffff;' class='av-special-heading av-special-heading-h3 custom-color-heading   '><h3 class='av-special-heading-tag '  itemprop=\"headline\"  >Greyder Periyodik Kontrol Muayenesi<\/h3><div class='special-heading-border'><div class='special-heading-inner-border' style='border-color:#ffffff'><\/div><\/div><\/div>\n<\/div><\/div><\/div><!-- close content main div --><\/div><\/div><div id='after_section_1' class='main_color av_default_container_wrap container_wrap sidebar_right'   ><div class='container' ><div class='template-page content  av-content-small alpha units'><div class='post-entry post-entry-type-page post-entry-7318'><div class='entry-content-wrapper clearfix'><div class=\"flex_column av_one_full  flex_column_div av-zero-column-padding first  \" style='border-radius:0px; '><p><div class='avia-image-container  av-styling-    avia-align-center '  itemprop=\"ImageObject\" itemscope=\"itemscope\" itemtype=\"https:\/\/schema.org\/ImageObject\"  ><div class='avia-image-container-inner'><img class='avia_image ' src='https:\/\/northakademi.com\/tr\/wp-content\/uploads\/2019\/12\/north-akademi-egitim-0124.jpg' alt='' title=''   itemprop=\"thumbnailUrl\"  \/><\/div><\/div><br \/>\n<section class=\"av_textblock_section \"  itemscope=\"itemscope\" itemtype=\"https:\/\/schema.org\/CreativeWork\" ><div class='avia_textblock  '   itemprop=\"text\" ><p>Greyder i\u015f makinas\u0131nda bulunan riperleri, kazmalar\u0131 ve orta b\u00f6l\u00fcm\u00fcnde bulunan b\u0131\u00e7a\u011f\u0131 sayesinde zemine istenilen bombeyi verme, zemini kar\u0131\u015ft\u0131rma, d\u00fczeltme ve malzemeyi istenilen yere y\u0131\u011fma i\u015flerini kolayl\u0131kla yapmaktad\u0131r. Greyder\u2019in orta b\u00f6l\u00fcm\u00fcnde bulunan b\u0131\u00e7ak ile istenilen a\u00e7\u0131 verebilen bu i\u015f makinas\u0131 sert ve derin olmayan zeminlerde \u00e7al\u0131\u015fabilirler.<\/p>\n<p>Greyder i\u015f makinas\u0131 b\u00fcy\u00fck 6 adet lasti\u011fe sahiptir. Arkada bulunan tekerlekleri g\u00fcc\u00fc ileri do\u011fru vererek kaz\u0131 veya tesviye i\u015fini yapt\u0131r\u0131r. Arkada bulunan tekerlekler motordan ald\u0131\u011f\u0131 g\u00fcc\u00fc uygulad\u0131\u011f\u0131 i\u00e7in \u00f6n tekerleklere g\u00f6re daha fazla a\u015f\u0131n\u0131r ve y\u0131pran\u0131rlar. B\u00f6ylesine a\u011f\u0131r i\u015fleri yapan Greyder\u2019lerin mutlaka bak\u0131m ve periyodik kontrolleri yap\u0131lmal\u0131d\u0131r. \u0130\u015f makinas\u0131 aksamlar\u0131 ekipmanlar\u0131nda olu\u015fabilecek en ufak hasar kazalara neden olabilir. Bu nedenle mutlaka kontrollerinizi akredite olmu\u015f\u00a0kurulu\u015flara yapt\u0131r\u0131n\u0131z.<\/p>\n<p>Greyder\u2019in muayeneleri \u201c6331\u201d say\u0131l\u0131 kanun gere\u011fince \u201c\u0130\u015f Ekipmanlar\u0131 Kullan\u0131m\u0131nda Sa\u011fl\u0131k ve G\u00fcvenlik \u015eartlar\u0131 Y\u00f6netmeli\u011fi\u201dne tabiidir. Bu y\u00f6netmelikte belirtilen standartlara ve hususlara g\u00f6re yap\u0131lan kontroller Avrupa standartlar\u0131ndad\u0131r.<\/p>\n<p><strong>\u0130\u015f Ekipmanlar\u0131 Kullan\u0131m\u0131nda Sa\u011fl\u0131k ve G\u00fcvenlik \u015eartlar\u0131 Y\u00f6netmeli\u011fi<\/strong><\/p>\n<p>Bu Y\u00f6netmeli\u011fin amac\u0131, i\u015f yerinde i\u015f ekipmanlar\u0131n\u0131n kullan\u0131m\u0131 ile ilgili sa\u011fl\u0131k ve g\u00fcvenlik y\u00f6n\u00fcnden uyulmas\u0131 gerekli asgari \u015fartlar\u0131 belirlemektir.\u00a020\/6\/2012 tarihli ve 6331 say\u0131l\u0131 \u0130\u015f Sa\u011fl\u0131\u011f\u0131 ve G\u00fcvenli\u011fi Kanunu kapsam\u0131na giren t\u00fcm i\u015f yerlerini kapsar.<\/p>\n<p>6331 say\u0131l\u0131 \u0130\u015f Sa\u011fl\u0131\u011f\u0131 ve G\u00fcvenli\u011fi Kanununun 30 ve 31 inci maddeleri ile 9\/1\/1985 tarihli ve 3146 say\u0131l\u0131 \u00c7al\u0131\u015fma ve Sosyal G\u00fcvenlik Bakanl\u0131\u011f\u0131n\u0131n Te\u015fkilat ve G\u00f6revleri Hakk\u0131nda Kanunun 2 ve 12 nci maddelerine dayan\u0131larak ve 3\/10\/2009 tarihli ve 2009\/104\/EC say\u0131l\u0131 Avrupa Birli\u011fi Direktifine paralel olarak haz\u0131rlanm\u0131\u015ft\u0131r.<\/p>\n<\/div><\/section><\/p><\/div><\/p>\n","protected":false},"excerpt":{"rendered":"","protected":false},"author":1,"featured_media":0,"parent":7522,"menu_order":0,"comment_status":"closed","ping_status":"closed","template":"","meta":{"footnotes":""},"_links":{"self":[{"href":"https:\/\/northakademi.com\/tr\/wp-json\/wp\/v2\/pages\/7318"}],"collection":[{"href":"https:\/\/northakademi.com\/tr\/wp-json\/wp\/v2\/pages"}],"about":[{"href":"https:\/\/northakademi.com\/tr\/wp-json\/wp\/v2\/types\/page"}],"author":[{"embeddable":true,"href":"https:\/\/northakademi.com\/tr\/wp-json\/wp\/v2\/users\/1"}],"replies":[{"embeddable":true,"href":"https:\/\/northakademi.com\/tr\/wp-json\/wp\/v2\/comments?post=7318"}],"version-history":[{"count":1,"href":"https:\/\/northakademi.com\/tr\/wp-json\/wp\/v2\/pages\/7318\/revisions"}],"predecessor-version":[{"id":7319,"href":"https:\/\/northakademi.com\/tr\/wp-json\/wp\/v2\/pages\/7318\/revisions\/7319"}],"up":[{"embeddable":true,"href":"https:\/\/northakademi.com\/tr\/wp-json\/wp\/v2\/pages\/7522"}],"wp:attachment":[{"href":"https:\/\/northakademi.com\/tr\/wp-json\/wp\/v2\/media?parent=7318"}],"curies":[{"name":"wp","href":"https:\/\/api.w.org\/{rel}","templated":true}]}}