{"id":7316,"date":"2020-04-29T01:06:24","date_gmt":"2020-04-28T22:06:24","guid":{"rendered":"https:\/\/northakademi.com\/tr\/?page_id=7316"},"modified":"2020-05-09T17:59:17","modified_gmt":"2020-05-09T14:59:17","slug":"girgir-vinc-periyodik-kontrol-muayenesi","status":"publish","type":"page","link":"https:\/\/northakademi.com\/tr\/periyodik-kontrol-muayene\/kaldirma-iletme-ekipmanlari\/girgir-vinc-periyodik-kontrol-muayenesi\/","title":{"rendered":"G\u0131rg\u0131r Vin\u00e7 Periyodik Kontrol Muayenesi"},"content":{"rendered":"<\/div><\/div><\/div><!-- close content main div --><\/div><\/div><div id='av_section_1' class='avia-section main_color avia-section-default avia-no-shadow avia-bg-style-scroll   av-minimum-height av-minimum-height-custom container_wrap sidebar_right' style = 'background-repeat: no-repeat; background-image: url(https:\/\/northakademi.com\/tr\/wp-content\/uploads\/2019\/12\/slide-north-akademi-siyah-lacivert.jpg); background-attachment: scroll; background-position: top left; ' data-section-bg-repeat='no-repeat' ><div class='container' style='height:150px'><div class='template-page content  av-content-small alpha units'><div class='post-entry post-entry-type-page post-entry-7316'><div class='entry-content-wrapper clearfix'>\n<div style='padding-bottom:10px;color:#ffffff;' class='av-special-heading av-special-heading-h3 custom-color-heading   '><h3 class='av-special-heading-tag '  itemprop=\"headline\"  >G\u0131rg\u0131r Vin\u00e7 Periyodik Kontrol Muayenesi<\/h3><div class='special-heading-border'><div class='special-heading-inner-border' style='border-color:#ffffff'><\/div><\/div><\/div>\n<\/div><\/div><\/div><!-- close content main div --><\/div><\/div><div id='after_section_1' class='main_color av_default_container_wrap container_wrap sidebar_right'   ><div class='container' ><div class='template-page content  av-content-small alpha units'><div class='post-entry post-entry-type-page post-entry-7316'><div class='entry-content-wrapper clearfix'><div class=\"flex_column av_one_full  flex_column_div av-zero-column-padding first  \" style='border-radius:0px; '><p><div class='avia-image-container  av-styling-    avia-align-center '  itemprop=\"ImageObject\" itemscope=\"itemscope\" itemtype=\"https:\/\/schema.org\/ImageObject\"  ><div class='avia-image-container-inner'><img class='avia_image ' src='https:\/\/northakademi.com\/tr\/wp-content\/uploads\/2019\/12\/north-akademi-egitim-0124.jpg' alt='' title=''   itemprop=\"thumbnailUrl\"  \/><\/div><\/div><br \/>\n<section class=\"av_textblock_section \"  itemscope=\"itemscope\" itemtype=\"https:\/\/schema.org\/CreativeWork\" ><div class='avia_textblock  '   itemprop=\"text\" ><p>G\u0131rg\u0131r vin\u00e7 antiyelerde y\u00fck kald\u0131rma ve indirmeye yarayan fren, halat, kanca, ba\u011flant\u0131 kelep\u00e7eleri, elektrik motoru ve mekanizmas\u0131 bulunan vin\u00e7lere denir. \u0130nsan yard\u0131m\u0131 ile \u00e7al\u0131\u015fan g\u0131rg\u0131r vin\u00e7lerin kullan\u0131m\u0131nda da dikkatli olunmal\u0131d\u0131r. Ayr\u0131ca G\u0131rg\u0131r vin\u00e7lerin kontrolleri yap\u0131ld\u0131\u011f\u0131nda \u00e7al\u0131\u015ft\u0131r\u0131lmal\u0131d\u0131r. Zira her an kazalara neden olabilir. Bir \u00e7ok \u00e7e\u015fidi bulunan g\u0131rg\u0131r vin\u00e7lerin periyodik kontrol\u00fc yap\u0131lmal\u0131d\u0131r. G\u0131rg\u0131r vin\u00e7lerin kontrolleri i\u015f ekipmanlar\u0131 kullan\u0131m\u0131nda sa\u011fl\u0131k ve g\u00fcvenlik \u015fartlar\u0131 y\u00f6netmeli\u011finin kald\u0131rma iletme ekipmanlar\u0131 maddelerine g\u00f6re yap\u0131lmal\u0131d\u0131r.<\/p>\n<p>Bu Y\u00f6netmeli\u011fin amac\u0131, i\u015f yerinde i\u015f ekipmanlar\u0131n\u0131n kullan\u0131m\u0131 ile ilgili sa\u011fl\u0131k ve g\u00fcvenlik y\u00f6n\u00fcnden uyulmas\u0131 gerekli asgari \u015fartlar\u0131 belirlemektir.\u00a020\/6\/2012 tarihli ve 6331 say\u0131l\u0131 \u0130\u015f Sa\u011fl\u0131\u011f\u0131 ve G\u00fcvenli\u011fi Kanunu kapsam\u0131na giren t\u00fcm i\u015f yerlerini kapsar.<br \/>\n6331 say\u0131l\u0131 \u0130\u015f Sa\u011fl\u0131\u011f\u0131 ve G\u00fcvenli\u011fi Kanununun 30 ve 31 inci maddeleri ile 9\/1\/1985 tarihli ve 3146 say\u0131l\u0131 \u00c7al\u0131\u015fma ve Sosyal G\u00fcvenlik Bakanl\u0131\u011f\u0131n\u0131n Te\u015fkilat ve G\u00f6revleri Hakk\u0131nda Kanunun 2 ve 12 nci maddelerine dayan\u0131larak ve 3\/10\/2009 tarihli ve 2009\/104\/EC say\u0131l\u0131 Avrupa Birli\u011fi Direktifine paralel olarak haz\u0131rlanm\u0131\u015ft\u0131r.<\/p>\n<p>Standartlarda aksi belirtilmedi\u011fi s\u00fcrece, kald\u0131rma ve iletme ekipmanlar\u0131, beyan edilen y\u00fck\u00fcn en az 1,25 kat\u0131n\u0131, etkili ve g\u00fcvenli bir \u015fekilde kald\u0131racak ve ask\u0131da tutabilecek g\u00fc\u00e7te olur ve bunlar\u0131n bu y\u00fcke dayan\u0131kl\u0131 ve yeterli y\u00fck frenleri bulunur.<\/p>\n<p>Kald\u0131rma ve iletme ekipmanlar\u0131n\u0131n periyodik kontrolleri, makine m\u00fchendisleri, makine veya metal e\u011fitimi b\u00f6l\u00fcm\u00fc mezunu teknik \u00f6\u011fretmenler ya da makine tekniker veya y\u00fcksek teknikerleri taraf\u0131ndan yap\u0131l\u0131r. S\u00f6z konusu periyodik kontrollerde tahribats\u0131z muayene y\u00f6ntemlerinin kullan\u0131lmas\u0131 durumunda, bu y\u00f6ntemler sadece TS EN ISO 9712 standart\u0131na g\u00f6re e\u011fitim alm\u0131\u015f m\u00fchendisler, teknik \u00f6\u011fretmenler, teknikerler veya y\u00fcksek teknikerler taraf\u0131ndan uygulanabilir.<\/p>\n<\/div><\/section><\/p><\/div><\/p>\n","protected":false},"excerpt":{"rendered":"","protected":false},"author":1,"featured_media":0,"parent":7522,"menu_order":0,"comment_status":"closed","ping_status":"closed","template":"","meta":{"footnotes":""},"_links":{"self":[{"href":"https:\/\/northakademi.com\/tr\/wp-json\/wp\/v2\/pages\/7316"}],"collection":[{"href":"https:\/\/northakademi.com\/tr\/wp-json\/wp\/v2\/pages"}],"about":[{"href":"https:\/\/northakademi.com\/tr\/wp-json\/wp\/v2\/types\/page"}],"author":[{"embeddable":true,"href":"https:\/\/northakademi.com\/tr\/wp-json\/wp\/v2\/users\/1"}],"replies":[{"embeddable":true,"href":"https:\/\/northakademi.com\/tr\/wp-json\/wp\/v2\/comments?post=7316"}],"version-history":[{"count":1,"href":"https:\/\/northakademi.com\/tr\/wp-json\/wp\/v2\/pages\/7316\/revisions"}],"predecessor-version":[{"id":7317,"href":"https:\/\/northakademi.com\/tr\/wp-json\/wp\/v2\/pages\/7316\/revisions\/7317"}],"up":[{"embeddable":true,"href":"https:\/\/northakademi.com\/tr\/wp-json\/wp\/v2\/pages\/7522"}],"wp:attachment":[{"href":"https:\/\/northakademi.com\/tr\/wp-json\/wp\/v2\/media?parent=7316"}],"curies":[{"name":"wp","href":"https:\/\/api.w.org\/{rel}","templated":true}]}}