{"id":7314,"date":"2020-04-29T01:05:21","date_gmt":"2020-04-28T22:05:21","guid":{"rendered":"https:\/\/northakademi.com\/tr\/?page_id=7314"},"modified":"2020-05-09T17:58:10","modified_gmt":"2020-05-09T14:58:10","slug":"gezer-koprulu-vinc-periyodik-kontrol-muayenesi","status":"publish","type":"page","link":"https:\/\/northakademi.com\/tr\/periyodik-kontrol-muayene\/kaldirma-iletme-ekipmanlari\/gezer-koprulu-vinc-periyodik-kontrol-muayenesi\/","title":{"rendered":"Gezer K\u00f6pr\u00fcl\u00fc Vin\u00e7 Periyodik Kontrol Muayenesi"},"content":{"rendered":"<\/div><\/div><\/div><!-- close content main div --><\/div><\/div><div id='av_section_1' class='avia-section main_color avia-section-default avia-no-shadow avia-bg-style-scroll   av-minimum-height av-minimum-height-custom container_wrap sidebar_right' style = 'background-repeat: no-repeat; background-image: url(https:\/\/northakademi.com\/tr\/wp-content\/uploads\/2019\/12\/slide-north-akademi-siyah-lacivert.jpg); background-attachment: scroll; background-position: top left; ' data-section-bg-repeat='no-repeat' ><div class='container' style='height:150px'><div class='template-page content  av-content-small alpha units'><div class='post-entry post-entry-type-page post-entry-7314'><div class='entry-content-wrapper clearfix'>\n<div style='padding-bottom:10px;color:#ffffff;' class='av-special-heading av-special-heading-h3 custom-color-heading   '><h3 class='av-special-heading-tag '  itemprop=\"headline\"  >Gezer K\u00f6pr\u00fcl\u00fc Vin\u00e7 Periyodik Kontrol Muayenesi<\/h3><div class='special-heading-border'><div class='special-heading-inner-border' style='border-color:#ffffff'><\/div><\/div><\/div>\n<\/div><\/div><\/div><!-- close content main div --><\/div><\/div><div id='after_section_1' class='main_color av_default_container_wrap container_wrap sidebar_right'   ><div class='container' ><div class='template-page content  av-content-small alpha units'><div class='post-entry post-entry-type-page post-entry-7314'><div class='entry-content-wrapper clearfix'><div class=\"flex_column av_one_full  flex_column_div av-zero-column-padding first  \" style='border-radius:0px; '><p><div class='avia-image-container  av-styling-    avia-align-center '  itemprop=\"ImageObject\" itemscope=\"itemscope\" itemtype=\"https:\/\/schema.org\/ImageObject\"  ><div class='avia-image-container-inner'><img class='avia_image ' src='https:\/\/northakademi.com\/tr\/wp-content\/uploads\/2019\/12\/north-akademi-egitim-0124.jpg' alt='' title=''   itemprop=\"thumbnailUrl\"  \/><\/div><\/div><br \/>\n<section class=\"av_textblock_section \"  itemscope=\"itemscope\" itemtype=\"https:\/\/schema.org\/CreativeWork\" ><div class='avia_textblock  '   itemprop=\"text\" ><p>B\u00fcy\u00fck at\u00f6lyelerde tonlarca a\u011f\u0131rl\u0131ktaki y\u00fckleri kald\u0131rabilen bu b\u00fcy\u00fck vin\u00e7ler, at\u00f6lyenin iki yan duvar\u0131 aras\u0131na \u00e7ok g\u00fc\u00e7l\u00fc bir \u00e7elikten yap\u0131lm\u0131\u015f putrel ile vin\u00e7 hareket ettirilerek \u00e7al\u0131\u015f\u0131r. \u00c7elikten yap\u0131lm\u0131\u015f putrel raylar \u00fczerine oturtularak ileri geri hareket etmesini sa\u011flar. B\u00f6ylelikle tonlarca a\u011f\u0131rl\u0131ktaki y\u00fck\u00fc at\u00f6lye i\u00e7inde ta\u015f\u0131nmas\u0131n\u0131 sa\u011flar.<\/p>\n<p>\u0130nsan g\u00fcc\u00fcn\u00fcn yetmedi\u011fi at\u00f6lyelerde kullan\u0131lan gezer k\u00f6pr\u00fcl\u00fc vin\u00e7ler elektrikle \u00e7al\u0131\u015fan vin\u00e7tir. Tonlarca a\u011f\u0131rl\u0131\u011f\u0131 kald\u0131ran Gezer k\u00f6pr\u00fcl\u00fc vin\u00e7lerin i\u015f sa\u011fl\u0131\u011f\u0131 ve g\u00fcvenli\u011fi \u00e7ok \u00f6nemlidir. Zira y\u00fck kald\u0131ran bu vin\u00e7lerin periyodik olarak kontrol muayeneleri yap\u0131lmal\u0131d\u0131r. Gezer k\u00f6pr\u00fcl\u00fc vin\u00e7 periyodik kontrol muayenesi i\u015f ekipmanlar\u0131n\u0131n kullan\u0131m\u0131nda sa\u011fl\u0131k ve g\u00fcvenlik \u015fartlar\u0131 y\u00f6netmeli\u011finin kald\u0131rma iletme ekipmanlar\u0131 tablosundaki standartlara g\u00f6re yap\u0131lmal\u0131d\u0131r.<\/p>\n<p><strong>\u0130\u015f Ekipmanlar\u0131n\u0131n Kullan\u0131m\u0131nda Sa\u011fl\u0131k ve G\u00fcvenlik \u015eartlar\u0131 Y\u00f6netmeli\u011fi<\/strong><\/p>\n<p>6331 say\u0131l\u0131 \u201c\u0130\u015f Sa\u011fl\u0131\u011f\u0131 ve G\u00fcvenli\u011fi Kanunu\u201d uyar\u0131nca \u00e7\u0131kar\u0131lan \u0130\u015f ekipmanlar\u0131n\u0131n kullan\u0131m\u0131nda sa\u011fl\u0131k ve g\u00fcvenlik \u015fartlar\u0131 y\u00f6netmeli\u011fi ve bu y\u00f6netmelikte bulunan ek 3.b\u00f6l\u00fcm\u00fcndeki Kald\u0131rma ve iletme ekipmanlar\u0131n\u0131n 2.2.1 \u2013 2.2.2 ve 2.2.3 maddelerine tabiidir.<\/p>\n<p><strong>Kald\u0131rma ve \u0130letme Ekipmanlar\u0131<\/strong><\/p>\n<p>2.2.1. Standartlarda aksi belirtilmedi\u011fi s\u00fcrece, kald\u0131rma ve iletme ekipmanlar\u0131, beyan edilen y\u00fck\u00fcn en az 1,25 kat\u0131n\u0131, etkili ve g\u00fcvenli bir \u015fekilde kald\u0131racak ve ask\u0131da tutabilecek g\u00fc\u00e7te olur ve bunlar\u0131n bu y\u00fcke dayan\u0131kl\u0131 ve yeterli y\u00fck frenleri bulunur.<\/p>\n<p>2.2.2. Kald\u0131rma ve iletme ekipmanlar\u0131n\u0131n periyodik kontrolleri, makine m\u00fchendisleri, makine veya metal e\u011fitimi b\u00f6l\u00fcm\u00fc mezunu teknik \u00f6\u011fretmenler ya da makine tekniker veya y\u00fcksek teknikerleri taraf\u0131ndan yap\u0131l\u0131r. S\u00f6z konusu periyodik kontrollerde tahribats\u0131z<br \/>\nmuayene y\u00f6ntemlerinin kullan\u0131lmas\u0131 durumunda, bu y\u00f6ntemler sadece\u00a0 TS EN ISO 9712 standart\u0131na g\u00f6re e\u011fitim alm\u0131\u015f m\u00fchendisler, teknik \u00f6\u011fretmenler, teknikerler veya y\u00fcksek teknikerler taraf\u0131ndan uygulanabilir.<\/p>\n<p>2.2.3. Madde 2.2.1.\u2019de belirtilen kriterler sakl\u0131 kalmak kayd\u0131 ile bir k\u0131s\u0131m kald\u0131rma ve iletme ekipman\u0131n\u0131n periyodik kontrol kriterleri ve kontrol s\u00fcreleri tablo: 2\u2019de belirtilmi\u015ftir.<\/p>\n<p>Vin\u00e7lerin periyodik kontrollerinde yap\u0131lacak olan statik deneyde deney y\u00fck\u00fc, beyan edilen y\u00fck\u00fcn<br \/>\nen az 1,25 kat\u0131, dinamik deneyde ise en az 1,1 kat\u0131 olmas\u0131 gerekir.<\/p>\n<\/div><\/section><\/p><\/div><\/p>\n","protected":false},"excerpt":{"rendered":"","protected":false},"author":1,"featured_media":0,"parent":7522,"menu_order":0,"comment_status":"closed","ping_status":"closed","template":"","meta":{"footnotes":""},"_links":{"self":[{"href":"https:\/\/northakademi.com\/tr\/wp-json\/wp\/v2\/pages\/7314"}],"collection":[{"href":"https:\/\/northakademi.com\/tr\/wp-json\/wp\/v2\/pages"}],"about":[{"href":"https:\/\/northakademi.com\/tr\/wp-json\/wp\/v2\/types\/page"}],"author":[{"embeddable":true,"href":"https:\/\/northakademi.com\/tr\/wp-json\/wp\/v2\/users\/1"}],"replies":[{"embeddable":true,"href":"https:\/\/northakademi.com\/tr\/wp-json\/wp\/v2\/comments?post=7314"}],"version-history":[{"count":1,"href":"https:\/\/northakademi.com\/tr\/wp-json\/wp\/v2\/pages\/7314\/revisions"}],"predecessor-version":[{"id":7315,"href":"https:\/\/northakademi.com\/tr\/wp-json\/wp\/v2\/pages\/7314\/revisions\/7315"}],"up":[{"embeddable":true,"href":"https:\/\/northakademi.com\/tr\/wp-json\/wp\/v2\/pages\/7522"}],"wp:attachment":[{"href":"https:\/\/northakademi.com\/tr\/wp-json\/wp\/v2\/media?parent=7314"}],"curies":[{"name":"wp","href":"https:\/\/api.w.org\/{rel}","templated":true}]}}