{"id":7312,"date":"2020-04-29T01:03:23","date_gmt":"2020-04-28T22:03:23","guid":{"rendered":"https:\/\/northakademi.com\/tr\/?page_id=7312"},"modified":"2020-05-09T17:57:04","modified_gmt":"2020-05-09T14:57:04","slug":"fore-kazik-makinasi-periyodik-kontrol-muayenesi","status":"publish","type":"page","link":"https:\/\/northakademi.com\/tr\/periyodik-kontrol-muayene\/kaldirma-iletme-ekipmanlari\/fore-kazik-makinasi-periyodik-kontrol-muayenesi\/","title":{"rendered":"Fore Kaz\u0131k Makinas\u0131 Periyodik Kontrol Muayenesi"},"content":{"rendered":"<\/div><\/div><\/div><!-- close content main div --><\/div><\/div><div id='av_section_1' class='avia-section main_color avia-section-default avia-no-shadow avia-bg-style-scroll   av-minimum-height av-minimum-height-custom container_wrap sidebar_right' style = 'background-repeat: no-repeat; background-image: url(https:\/\/northakademi.com\/tr\/wp-content\/uploads\/2019\/12\/slide-north-akademi-siyah-lacivert.jpg); background-attachment: scroll; background-position: top left; ' data-section-bg-repeat='no-repeat' ><div class='container' style='height:150px'><div class='template-page content  av-content-small alpha units'><div class='post-entry post-entry-type-page post-entry-7312'><div class='entry-content-wrapper clearfix'>\n<div style='padding-bottom:10px;color:#ffffff;' class='av-special-heading av-special-heading-h3 custom-color-heading   '><h3 class='av-special-heading-tag '  itemprop=\"headline\"  >Fore Kaz\u0131k Makinas\u0131 Periyodik Kontrol Muayenesi<\/h3><div class='special-heading-border'><div class='special-heading-inner-border' style='border-color:#ffffff'><\/div><\/div><\/div>\n<\/div><\/div><\/div><!-- close content main div --><\/div><\/div><div id='after_section_1' class='main_color av_default_container_wrap container_wrap sidebar_right'   ><div class='container' ><div class='template-page content  av-content-small alpha units'><div class='post-entry post-entry-type-page post-entry-7312'><div class='entry-content-wrapper clearfix'><div class=\"flex_column av_one_full  flex_column_div av-zero-column-padding first  \" style='border-radius:0px; '><p><div class='avia-image-container  av-styling-    avia-align-center '  itemprop=\"ImageObject\" itemscope=\"itemscope\" itemtype=\"https:\/\/schema.org\/ImageObject\"  ><div class='avia-image-container-inner'><img class='avia_image ' src='https:\/\/northakademi.com\/tr\/wp-content\/uploads\/2019\/12\/north-akademi-egitim-0124.jpg' alt='' title=''   itemprop=\"thumbnailUrl\"  \/><\/div><\/div><br \/>\n<section class=\"av_textblock_section \"  itemscope=\"itemscope\" itemtype=\"https:\/\/schema.org\/CreativeWork\" ><div class='avia_textblock  '   itemprop=\"text\" ><p>Temeli sa\u011flam olmayan yerlerde temeli daha sa\u011flama almak i\u00e7in geni\u015f \u00e7apl\u0131 derin bir \u00e7ukur a\u00e7an bir ara\u00e7t\u0131r. A\u00e7\u0131lan bu \u00e7ukura beton d\u00f6k\u00fclerek bina temeli sa\u011flama al\u0131n\u0131r. Ayr\u0131ca Fore kaz\u0131k makinas\u0131 su \u00e7\u0131kartmaya da yaramaktad\u0131r. Genellikle in\u015faat sekt\u00f6r\u00fcnde kullan\u0131lan Fore kaz\u0131k hidrolik sistem ile \u00e7al\u0131\u015fmaktad\u0131r.<\/p>\n<p>G\u00fcn\u00fcm\u00fczde Fore kaz\u0131k gibi bir \u00e7ok i\u015f makinas\u0131 kullan\u0131lmas\u0131nda yap\u0131lan hatalar, kusurlu i\u015f makinalar\u0131n\u0131n kullan\u0131lmas\u0131 ve muayenesi yap\u0131lmamas\u0131 nedeniyle can ve mal kayb\u0131 ya\u015fanmaktad\u0131r. \u0130\u015f makinas\u0131 Fore kaz\u0131k periyodik kontrolleri nin yap\u0131lmas\u0131 olu\u015fabilecek kazalar\u0131n \u00f6n\u00fcne ge\u00e7er.<br \/>\nPeriyodik kontrol yap\u0131lmas\u0131 in\u015faat sahas\u0131nda g\u00fcvenli \u00e7al\u0131\u015fma alan\u0131 olu\u015fturur.<br \/>\n6331 say\u0131l\u0131 kanun gere\u011fince \u00e7\u0131kar\u0131lan ve 25.04.2013 tarih ve 28628 say\u0131l\u0131 Resmi Gazetede yay\u0131mlanarak y\u00fcr\u00fcrl\u00fc\u011fe giren \u201c\u0130\u015f Ekipmanlar\u0131n\u0131n Kullan\u0131m\u0131nda Sa\u011fl\u0131k ve G\u00fcvenlik \u015eartlar\u0131 Y\u00f6netmeli\u011fi\u201d, i\u015f yerlerinde bulunan ekipmanlar\u0131n kullan\u0131m\u0131 ile ilgili sa\u011fl\u0131k ve g\u00fcvenlik y\u00f6n\u00fcnden uyulmas\u0131 gereken asgari \u015fartlar\u0131 belirlemi\u015ftir.<br \/>\nPeriyodik kontrollerinizi mutlaka akredite olmu\u015f yani onaylanm\u0131\u015f kurulu\u015flara yapt\u0131r\u0131n\u0131z. Onaylanm\u0131\u015f kurulu\u015flar Fore kaz\u0131k ile ilgili y\u00f6netmeli\u011fe uygun kontrollerini ger\u00e7ekle\u015ftirir. Bu y\u00f6netmelikte belirtilen standartlar ve hususlar Avrupa standartlar\u0131d\u0131r.<\/p>\n<p><strong>\u0130\u015f Ekipmanlar\u0131 Kullan\u0131m\u0131nda Sa\u011fl\u0131k ve G\u00fcvenlik \u015eartlar\u0131 Y\u00f6netmeli\u011fi<\/strong><\/p>\n<p style=\"text-align: justify;\">Bu Y\u00f6netmeli\u011fin amac\u0131, i\u015f yerinde i\u015f ekipmanlar\u0131n\u0131n kullan\u0131m\u0131 ile ilgili sa\u011fl\u0131k ve g\u00fcvenlik y\u00f6n\u00fcnden uyulmas\u0131 gerekli asgari \u015fartlar\u0131 belirlemektir.\u00a020\/6\/2012 tarihli ve 6331 say\u0131l\u0131 \u0130\u015f Sa\u011fl\u0131\u011f\u0131 ve G\u00fcvenli\u011fi Kanunu kapsam\u0131na giren t\u00fcm i\u015f yerlerini kapsar.<br \/>\n6331 say\u0131l\u0131 \u0130\u015f Sa\u011fl\u0131\u011f\u0131 ve G\u00fcvenli\u011fi Kanununun 30 ve 31 inci maddeleri ile 9\/1\/1985 tarihli ve 3146 say\u0131l\u0131 \u00c7al\u0131\u015fma ve Sosyal G\u00fcvenlik Bakanl\u0131\u011f\u0131n\u0131n Te\u015fkilat ve G\u00f6revleri Hakk\u0131nda Kanunun 2 ve 12 nci maddelerine dayan\u0131larak ve 3\/10\/2009 tarihli ve 2009\/104\/EC say\u0131l\u0131 Avrupa Birli\u011fi Direktifine paralel olarak haz\u0131rlanm\u0131\u015ft\u0131r.<\/p>\n<\/div><\/section><\/p><\/div><\/p>\n","protected":false},"excerpt":{"rendered":"","protected":false},"author":1,"featured_media":0,"parent":7522,"menu_order":0,"comment_status":"closed","ping_status":"closed","template":"","meta":{"footnotes":""},"_links":{"self":[{"href":"https:\/\/northakademi.com\/tr\/wp-json\/wp\/v2\/pages\/7312"}],"collection":[{"href":"https:\/\/northakademi.com\/tr\/wp-json\/wp\/v2\/pages"}],"about":[{"href":"https:\/\/northakademi.com\/tr\/wp-json\/wp\/v2\/types\/page"}],"author":[{"embeddable":true,"href":"https:\/\/northakademi.com\/tr\/wp-json\/wp\/v2\/users\/1"}],"replies":[{"embeddable":true,"href":"https:\/\/northakademi.com\/tr\/wp-json\/wp\/v2\/comments?post=7312"}],"version-history":[{"count":1,"href":"https:\/\/northakademi.com\/tr\/wp-json\/wp\/v2\/pages\/7312\/revisions"}],"predecessor-version":[{"id":7313,"href":"https:\/\/northakademi.com\/tr\/wp-json\/wp\/v2\/pages\/7312\/revisions\/7313"}],"up":[{"embeddable":true,"href":"https:\/\/northakademi.com\/tr\/wp-json\/wp\/v2\/pages\/7522"}],"wp:attachment":[{"href":"https:\/\/northakademi.com\/tr\/wp-json\/wp\/v2\/media?parent=7312"}],"curies":[{"name":"wp","href":"https:\/\/api.w.org\/{rel}","templated":true}]}}