{"id":7310,"date":"2020-04-29T01:02:20","date_gmt":"2020-04-28T22:02:20","guid":{"rendered":"https:\/\/northakademi.com\/tr\/?page_id=7310"},"modified":"2020-05-09T17:56:53","modified_gmt":"2020-05-09T14:56:53","slug":"dozer-periyodik-kontrol-muayenesi","status":"publish","type":"page","link":"https:\/\/northakademi.com\/tr\/periyodik-kontrol-muayene\/kaldirma-iletme-ekipmanlari\/dozer-periyodik-kontrol-muayenesi\/","title":{"rendered":"Dozer Periyodik Kontrol Muayenesi"},"content":{"rendered":"<\/div><\/div><\/div><!-- close content main div --><\/div><\/div><div id='av_section_1' class='avia-section main_color avia-section-default avia-no-shadow avia-bg-style-scroll   av-minimum-height av-minimum-height-custom container_wrap sidebar_right' style = 'background-repeat: no-repeat; background-image: url(https:\/\/northakademi.com\/tr\/wp-content\/uploads\/2019\/12\/slide-north-akademi-siyah-lacivert.jpg); background-attachment: scroll; background-position: top left; ' data-section-bg-repeat='no-repeat' ><div class='container' style='height:150px'><div class='template-page content  av-content-small alpha units'><div class='post-entry post-entry-type-page post-entry-7310'><div class='entry-content-wrapper clearfix'>\n<div style='padding-bottom:10px;color:#ffffff;' class='av-special-heading av-special-heading-h3 custom-color-heading   '><h3 class='av-special-heading-tag '  itemprop=\"headline\"  >Dozer Periyodik Kontrol Muayenesi<\/h3><div class='special-heading-border'><div class='special-heading-inner-border' style='border-color:#ffffff'><\/div><\/div><\/div>\n<\/div><\/div><\/div><!-- close content main div --><\/div><\/div><div id='after_section_1' class='main_color av_default_container_wrap container_wrap sidebar_right'   ><div class='container' ><div class='template-page content  av-content-small alpha units'><div class='post-entry post-entry-type-page post-entry-7310'><div class='entry-content-wrapper clearfix'><div class=\"flex_column av_one_full  flex_column_div av-zero-column-padding first  \" style='border-radius:0px; '><p><div class='avia-image-container  av-styling-    avia-align-center '  itemprop=\"ImageObject\" itemscope=\"itemscope\" itemtype=\"https:\/\/schema.org\/ImageObject\"  ><div class='avia-image-container-inner'><img class='avia_image ' src='https:\/\/northakademi.com\/tr\/wp-content\/uploads\/2019\/12\/north-akademi-egitim-0124.jpg' alt='' title=''   itemprop=\"thumbnailUrl\"  \/><\/div><\/div><br \/>\n<section class=\"av_textblock_section \"  itemscope=\"itemscope\" itemtype=\"https:\/\/schema.org\/CreativeWork\" ><div class='avia_textblock  '   itemprop=\"text\" ><p>\u00d6n taraf\u0131nda indirip kald\u0131rmaya yarayan \u00e7elik bir levha bulunan i\u015f makinas\u0131na dozer denir. Kullan\u0131m alanlar\u0131na g\u00f6re farkl\u0131 boyutlarda olan bu makinalar genellikle in\u015faat sekt\u00f6r\u00fcnde, kaz\u0131 \u00e7al\u0131\u015fmalar\u0131nda ve yol a\u00e7ma farkl\u0131 sekt\u00f6rler de kullan\u0131l\u0131r. Dozer molozlar\u0131, topra\u011f\u0131, kar\u2019\u0131 bulundu\u011fu b\u00f6lgeden istenilen b\u00f6lgeye do\u011fru ileri do\u011fru s\u00fcr\u00fckleyerek g\u00f6t\u00fcrme i\u015fini yapar. Dozer t\u0131rt\u0131ll\u0131 demir ayaklar\u0131 ve lastikli ayaklar\u0131\u00a0bulunan \u00e7e\u015fitleri vard\u0131r.<\/p>\n<p>Dozerler a\u011f\u0131r i\u015fleri yapt\u0131klar\u0131 i\u00e7in \u00e7al\u0131\u015fma an\u0131nda herhangi bir ar\u0131zaya sebebiyet vermemesi gerekir. Kazalara yol a\u00e7mamas\u0131 i\u00e7inde mutlaka bak\u0131mlar\u0131 ve periyodik kontrolleri yap\u0131lmal\u0131d\u0131r. Onaylanm\u0131\u015f kurulu\u015flar taraf\u0131ndan yap\u0131lan kontroller dozerlerin kaza riskini s\u0131f\u0131ra indirir. He i\u015f sa\u011fl\u0131\u011f\u0131 hem de i\u015f g\u00fcvenli\u011finin sa\u011flanmas\u0131 i\u00e7in periyodik kontrol yap\u0131lmal\u0131d\u0131r.<\/p>\n<p>Dozerlerin periyodik kontrolleri \u201c\u0130\u015f Ekipmanlar\u0131 Kullan\u0131m\u0131nda Sa\u011fl\u0131k ve G\u00fcvenlik \u015eartlar\u0131 Y\u00f6netmeli\u011fi\u201dne tabiidir. Yap\u0131lacak kontroller bu y\u00f6netmeli\u011fe g\u00f6re yap\u0131lmal\u0131d\u0131r. Zira bu y\u00f6netmelikteki standartlar ve kriterler Avrupa standartlar\u0131ndad\u0131r.<\/p>\n<p><strong>\u0130\u015f ekipmanlar\u0131 Kullan\u0131m\u0131nda Sa\u011fl\u0131k ve G\u00fcvenlik \u015eartlar\u0131 Y\u00f6netmeli\u011fi<\/strong><\/p>\n<p>\u0130\u015f yerinde i\u015f ekipmanlar\u0131n\u0131n kullan\u0131m\u0131 ile ilgili sa\u011fl\u0131k ve g\u00fcvenlik y\u00f6n\u00fcnden uyulmas\u0131 gerekli asgari \u015fartlar\u0131 belirlemektir.\u00a020\/6\/2012 tarihli ve 6331 say\u0131l\u0131 \u0130\u015f Sa\u011fl\u0131\u011f\u0131 ve G\u00fcvenli\u011fi Kanunu kapsam\u0131na giren t\u00fcm i\u015f yerlerini kapsar.<br \/>\n6331 say\u0131l\u0131 \u0130\u015f Sa\u011fl\u0131\u011f\u0131 ve G\u00fcvenli\u011fi Kanununun 30 ve 31 inci maddeleri ile 9\/1\/1985 tarihli ve 3146 say\u0131l\u0131 \u00c7al\u0131\u015fma ve Sosyal G\u00fcvenlik Bakanl\u0131\u011f\u0131n\u0131n Te\u015fkilat ve G\u00f6revleri Hakk\u0131nda Kanunun 2 ve 12 nci maddelerine dayan\u0131larak ve 3\/10\/2009 tarihli ve 2009\/104\/ECay\u0131l\u0131 Avrupa Birli\u011fi Direktifine paralel olarak haz\u0131rlanm\u0131\u015ft\u0131r.<\/p>\n<p><strong>Kald\u0131rma ve iletme ekipmanlar\u0131<\/strong><\/p>\n<p>2.2.1. tandartlarda aksi belirtilmedi\u011fi s\u00fcrece, kald\u0131rma ve iletme ekipmanlar\u0131, beyan edilen y\u00fck\u00fcn en az 1,25 kat\u0131n\u0131, etkili ve g\u00fcvenli bir \u015fekilde kald\u0131racak ve ask\u0131da tutabilecek g\u00fc\u00e7te olur ve bunlar\u0131n bu y\u00fcke dayan\u0131kl\u0131 ve yeterli y\u00fck frenleri bulunur.<\/p>\n<p>2.2.2. Kald\u0131rma ve iletme ekipmanlar\u0131n\u0131n periyodik kontrolleri, makine m\u00fchendisleri, makine veya metal e\u011fitimi b\u00f6l\u00fcm\u00fc mezunu teknik \u00f6\u011fretmenler ya da makine tekniker veya y\u00fcksek teknikerleri taraf\u0131ndan yap\u0131l\u0131r. S\u00f6z konusu periyodik kontrollerde tahribats\u0131z<br \/>\nmuayene y\u00f6ntemlerinin kullan\u0131lmas\u0131 durumunda, bu y\u00f6ntemler sadece\u00a0 TS EN ISO 9712 standart\u0131na g\u00f6re e\u011fitim alm\u0131\u015f m\u00fchendisler, teknik \u00f6\u011fretmenler, teknikerler veya y\u00fcksek teknikerler taraf\u0131ndan uygulanabilir.<\/p>\n<p>2.2.3. Madde 2.2.1.\u2019de belirtilen kriterler sakl\u0131 kalmak kayd\u0131 ile bir k\u0131s\u0131m kald\u0131rma ve iletme ekipman\u0131n\u0131n periyodik kontrol kriterleri ve kontrol s\u00fcreleri Tablo: 2\u2019de belirtilmi\u015ftir.<\/p>\n<\/div><\/section><\/p><\/div><\/p>\n","protected":false},"excerpt":{"rendered":"","protected":false},"author":1,"featured_media":0,"parent":7522,"menu_order":0,"comment_status":"closed","ping_status":"closed","template":"","meta":{"footnotes":""},"_links":{"self":[{"href":"https:\/\/northakademi.com\/tr\/wp-json\/wp\/v2\/pages\/7310"}],"collection":[{"href":"https:\/\/northakademi.com\/tr\/wp-json\/wp\/v2\/pages"}],"about":[{"href":"https:\/\/northakademi.com\/tr\/wp-json\/wp\/v2\/types\/page"}],"author":[{"embeddable":true,"href":"https:\/\/northakademi.com\/tr\/wp-json\/wp\/v2\/users\/1"}],"replies":[{"embeddable":true,"href":"https:\/\/northakademi.com\/tr\/wp-json\/wp\/v2\/comments?post=7310"}],"version-history":[{"count":1,"href":"https:\/\/northakademi.com\/tr\/wp-json\/wp\/v2\/pages\/7310\/revisions"}],"predecessor-version":[{"id":7311,"href":"https:\/\/northakademi.com\/tr\/wp-json\/wp\/v2\/pages\/7310\/revisions\/7311"}],"up":[{"embeddable":true,"href":"https:\/\/northakademi.com\/tr\/wp-json\/wp\/v2\/pages\/7522"}],"wp:attachment":[{"href":"https:\/\/northakademi.com\/tr\/wp-json\/wp\/v2\/media?parent=7310"}],"curies":[{"name":"wp","href":"https:\/\/api.w.org\/{rel}","templated":true}]}}