{"id":7306,"date":"2020-04-29T00:59:36","date_gmt":"2020-04-28T21:59:36","guid":{"rendered":"https:\/\/northakademi.com\/tr\/?page_id=7306"},"modified":"2020-05-09T17:56:41","modified_gmt":"2020-05-09T14:56:41","slug":"damperli-kamyon-periyodik-kontrol-muayenesi","status":"publish","type":"page","link":"https:\/\/northakademi.com\/tr\/periyodik-kontrol-muayene\/kaldirma-iletme-ekipmanlari\/damperli-kamyon-periyodik-kontrol-muayenesi\/","title":{"rendered":"Damperli Kamyon Periyodik Kontrol Muayenesi"},"content":{"rendered":"<\/div><\/div><\/div><!-- close content main div --><\/div><\/div><div id='av_section_1' class='avia-section main_color avia-section-default avia-no-shadow avia-bg-style-scroll   av-minimum-height av-minimum-height-custom container_wrap sidebar_right' style = 'background-repeat: no-repeat; background-image: url(https:\/\/northakademi.com\/tr\/wp-content\/uploads\/2019\/12\/slide-north-akademi-siyah-lacivert.jpg); background-attachment: scroll; background-position: top left; ' data-section-bg-repeat='no-repeat' ><div class='container' style='height:150px'><div class='template-page content  av-content-small alpha units'><div class='post-entry post-entry-type-page post-entry-7306'><div class='entry-content-wrapper clearfix'>\n<div style='padding-bottom:10px;color:#ffffff;' class='av-special-heading av-special-heading-h3 custom-color-heading   '><h3 class='av-special-heading-tag '  itemprop=\"headline\"  >Damperli Kamyon Periyodik Kontrol Muayenesi<\/h3><div class='special-heading-border'><div class='special-heading-inner-border' style='border-color:#ffffff'><\/div><\/div><\/div>\n<\/div><\/div><\/div><!-- close content main div --><\/div><\/div><div id='after_section_1' class='main_color av_default_container_wrap container_wrap sidebar_right'   ><div class='container' ><div class='template-page content  av-content-small alpha units'><div class='post-entry post-entry-type-page post-entry-7306'><div class='entry-content-wrapper clearfix'>\n<div class=\"flex_column av_one_full  flex_column_div av-zero-column-padding first  \" style='border-radius:0px; '><p><div class='avia-image-container  av-styling-    avia-align-center '  itemprop=\"ImageObject\" itemscope=\"itemscope\" itemtype=\"https:\/\/schema.org\/ImageObject\"  ><div class='avia-image-container-inner'><img class='avia_image ' src='https:\/\/northakademi.com\/tr\/wp-content\/uploads\/2019\/12\/north-akademi-egitim-0124.jpg' alt='' title=''   itemprop=\"thumbnailUrl\"  \/><\/div><\/div><br \/>\n<section class=\"av_textblock_section \"  itemscope=\"itemscope\" itemtype=\"https:\/\/schema.org\/CreativeWork\" ><div class='avia_textblock  '   itemprop=\"text\" ><p style=\"text-align: justify;\">Yollarda da rastlad\u0131\u011f\u0131m\u0131z bu ara\u00e7lar belli bir h\u0131zda \u00e7ok a\u011f\u0131r y\u00fckleri ta\u015f\u0131yabilmektedirler. \u00d6zellikle in\u015faat sekt\u00f6r\u00fcnde olmazsa olmaz ara\u00e7lard\u0131r. Ak\u0131n\u0131za gelebilecek t\u00fcm a\u011f\u0131r i\u015flerde kullan\u0131labilirler. Damperli kamyonlar moloz, kum, \u00e7imento, tu\u011fla, e\u015fya y\u00fck ta\u015f\u0131mada kullan\u0131l\u0131rlar. \u0130n\u015faat sekt\u00f6r\u00fcnde kullan\u0131lan damperli kamyonlar baz\u0131 y\u00fcklerini arkas\u0131ndaki damperi sayesinde y\u00fcklerini bulundu\u011fu noktaya hemen bo\u015faltabilir.<\/p>\n<p style=\"text-align: justify;\">Damperini a\u015fa\u011f\u0131 indirip kald\u0131ran damperli kamyonlar a\u011f\u0131r y\u00fckleri ta\u015f\u0131mada kullan\u0131lmas\u0131 \u00fcretilen bu ara\u00e7lar\u0131n g\u00fcvenli\u011fi de \u00e7ok \u00f6nemlidir. Mutlaka bak\u0131m ve periyodik kontrolleri yap\u0131lmal\u0131d\u0131r. Yollarda herhangi bir kazaya sebebiyet vermemesi i\u00e7in kontrolleri akredite olmu\u015f onaylanm\u0131\u015f kurulu\u015flar taraf\u0131ndan mutlaka kontrolleri yap\u0131lmal\u0131d\u0131r.<\/p>\n<p style=\"text-align: justify;\">Damperli kamyonlar\u0131n periyodik kontrolleri \u201c\u0130\u015f ekipmanlar\u0131 kullan\u0131m\u0131nda sa\u011fl\u0131k ve g\u00fcvenlik \u015fartlar\u0131 y\u00f6netmeli\u011fi\u201dne tabiidir.<\/p>\n<p><strong>\u0130\u015f Ekipmanlar\u0131 Kullan\u0131m\u0131nda Sa\u011fl\u0131k ve G\u00fcvenlik \u015eartlar\u0131 Y\u00f6netmeli\u011fi<\/strong><\/p>\n<p>Bu Y\u00f6netmeli\u011fin amac\u0131, i\u015f yerinde i\u015f ekipmanlar\u0131n\u0131n kullan\u0131m\u0131 ile ilgili sa\u011fl\u0131k ve g\u00fcvenlik y\u00f6n\u00fcnden uyulmas\u0131 gerekli asgari \u015fartlar\u0131 belirlemektir.\u00a020\/6\/2012 tarihli ve 6331 say\u0131l\u0131 \u0130\u015f Sa\u011fl\u0131\u011f\u0131 ve G\u00fcvenli\u011fi Kanunu kapsam\u0131na giren t\u00fcm i\u015f yerlerini kapsar.<\/p>\n<p>6331 say\u0131l\u0131 \u0130\u015f Sa\u011fl\u0131\u011f\u0131 ve G\u00fcvenli\u011fi Kanununun 30 ve 31 inci maddeleri ile 9\/1\/1985 tarihli ve 3146 say\u0131l\u0131 \u00c7al\u0131\u015fma ve Sosyal G\u00fcvenlik Bakanl\u0131\u011f\u0131n\u0131n Te\u015fkilat ve G\u00f6revleri Hakk\u0131nda Kanunun 2 ve 12 nci maddelerine dayan\u0131larak ve 3\/10\/2009 tarihli ve 2009\/104\/EC say\u0131l\u0131 Avrupa Birli\u011fi Direktifine paralel olarak haz\u0131rlanm\u0131\u015ft\u0131r.<\/p>\n<\/div><\/section><\/p><\/div>\n","protected":false},"excerpt":{"rendered":"","protected":false},"author":1,"featured_media":0,"parent":7522,"menu_order":0,"comment_status":"closed","ping_status":"closed","template":"","meta":{"footnotes":""},"_links":{"self":[{"href":"https:\/\/northakademi.com\/tr\/wp-json\/wp\/v2\/pages\/7306"}],"collection":[{"href":"https:\/\/northakademi.com\/tr\/wp-json\/wp\/v2\/pages"}],"about":[{"href":"https:\/\/northakademi.com\/tr\/wp-json\/wp\/v2\/types\/page"}],"author":[{"embeddable":true,"href":"https:\/\/northakademi.com\/tr\/wp-json\/wp\/v2\/users\/1"}],"replies":[{"embeddable":true,"href":"https:\/\/northakademi.com\/tr\/wp-json\/wp\/v2\/comments?post=7306"}],"version-history":[{"count":2,"href":"https:\/\/northakademi.com\/tr\/wp-json\/wp\/v2\/pages\/7306\/revisions"}],"predecessor-version":[{"id":7309,"href":"https:\/\/northakademi.com\/tr\/wp-json\/wp\/v2\/pages\/7306\/revisions\/7309"}],"up":[{"embeddable":true,"href":"https:\/\/northakademi.com\/tr\/wp-json\/wp\/v2\/pages\/7522"}],"wp:attachment":[{"href":"https:\/\/northakademi.com\/tr\/wp-json\/wp\/v2\/media?parent=7306"}],"curies":[{"name":"wp","href":"https:\/\/api.w.org\/{rel}","templated":true}]}}