{"id":7300,"date":"2020-04-29T00:37:57","date_gmt":"2020-04-28T21:37:57","guid":{"rendered":"https:\/\/northakademi.com\/tr\/?page_id=7300"},"modified":"2020-05-09T17:55:32","modified_gmt":"2020-05-09T14:55:32","slug":"beton-pompasi-periyodik-kontrol-muayenesi","status":"publish","type":"page","link":"https:\/\/northakademi.com\/tr\/periyodik-kontrol-muayene\/kaldirma-iletme-ekipmanlari\/beton-pompasi-periyodik-kontrol-muayenesi\/","title":{"rendered":"Beton Pompas\u0131 Periyodik Kontrol Muayenesi"},"content":{"rendered":"<\/div><\/div><\/div><!-- close content main div --><\/div><\/div><div id='av_section_1' class='avia-section main_color avia-section-default avia-no-shadow avia-bg-style-scroll   av-minimum-height av-minimum-height-custom container_wrap sidebar_right' style = 'background-repeat: no-repeat; background-image: url(https:\/\/northakademi.com\/tr\/wp-content\/uploads\/2019\/12\/slide-north-akademi-siyah-lacivert.jpg); background-attachment: scroll; background-position: top left; ' data-section-bg-repeat='no-repeat' ><div class='container' style='height:150px'><div class='template-page content  av-content-small alpha units'><div class='post-entry post-entry-type-page post-entry-7300'><div class='entry-content-wrapper clearfix'>\n<div style='padding-bottom:10px;color:#ffffff;' class='av-special-heading av-special-heading-h3 custom-color-heading   '><h3 class='av-special-heading-tag '  itemprop=\"headline\"  >Beton Pompas\u0131 Periyodik Kontrol Muayenesi<\/h3><div class='special-heading-border'><div class='special-heading-inner-border' style='border-color:#ffffff'><\/div><\/div><\/div>\n<\/div><\/div><\/div><!-- close content main div --><\/div><\/div><div id='after_section_1' class='main_color av_default_container_wrap container_wrap sidebar_right'   ><div class='container' ><div class='template-page content  av-content-small alpha units'><div class='post-entry post-entry-type-page post-entry-7300'><div class='entry-content-wrapper clearfix'><div class=\"flex_column av_one_full  flex_column_div av-zero-column-padding first  \" style='border-radius:0px; '><p><div class='avia-image-container  av-styling-    avia-align-center '  itemprop=\"ImageObject\" itemscope=\"itemscope\" itemtype=\"https:\/\/schema.org\/ImageObject\"  ><div class='avia-image-container-inner'><img class='avia_image ' src='https:\/\/northakademi.com\/tr\/wp-content\/uploads\/2019\/12\/north-akademi-egitim-0124.jpg' alt='' title=''   itemprop=\"thumbnailUrl\"  \/><\/div><\/div><br \/>\n<section class=\"av_textblock_section \"  itemscope=\"itemscope\" itemtype=\"https:\/\/schema.org\/CreativeWork\" ><div class='avia_textblock  '   itemprop=\"text\" ><p style=\"text-align: justify;\">\u00d6zel bir i\u015f makinas\u0131 olan Beton pompas\u0131 in\u015faat i\u015flerinde \u015fantiyelerde kullan\u0131lan beton pompalar\u0131 s\u0131v\u0131 betonu binada haz\u0131r olan kal\u0131plar\u0131na aras\u0131na veya ula\u015f\u0131lmas\u0131 zor bir zemine s\u0131v\u0131 betonu d\u00f6ken makinad\u0131r.<\/p>\n<p style=\"text-align: justify;\">Beton pompas\u0131 in\u015faat sekt\u00f6r\u00fcnde \u00e7ok gerekli bir i\u015f makinas\u0131d\u0131r. G\u00f6rselde de g\u00f6rd\u00fc\u011f\u00fcm\u00fcz gibi \u015fantiye temeline bir \u00e7ok beton pompas\u0131 ile beton d\u00f6k\u00fcl\u00fcyor. Beton pompas\u0131nda ayr\u0131ca yanlardan iki\u015fer tane toplam d\u00f6rt tane ayak yana do\u011fru a\u00e7\u0131l\u0131r ve beton pompas\u0131n\u0131 dengede tutar ve beton d\u00f6kme i\u015fini yapar. Beton d\u00f6ken bu i\u015f makinas\u0131 a\u011f\u0131r ve b\u00fcy\u00fck oldu\u011fu i\u00e7in ve devaml\u0131 kullan\u0131ld\u0131\u011f\u0131 i\u00e7in mutlaka periyodik kontrolleri yap\u0131lmal\u0131d\u0131r.<\/p>\n<p style=\"text-align: justify;\">Beton pompas\u0131 periyodik kontrol yapt\u0131ran firmalar olu\u015fabilecek kazalar\u0131n \u00f6n\u00fcne ge\u00e7er. Periyodik kontrol s\u00fcresi<br \/>\ngelen beton pompalar\u0131n\u0131n kontrolleri kesinlikle aksat\u0131lmamal\u0131d\u0131r. Beton pompalar\u0131 \u201c\u0130\u015f Ekipmanlar\u0131 Kullan\u0131m\u0131nda Sa\u011fl\u0131k ve G\u00fcvenlik \u015eartlar\u0131 Y\u00f6netmeli\u011fi\u201dne tabiidir.<\/p>\n<p style=\"text-align: justify;\"><strong>\u0130\u015f Ekipmanlar\u0131 Kullan\u0131m\u0131nda Sa\u011fl\u0131k ve G\u00fcvenlik \u015eartlar\u0131 Y\u00f6netmeli\u011fi<\/strong><br \/>\nBu Y\u00f6netmeli\u011fin amac\u0131, i\u015f yerinde i\u015f ekipmanlar\u0131n\u0131n kullan\u0131m\u0131 ile ilgili sa\u011fl\u0131k ve g\u00fcvenlik y\u00f6n\u00fcnden uyulmas\u0131 gerekli asgari \u015fartlar\u0131 belirlemektir. 20\/6\/2012 tarihli ve 6331 say\u0131l\u0131 \u0130\u015f Sa\u011fl\u0131\u011f\u0131 ve G\u00fcvenli\u011fi Kanunu kapsam\u0131na giren t\u00fcm i\u015f yerlerini kapsar.<\/p>\n<p style=\"text-align: justify;\">6331 say\u0131l\u0131 \u0130\u015f Sa\u011fl\u0131\u011f\u0131 ve G\u00fcvenli\u011fi Kanununun 30 ve 31 inci maddeleri ile 9\/1\/1985 tarihli ve 3146 say\u0131l\u0131 \u00c7al\u0131\u015fma ve Sosyal G\u00fcvenlik Bakanl\u0131\u011f\u0131n\u0131n Te\u015fkilat ve G\u00f6revleri Hakk\u0131nda Kanunun 2 ve 12 nci maddelerine dayan\u0131larak ve 3\/10\/2009 tarihli ve 2009\/104\/EC say\u0131l\u0131 Avrupa Birli\u011fi Direktifine paralel olarak haz\u0131rlanm\u0131\u015ft\u0131r.<\/p>\n<\/div><\/section><\/p><\/div><\/p>\n","protected":false},"excerpt":{"rendered":"","protected":false},"author":1,"featured_media":0,"parent":7522,"menu_order":0,"comment_status":"closed","ping_status":"closed","template":"","meta":{"footnotes":""},"_links":{"self":[{"href":"https:\/\/northakademi.com\/tr\/wp-json\/wp\/v2\/pages\/7300"}],"collection":[{"href":"https:\/\/northakademi.com\/tr\/wp-json\/wp\/v2\/pages"}],"about":[{"href":"https:\/\/northakademi.com\/tr\/wp-json\/wp\/v2\/types\/page"}],"author":[{"embeddable":true,"href":"https:\/\/northakademi.com\/tr\/wp-json\/wp\/v2\/users\/1"}],"replies":[{"embeddable":true,"href":"https:\/\/northakademi.com\/tr\/wp-json\/wp\/v2\/comments?post=7300"}],"version-history":[{"count":1,"href":"https:\/\/northakademi.com\/tr\/wp-json\/wp\/v2\/pages\/7300\/revisions"}],"predecessor-version":[{"id":7301,"href":"https:\/\/northakademi.com\/tr\/wp-json\/wp\/v2\/pages\/7300\/revisions\/7301"}],"up":[{"embeddable":true,"href":"https:\/\/northakademi.com\/tr\/wp-json\/wp\/v2\/pages\/7522"}],"wp:attachment":[{"href":"https:\/\/northakademi.com\/tr\/wp-json\/wp\/v2\/media?parent=7300"}],"curies":[{"name":"wp","href":"https:\/\/api.w.org\/{rel}","templated":true}]}}