{"id":7296,"date":"2020-04-29T00:33:59","date_gmt":"2020-04-28T21:33:59","guid":{"rendered":"https:\/\/northakademi.com\/tr\/?page_id=7296"},"modified":"2020-05-09T17:54:32","modified_gmt":"2020-05-09T14:54:32","slug":"arac-servis-lifti-periyodik-kontrol-muayenesi","status":"publish","type":"page","link":"https:\/\/northakademi.com\/tr\/periyodik-kontrol-muayene\/kaldirma-iletme-ekipmanlari\/arac-servis-lifti-periyodik-kontrol-muayenesi\/","title":{"rendered":"Ara\u00e7 Servis Lifti Periyodik Kontrol Muayenesi"},"content":{"rendered":"<\/div><\/div><\/div><!-- close content main div --><\/div><\/div><div id='av_section_1' class='avia-section main_color avia-section-default avia-no-shadow avia-bg-style-scroll   av-minimum-height av-minimum-height-custom container_wrap sidebar_right' style = 'background-repeat: no-repeat; background-image: url(https:\/\/northakademi.com\/tr\/wp-content\/uploads\/2019\/12\/slide-north-akademi-siyah-lacivert.jpg); background-attachment: scroll; background-position: top left; ' data-section-bg-repeat='no-repeat' ><div class='container' style='height:150px'><div class='template-page content  av-content-small alpha units'><div class='post-entry post-entry-type-page post-entry-7296'><div class='entry-content-wrapper clearfix'>\n<div style='padding-bottom:10px;color:#ffffff;' class='av-special-heading av-special-heading-h3 custom-color-heading   '><h3 class='av-special-heading-tag '  itemprop=\"headline\"  >Ara\u00e7 Servis Lifti Periyodik Kontrol Muayenesi<\/h3><div class='special-heading-border'><div class='special-heading-inner-border' style='border-color:#ffffff'><\/div><\/div><\/div>\n<\/div><\/div><\/div><!-- close content main div --><\/div><\/div><div id='after_section_1' class='main_color av_default_container_wrap container_wrap sidebar_right'   ><div class='container' ><div class='template-page content  av-content-small alpha units'><div class='post-entry post-entry-type-page post-entry-7296'><div class='entry-content-wrapper clearfix'><div class=\"flex_column av_one_full  flex_column_div av-zero-column-padding first  \" style='border-radius:0px; '><p><div class='avia-image-container  av-styling-    avia-align-center '  itemprop=\"ImageObject\" itemscope=\"itemscope\" itemtype=\"https:\/\/schema.org\/ImageObject\"  ><div class='avia-image-container-inner'><img class='avia_image ' src='https:\/\/northakademi.com\/tr\/wp-content\/uploads\/2019\/12\/north-akademi-egitim-0124.jpg' alt='' title=''   itemprop=\"thumbnailUrl\"  \/><\/div><\/div><br \/>\n<section class=\"av_textblock_section \"  itemscope=\"itemscope\" itemtype=\"https:\/\/schema.org\/CreativeWork\" ><div class='avia_textblock  '   itemprop=\"text\" ><p style=\"text-align: justify;\">Ara\u00e7 servis lifti, ara\u00e7lar\u0131n alt tak\u0131mlar\u0131n\u0131 tamir etmek i\u00e7in kullan\u0131l\u0131r. Genellikle sanayilerde kullan\u0131lan ara\u00e7 servis liftleri yerden 2 metre y\u00fcksekli\u011fe do\u011fru kald\u0131r\u0131lan ara\u00e7lar tamir edilir. Tonlarca a\u011f\u0131rl\u0131ktaki y\u00fckleri kald\u0131ran ara\u00e7 servis liftleri hidrolik sistem ile \u00e7al\u0131\u015fmaktad\u0131r.<\/p>\n<p style=\"text-align: justify;\">Kullan\u0131m\u0131nda \u00e7al\u0131\u015fanlar\u0131n\u0131z\u0131n ve i\u015f yerinizin g\u00fcvenli\u011fini \u00f6nemsiyorsan\u0131z mutlaka bak\u0131m ve periyodik kontrolleri yap\u0131lmal\u0131d\u0131r. B\u00fcy\u00fck vagonlu trenlerin, metrolar\u0131n ve buna benzer b\u00fcy\u00fck ara\u00e7lar\u0131n bak\u0131m ve periyodik kontrolleri ara\u00e7 servis liftleri taraf\u0131ndan kontrol edilir. Kontrol edilen ara\u00e7lara onaylanm\u0131\u015f kurulu\u015flar taraf\u0131ndan uygunluk raporu haz\u0131rlan\u0131r.<\/p>\n<p style=\"text-align: justify;\"><strong>\u0130\u015f Ekipmanlar\u0131n\u0131n Kullan\u0131m\u0131nda Sa\u011fl\u0131k ve G\u00fcvenlik \u015eartlar\u0131 Y\u00f6netmeli\u011fi<\/strong><\/p>\n<p style=\"text-align: justify;\">Y\u00f6netmeli\u011fin Ek III B\u00f6l\u00fcm\u00fcn\u00fcn 2.2. Kald\u0131rma ve \u0130letme Ekipmanlar\u0131 Maddesinin 2.2.1.Bendinde; \u201cStandartlarda aksi belirtilmedi\u011fi s\u00fcrece, kald\u0131rma ve iletme ekipmanlar\u0131, beyan edilen y\u00fck\u00fcn en az 1,25 kat\u0131n\u0131, etkili ve g\u00fcvenli bir \u015fekilde kald\u0131racak ve ask\u0131da tutabilecek g\u00fc\u00e7te olur ve bunlar\u0131n bu y\u00fcke dayan\u0131kl\u0131 ve yeterli y\u00fck frenleri bulunur.\u201d h\u00fckm\u00fcndedir. Ara\u00e7 Servis Liftleri de bir kald\u0131rma iletme ekipman\u0131 olarak bu kapsamda de\u011ferlendirilmekte ve ba\u011fl\u0131 bulundu\u011fu standart \u0131\u015f\u0131\u011f\u0131nda kontrol edilmektedir.<\/p>\n<p style=\"text-align: justify;\">Ara\u00e7 servis liftleri kontrolleri i\u015f ekipmanlar\u0131 kullan\u0131m\u0131nda sa\u011fl\u0131k ve g\u00fcvenlik \u015fartlar\u0131 y\u00f6netmeli\u011fine tabiidir. Bu y\u00f6netmelikte belirtilen lift standartlar\u0131nca periyodik kontrol s\u00fcresi 1 y\u0131ld\u0131r.<\/p>\n<\/div><\/section><\/p><\/div><\/p>\n","protected":false},"excerpt":{"rendered":"","protected":false},"author":1,"featured_media":0,"parent":7522,"menu_order":0,"comment_status":"closed","ping_status":"closed","template":"","meta":{"footnotes":""},"_links":{"self":[{"href":"https:\/\/northakademi.com\/tr\/wp-json\/wp\/v2\/pages\/7296"}],"collection":[{"href":"https:\/\/northakademi.com\/tr\/wp-json\/wp\/v2\/pages"}],"about":[{"href":"https:\/\/northakademi.com\/tr\/wp-json\/wp\/v2\/types\/page"}],"author":[{"embeddable":true,"href":"https:\/\/northakademi.com\/tr\/wp-json\/wp\/v2\/users\/1"}],"replies":[{"embeddable":true,"href":"https:\/\/northakademi.com\/tr\/wp-json\/wp\/v2\/comments?post=7296"}],"version-history":[{"count":1,"href":"https:\/\/northakademi.com\/tr\/wp-json\/wp\/v2\/pages\/7296\/revisions"}],"predecessor-version":[{"id":7297,"href":"https:\/\/northakademi.com\/tr\/wp-json\/wp\/v2\/pages\/7296\/revisions\/7297"}],"up":[{"embeddable":true,"href":"https:\/\/northakademi.com\/tr\/wp-json\/wp\/v2\/pages\/7522"}],"wp:attachment":[{"href":"https:\/\/northakademi.com\/tr\/wp-json\/wp\/v2\/media?parent=7296"}],"curies":[{"name":"wp","href":"https:\/\/api.w.org\/{rel}","templated":true}]}}