{"id":7285,"date":"2020-04-21T03:23:06","date_gmt":"2020-04-21T00:23:06","guid":{"rendered":"https:\/\/northakademi.com\/tr\/?page_id=7285"},"modified":"2020-05-09T17:53:04","modified_gmt":"2020-05-09T14:53:04","slug":"arac-kaldirma-lifti-muayenesi","status":"publish","type":"page","link":"https:\/\/northakademi.com\/tr\/periyodik-kontrol-muayene\/kaldirma-iletme-ekipmanlari\/arac-kaldirma-lifti-muayenesi\/","title":{"rendered":"Ara\u00e7 Kald\u0131rma Lifti Muayenesi"},"content":{"rendered":"<\/div><\/div><\/div><!-- close content main div --><\/div><\/div><div id='av_section_1' class='avia-section main_color avia-section-default avia-no-shadow avia-bg-style-scroll   av-minimum-height av-minimum-height-custom container_wrap sidebar_right' style = 'background-repeat: no-repeat; background-image: url(https:\/\/northakademi.com\/tr\/wp-content\/uploads\/2019\/12\/slide-north-akademi-siyah-lacivert.jpg); background-attachment: scroll; background-position: top left; ' data-section-bg-repeat='no-repeat' ><div class='container' style='height:150px'><div class='template-page content  av-content-small alpha units'><div class='post-entry post-entry-type-page post-entry-7285'><div class='entry-content-wrapper clearfix'>\n<div style='padding-bottom:10px;color:#ffffff;' class='av-special-heading av-special-heading-h3 custom-color-heading   '><h3 class='av-special-heading-tag '  itemprop=\"headline\"  >Ara\u00e7 Kald\u0131rma Lifti Muayenesi<\/h3><div class='special-heading-border'><div class='special-heading-inner-border' style='border-color:#ffffff'><\/div><\/div><\/div>\n<\/div><\/div><\/div><!-- close content main div --><\/div><\/div><div id='after_section_1' class='main_color av_default_container_wrap container_wrap sidebar_right'   ><div class='container' ><div class='template-page content  av-content-small alpha units'><div class='post-entry post-entry-type-page post-entry-7285'><div class='entry-content-wrapper clearfix'>\n<div class=\"flex_column av_one_full  flex_column_div av-zero-column-padding first  \" style='border-radius:0px; '><p><div class='avia-image-container  av-styling-    avia-align-center '  itemprop=\"ImageObject\" itemscope=\"itemscope\" itemtype=\"https:\/\/schema.org\/ImageObject\"  ><div class='avia-image-container-inner'><img class='avia_image ' src='https:\/\/northakademi.com\/tr\/wp-content\/uploads\/2019\/12\/north-akademi-egitim-0124.jpg' alt='' title=''   itemprop=\"thumbnailUrl\"  \/><\/div><\/div><br \/>\n<section class=\"av_textblock_section \"  itemscope=\"itemscope\" itemtype=\"https:\/\/schema.org\/CreativeWork\" ><div class='avia_textblock  '   itemprop=\"text\" ><p>\u00c7al\u0131\u015fanlar\u0131n\u0131z\u0131n ve i\u015fletmenizin g\u00fcvenli\u011fi i\u00e7in, b\u00fcnyenizde bulunan ara\u00e7 kald\u0131rma liftlerinin ve servis liftlerinin gerekli kontrollerini ger\u00e7ekle\u015ftirmek ve yap\u0131lan muayeneler sonucundaki tespitlerin raporlanmas\u0131 noktas\u0131nda, uygunsuzluklar\u0131n giderilmesinden t\u00fcm i\u015fletmeler sorumlu bulunmaktad\u0131r.<\/p>\n<p>Uzman ekip ve ekipmanlar\u0131 ile ger\u00e7ekle\u015ftirildi\u011fi ara\u00e7 kald\u0131rma liftlerinin ve servis liftlerinin muayenelerinde, ilgili ekipman\u0131n ve yard\u0131mc\u0131 ekipmanlar\u0131n kald\u0131rma i\u015fini g\u00fcvenli olarak ger\u00e7ekle\u015ftirebildi\u011fini, ekipman\u0131n test gerekliliklerini sa\u011flad\u0131\u011f\u0131n\u0131 kontrol ederek, tespit edilen eksiklikleri, uygunsuzluklar\u0131 ve ya tehlikeli durumlar\u0131 raporlar.<\/p>\n<p>Bu kontroller ve raporlama i\u015flemleri, kald\u0131rma ve\/veya iletme makinalar\u0131 kapsam\u0131nda; TS NE 1493 standartlar\u0131nda belirtilen kriterlere uygun olarak yap\u0131l\u0131r.<\/p>\n<\/div><\/section><\/p><\/div>\n","protected":false},"excerpt":{"rendered":"","protected":false},"author":1,"featured_media":0,"parent":7522,"menu_order":0,"comment_status":"closed","ping_status":"closed","template":"","meta":{"footnotes":""},"_links":{"self":[{"href":"https:\/\/northakademi.com\/tr\/wp-json\/wp\/v2\/pages\/7285"}],"collection":[{"href":"https:\/\/northakademi.com\/tr\/wp-json\/wp\/v2\/pages"}],"about":[{"href":"https:\/\/northakademi.com\/tr\/wp-json\/wp\/v2\/types\/page"}],"author":[{"embeddable":true,"href":"https:\/\/northakademi.com\/tr\/wp-json\/wp\/v2\/users\/1"}],"replies":[{"embeddable":true,"href":"https:\/\/northakademi.com\/tr\/wp-json\/wp\/v2\/comments?post=7285"}],"version-history":[{"count":2,"href":"https:\/\/northakademi.com\/tr\/wp-json\/wp\/v2\/pages\/7285\/revisions"}],"predecessor-version":[{"id":7293,"href":"https:\/\/northakademi.com\/tr\/wp-json\/wp\/v2\/pages\/7285\/revisions\/7293"}],"up":[{"embeddable":true,"href":"https:\/\/northakademi.com\/tr\/wp-json\/wp\/v2\/pages\/7522"}],"wp:attachment":[{"href":"https:\/\/northakademi.com\/tr\/wp-json\/wp\/v2\/media?parent=7285"}],"curies":[{"name":"wp","href":"https:\/\/api.w.org\/{rel}","templated":true}]}}