{"id":7281,"date":"2020-04-21T03:19:57","date_gmt":"2020-04-21T00:19:57","guid":{"rendered":"https:\/\/northakademi.com\/tr\/?page_id=7281"},"modified":"2020-04-29T00:26:44","modified_gmt":"2020-04-28T21:26:44","slug":"platform-muayenesi","status":"publish","type":"page","link":"https:\/\/northakademi.com\/tr\/periyodik-kontrol-muayene\/platform-muayenesi\/","title":{"rendered":"Platform Muayenesi"},"content":{"rendered":"<\/div><\/div><\/div><!-- close content main div --><\/div><\/div><div id='av_section_1' class='avia-section main_color avia-section-default avia-no-shadow avia-bg-style-scroll   av-minimum-height av-minimum-height-custom container_wrap sidebar_right' style = 'background-repeat: no-repeat; background-image: url(https:\/\/northakademi.com\/tr\/wp-content\/uploads\/2019\/12\/slide-north-akademi-siyah-lacivert.jpg); background-attachment: scroll; background-position: top left; ' data-section-bg-repeat='no-repeat' ><div class='container' style='height:150px'><div class='template-page content  av-content-small alpha units'><div class='post-entry post-entry-type-page post-entry-7281'><div class='entry-content-wrapper clearfix'>\n<div style='padding-bottom:10px;color:#ffffff;' class='av-special-heading av-special-heading-h3 custom-color-heading   '><h3 class='av-special-heading-tag '  itemprop=\"headline\"  >Platform Muayenesi<\/h3><div class='special-heading-border'><div class='special-heading-inner-border' style='border-color:#ffffff'><\/div><\/div><\/div>\n<\/div><\/div><\/div><!-- close content main div --><\/div><\/div><div id='after_section_1' class='main_color av_default_container_wrap container_wrap sidebar_right'   ><div class='container' ><div class='template-page content  av-content-small alpha units'><div class='post-entry post-entry-type-page post-entry-7281'><div class='entry-content-wrapper clearfix'>\n<div class=\"flex_column av_one_full  flex_column_div av-zero-column-padding first  \" style='border-radius:0px; '><p><div class='avia-image-container  av-styling-    avia-align-center '  itemprop=\"ImageObject\" itemscope=\"itemscope\" itemtype=\"https:\/\/schema.org\/ImageObject\"  ><div class='avia-image-container-inner'><img class='avia_image ' src='https:\/\/northakademi.com\/tr\/wp-content\/uploads\/2019\/12\/north-akademi-egitim-0124.jpg' alt='' title=''   itemprop=\"thumbnailUrl\"  \/><\/div><\/div><br \/>\n<section class=\"av_textblock_section \"  itemscope=\"itemscope\" itemtype=\"https:\/\/schema.org\/CreativeWork\" ><div class='avia_textblock  '   itemprop=\"text\" ><p>\u0130\u015f ekipmanlar\u0131ndan kaynaklanan kazalar, maddi ve manevi hasarlara yol a\u00e7abilmektedir. \u0130\u015f g\u00fcvenli\u011fi son zamanlarda \u00fclkemizde \u00f6nemli bir konu haline gelmi\u015ftir. \u0130\u015fletmelerin \u00e7al\u0131\u015fma ortamlar\u0131n\u0131 daha g\u00fcvenilir hala getirmesi bir mecburiyet halini alm\u0131\u015f ve i\u015f ekipmanlar\u0131n\u0131n periyodik kontrollerinin yap\u0131lmas\u0131n\u0131n da \u00f6nemi artm\u0131\u015ft\u0131r.<\/p>\n<p>6331 say\u0131l\u0131 \u2018\u2019 \u0130\u015f Sa\u011fl\u0131\u011f\u0131 ve G\u00fcvenli\u011fi Kanunu\u2019\u2019 kapsam\u0131nda \u00e7\u0131kar\u0131lan ve 25.04.2013 tarih ve 8628 say\u0131l\u0131 Resmi Gazetede yay\u0131mlanarak y\u00fcr\u00fcrl\u00fc\u011fe giren \u2018\u2019 \u0130\u015f ekipmanlar\u0131n\u0131n kullan\u0131m\u0131nda Sa\u011fl\u0131k ve G\u00fcvenlik \u015eARTLARI Y\u00f6netmeli\u011fi\u2019\u2019, i\u015fletmelerde bulunan i\u015f ekipmanlar\u0131n\u0131n kullan\u0131m\u0131 il alakal\u0131 sa\u011fl\u0131k ve g\u00fcvenlik a\u00e7\u0131s\u0131ndan uyulmas\u0131 gereken asgari \u015fartlar\u0131 belirlemi\u015ftir.<\/p>\n<p><strong>Yap\u0131lan bu periyodik kontrol ve muayene hizmetleri, <\/strong>\u00a0\u2018kald\u0131rma platformu, as\u0131l\u0131 eri\u015fim donan\u0131m\u0131, y\u00fck asans\u00f6rleri, seyyar i\u015f platformu gibi\u00a0 kald\u0131rma i\u015fletme makinalar\u0131 kapsam\u0131nda; TS EN 1808+A1, TS EN 1495+A2 TS EN 12159, TS EN 280 +A2 standartlar\u0131nda belirtilen kriterlere uygun olarak yap\u0131l\u0131r. Ulusal ve Uluslararas\u0131 standartlar kapsam\u0131nda kontrol edilerek, ilgili mevzuatlara uygun kontrol raporlar\u0131 haz\u0131rlanmaktad\u0131r.<\/p>\n<\/div><\/section><\/p><\/div>\n","protected":false},"excerpt":{"rendered":"","protected":false},"author":1,"featured_media":0,"parent":6229,"menu_order":0,"comment_status":"closed","ping_status":"closed","template":"","meta":{"footnotes":""},"_links":{"self":[{"href":"https:\/\/northakademi.com\/tr\/wp-json\/wp\/v2\/pages\/7281"}],"collection":[{"href":"https:\/\/northakademi.com\/tr\/wp-json\/wp\/v2\/pages"}],"about":[{"href":"https:\/\/northakademi.com\/tr\/wp-json\/wp\/v2\/types\/page"}],"author":[{"embeddable":true,"href":"https:\/\/northakademi.com\/tr\/wp-json\/wp\/v2\/users\/1"}],"replies":[{"embeddable":true,"href":"https:\/\/northakademi.com\/tr\/wp-json\/wp\/v2\/comments?post=7281"}],"version-history":[{"count":2,"href":"https:\/\/northakademi.com\/tr\/wp-json\/wp\/v2\/pages\/7281\/revisions"}],"predecessor-version":[{"id":7290,"href":"https:\/\/northakademi.com\/tr\/wp-json\/wp\/v2\/pages\/7281\/revisions\/7290"}],"up":[{"embeddable":true,"href":"https:\/\/northakademi.com\/tr\/wp-json\/wp\/v2\/pages\/6229"}],"wp:attachment":[{"href":"https:\/\/northakademi.com\/tr\/wp-json\/wp\/v2\/media?parent=7281"}],"curies":[{"name":"wp","href":"https:\/\/api.w.org\/{rel}","templated":true}]}}