{"id":7279,"date":"2020-04-21T03:18:33","date_gmt":"2020-04-21T00:18:33","guid":{"rendered":"https:\/\/northakademi.com\/tr\/?page_id=7279"},"modified":"2020-05-09T17:57:31","modified_gmt":"2020-05-09T14:57:31","slug":"forklift-muayenesi","status":"publish","type":"page","link":"https:\/\/northakademi.com\/tr\/periyodik-kontrol-muayene\/kaldirma-iletme-ekipmanlari\/forklift-muayenesi\/","title":{"rendered":"Forklift Muayenesi"},"content":{"rendered":"<\/div><\/div><\/div><!-- close content main div --><\/div><\/div><div id='av_section_1' class='avia-section main_color avia-section-default avia-no-shadow avia-bg-style-scroll   av-minimum-height av-minimum-height-custom container_wrap sidebar_right' style = 'background-repeat: no-repeat; background-image: url(https:\/\/northakademi.com\/tr\/wp-content\/uploads\/2019\/12\/slide-north-akademi-siyah-lacivert.jpg); background-attachment: scroll; background-position: top left; ' data-section-bg-repeat='no-repeat' ><div class='container' style='height:150px'><div class='template-page content  av-content-small alpha units'><div class='post-entry post-entry-type-page post-entry-7279'><div class='entry-content-wrapper clearfix'>\n<div style='padding-bottom:10px;color:#ffffff;' class='av-special-heading av-special-heading-h3 custom-color-heading   '><h3 class='av-special-heading-tag '  itemprop=\"headline\"  >Forklift Muayenesi<\/h3><div class='special-heading-border'><div class='special-heading-inner-border' style='border-color:#ffffff'><\/div><\/div><\/div>\n<\/div><\/div><\/div><!-- close content main div --><\/div><\/div><div id='after_section_1' class='main_color av_default_container_wrap container_wrap sidebar_right'   ><div class='container' ><div class='template-page content  av-content-small alpha units'><div class='post-entry post-entry-type-page post-entry-7279'><div class='entry-content-wrapper clearfix'>\n<div class=\"flex_column av_one_full  flex_column_div av-zero-column-padding first  \" style='border-radius:0px; '><p><div class='avia-image-container  av-styling-    avia-align-center '  itemprop=\"ImageObject\" itemscope=\"itemscope\" itemtype=\"https:\/\/schema.org\/ImageObject\"  ><div class='avia-image-container-inner'><img class='avia_image ' src='https:\/\/northakademi.com\/tr\/wp-content\/uploads\/2019\/12\/north-akademi-egitim-0124.jpg' alt='' title=''   itemprop=\"thumbnailUrl\"  \/><\/div><\/div><br \/>\n<section class=\"av_textblock_section \"  itemscope=\"itemscope\" itemtype=\"https:\/\/schema.org\/CreativeWork\" ><div class='avia_textblock  '   itemprop=\"text\" ><p style=\"text-align: justify;\">Forklift gibi kald\u0131rma iletme makinalar\u0131n\u0131n yanl\u0131\u015f kullan\u0131lmas\u0131nda ve kusurlu ara\u00e7lar\u0131n kullan\u0131lmas\u0131 neticesinde \u00e7ok say\u0131da \u00fcz\u00fcc\u00fc kazalar ya\u015fanmaktad\u0131r. Forkliflerin periyodik muayenelerinin yap\u0131lmas\u0131 hem g\u00fcvenli \u00e7al\u0131\u015fma ko\u015fullar\u0131n\u0131n gere\u011fi, hem de yasal mevzuatlar\u0131n zorunlu k\u0131ld\u0131\u011f\u0131 bir uygulamad\u0131r.<\/p>\n<p style=\"text-align: justify;\"><strong>2.1 Forklift Periyodik Kontrol Muayene S\u00fcresi Nedir?<\/strong><\/p>\n<p style=\"text-align: justify;\">\u0130lgili Mevzuat gere\u011fi y\u00f6netmeli\u011fin Ek III Bak\u0131m, Onar\u0131m ve Periyodik Kontrol ile \u0130lgili Hususlar b\u00f6l\u00fcm\u00fcn\u00fcn 1.4 Maddesi gere\u011fi; \u201cPeriyodik muayene aral\u0131\u011f\u0131 ve kriterleri standartlarda aksi bir \u015fekilde belirlenmemi\u015f i\u015f ekipmanlar\u0131n\u0131n periyodik kontrolleri ve muayeneleri, varsa imalat\u00e7\u0131n\u0131n \u00f6ng\u00f6rd\u00fc\u011f\u00fc aral\u0131k ve kriterlerde yap\u0131l\u0131r ibaresi yer almaktad\u0131r. Bu hususlar, imalat\u00e7\u0131 taraf\u0131ndan belirlenmemi\u015fse i\u015f ekipman\u0131n\u0131n periyodik muayene &amp; kontrol, bulundu\u011fu i\u015fyerindeki ortam ko\u015fullar\u0131, kullan\u0131m s\u0131kl\u0131\u011f\u0131 ile kullan\u0131m s\u00fcresi gibi baz\u0131 fakt\u00f6rler g\u00f6z \u00f6n\u00fcnde bulundurularak, yap\u0131lacak risk analizi ve de\u011ferlendirmesi sonu\u00e7lar\u0131na g\u00f6re, belirlenecek aral\u0131klarda yap\u0131lmal\u0131d\u0131r. Belirlenen periyodik muayene aral\u0131\u011f\u0131n\u0131n ilgili Y\u00f6netmelikte olas\u0131 durumlar d\u0131\u015f\u0131nda bir y\u0131l\u0131 a\u015fmamas\u0131 gerekir.\u201d h\u00fckm\u00fcndedir.<\/p>\n<p style=\"text-align: justify;\">Forkliftlerin kullan\u0131m s\u0131kl\u0131\u011f\u0131na g\u00f6re y\u0131lda en az 1 kere veya daha fazla aral\u0131klarla olmak ko\u015fulu ile mutlaka periyodik kontrol muayenelerinin yapt\u0131r\u0131lmas\u0131 kanunen zorunludur.<\/p>\n<p style=\"text-align: justify;\"><strong>2.2 Forklift Periyodik Kontrol Muayene Y\u00f6netmeli\u011fi Nedir?<\/strong><\/p>\n<p style=\"text-align: justify;\">Forkliftlerin periyodik kontrollerinin yap\u0131lmas\u0131na dair Mevzuat gere\u011fi \u0130\u015f Kanunu \u00e7er\u00e7evesinde tan\u0131mlanan bir y\u00f6netmelik bulunmaktad\u0131r. Bu y\u00f6netmelik \u201c\u0130\u015f Ekipmanlar\u0131n\u0131n Kullan\u0131m\u0131nda Sa\u011fl\u0131k ve G\u00fcvenlik \u015eartlar\u0131 Y\u00f6netmeli\u011fi\u201ddir. Y\u00f6netmeli\u011fin Ek III B\u00f6l\u00fcm\u00fcn\u00fcn 2.2. Kald\u0131rma ve \u0130letme Ekipmanlar\u0131 Maddesinin 2.2.1.Bendinde; \u201cStandartlarda aksi belirtilmedi\u011fi s\u00fcrece, kald\u0131rma ve iletme ekipmanlar\u0131, beyan edilen y\u00fck\u00fcn en az 1,25 kat\u0131n\u0131, etkili ve g\u00fcvenli bir \u015fekilde kald\u0131racak ve ask\u0131da tutabilecek g\u00fc\u00e7te olur ve bunlar\u0131n bu y\u00fcke dayan\u0131kl\u0131 ve yeterli y\u00fck frenleri bulunur.\u201d h\u00fckm\u00fcndedir. Forkliftlerde bir kald\u0131rma iletme ekipman\u0131 olarak bu kapsamda de\u011ferlendirilmekte ve ba\u011fl\u0131 bulundu\u011fu standart \u0131\u015f\u0131\u011f\u0131nda kontrol edilmektedir.\u201d<\/p>\n<\/div><\/section><\/p><\/div>\n","protected":false},"excerpt":{"rendered":"","protected":false},"author":1,"featured_media":0,"parent":7522,"menu_order":0,"comment_status":"closed","ping_status":"closed","template":"","meta":{"footnotes":""},"_links":{"self":[{"href":"https:\/\/northakademi.com\/tr\/wp-json\/wp\/v2\/pages\/7279"}],"collection":[{"href":"https:\/\/northakademi.com\/tr\/wp-json\/wp\/v2\/pages"}],"about":[{"href":"https:\/\/northakademi.com\/tr\/wp-json\/wp\/v2\/types\/page"}],"author":[{"embeddable":true,"href":"https:\/\/northakademi.com\/tr\/wp-json\/wp\/v2\/users\/1"}],"replies":[{"embeddable":true,"href":"https:\/\/northakademi.com\/tr\/wp-json\/wp\/v2\/comments?post=7279"}],"version-history":[{"count":4,"href":"https:\/\/northakademi.com\/tr\/wp-json\/wp\/v2\/pages\/7279\/revisions"}],"predecessor-version":[{"id":7289,"href":"https:\/\/northakademi.com\/tr\/wp-json\/wp\/v2\/pages\/7279\/revisions\/7289"}],"up":[{"embeddable":true,"href":"https:\/\/northakademi.com\/tr\/wp-json\/wp\/v2\/pages\/7522"}],"wp:attachment":[{"href":"https:\/\/northakademi.com\/tr\/wp-json\/wp\/v2\/media?parent=7279"}],"curies":[{"name":"wp","href":"https:\/\/api.w.org\/{rel}","templated":true}]}}