{"id":7275,"date":"2020-04-21T03:12:41","date_gmt":"2020-04-21T00:12:41","guid":{"rendered":"https:\/\/northakademi.com\/tr\/?page_id=7275"},"modified":"2020-05-09T17:53:30","modified_gmt":"2020-05-09T14:53:30","slug":"vinc-muayenesi","status":"publish","type":"page","link":"https:\/\/northakademi.com\/tr\/periyodik-kontrol-muayene\/kaldirma-iletme-ekipmanlari\/vinc-muayenesi\/","title":{"rendered":"Vin\u00e7 Muayenesi"},"content":{"rendered":"<\/div><\/div><\/div><!-- close content main div --><\/div><\/div><div id='av_section_1' class='avia-section main_color avia-section-default avia-no-shadow avia-bg-style-scroll   av-minimum-height av-minimum-height-custom container_wrap sidebar_right' style = 'background-repeat: no-repeat; background-image: url(https:\/\/northakademi.com\/tr\/wp-content\/uploads\/2019\/12\/slide-north-akademi-siyah-lacivert.jpg); background-attachment: scroll; background-position: top left; ' data-section-bg-repeat='no-repeat' ><div class='container' style='height:150px'><div class='template-page content  av-content-small alpha units'><div class='post-entry post-entry-type-page post-entry-7275'><div class='entry-content-wrapper clearfix'>\n<div style='padding-bottom:10px;color:#ffffff;' class='av-special-heading av-special-heading-h3 custom-color-heading   '><h3 class='av-special-heading-tag '  itemprop=\"headline\"  >Vin\u00e7 Muayenesi<\/h3><div class='special-heading-border'><div class='special-heading-inner-border' style='border-color:#ffffff'><\/div><\/div><\/div>\n<\/div><\/div><\/div><!-- close content main div --><\/div><\/div><div id='after_section_1' class='main_color av_default_container_wrap container_wrap sidebar_right'   ><div class='container' ><div class='template-page content  av-content-small alpha units'><div class='post-entry post-entry-type-page post-entry-7275'><div class='entry-content-wrapper clearfix'>\n<div class=\"flex_column av_one_full  flex_column_div av-zero-column-padding first  \" style='border-radius:0px; '><p><div class='avia-image-container  av-styling-    avia-align-center '  itemprop=\"ImageObject\" itemscope=\"itemscope\" itemtype=\"https:\/\/schema.org\/ImageObject\"  ><div class='avia-image-container-inner'><img class='avia_image ' src='https:\/\/northakademi.com\/tr\/wp-content\/uploads\/2019\/12\/north-akademi-egitim-0124.jpg' alt='' title=''   itemprop=\"thumbnailUrl\"  \/><\/div><\/div><br \/>\n<section class=\"av_textblock_section \"  itemscope=\"itemscope\" itemtype=\"https:\/\/schema.org\/CreativeWork\" ><div class='avia_textblock  '   itemprop=\"text\" ><p>Transpalet, vin\u00e7, platfrom, forklift, caraskal, manlift, istif makinesi, ve asans\u00f6r gibi belirli y\u00fckler alt\u0131nda \u00e7al\u0131\u015fsan makinalar kullanma ko\u015fullar\u0131 bak\u0131m\u0131ndan devaml\u0131 g\u00f6zetim alt\u0131nda tutulmas\u0131 gereken i\u015f ekipmanlar\u0131d\u0131r. Vin\u00e7 Periyodik Muayene yap\u0131lmamas\u0131 g\u00fcn\u00fcm\u00fczde vin\u00e7 ve aksesuarlar\u0131n\u0131n yanl\u0131\u015f kullan\u0131lmas\u0131 ve kusurlu ara\u00e7lar\u0131n kullan\u0131lmas\u0131 neticesinde \u00e7ok say\u0131da \u00fcz\u00fcc\u00fc kazalar ya\u015fanmaktad\u0131r. Vin\u00e7lerin periyodik muayenelerinin yap\u0131lmas\u0131 hem g\u00fcvenli \u00e7al\u0131\u015fma ko\u015fullar\u0131n\u0131n gere\u011fi hem de yasal mevzuatlar\u0131n zorunlu k\u0131ld\u0131\u011f\u0131 bir uygulamad\u0131r.<\/p>\n<p><strong>1.2 Vin\u00e7 Periyodik Muayene S\u00fcreleri<\/strong><br \/>\n\u0130\u015f ekipmanlar\u0131n\u0131n sa\u011fl\u0131k ve g\u00fcvenlik \u015fartlar\u0131 y\u00f6netmeli\u011fince kald\u0131rma iletme makinalar\u0131n\u0131n ve bas\u0131n\u00e7l\u0131 kaplar\u0131n muayene periyodlar\u0131 standartlar\u0131 aksi belirtilmedi\u011fi s\u00fcrece y\u0131lda en az 1 defa periyodik kontrol\u00fc yap\u0131lmal\u0131d\u0131r.<\/p>\n<p><strong>1.3 Vin\u00e7 \u0130le \u0130lgili Periyodik Muayene Y\u00f6netmeli\u011fi<\/strong><\/p>\n<p>Bu y\u00f6netmeli\u011fin amac\u0131, i\u015f yerinde i\u015f ekipmanlar\u0131n\u0131n kullan\u0131m\u0131 ile ilgili sa\u011fl\u0131k ve g\u00fcvenlik y\u00f6n\u00fcnde uyulmas\u0131 gerekli asgari \u015fartlar belirlemektir. 20\/6\/2012 tarihli ve 6331 say\u0131l\u0131 \u0130\u015f Sa\u011fl\u0131\u011f\u0131 ve G\u00fcvenli\u011fi Kanunu kapsam\u0131na giren t\u00fcm i\u015f yerlerini kapsar.<\/p>\n<p>6331 say\u0131l\u0131 \u0130\u015f Sa\u011fl\u0131\u011f\u0131 ve G\u00fcvenli\u011fi Kanununun 30 ve 31 inci maddeleri ile 9\/1\/1985 tarihli ve 3146 say\u0131l\u0131 \u00c7al\u0131\u015fma ve Sosyal G\u00fcvenlik Bakanl\u0131\u011f\u0131n\u0131n Te\u015fkilat ve G\u00f6revleri Hakk\u0131nda Kanunun 2 ve 21 nci maddelerine dayan\u0131larak ve 3\/10\/2009 tarihli ve 2009\/104\/EC say\u0131l\u0131 Avrupa Birli\u011fi Direktifine paralel olarak haz\u0131rlanm\u0131\u015ft\u0131r.<\/p>\n<\/div><\/section><\/p><\/div>\n","protected":false},"excerpt":{"rendered":"","protected":false},"author":1,"featured_media":0,"parent":7522,"menu_order":0,"comment_status":"closed","ping_status":"closed","template":"","meta":{"footnotes":""},"_links":{"self":[{"href":"https:\/\/northakademi.com\/tr\/wp-json\/wp\/v2\/pages\/7275"}],"collection":[{"href":"https:\/\/northakademi.com\/tr\/wp-json\/wp\/v2\/pages"}],"about":[{"href":"https:\/\/northakademi.com\/tr\/wp-json\/wp\/v2\/types\/page"}],"author":[{"embeddable":true,"href":"https:\/\/northakademi.com\/tr\/wp-json\/wp\/v2\/users\/1"}],"replies":[{"embeddable":true,"href":"https:\/\/northakademi.com\/tr\/wp-json\/wp\/v2\/comments?post=7275"}],"version-history":[{"count":4,"href":"https:\/\/northakademi.com\/tr\/wp-json\/wp\/v2\/pages\/7275\/revisions"}],"predecessor-version":[{"id":7292,"href":"https:\/\/northakademi.com\/tr\/wp-json\/wp\/v2\/pages\/7275\/revisions\/7292"}],"up":[{"embeddable":true,"href":"https:\/\/northakademi.com\/tr\/wp-json\/wp\/v2\/pages\/7522"}],"wp:attachment":[{"href":"https:\/\/northakademi.com\/tr\/wp-json\/wp\/v2\/media?parent=7275"}],"curies":[{"name":"wp","href":"https:\/\/api.w.org\/{rel}","templated":true}]}}