{"id":7009,"date":"2019-12-24T15:57:31","date_gmt":"2019-12-24T12:57:31","guid":{"rendered":"https:\/\/northakademi.com\/tr\/?page_id=7009"},"modified":"2019-12-25T02:26:57","modified_gmt":"2019-12-24T23:26:57","slug":"online-basvuru","status":"publish","type":"page","link":"https:\/\/northakademi.com\/tr\/online-basvuru\/","title":{"rendered":"Online Ba\u015fvuru"},"content":{"rendered":"<\/div><\/div><\/div><!-- close content main div --><\/div><\/div><div id='av_section_1' class='avia-section main_color avia-section-default avia-no-shadow avia-bg-style-scroll   av-minimum-height av-minimum-height-custom container_wrap sidebar_right' style = 'background-repeat: no-repeat; background-image: url(https:\/\/northakademi.com\/tr\/wp-content\/uploads\/2019\/12\/slide-north-akademi-siyah-lacivert.jpg); background-attachment: scroll; background-position: top left; ' data-section-bg-repeat='no-repeat' ><div class='container' style='height:150px'><div class='template-page content  av-content-small alpha units'><div class='post-entry post-entry-type-page post-entry-7009'><div class='entry-content-wrapper clearfix'>\n<div style='padding-bottom:10px;color:#ffffff;' class='av-special-heading av-special-heading-h3 custom-color-heading   '><h3 class='av-special-heading-tag '  itemprop=\"headline\"  >Online Ba\u015fvuru<\/h3><div class='special-heading-border'><div class='special-heading-inner-border' style='border-color:#ffffff'><\/div><\/div><\/div>\n<\/div><\/div><\/div><!-- close content main div --><\/div><\/div><div id='after_section_1' class='main_color av_default_container_wrap container_wrap sidebar_right'   ><div class='container' ><div class='template-page content  av-content-small alpha units'><div class='post-entry post-entry-type-page post-entry-7009'><div class='entry-content-wrapper clearfix'>\n<div class='avia-image-container  av-styling-    avia-align-center '  itemprop=\"ImageObject\" itemscope=\"itemscope\" itemtype=\"https:\/\/schema.org\/ImageObject\"  ><div class='avia-image-container-inner'><img class='avia_image ' src='https:\/\/northakademi.com\/tr\/wp-content\/uploads\/2019\/12\/online-basvuru-north-akademi.jpg' alt='' title=''   itemprop=\"thumbnailUrl\"  \/><\/div><\/div>\n<div class=\"flex_column av_one_full  flex_column_div av-zero-column-padding first  \" style='border-radius:0px; '><form action=\"https:\/\/northakademi.com\/tr\/online-basvuru\/\" method=\"post\"  class=\"avia_ajax_form av-form-labels-visible    \" data-avia-form-id=\"1\" data-avia-redirect=''><fieldset><p class=' first_form  form_element form_element_half' id='element_avia_1_1'><label for=\"avia_1_1\">Firma \/ Kurulu\u015f \u00dcnvan\u0131 <abbr class=\"required\" title=\"Zorunlu\">*<\/abbr><\/label> <input name=\"avia_1_1\" class=\"text_input is_empty\" type=\"text\" id=\"avia_1_1\" value=\"\" \/><\/p><p class=' form_element form_element_half' id='element_avia_2_1'><label for=\"avia_2_1\">Telefon <abbr class=\"required\" title=\"Zorunlu\">*<\/abbr><\/label> <input name=\"avia_2_1\" class=\"text_input is_phone\" type=\"text\" id=\"avia_2_1\" value=\"\" \/><\/p><p class=' first_form  form_element form_element_half' id='element_avia_3_1'><label for=\"avia_3_1\">Faks<\/label> <input name=\"avia_3_1\" class=\"text_input \" type=\"text\" id=\"avia_3_1\" value=\"\" \/><\/p><p class=' form_element form_element_half' id='element_avia_4_1'><label for=\"avia_4_1\">E-Posta<\/label> <input name=\"avia_4_1\" class=\"text_input \" type=\"text\" id=\"avia_4_1\" value=\"\" \/><\/p><p class=' first_form  form_element form_element_half' id='element_avia_5_1'><label for=\"avia_5_1\">Website<\/label> <input name=\"avia_5_1\" class=\"text_input \" type=\"text\" id=\"avia_5_1\" value=\"\" \/><\/p><p class=' form_element form_element_half' id='element_avia_6_1'><label for=\"avia_6_1\">Adres<\/label> <input name=\"avia_6_1\" class=\"text_input \" type=\"text\" id=\"avia_6_1\" value=\"\" \/><\/p><p class=' first_form  form_element form_element_half' id='element_avia_7_1'><label for=\"avia_7_1\">Merkez \/ \u015eube \/ Saha Adresleri<\/label> <input name=\"avia_7_1\" class=\"text_input \" type=\"text\" id=\"avia_7_1\" value=\"\" \/><\/p><p class=' form_element form_element_half' id='element_avia_8_1'><label for=\"avia_8_1\">Yetkili Ki\u015fi<\/label> <input name=\"avia_8_1\" class=\"text_input \" type=\"text\" id=\"avia_8_1\" value=\"\" \/><\/p><p class=' first_form  form_element form_element_half' id='element_avia_9_1'><label for=\"avia_9_1\">\u00dcnvan<\/label> <input name=\"avia_9_1\" class=\"text_input \" type=\"text\" id=\"avia_9_1\" value=\"\" \/><\/p><p class=' form_element form_element_half' id='element_avia_10_1'><label for=\"avia_10_1\">Firma Temsilcisi<\/label> <input name=\"avia_10_1\" class=\"text_input \" type=\"text\" id=\"avia_10_1\" value=\"\" \/><\/p><p class=' first_form  form_element form_element_half' id='element_avia_11_1'><label for=\"avia_11_1\">Vergi Dairesi \/ Numaras\u0131<\/label> <input name=\"avia_11_1\" class=\"text_input \" type=\"text\" id=\"avia_11_1\" value=\"\" \/><\/p><p class=' form_element form_element_half' id='element_avia_12_1'><label for=\"avia_12_1\">Ba\u015fvuru T\u00fcr\u00fc<\/label> <select  name=\"avia_12_1\" class=\"select \" id=\"avia_12_1\"><option  value ='Yeni Ba\u015fvuru'>Yeni Ba\u015fvuru<\/option><option  value ='Transfer Ba\u015fvuru'>Transfer Ba\u015fvuru<\/option><\/select><\/p><p class=' first_form  form_element form_element_half' id='element_avia_13_1'><label for=\"avia_13_1\">Y\u00f6netim Sistemi<\/label> <select  name=\"avia_13_1\" class=\"select \" id=\"avia_13_1\"><option  value ='Se\u00e7iniz'>Se\u00e7iniz<\/option><option  value ='ISO 9001:2008'>ISO 9001:2008<\/option><option  value ='ISO 9001:2015'>ISO 9001:2015<\/option><option  value ='ISO 14001:2004'>ISO 14001:2004<\/option><option  value ='ISO 14001:2015'>ISO 14001:2015<\/option><option  value ='ISO 22000:2005'>ISO 22000:2005<\/option><option  value ='ISO 18001:2007'>ISO 18001:2007<\/option><option  value ='ISO 27001:2013'>ISO 27001:2013<\/option><option  value ='Di\u011fer'>Di\u011fer<\/option><\/select><\/p><p class=' form_element form_element_half' id='element_avia_14_1'><label for=\"avia_14_1\">Belgelendirme T\u00fcr\u00fc<\/label> <input name=\"avia_14_1\" class=\"text_input \" type=\"text\" id=\"avia_14_1\" value=\"\" \/><\/p><p class=' first_form  form_element form_element_half' id='element_avia_15_1'><label for=\"avia_15_1\">Hari\u00e7 Tutulan Maddeler<\/label> <input name=\"avia_15_1\" class=\"text_input \" type=\"text\" id=\"avia_15_1\" value=\"\" \/><\/p><p class=' form_element form_element_half' id='element_avia_16_1'><label for=\"avia_16_1\">D\u0131\u015f Kaynakl\u0131 Prosesler Hakk\u0131nda Bilgi<\/label> <input name=\"avia_16_1\" class=\"text_input \" type=\"text\" id=\"avia_16_1\" value=\"\" \/><\/p><p class=' first_form  form_element form_element_half' id='element_avia_17_1'><label for=\"avia_17_1\">Hari\u00e7 Tutulan Maddeler<\/label> <input name=\"avia_17_1\" class=\"text_input \" type=\"text\" id=\"avia_17_1\" value=\"\" \/><\/p><p class=' form_element form_element_half' id='element_avia_18_1'><label for=\"avia_18_1\">Y\u00fck\u00fcml\u00fc Olunan Mevzuat<\/label> <input name=\"avia_18_1\" class=\"text_input \" type=\"text\" id=\"avia_18_1\" value=\"\" \/><\/p><p class=' first_form  form_element form_element_half' id='element_avia_19_1'><label for=\"avia_19_1\">Farkl\u0131 \u015eirket \u0130li\u015fkisi<\/label> <input name=\"avia_19_1\" class=\"text_input \" type=\"text\" id=\"avia_19_1\" value=\"\" \/><\/p><p class=' form_element form_element_half' id='element_avia_20_1'><label for=\"avia_20_1\">Daha \u00d6nce Al\u0131nan Dan\u0131\u015fmanl\u0131k Hizmetleri<\/label> <input name=\"avia_20_1\" class=\"text_input \" type=\"text\" id=\"avia_20_1\" value=\"\" \/><\/p><p class=' first_form  form_element form_element_half' id='element_avia_21_1'><label for=\"avia_21_1\">Toplam \u00c7al\u0131\u015fan Say\u0131s\u0131 (T\u00fcm \u00c7al\u0131\u015fanlar)<\/label> <input name=\"avia_21_1\" class=\"text_input \" type=\"text\" id=\"avia_21_1\" value=\"\" \/><\/p><p class=' form_element form_element_half' id='element_avia_22_1'><label for=\"avia_22_1\">Ta\u015feron \u00c7al\u0131\u015fan Say\u0131s\u0131<\/label> <input name=\"avia_22_1\" class=\"text_input \" type=\"text\" id=\"avia_22_1\" value=\"\" \/><\/p><p class=' first_form  form_element form_element_half' id='element_avia_23_1'><label for=\"avia_23_1\">Yar\u0131 Zamanl\u0131 \u00c7al\u0131\u015fan Say\u0131s\u0131<\/label> <input name=\"avia_23_1\" class=\"text_input \" type=\"text\" id=\"avia_23_1\" value=\"\" \/><\/p><p class=' form_element form_element_half' id='element_avia_24_1'><label for=\"avia_24_1\">Vardiya Say\u0131s\u0131<\/label> <input name=\"avia_24_1\" class=\"text_input \" type=\"text\" id=\"avia_24_1\" value=\"\" \/><\/p><p class=' first_form  form_element form_element_half' id='element_avia_25_1'><label for=\"avia_25_1\">Vardiya \u00c7al\u0131\u015fan Say\u0131s\u0131<\/label> <input name=\"avia_25_1\" class=\"text_input \" type=\"text\" id=\"avia_25_1\" value=\"\" \/><\/p><p class=' form_element form_element_half' id='element_avia_26_1'><label for=\"avia_26_1\">T\u00fcm Vardiyalarda Yap\u0131lan \u0130\u015f<\/label> <select  name=\"avia_26_1\" class=\"select \" id=\"avia_26_1\"><option  value ='Ayn\u0131'>Ayn\u0131<\/option><option  value ='De\u011fil'>De\u011fil<\/option><\/select><\/p><p class=' first_form  form_element form_fullwidth av-last-visible-form-element' id='element_avia_27_1'><label for=\"avia_27_1\">Faaliyet Alan\u0131<\/label> <input name=\"avia_27_1\" class=\"text_input \" type=\"text\" id=\"avia_27_1\" value=\"\" \/><\/p><p class=\"hidden\"><input type=\"text\" name=\"avia_28_1\" class=\"hidden \" id=\"avia_28_1\" value=\"\" \/><\/p><p class=\"form_element \"><input type=\"hidden\" value=\"1\" name=\"avia_generated_form1\" \/><input type=\"submit\" value=\"Ba\u015fvuru Yap\" class=\"button\"  data-sending-label=\"G\u00f6nderiliyor\"\/><\/p><\/fieldset><\/form><div id=\"ajaxresponse_1\" class=\"ajaxresponse ajaxresponse_1 hidden\"><\/div><\/div>\n","protected":false},"excerpt":{"rendered":"","protected":false},"author":1,"featured_media":0,"parent":0,"menu_order":0,"comment_status":"closed","ping_status":"closed","template":"","meta":{"footnotes":""},"_links":{"self":[{"href":"https:\/\/northakademi.com\/tr\/wp-json\/wp\/v2\/pages\/7009"}],"collection":[{"href":"https:\/\/northakademi.com\/tr\/wp-json\/wp\/v2\/pages"}],"about":[{"href":"https:\/\/northakademi.com\/tr\/wp-json\/wp\/v2\/types\/page"}],"author":[{"embeddable":true,"href":"https:\/\/northakademi.com\/tr\/wp-json\/wp\/v2\/users\/1"}],"replies":[{"embeddable":true,"href":"https:\/\/northakademi.com\/tr\/wp-json\/wp\/v2\/comments?post=7009"}],"version-history":[{"count":8,"href":"https:\/\/northakademi.com\/tr\/wp-json\/wp\/v2\/pages\/7009\/revisions"}],"predecessor-version":[{"id":7062,"href":"https:\/\/northakademi.com\/tr\/wp-json\/wp\/v2\/pages\/7009\/revisions\/7062"}],"wp:attachment":[{"href":"https:\/\/northakademi.com\/tr\/wp-json\/wp\/v2\/media?parent=7009"}],"curies":[{"name":"wp","href":"https:\/\/api.w.org\/{rel}","templated":true}]}}