{"id":6937,"date":"2019-12-24T12:21:56","date_gmt":"2019-12-24T09:21:56","guid":{"rendered":"https:\/\/northakademi.com\/tr\/?page_id=6937"},"modified":"2019-12-24T14:37:03","modified_gmt":"2019-12-24T11:37:03","slug":"online-egitim","status":"publish","type":"page","link":"https:\/\/northakademi.com\/tr\/egitimler\/online-egitim\/","title":{"rendered":"Online E\u011fitim"},"content":{"rendered":"<\/div><\/div><\/div><!-- close content main div --><\/div><\/div><div id='av_section_1' class='avia-section main_color avia-section-default avia-no-shadow avia-bg-style-scroll   av-minimum-height av-minimum-height-custom container_wrap sidebar_right' style = 'background-repeat: no-repeat; background-image: url(https:\/\/northakademi.com\/tr\/wp-content\/uploads\/2019\/12\/slide-north-akademi-siyah-lacivert.jpg); background-attachment: scroll; background-position: top left; ' data-section-bg-repeat='no-repeat' ><div class='container' style='height:150px'><div class='template-page content  av-content-small alpha units'><div class='post-entry post-entry-type-page post-entry-6937'><div class='entry-content-wrapper clearfix'>\n<div style='padding-bottom:10px;color:#ffffff;' class='av-special-heading av-special-heading-h3 custom-color-heading   '><h3 class='av-special-heading-tag '  itemprop=\"headline\"  >Online E\u011fitim<\/h3><div class='special-heading-border'><div class='special-heading-inner-border' style='border-color:#ffffff'><\/div><\/div><\/div>\n<\/div><\/div><\/div><!-- close content main div --><\/div><\/div><div id='after_section_1' class='main_color av_default_container_wrap container_wrap sidebar_right'   ><div class='container' ><div class='template-page content  av-content-small alpha units'><div class='post-entry post-entry-type-page post-entry-6937'><div class='entry-content-wrapper clearfix'><div class='avia-image-container  av-styling-    avia-align-center '  itemprop=\"ImageObject\" itemscope=\"itemscope\" itemtype=\"https:\/\/schema.org\/ImageObject\"  ><div class='avia-image-container-inner'><img class='avia_image ' src='https:\/\/northakademi.com\/tr\/wp-content\/uploads\/2019\/12\/north-akademi-egitim-0124.jpg' alt='' title=''   itemprop=\"thumbnailUrl\"  \/><\/div><\/div><\/p>\n<div class=\"flex_column av_one_full  flex_column_div av-zero-column-padding first  \" style='border-radius:0px; '><section class=\"av_textblock_section \"  itemscope=\"itemscope\" itemtype=\"https:\/\/schema.org\/CreativeWork\" ><div class='avia_textblock  '   itemprop=\"text\" ><p>1. Iso 9001 temel Giri\u015f E\u011fitimi<br \/>\n2. Iso 9001 \u0130\u00e7 Tetkik\u00e7i E\u011fitimi<br \/>\n3. Iso 9001 Ba\u015fdenet\u00e7i E\u011fitimi<br \/>\n4. Iso 10002 M\u00fc\u015fteri Memnuniyeti E\u011fitimi<br \/>\n5. Iso 10002 \u0130\u00e7 tetkik\u00e7i e\u011fitimi<br \/>\n6. Iso 10002 Ba\u015f denet\u00e7i e\u011fitimi<br \/>\n7. Iso 14001 temel Giri\u015f E\u011fitimi<br \/>\n8. Iso 14001 \u0130\u00e7 Tetkik\u00e7i E\u011fitimi<br \/>\n9. Iso 14001 Ba\u015fdenet\u00e7i E\u011fitimi<br \/>\n10. Ohsas 18001 Temel Giri\u015f E\u011fitimi<br \/>\n11. Ohsas 18001 \u0130\u00e7 Tetkik\u00e7i E\u011fitimi<br \/>\n12. Ohsas 18001 Ba\u015fdenet\u00e7i E\u011fitimi<br \/>\n13. Kalite Y\u00f6netim Sistemi D\u00f6k\u00fcmantasyon E\u011fitimi<br \/>\n14. S\u00fcre\u00e7 Y\u00f6netimi E\u011fitimi<br \/>\n15. Gmp Kozmetik Temel Giri\u015f E\u011fitimi<br \/>\n16. Haccp Temel Giri\u015f E\u011fitimi<br \/>\n17. Ce \u0130\u015fareti temel E\u011ftimleri<br \/>\n18. G\u0131da G\u00fcvenli\u011fi Uzmanl\u0131k E\u011fitimi<br \/>\n19. Hijyen Ve Sanitasyon E\u011fitimi<br \/>\n20. Marka Tescil E\u011fitimi<br \/>\n21. Patent Ve S\u0131nai M\u00fclkiyet Haklar\u0131 E\u011fitimi<br \/>\n22. Globalgap Aqua E\u011fitimleri<br \/>\n23. Organik Bal\u0131k \u00dcretim E\u011fitimleri<br \/>\n24. Haccp E\u011fitimleri<br \/>\n25. Brc Temel Giri\u015f E\u011fitimi<br \/>\n26. Su \u00dcr\u00fcnleri Aqua Temel Giri\u015f E\u011fitimleri<br \/>\n27. \u0130\u00e7 Denet\u00e7ilik E\u011fitimi<br \/>\n28. Iso 28000 Tedarik Zinciri Kalite Y\u00f6netimi temel Giri\u015f<br \/>\n29. Gmp Plus E\u011fitimi Temel Giiri\u015f<br \/>\n30. \u0130yi Da\u011ft\u0131m Uygulamalar\u0131 E\u011fitimi<br \/>\n31. Iso 22301 \u0130\u015f S\u00fcreklili\u011fi Y\u00f6netimi E\u011fitimi<br \/>\n32. Etik Ve Sosyal Sorumluluk Standard\u0131 E\u011fitimleri<br \/>\n33. Entegre Y\u00f6netim Sistemleri E\u011fitimi<br \/>\n34. Temel \u0130\u015f Sa\u011fl\u0131\u011f\u0131 Ve G\u00fcvenli\u011fi E\u011fitimleri<br \/>\n35. \u0130yi Laboratuvar Uygulamalar\u0131 E\u011fitimi<br \/>\n36. Globalgap Tar\u0131m E\u011fitimi<\/p>\n<\/div><\/section><\/div>\n","protected":false},"excerpt":{"rendered":"","protected":false},"author":1,"featured_media":0,"parent":6897,"menu_order":0,"comment_status":"closed","ping_status":"closed","template":"","meta":{"footnotes":""},"_links":{"self":[{"href":"https:\/\/northakademi.com\/tr\/wp-json\/wp\/v2\/pages\/6937"}],"collection":[{"href":"https:\/\/northakademi.com\/tr\/wp-json\/wp\/v2\/pages"}],"about":[{"href":"https:\/\/northakademi.com\/tr\/wp-json\/wp\/v2\/types\/page"}],"author":[{"embeddable":true,"href":"https:\/\/northakademi.com\/tr\/wp-json\/wp\/v2\/users\/1"}],"replies":[{"embeddable":true,"href":"https:\/\/northakademi.com\/tr\/wp-json\/wp\/v2\/comments?post=6937"}],"version-history":[{"count":2,"href":"https:\/\/northakademi.com\/tr\/wp-json\/wp\/v2\/pages\/6937\/revisions"}],"predecessor-version":[{"id":6997,"href":"https:\/\/northakademi.com\/tr\/wp-json\/wp\/v2\/pages\/6937\/revisions\/6997"}],"up":[{"embeddable":true,"href":"https:\/\/northakademi.com\/tr\/wp-json\/wp\/v2\/pages\/6897"}],"wp:attachment":[{"href":"https:\/\/northakademi.com\/tr\/wp-json\/wp\/v2\/media?parent=6937"}],"curies":[{"name":"wp","href":"https:\/\/api.w.org\/{rel}","templated":true}]}}