{"id":6935,"date":"2019-12-24T12:21:43","date_gmt":"2019-12-24T09:21:43","guid":{"rendered":"https:\/\/northakademi.com\/tr\/?page_id=6935"},"modified":"2019-12-24T14:35:40","modified_gmt":"2019-12-24T11:35:40","slug":"kapali-alanlarda-kurtarma-egitimi","status":"publish","type":"page","link":"https:\/\/northakademi.com\/tr\/egitimler\/kapali-alanlarda-kurtarma-egitimi\/","title":{"rendered":"Kapal\u0131 Alanlarda Kurtarma E\u011fitimi"},"content":{"rendered":"<\/div><\/div><\/div><!-- close content main div --><\/div><\/div><div id='av_section_1' class='avia-section main_color avia-section-default avia-no-shadow avia-bg-style-scroll   av-minimum-height av-minimum-height-custom container_wrap sidebar_right' style = 'background-repeat: no-repeat; background-image: url(https:\/\/northakademi.com\/tr\/wp-content\/uploads\/2019\/12\/slide-north-akademi-siyah-lacivert.jpg); background-attachment: scroll; background-position: top left; ' data-section-bg-repeat='no-repeat' ><div class='container' style='height:150px'><div class='template-page content  av-content-small alpha units'><div class='post-entry post-entry-type-page post-entry-6935'><div class='entry-content-wrapper clearfix'>\n<div style='padding-bottom:10px;color:#ffffff;' class='av-special-heading av-special-heading-h3 custom-color-heading   '><h3 class='av-special-heading-tag '  itemprop=\"headline\"  >Kapal\u0131 Alanlarda Kurtarma E\u011fitimi<\/h3><div class='special-heading-border'><div class='special-heading-inner-border' style='border-color:#ffffff'><\/div><\/div><\/div>\n<\/div><\/div><\/div><!-- close content main div --><\/div><\/div><div id='after_section_1' class='main_color av_default_container_wrap container_wrap sidebar_right'   ><div class='container' ><div class='template-page content  av-content-small alpha units'><div class='post-entry post-entry-type-page post-entry-6935'><div class='entry-content-wrapper clearfix'><div class='avia-image-container  av-styling-    avia-align-center '  itemprop=\"ImageObject\" itemscope=\"itemscope\" itemtype=\"https:\/\/schema.org\/ImageObject\"  ><div class='avia-image-container-inner'><img class='avia_image ' src='https:\/\/northakademi.com\/tr\/wp-content\/uploads\/2019\/12\/north-akademi-egitim-0124.jpg' alt='' title=''   itemprop=\"thumbnailUrl\"  \/><\/div><\/div><\/p>\n<div class=\"flex_column av_one_full  flex_column_div av-zero-column-padding first  \" style='border-radius:0px; '><section class=\"av_textblock_section \"  itemscope=\"itemscope\" itemtype=\"https:\/\/schema.org\/CreativeWork\" ><div class='avia_textblock  '   itemprop=\"text\" ><p><strong>AMACI:<\/strong> Kat\u0131l\u0131mc\u0131lar\u0131, kapal\u0131 alanlara giri\u015f ve \u00e7\u0131k\u0131\u015f s\u0131ras\u0131nda gerekli olan g\u00fcvenlik tedbirlerinin al\u0131nmas\u0131 konusunda bilgilendirmektedir.<\/p>\n<p>Kapal\u0131 Alanlarda \u00c7al\u0131\u015fma ve Kurtarma E\u011fitimlerinin amac\u0131, her t\u00fcrl\u00fc kapal\u0131 \u00e7al\u0131\u015fma alan\u0131nda, mevcut tehlike ve riskler kar\u015f\u0131s\u0131nda fark\u0131ndal\u0131k olu\u015fturmas\u0131n\u0131 sa\u011flamakt\u0131r. \u0130stenmese de, bir kaza durumu olu\u015ftu\u011funda g\u00fcvenli bir \u015fekilde kazazedeye ula\u015f\u0131p, do\u011fru bir \u015fekilde tahliyeyi ger\u00e7ekle\u015ftirebilmek de \u00f6nemlidir. Bu t\u00fcr durumlar pratikte uyguland\u0131\u011f\u0131 zaman e\u011fitimlerin ve tatbikatlar\u0131n ciddiyeti anlam kazan\u0131r.<\/p>\n<p><strong>E\u011e\u0130T\u0130M S\u00dcRES\u0130:<\/strong><\/p>\n<p>Kapal\u0131 Alanlarda Kurtarma E\u011fitimi:1 G\u00fcn (8 Saat) teorik ve uygulama olarak d\u00fczenlenmektedir.<\/p>\n<p><strong>E\u011e\u0130T\u0130M \u0130\u00c7ER\u0130\u011e\u0130:<\/strong><\/p>\n<ul>\n<li>Kurtarman\u0131n tan\u0131m\u0131 ve ilkeleri<\/li>\n<li>Kapal\u0131 ve s\u0131n\u0131rl\u0131 alanlarda g\u00fcvenli \u00e7al\u0131\u015fma konular\u0131na giri\u015f<\/li>\n<li>Nereler kapal\u0131 ve s\u0131n\u0131rl\u0131 \u00e7al\u0131\u015fma ortamlar\u0131d\u0131r?<\/li>\n<li>Kapal\u0131 ve s\u0131n\u0131rl\u0131 alan \u00e7e\u015fitleri ve yap\u0131lan i\u015f t\u00fcrleri<\/li>\n<li>Kapal\u0131 ve s\u0131n\u0131rl\u0131 alanlardaki tehlikeler<\/li>\n<li>Toplu ve ki\u015fisel koruma y\u00f6ntemleri<\/li>\n<li>Kapal\u0131 ve s\u0131n\u0131rl\u0131 alanlardaki \u00e7al\u0131\u015fmalarda risklerinden ka\u00e7\u0131nma<\/li>\n<li>Kapal\u0131 ve s\u0131n\u0131rl\u0131 alanlar\u0131n havaland\u0131rma t\u00fcrleri<\/li>\n<li>Tehlikeli ve g\u00fcvensiz durumlar\u0131 tan\u0131yabilme<\/li>\n<li>Kurtarma sistemati\u011fi<\/li>\n<li>Kapal\u0131 ve s\u0131n\u0131rl\u0131 alanlardaki g\u00fcvenli \u00e7al\u0131\u015fma teknikleri farkl\u0131l\u0131klar\u0131 ve organizasyonu<\/li>\n<li>Kapal\u0131 ve s\u0131n\u0131rl\u0131 alanlara giri\u015f i\u00e7in yap\u0131lmas\u0131 gerekenler<\/li>\n<li>Ki\u015fisel koruyucu ekipmanlar<\/li>\n<li>Merdivenlerde g\u00fcvenli \u00e7al\u0131\u015fma<\/li>\n<li>Lanyard yard\u0131m\u0131 ile t\u0131rmanma ve inme<\/li>\n<li>Sabit ya\u015fam hatlar\u0131n\u0131 kullanma<\/li>\n<li>Ge\u00e7ici ya\u015fam hatlar\u0131 kurma<\/li>\n<li>Genel olarak s\u0131n\u0131rland\u0131rma sistemleri<\/li>\n<li>Kazazede y\u00f6netimi konular\u0131nda bilin\u00e7lendirme<\/li>\n<li>Kat\u0131l\u0131mc\u0131lardan gelen sorulara g\u00f6re ilaveler<\/li>\n<\/ul>\n<p><strong>UYGULAMA<\/strong><\/p>\n<ul>\n<li>Ankraj uygulamalar\u0131 tekrar\u0131<\/li>\n<li>Temel d\u00fc\u011f\u00fcm teknikleri uygulamalar\u0131n\u0131n tekrar\u0131<\/li>\n<li>Ki\u015fisel koruyucu donan\u0131mlar\u0131n kontrol\u00fc ve ku\u015fan\u0131lmas\u0131 uygulamalar\u0131<\/li>\n<li>Emniyet kemerinde do\u011fru ba\u011flant\u0131 noktalar\u0131n\u0131n uygulamal\u0131 olarak tespiti<\/li>\n<li>Kapal\u0131 ve s\u0131n\u0131rl\u0131 alanlarda g\u00fcvenli \u00e7al\u0131\u015fmada yan\u0131m\u0131zda var olan t\u00fcm malzemelerin d\u00fc\u015f\u00fc\u015fe kar\u015f\u0131 nas\u0131l sabitlenece\u011fi konusunda uygulamalar<\/li>\n<li>Kapal\u0131 alana girmeden \u00f6nce i\u00e7erideki ortama g\u00f6re havaland\u0131rma veya giri\u015fe elveri\u015fli duruma getirilmesi i\u00e7in gereklilikler<\/li>\n<li>Kapal\u0131 ve s\u0131n\u0131rl\u0131 alana girmeden \u00f6nce uygun aletlerle ortam\u0131n kontrol\u00fcn\u00fcn yap\u0131lmas\u0131<\/li>\n<li>Kurtarmada kullan\u0131lan teknik malzemeler, \u00f6zellikleri ve kullan\u0131mlar\u0131<\/li>\n<li>Temiz hava solunum cihaz\u0131 kullanma ve bak\u0131m\u0131<\/li>\n<li>Dar ve kapal\u0131 alanlara ula\u015f\u0131m ve geri d\u00f6n\u00fc\u015f<\/li>\n<li>Kazazedenin yan\u0131na g\u00fcvenli \u015fekilde ula\u015fma<\/li>\n<li>Emniyet noktalar\u0131n\u0131n haz\u0131rlanmas\u0131 ve kurulmas\u0131<\/li>\n<li>\u00c7al\u0131\u015f\u0131lacak yere ula\u015f\u0131ld\u0131ktan sonra uygun konumlanma teknikleri uygulamalar\u0131<\/li>\n<li>Varsa daha \u00f6nceden haz\u0131rlanm\u0131\u015f sabit kurtarma ekipmanlar\u0131n\u0131 kullanma<\/li>\n<li>Ge\u00e7ici ya\u015fam hatlar\u0131 kurma ve kullanma uygulamalar\u0131<\/li>\n<li>Genel olarak s\u0131n\u0131rland\u0131rma sistemleri uygulamalar\u0131<\/li>\n<li>E\u011fitim verilen yere ve kat\u0131l\u0131mc\u0131lar\u0131n \u00e7al\u0131\u015fma ortamlar\u0131na g\u00f6re olan uygulamalar<\/li>\n<li>Makara ve makara sistemlerini kullanma uygulamalar\u0131<\/li>\n<li>Kazazede ta\u015f\u0131ma y\u00f6ntemleri<\/li>\n<li>Ask\u0131 travmas\u0131 ve kazazede y\u00f6netimi konular\u0131nda bilin\u00e7lendirme<\/li>\n<li>Kat\u0131l\u0131mc\u0131lardan gelen sorulara g\u00f6re ilave uygulamalar<\/li>\n<\/ul>\n<\/div><\/section><\/div>\n","protected":false},"excerpt":{"rendered":"","protected":false},"author":1,"featured_media":0,"parent":6897,"menu_order":0,"comment_status":"closed","ping_status":"closed","template":"","meta":{"footnotes":""},"_links":{"self":[{"href":"https:\/\/northakademi.com\/tr\/wp-json\/wp\/v2\/pages\/6935"}],"collection":[{"href":"https:\/\/northakademi.com\/tr\/wp-json\/wp\/v2\/pages"}],"about":[{"href":"https:\/\/northakademi.com\/tr\/wp-json\/wp\/v2\/types\/page"}],"author":[{"embeddable":true,"href":"https:\/\/northakademi.com\/tr\/wp-json\/wp\/v2\/users\/1"}],"replies":[{"embeddable":true,"href":"https:\/\/northakademi.com\/tr\/wp-json\/wp\/v2\/comments?post=6935"}],"version-history":[{"count":3,"href":"https:\/\/northakademi.com\/tr\/wp-json\/wp\/v2\/pages\/6935\/revisions"}],"predecessor-version":[{"id":6996,"href":"https:\/\/northakademi.com\/tr\/wp-json\/wp\/v2\/pages\/6935\/revisions\/6996"}],"up":[{"embeddable":true,"href":"https:\/\/northakademi.com\/tr\/wp-json\/wp\/v2\/pages\/6897"}],"wp:attachment":[{"href":"https:\/\/northakademi.com\/tr\/wp-json\/wp\/v2\/media?parent=6935"}],"curies":[{"name":"wp","href":"https:\/\/api.w.org\/{rel}","templated":true}]}}