{"id":6933,"date":"2019-12-24T12:21:30","date_gmt":"2019-12-24T09:21:30","guid":{"rendered":"https:\/\/northakademi.com\/tr\/?page_id=6933"},"modified":"2019-12-24T14:33:17","modified_gmt":"2019-12-24T11:33:17","slug":"elektrik-egitimi","status":"publish","type":"page","link":"https:\/\/northakademi.com\/tr\/egitimler\/elektrik-egitimi\/","title":{"rendered":"Elektrik E\u011fitimi"},"content":{"rendered":"<\/div><\/div><\/div><!-- close content main div --><\/div><\/div><div id='av_section_1' class='avia-section main_color avia-section-default avia-no-shadow avia-bg-style-scroll   av-minimum-height av-minimum-height-custom container_wrap sidebar_right' style = 'background-repeat: no-repeat; background-image: url(https:\/\/northakademi.com\/tr\/wp-content\/uploads\/2019\/12\/slide-north-akademi-siyah-lacivert.jpg); background-attachment: scroll; background-position: top left; ' data-section-bg-repeat='no-repeat' ><div class='container' style='height:150px'><div class='template-page content  av-content-small alpha units'><div class='post-entry post-entry-type-page post-entry-6933'><div class='entry-content-wrapper clearfix'>\n<div style='padding-bottom:10px;color:#ffffff;' class='av-special-heading av-special-heading-h3 custom-color-heading   '><h3 class='av-special-heading-tag '  itemprop=\"headline\"  >Elektrik E\u011fitimi<\/h3><div class='special-heading-border'><div class='special-heading-inner-border' style='border-color:#ffffff'><\/div><\/div><\/div>\n<\/div><\/div><\/div><!-- close content main div --><\/div><\/div><div id='after_section_1' class='main_color av_default_container_wrap container_wrap sidebar_right'   ><div class='container' ><div class='template-page content  av-content-small alpha units'><div class='post-entry post-entry-type-page post-entry-6933'><div class='entry-content-wrapper clearfix'><div class='avia-image-container  av-styling-    avia-align-center '  itemprop=\"ImageObject\" itemscope=\"itemscope\" itemtype=\"https:\/\/schema.org\/ImageObject\"  ><div class='avia-image-container-inner'><img class='avia_image ' src='https:\/\/northakademi.com\/tr\/wp-content\/uploads\/2019\/12\/north-akademi-egitim-0124.jpg' alt='' title=''   itemprop=\"thumbnailUrl\"  \/><\/div><\/div><\/p>\n<div class=\"flex_column av_one_full  flex_column_div av-zero-column-padding first  \" style='border-radius:0px; '><section class=\"av_textblock_section \"  itemscope=\"itemscope\" itemtype=\"https:\/\/schema.org\/CreativeWork\" ><div class='avia_textblock  '   itemprop=\"text\" ><p>Kat\u0131l\u0131mc\u0131lar \/ Operat\u00f6r, Teknisyen \/ bak\u0131mc\u0131, Bak\u0131m y\u00f6neticisi, M\u00fchendis , T\u00fcm personel<\/p>\n<p>\u0130\u00e7erik \/ Elektrik ile ilgili temel kanunlar\u0131 \u00f6\u011frenmeyi, elektrik \u00f6l\u00e7\u00fc aletlerini kullanarak do\u011fru \u00f6l\u00e7\u00fcmler yapmay\u0131, elektrik \u00fcr\u00fcnlerin \u00e7al\u0131\u015fma prensiplerini \u00f6\u011frenmek, Elektrik tan\u0131m\u0131, Elektrik \u00fcretimi ve y\u00f6ntemleri, Elektriksel b\u00fcy\u00fckl\u00fckler, AC alternatif akim ve DC do\u011fru akim, \u00d6l\u00e7\u00fc aletlerini tan\u0131ma ve kullanma, Temel elektrik devreleri, Temel elektriksel kanunlar, \u00dc\u00e7 fazl\u0131 gerilim, Y\u0131ld\u0131z ve \u00fc\u00e7gen ba\u011flant\u0131, Kumanda elemanlar\u0131 ve se\u00e7imleri, Elektrik devre sembolleri ve elektrik devre semalar\u0131, Elektrik kumanda semalar\u0131.<\/p>\n<\/div><\/section><\/div><div class='avia-data-table-wrap avia_responsive_table'><table class='avia-table avia-data-table avia-table-1  avia_pricing_default '  itemscope=\"itemscope\" itemtype=\"https:\/\/schema.org\/Table\" ><tbody><tr class='avia-heading-row'><th class=''>Y\u00f6ntem<\/th><th class=''>E\u011fitmen<br \/>\n<\/th><th class=''>Kat\u0131l\u0131mc\u0131<\/th><th class=''>E\u011fitim S\u00fcresi<\/th><\/tr><tr class=''><td class=''>Teorik Saha Uygulamas\u0131<br \/>\n<\/td><td class=''>R\u00fczgar Akademi E\u011fitim Uzmanlar\u0131<\/td><td class=''>12 Ki\u015fi<\/td><td class=''>2 g\u00fcn (16 saat)<\/td><\/tr><\/tbody><\/table><\/div><style type='text\/css'>.avia-table-1 td:nth-of-type(1):before { content: 'Y\u00f6ntem'; } .avia-table-1 td:nth-of-type(2):before { content: 'E\u011fitmen\n'; } .avia-table-1 td:nth-of-type(3):before { content: 'Kat\u0131l\u0131mc\u0131'; } .avia-table-1 td:nth-of-type(4):before { content: 'E\u011fitim S\u00fcresi'; } <\/style><\/p>\n","protected":false},"excerpt":{"rendered":"","protected":false},"author":1,"featured_media":0,"parent":6897,"menu_order":0,"comment_status":"closed","ping_status":"closed","template":"","meta":{"footnotes":""},"_links":{"self":[{"href":"https:\/\/northakademi.com\/tr\/wp-json\/wp\/v2\/pages\/6933"}],"collection":[{"href":"https:\/\/northakademi.com\/tr\/wp-json\/wp\/v2\/pages"}],"about":[{"href":"https:\/\/northakademi.com\/tr\/wp-json\/wp\/v2\/types\/page"}],"author":[{"embeddable":true,"href":"https:\/\/northakademi.com\/tr\/wp-json\/wp\/v2\/users\/1"}],"replies":[{"embeddable":true,"href":"https:\/\/northakademi.com\/tr\/wp-json\/wp\/v2\/comments?post=6933"}],"version-history":[{"count":2,"href":"https:\/\/northakademi.com\/tr\/wp-json\/wp\/v2\/pages\/6933\/revisions"}],"predecessor-version":[{"id":6994,"href":"https:\/\/northakademi.com\/tr\/wp-json\/wp\/v2\/pages\/6933\/revisions\/6994"}],"up":[{"embeddable":true,"href":"https:\/\/northakademi.com\/tr\/wp-json\/wp\/v2\/pages\/6897"}],"wp:attachment":[{"href":"https:\/\/northakademi.com\/tr\/wp-json\/wp\/v2\/media?parent=6933"}],"curies":[{"name":"wp","href":"https:\/\/api.w.org\/{rel}","templated":true}]}}