{"id":6931,"date":"2019-12-24T12:21:16","date_gmt":"2019-12-24T09:21:16","guid":{"rendered":"https:\/\/northakademi.com\/tr\/?page_id=6931"},"modified":"2019-12-24T14:28:11","modified_gmt":"2019-12-24T11:28:11","slug":"mekanik-egitimi","status":"publish","type":"page","link":"https:\/\/northakademi.com\/tr\/egitimler\/mekanik-egitimi\/","title":{"rendered":"Mekanik E\u011fitimi"},"content":{"rendered":"<\/div><\/div><\/div><!-- close content main div --><\/div><\/div><div id='av_section_1' class='avia-section main_color avia-section-default avia-no-shadow avia-bg-style-scroll   av-minimum-height av-minimum-height-custom container_wrap sidebar_right' style = 'background-repeat: no-repeat; background-image: url(https:\/\/northakademi.com\/tr\/wp-content\/uploads\/2019\/12\/slide-north-akademi-siyah-lacivert.jpg); background-attachment: scroll; background-position: top left; ' data-section-bg-repeat='no-repeat' ><div class='container' style='height:150px'><div class='template-page content  av-content-small alpha units'><div class='post-entry post-entry-type-page post-entry-6931'><div class='entry-content-wrapper clearfix'>\n<div style='padding-bottom:10px;color:#ffffff;' class='av-special-heading av-special-heading-h3 custom-color-heading   '><h3 class='av-special-heading-tag '  itemprop=\"headline\"  >Mekanik E\u011fitimi<\/h3><div class='special-heading-border'><div class='special-heading-inner-border' style='border-color:#ffffff'><\/div><\/div><\/div>\n<\/div><\/div><\/div><!-- close content main div --><\/div><\/div><div id='after_section_1' class='main_color av_default_container_wrap container_wrap sidebar_right'   ><div class='container' ><div class='template-page content  av-content-small alpha units'><div class='post-entry post-entry-type-page post-entry-6931'><div class='entry-content-wrapper clearfix'>\n<div class='avia-image-container  av-styling-    avia-align-center '  itemprop=\"ImageObject\" itemscope=\"itemscope\" itemtype=\"https:\/\/schema.org\/ImageObject\"  ><div class='avia-image-container-inner'><img class='avia_image ' src='https:\/\/northakademi.com\/tr\/wp-content\/uploads\/2019\/12\/north-akademi-egitim-0124.jpg' alt='' title=''   itemprop=\"thumbnailUrl\"  \/><\/div><\/div>\n<div class=\"flex_column av_one_full  flex_column_div av-zero-column-padding first  \" style='border-radius:0px; '><section class=\"av_textblock_section \"  itemscope=\"itemscope\" itemtype=\"https:\/\/schema.org\/CreativeWork\" ><div class='avia_textblock  '   itemprop=\"text\" ><p>Kat\u0131l\u0131mc\u0131lar \/ Operat\u00f6r, Teknisyen \/ bak\u0131mc\u0131, Bak\u0131m y\u00f6neticisi, M\u00fchendis , T\u00fcm personel<\/p>\n<p>\u0130\u00e7erik \/ Mekanik e\u011fitiminin (Makine elemanlar\u0131 e\u011fitimi) amac\u0131 mekanik bak\u0131m elemanlar\u0131n\u0131n end\u00fcstride kar\u015f\u0131la\u015faca\u011f\u0131 makineleri meydana getiren makine elemanlar\u0131n\u0131 tan\u0131mas\u0131, fonksiyon ve \u00e7e\u015fitlerini bilerek sisteme m\u00fcdahale edebilmesini \u00f6\u011frenmektir. Bu sayede kullan\u0131lan makine elemanlar\u0131n\u0131 tan\u0131yarak bak\u0131m ve ar\u0131za masraflar\u0131n\u0131n \u00f6n\u00fcne ge\u00e7mi\u015f olur.<\/p>\n<p>Ba\u011flant\u0131 elemanlar\u0131 ve \u00e7e\u015fitleri, Hareket iletim elemanlar\u0131, Kaynak ba\u011flant\u0131lar, Lehim ba\u011flant\u0131lar, Per\u00e7in ba\u011flant\u0131lar, Pres ge\u00e7meler (s\u0131k\u0131 ge\u00e7meler), C\u0131vata ba\u011flant\u0131lar, Mil-g\u00f6bek ba\u011flant\u0131lar, S\u00fcrt\u00fcnme ba\u011flant\u0131lar, Kama ba\u011flant\u0131lar ,Pimler ve pernolar, Elastik ba\u011flant\u0131lar, yaylar Akslar ve Miller Ya\u011flama Teorisi, Kaymal\u0131 yataklar, Rulmanl\u0131 yataklar, Kay\u0131\u015f-Kasnak mekanizmalar\u0131, Di\u015fli\u00e7ark mekanizmalar\u0131,<\/p>\n<\/div><\/section><\/div>\n<div class='avia-data-table-wrap avia_responsive_table'><table class='avia-table avia-data-table avia-table-1  avia_pricing_default '  itemscope=\"itemscope\" itemtype=\"https:\/\/schema.org\/Table\" ><tbody><tr class='avia-heading-row'><th class=''>Y\u00f6ntem<\/th><th class=''>E\u011fitmen<br \/>\n<\/th><th class=''>Kat\u0131l\u0131mc\u0131<\/th><th class=''>E\u011fitim S\u00fcresi<\/th><\/tr><tr class=''><td class=''>Teorik Saha Uygulamas\u0131<br \/>\n<\/td><td class=''>R\u00fczgar Akademi E\u011fitim Uzmanlar\u0131<\/td><td class=''>12 Ki\u015fi<\/td><td class=''>2 g\u00fcn (16 saat)<\/td><\/tr><\/tbody><\/table><\/div><style type='text\/css'>.avia-table-1 td:nth-of-type(1):before { content: 'Y\u00f6ntem'; } .avia-table-1 td:nth-of-type(2):before { content: 'E\u011fitmen\n'; } .avia-table-1 td:nth-of-type(3):before { content: 'Kat\u0131l\u0131mc\u0131'; } .avia-table-1 td:nth-of-type(4):before { content: 'E\u011fitim S\u00fcresi'; } <\/style>\n","protected":false},"excerpt":{"rendered":"","protected":false},"author":1,"featured_media":0,"parent":6897,"menu_order":0,"comment_status":"closed","ping_status":"closed","template":"","meta":{"footnotes":""},"_links":{"self":[{"href":"https:\/\/northakademi.com\/tr\/wp-json\/wp\/v2\/pages\/6931"}],"collection":[{"href":"https:\/\/northakademi.com\/tr\/wp-json\/wp\/v2\/pages"}],"about":[{"href":"https:\/\/northakademi.com\/tr\/wp-json\/wp\/v2\/types\/page"}],"author":[{"embeddable":true,"href":"https:\/\/northakademi.com\/tr\/wp-json\/wp\/v2\/users\/1"}],"replies":[{"embeddable":true,"href":"https:\/\/northakademi.com\/tr\/wp-json\/wp\/v2\/comments?post=6931"}],"version-history":[{"count":4,"href":"https:\/\/northakademi.com\/tr\/wp-json\/wp\/v2\/pages\/6931\/revisions"}],"predecessor-version":[{"id":6993,"href":"https:\/\/northakademi.com\/tr\/wp-json\/wp\/v2\/pages\/6931\/revisions\/6993"}],"up":[{"embeddable":true,"href":"https:\/\/northakademi.com\/tr\/wp-json\/wp\/v2\/pages\/6897"}],"wp:attachment":[{"href":"https:\/\/northakademi.com\/tr\/wp-json\/wp\/v2\/media?parent=6931"}],"curies":[{"name":"wp","href":"https:\/\/api.w.org\/{rel}","templated":true}]}}