{"id":6929,"date":"2019-12-24T12:21:03","date_gmt":"2019-12-24T09:21:03","guid":{"rendered":"https:\/\/northakademi.com\/tr\/?page_id=6929"},"modified":"2019-12-24T14:15:26","modified_gmt":"2019-12-24T11:15:26","slug":"hidrolik-egitimi","status":"publish","type":"page","link":"https:\/\/northakademi.com\/tr\/egitimler\/hidrolik-egitimi\/","title":{"rendered":"Hidrolik E\u011fitimi"},"content":{"rendered":"<\/div><\/div><\/div><!-- close content main div --><\/div><\/div><div id='av_section_1' class='avia-section main_color avia-section-default avia-no-shadow avia-bg-style-scroll   av-minimum-height av-minimum-height-custom container_wrap sidebar_right' style = 'background-repeat: no-repeat; background-image: url(https:\/\/northakademi.com\/tr\/wp-content\/uploads\/2019\/12\/slide-north-akademi-siyah-lacivert.jpg); background-attachment: scroll; background-position: top left; ' data-section-bg-repeat='no-repeat' ><div class='container' style='height:150px'><div class='template-page content  av-content-small alpha units'><div class='post-entry post-entry-type-page post-entry-6929'><div class='entry-content-wrapper clearfix'>\n<div style='padding-bottom:10px;color:#ffffff;' class='av-special-heading av-special-heading-h3 custom-color-heading   '><h3 class='av-special-heading-tag '  itemprop=\"headline\"  >Hidrolik E\u011fitimi<\/h3><div class='special-heading-border'><div class='special-heading-inner-border' style='border-color:#ffffff'><\/div><\/div><\/div>\n<\/div><\/div><\/div><!-- close content main div --><\/div><\/div><div id='after_section_1' class='main_color av_default_container_wrap container_wrap sidebar_right'   ><div class='container' ><div class='template-page content  av-content-small alpha units'><div class='post-entry post-entry-type-page post-entry-6929'><div class='entry-content-wrapper clearfix'><div class='avia-image-container  av-styling-    avia-align-center '  itemprop=\"ImageObject\" itemscope=\"itemscope\" itemtype=\"https:\/\/schema.org\/ImageObject\"  ><div class='avia-image-container-inner'><img class='avia_image ' src='https:\/\/northakademi.com\/tr\/wp-content\/uploads\/2019\/12\/north-akademi-egitim-0124.jpg' alt='' title=''   itemprop=\"thumbnailUrl\"  \/><\/div><\/div><\/p>\n<div class=\"flex_column av_one_full  flex_column_div av-zero-column-padding first  \" style='border-radius:0px; '><section class=\"av_textblock_section \"  itemscope=\"itemscope\" itemtype=\"https:\/\/schema.org\/CreativeWork\" ><div class='avia_textblock  '   itemprop=\"text\" ><p><strong>Ama\u00e7 ve Kapsam<\/strong><\/p>\n<p>M\u00fchendislere ve teknik elemanlara y\u00f6nelik hidrolik e\u011fitimi verilecektir. E\u011fitim sonunda kursiyerlerin hidrolik bilgisine sahip olmas\u0131 ama\u00e7lanmaktad\u0131r. E\u011fitim toplam iki g\u00fcnd\u00fcr. E\u011fitimler teorik bilgileri ve e\u011fitim setiyle yap\u0131lacak olan uygulamalar\u0131 kapsayacakt\u0131r. E\u011fitim sonunda s\u0131nav yap\u0131lacak olup, ba\u015far\u0131l\u0131 olan kat\u0131l\u0131mc\u0131lara \u2018` Temel Seviye ve \u0130leri Seviye Hidrolik E\u011fitimi Ba\u015far\u0131 Belgesi\u201c verilecektir.<br \/>\n\u0130\u00e7erik<\/p>\n<p><strong>Hidrolik nedir?<\/strong><\/p>\n<p>Hidrolik sistemin avantajlar\u0131 ve dezavantajlar\u0131<br \/>\nHidrolik sistemin uygulama alanlar\u0131<br \/>\nPaskal kanunu<br \/>\nHidrolik kuvvet iletimi<br \/>\nBas\u0131n\u00e7 artt\u0131rma prensibi (booster)<br \/>\nEnerjinin korunumu kanunu (bernoulli teoremi)<br \/>\nParalel ve seri ak\u0131\u015f hatlar\u0131<\/p>\n<p><strong>Hidrolik ak\u0131\u015fkanlar<\/strong><\/p>\n<p>Hidrolik sistemde ak\u0131\u015fkandan beklenen temel \u00f6zellikler<br \/>\nViskozitenin tan\u0131m\u0131 ve \u00e7e\u015fitleri<br \/>\nBas\u0131n\u00e7 ve s\u0131cakl\u0131\u011f\u0131n viskoziteye etkisi<br \/>\nHidrolik ya\u011fda bulunan katk\u0131 maddeleri ve sisteme etkileri<\/p>\n<p><strong>Hidrolik pompalar<\/strong><\/p>\n<p>Hidrolik pompalar\u0131n \u00e7al\u0131\u015fma prensipleri<br \/>\nPompan\u0131n deplasman ve verimi<br \/>\nDi\u015fli pompa \u00e7e\u015fitleri (i\u00e7ten di\u015fli, d\u0131\u015ftan di\u015fli, orbit di\u015fli) ve \u00e7al\u0131\u015fma prensipleri<br \/>\nPaletli pompa \u00e7e\u015fitleri (dengelenmemi\u015f tip, dengelenmi\u015f tip) ve \u00e7al\u0131\u015fma prensibi<br \/>\nPistonlu pompa (e\u011fik eksenli, e\u011fik plakal\u0131, radyal pistonlu pompalar) ve \u00e7al\u0131\u015fma prensipleri<br \/>\nPompalar\u0131n \u00e7al\u0131\u015fma s\u0131ras\u0131nda meydana gelen enerji sarfiyat\u0131<br \/>\nDe\u011fi\u015fken deplasmanl\u0131 pompalarda deplasman de\u011fi\u015ftirme mekanizmalar\u0131<br \/>\nKavitasyon nedenleri ve \u00f6nleme metotlar\u0131<\/p>\n<p><strong>Bas\u0131n\u00e7 kontrol valfleri<\/strong><\/p>\n<p>Bas\u0131n\u00e7 emniyet valfinin kullan\u0131m alanlar\u0131 ve fonksiyonu<br \/>\nBas\u0131n\u00e7 emniyeti valfi \u00e7e\u015fitleri ve ayarlar\u0131<br \/>\nBas\u0131n\u00e7 d\u00fc\u015f\u00fcr\u00fcc\u00fc valflerin i\u00e7 yap\u0131s\u0131, fonksiyonlar\u0131, \u00e7e\u015fitleri ve kullan\u0131ld\u0131\u011f\u0131 yerler<br \/>\nBas\u0131n\u00e7 s\u0131ralama valflerin i\u00e7 yap\u0131s\u0131, fonksiyonlar\u0131, \u00e7e\u015fitleri ve kullan\u0131ld\u0131\u011f\u0131 yerler<br \/>\nAk\u00fc doldurma valflerinin i\u00e7 yap\u0131s\u0131, fonksiyonu ve kullan\u0131m yerleri<\/p>\n<p><strong>Y\u00f6n kontrol valfleri<\/strong><\/p>\n<p>Y\u00f6n kontrol valflerinin sembollerle g\u00f6sterilmesi (\u0131so 1219)<br \/>\nY\u00f6n kontrol valflerinde standart boyutlar<br \/>\nY\u00f6n kontrol valflerinin \u00e7al\u0131\u015fma prensipleri ve i\u00e7 yap\u0131lar\u0131<br \/>\nDo\u011frudan kumandal\u0131 y\u00f6n kontrol valfleri ve i\u00e7 yap\u0131s\u0131<br \/>\nPilot kumandal\u0131 y\u00f6n kontrol valflerinin i\u00e7 yap\u0131s\u0131, sembolleri ve kullan\u0131ld\u0131\u011f\u0131 yerler<br \/>\nY\u00f6n kontrol valflerinin kumanda \u015fekilleri (mekanik, solenoid, pilot\u2026)<\/p>\n<p><strong>\u00c7ekvalfler<\/strong><\/p>\n<p>Bilyal\u0131 tip \u00e7ekvalfler<br \/>\nPopet tipi \u00e7ek valfler<br \/>\nPilot kumandal\u0131 \u00e7ek valfler<br \/>\n\u0130kiz pilot kumandal\u0131 \u00e7ek valf (ikiz kitleme)<\/p>\n<p><strong>Ak\u0131\u015f kontrol valfleri<\/strong><\/p>\n<p>Ak\u0131\u015f kontrol valflerinin g\u00f6revleri<br \/>\nK\u0131sma valfleri (ayarlanabilir ak\u0131\u015f kontrol valfi)<br \/>\nHassas ak\u0131\u015f kontrol valfleri<br \/>\nGiri\u015fte ak\u0131\u015f kontrol (meter-in)<br \/>\n\u00c7\u0131k\u0131\u015fta ak\u0131\u015f kontrol (meter-out)<\/p>\n<p><strong>Hidrolik i\u015f elemanlar\u0131<\/strong><\/p>\n<p>Tek ve \u00e7ift etkili silindirlerin i\u00e7 yap\u0131s\u0131 ve \u00e7al\u0131\u015fma prensipleri<br \/>\n\u00c7ift milli silindir, tandem silindir ve teleskopik silindirlerin i\u00e7 yap\u0131s\u0131 ve \u00e7al\u0131\u015fma prensipleri<br \/>\nSilindirde yast\u0131klama (frenleme) ve kullan\u0131m amac\u0131<br \/>\nHidrolik silindirlerdeki ba\u011flant\u0131 y\u00f6ntemleri<\/p>\n<p><strong>Hidrolik motorlar<\/strong><\/p>\n<p>Y\u00fcksek h\u0131zda d\u00fc\u015f\u00fck tork \u00fcreten hidromotorlar (hslt)<br \/>\nD\u00fc\u015f\u00fck h\u0131zda y\u00fcksek tork (moment) \u00fcreten hidromotorlar (lsht)<br \/>\nDi\u015fli, paletli, pistonlu hidromotorlar ve \u00e7al\u0131\u015fma prensipleri<\/p>\n<p><strong>Ak\u00fcm\u00fclat\u00f6rler<\/strong><\/p>\n<p>Hidrolik ak\u00fcm\u00fclat\u00f6r\u00fcn i\u00e7 yap\u0131s\u0131 ve fonksiyonu<br \/>\nHidrolik ak\u00fcm\u00fclat\u00f6r\u00fcn kullan\u0131ld\u0131\u011f\u0131 uygulama \u00f6rnekleri<br \/>\nA\u011f\u0131rl\u0131kl\u0131, yayl\u0131, pistonlu, balonlu, diyaframl\u0131 ak\u00fcm\u00fclat\u00f6rler ve \u00e7al\u0131\u015fma prensipleri<\/p>\n<p><strong>Hidrolik filtrasyon<\/strong><\/p>\n<p>Hidrolikte filtrasyonun \u00f6nemi<br \/>\nKirlili\u011fin tan\u0131m\u0131 ve nedenleri<br \/>\nFiltre se\u00e7im kriterleri ve filtrelerin s\u00fczme kapasiteleri<br \/>\nKullan\u0131ld\u0131\u011f\u0131 yere g\u00f6re filtre t\u00fcrleri<br \/>\nSeyyar filtrasyon sisteminin \u00f6nemi ve kullan\u0131m \u015fekli<br \/>\nHidrolikte ya\u011f analizinin \u00f6nemi ve analizde istenen veriler<br \/>\nKirlilik dereceleri (nas, iso)<\/p>\n<p><strong>Hidrolik ya\u011f deposu ve aksesuarlar<\/strong><\/p>\n<p>Hidrolik ya\u011f deposunun temel g\u00f6revleri<br \/>\nStandart ya\u011f deposu dizaynlar\u0131<br \/>\nHidrolik so\u011futucular<br \/>\nBourdon t\u00fcpl\u00fc ve diyaframl\u0131 manometreler<br \/>\nBas\u0131n\u00e7 \u015falterleri<\/p>\n<p><strong>Hidrolik devreler<\/strong><\/p>\n<p>Rejeneratif devre<br \/>\nBas\u0131n\u00e7 s\u0131ralama ve bas\u0131n\u00e7 d\u00fc\u015f\u00fcr\u00fcc\u00fc devreler<br \/>\nHidrolik devre \u00f6rnekleri<\/p>\n<p><strong>End\u00fcstriyel Uygulamalar<\/strong><\/p>\n<p>ISO 1219 standartlar\u0131na g\u00f6re devre sembolleri<br \/>\nTemel hidrolik ve elektrohidrolik devre olu\u015fturma mant\u0131\u011f\u0131<br \/>\nE\u011fitim setinde devre kurma ve devrenin \u00e7iziminin yap\u0131lmas\u0131<\/p>\n<p><strong>Direk ve dolayl\u0131 kumanda<\/strong><br \/>\nDevre \u015femalar\u0131n\u0131n analizi, \u015fema okuma ve uygulamal\u0131 devre kurulumu<\/p>\n<\/div><\/section><\/div>\n","protected":false},"excerpt":{"rendered":"","protected":false},"author":1,"featured_media":0,"parent":6897,"menu_order":0,"comment_status":"closed","ping_status":"closed","template":"","meta":{"footnotes":""},"_links":{"self":[{"href":"https:\/\/northakademi.com\/tr\/wp-json\/wp\/v2\/pages\/6929"}],"collection":[{"href":"https:\/\/northakademi.com\/tr\/wp-json\/wp\/v2\/pages"}],"about":[{"href":"https:\/\/northakademi.com\/tr\/wp-json\/wp\/v2\/types\/page"}],"author":[{"embeddable":true,"href":"https:\/\/northakademi.com\/tr\/wp-json\/wp\/v2\/users\/1"}],"replies":[{"embeddable":true,"href":"https:\/\/northakademi.com\/tr\/wp-json\/wp\/v2\/comments?post=6929"}],"version-history":[{"count":3,"href":"https:\/\/northakademi.com\/tr\/wp-json\/wp\/v2\/pages\/6929\/revisions"}],"predecessor-version":[{"id":6990,"href":"https:\/\/northakademi.com\/tr\/wp-json\/wp\/v2\/pages\/6929\/revisions\/6990"}],"up":[{"embeddable":true,"href":"https:\/\/northakademi.com\/tr\/wp-json\/wp\/v2\/pages\/6897"}],"wp:attachment":[{"href":"https:\/\/northakademi.com\/tr\/wp-json\/wp\/v2\/media?parent=6929"}],"curies":[{"name":"wp","href":"https:\/\/api.w.org\/{rel}","templated":true}]}}