{"id":6927,"date":"2019-12-24T12:20:48","date_gmt":"2019-12-24T09:20:48","guid":{"rendered":"https:\/\/northakademi.com\/tr\/?page_id=6927"},"modified":"2019-12-24T14:04:11","modified_gmt":"2019-12-24T11:04:11","slug":"elle-tasima-egitimi","status":"publish","type":"page","link":"https:\/\/northakademi.com\/tr\/egitimler\/elle-tasima-egitimi\/","title":{"rendered":"Elle Ta\u015f\u0131ma E\u011fitimi"},"content":{"rendered":"<\/div><\/div><\/div><!-- close content main div --><\/div><\/div><div id='av_section_1' class='avia-section main_color avia-section-default avia-no-shadow avia-bg-style-scroll   av-minimum-height av-minimum-height-custom container_wrap sidebar_right' style = 'background-repeat: no-repeat; background-image: url(https:\/\/northakademi.com\/tr\/wp-content\/uploads\/2019\/12\/slide-north-akademi-siyah-lacivert.jpg); background-attachment: scroll; background-position: top left; ' data-section-bg-repeat='no-repeat' ><div class='container' style='height:150px'><div class='template-page content  av-content-small alpha units'><div class='post-entry post-entry-type-page post-entry-6927'><div class='entry-content-wrapper clearfix'>\n<div style='padding-bottom:10px;color:#ffffff;' class='av-special-heading av-special-heading-h3 custom-color-heading   '><h3 class='av-special-heading-tag '  itemprop=\"headline\"  >Elle Ta\u015f\u0131ma E\u011fitimi<\/h3><div class='special-heading-border'><div class='special-heading-inner-border' style='border-color:#ffffff'><\/div><\/div><\/div>\n<\/div><\/div><\/div><!-- close content main div --><\/div><\/div><div id='after_section_1' class='main_color av_default_container_wrap container_wrap sidebar_right'   ><div class='container' ><div class='template-page content  av-content-small alpha units'><div class='post-entry post-entry-type-page post-entry-6927'><div class='entry-content-wrapper clearfix'><div class='avia-image-container  av-styling-    avia-align-center '  itemprop=\"ImageObject\" itemscope=\"itemscope\" itemtype=\"https:\/\/schema.org\/ImageObject\"  ><div class='avia-image-container-inner'><img class='avia_image ' src='https:\/\/northakademi.com\/tr\/wp-content\/uploads\/2019\/12\/north-akademi-egitim-0124.jpg' alt='' title=''   itemprop=\"thumbnailUrl\"  \/><\/div><\/div><\/p>\n<div class=\"flex_column av_one_full  flex_column_div av-zero-column-padding first  \" style='border-radius:0px; '><section class=\"av_textblock_section \"  itemscope=\"itemscope\" itemtype=\"https:\/\/schema.org\/CreativeWork\" ><div class='avia_textblock  '   itemprop=\"text\" ><p>Tek ba\u015f\u0131na ya da ba\u015fka bir i\u015fin bir par\u00e7as\u0131 olarak y\u00fck\u00fcn, bir veya daha fazla ki\u015fi taraf\u0131ndan elle veya beden g\u00fcc\u00fc kullan\u0131larak kald\u0131r\u0131lmas\u0131 indirilmesi \u00e7ekilmesi itilmesi ta\u015f\u0131nmas\u0131 veya hareket ettirilmesi gibi ta\u015f\u0131ma i\u015fleri.<\/p>\n<p><strong>E\u011fitim S\u00fcresi :<\/strong> Her bir Grup i\u00e7in 4 Saat (1\/2 G\u00fcn)<br \/>\n<strong>Kat\u0131l\u0131mc\u0131 Say\u0131s\u0131 :<\/strong> En fazla 12 ki\u015fi kadar e\u011fitim verilebilmektedir.<\/p>\n<p><strong>Sertifikaland\u0131rma<\/strong><br \/>\n\u0130\u015f G\u00fcvenli\u011fi uzman\u0131m\u0131z ve GWO e\u011fitimine sahip e\u011fitmenimiz g\u00f6zetiminde yap\u0131lan s\u0131navda ba\u015far\u0131l\u0131 olan kat\u0131l\u0131mc\u0131lar; \u201cElle Ta\u015f\u0131ma E\u011fitimi\u201d ba\u015far\u0131 sertifikas\u0131 ile belgelendirilir. Sertifika s\u00fcresi 2 y\u0131l ge\u00e7erlidir.<\/p>\n<\/div><\/section><\/div>\n","protected":false},"excerpt":{"rendered":"","protected":false},"author":1,"featured_media":0,"parent":6897,"menu_order":0,"comment_status":"closed","ping_status":"closed","template":"","meta":{"footnotes":""},"_links":{"self":[{"href":"https:\/\/northakademi.com\/tr\/wp-json\/wp\/v2\/pages\/6927"}],"collection":[{"href":"https:\/\/northakademi.com\/tr\/wp-json\/wp\/v2\/pages"}],"about":[{"href":"https:\/\/northakademi.com\/tr\/wp-json\/wp\/v2\/types\/page"}],"author":[{"embeddable":true,"href":"https:\/\/northakademi.com\/tr\/wp-json\/wp\/v2\/users\/1"}],"replies":[{"embeddable":true,"href":"https:\/\/northakademi.com\/tr\/wp-json\/wp\/v2\/comments?post=6927"}],"version-history":[{"count":2,"href":"https:\/\/northakademi.com\/tr\/wp-json\/wp\/v2\/pages\/6927\/revisions"}],"predecessor-version":[{"id":6988,"href":"https:\/\/northakademi.com\/tr\/wp-json\/wp\/v2\/pages\/6927\/revisions\/6988"}],"up":[{"embeddable":true,"href":"https:\/\/northakademi.com\/tr\/wp-json\/wp\/v2\/pages\/6897"}],"wp:attachment":[{"href":"https:\/\/northakademi.com\/tr\/wp-json\/wp\/v2\/media?parent=6927"}],"curies":[{"name":"wp","href":"https:\/\/api.w.org\/{rel}","templated":true}]}}