{"id":6925,"date":"2019-12-24T12:20:33","date_gmt":"2019-12-24T09:20:33","guid":{"rendered":"https:\/\/northakademi.com\/tr\/?page_id=6925"},"modified":"2019-12-24T14:03:06","modified_gmt":"2019-12-24T11:03:06","slug":"src-egitimi","status":"publish","type":"page","link":"https:\/\/northakademi.com\/tr\/egitimler\/src-egitimi\/","title":{"rendered":"SRC E\u011fitimi"},"content":{"rendered":"<\/div><\/div><\/div><!-- close content main div --><\/div><\/div><div id='av_section_1' class='avia-section main_color avia-section-default avia-no-shadow avia-bg-style-scroll   av-minimum-height av-minimum-height-custom container_wrap sidebar_right' style = 'background-repeat: no-repeat; background-image: url(https:\/\/northakademi.com\/tr\/wp-content\/uploads\/2019\/12\/slide-north-akademi-siyah-lacivert.jpg); background-attachment: scroll; background-position: top left; ' data-section-bg-repeat='no-repeat' ><div class='container' style='height:150px'><div class='template-page content  av-content-small alpha units'><div class='post-entry post-entry-type-page post-entry-6925'><div class='entry-content-wrapper clearfix'>\n<div style='padding-bottom:10px;color:#ffffff;' class='av-special-heading av-special-heading-h3 custom-color-heading   '><h3 class='av-special-heading-tag '  itemprop=\"headline\"  >SRC E\u011fitimi<\/h3><div class='special-heading-border'><div class='special-heading-inner-border' style='border-color:#ffffff'><\/div><\/div><\/div>\n<\/div><\/div><\/div><!-- close content main div --><\/div><\/div><div id='after_section_1' class='main_color av_default_container_wrap container_wrap sidebar_right'   ><div class='container' ><div class='template-page content  av-content-small alpha units'><div class='post-entry post-entry-type-page post-entry-6925'><div class='entry-content-wrapper clearfix'><div class='avia-image-container  av-styling-    avia-align-center '  itemprop=\"ImageObject\" itemscope=\"itemscope\" itemtype=\"https:\/\/schema.org\/ImageObject\"  ><div class='avia-image-container-inner'><img class='avia_image ' src='https:\/\/northakademi.com\/tr\/wp-content\/uploads\/2019\/12\/north-akademi-egitim-0124.jpg' alt='' title=''   itemprop=\"thumbnailUrl\"  \/><\/div><\/div><\/p>\n<div class=\"flex_column av_one_full  flex_column_div av-zero-column-padding first  \" style='border-radius:0px; '><section class=\"av_textblock_section \"  itemscope=\"itemscope\" itemtype=\"https:\/\/schema.org\/CreativeWork\" ><div class='avia_textblock  '   itemprop=\"text\" ><p>4925 Say\u0131l\u0131 Karayolu Ta\u015f\u0131ma Kanununun 5. Maddesine g\u00f6re karayolunda y\u00fck ve yolcu ta\u015f\u0131mac\u0131l\u0131\u011f\u0131 faaliyetlerinde kullan\u0131lan ticari ara\u00e7larda \u00e7al\u0131\u015fan \u015fof\u00f6rlerin SRC Mesleki Yeterlilik Belgesi almalar\u0131 zorunludur.<\/p>\n<p>SRC Belgenizi Almadan Trafi\u011fe \u00c7\u0131kmay\u0131n !<\/p>\n<p><strong>SRC Belgesi T\u00fcrleri<\/strong><\/p>\n<p>SRC-1 : Uluslararas\u0131 yolcu ta\u015f\u0131mac\u0131l\u0131\u011f\u0131 yapan s\u00fcr\u00fcc\u00fclerin almas\u0131 gereken mesleki yeterlilik belgesidir.<\/p>\n<p>SRC-2: Yurti\u00e7i Yolcu ta\u015f\u0131mac\u0131l\u0131\u011f\u0131 yapan s\u00fcr\u00fcc\u00fclerin almas\u0131 gereken mesleki yeterlilik belgesidir.<\/p>\n<p>SRC-3: Uluslararas\u0131 e\u015fya, y\u00fck veya kargo ta\u015f\u0131mac\u0131l\u0131\u011f\u0131 yapan s\u00fcr\u00fcc\u00fclerin almas\u0131 gereken mesleki yeterlilik belgesidir.<\/p>\n<p>SRC-4: Yurti\u00e7i e\u015fya, y\u00fck veya kargo ta\u015f\u0131mac\u0131l\u0131\u011f\u0131 yapan s\u00fcr\u00fcc\u00fclerin almas\u0131 gereken mesleki yeterlilik belgesidir.<\/p>\n<p>SRC-5: Tehlikeli madde ta\u015f\u0131yan(kimyasal madde, yan\u0131c\u0131 madde, patlay\u0131c\u0131 madde vb.) s\u00fcr\u00fcc\u00fclerin almas\u0131 gereken bir mesleki yeterlilik belgesidir.<\/p>\n<p>Src e\u011fitimleri verilmektedir. Detayl\u0131 bilgi i\u00e7in aray\u0131n\u0131z.<\/p>\n<\/div><\/section><\/div>\n","protected":false},"excerpt":{"rendered":"","protected":false},"author":1,"featured_media":0,"parent":6897,"menu_order":0,"comment_status":"closed","ping_status":"closed","template":"","meta":{"footnotes":""},"_links":{"self":[{"href":"https:\/\/northakademi.com\/tr\/wp-json\/wp\/v2\/pages\/6925"}],"collection":[{"href":"https:\/\/northakademi.com\/tr\/wp-json\/wp\/v2\/pages"}],"about":[{"href":"https:\/\/northakademi.com\/tr\/wp-json\/wp\/v2\/types\/page"}],"author":[{"embeddable":true,"href":"https:\/\/northakademi.com\/tr\/wp-json\/wp\/v2\/users\/1"}],"replies":[{"embeddable":true,"href":"https:\/\/northakademi.com\/tr\/wp-json\/wp\/v2\/comments?post=6925"}],"version-history":[{"count":3,"href":"https:\/\/northakademi.com\/tr\/wp-json\/wp\/v2\/pages\/6925\/revisions"}],"predecessor-version":[{"id":6987,"href":"https:\/\/northakademi.com\/tr\/wp-json\/wp\/v2\/pages\/6925\/revisions\/6987"}],"up":[{"embeddable":true,"href":"https:\/\/northakademi.com\/tr\/wp-json\/wp\/v2\/pages\/6897"}],"wp:attachment":[{"href":"https:\/\/northakademi.com\/tr\/wp-json\/wp\/v2\/media?parent=6925"}],"curies":[{"name":"wp","href":"https:\/\/api.w.org\/{rel}","templated":true}]}}