{"id":6923,"date":"2019-12-24T12:20:20","date_gmt":"2019-12-24T09:20:20","guid":{"rendered":"https:\/\/northakademi.com\/tr\/?page_id=6923"},"modified":"2019-12-24T14:01:17","modified_gmt":"2019-12-24T11:01:17","slug":"sapanci-ve-isaretci-egitimi","status":"publish","type":"page","link":"https:\/\/northakademi.com\/tr\/egitimler\/sapanci-ve-isaretci-egitimi\/","title":{"rendered":"Sapanc\u0131 ve \u0130\u015faret\u00e7i E\u011fitimi"},"content":{"rendered":"<\/div><\/div><\/div><!-- close content main div --><\/div><\/div><div id='av_section_1' class='avia-section main_color avia-section-default avia-no-shadow avia-bg-style-scroll   av-minimum-height av-minimum-height-custom container_wrap sidebar_right' style = 'background-repeat: no-repeat; background-image: url(https:\/\/northakademi.com\/tr\/wp-content\/uploads\/2019\/12\/slide-north-akademi-siyah-lacivert.jpg); background-attachment: scroll; background-position: top left; ' data-section-bg-repeat='no-repeat' ><div class='container' style='height:150px'><div class='template-page content  av-content-small alpha units'><div class='post-entry post-entry-type-page post-entry-6923'><div class='entry-content-wrapper clearfix'>\n<div style='padding-bottom:10px;color:#ffffff;' class='av-special-heading av-special-heading-h3 custom-color-heading   '><h3 class='av-special-heading-tag '  itemprop=\"headline\"  >Sapanc\u0131 ve \u0130\u015faret\u00e7i E\u011fitimi<\/h3><div class='special-heading-border'><div class='special-heading-inner-border' style='border-color:#ffffff'><\/div><\/div><\/div>\n<\/div><\/div><\/div><!-- close content main div --><\/div><\/div><div id='after_section_1' class='main_color av_default_container_wrap container_wrap sidebar_right'   ><div class='container' ><div class='template-page content  av-content-small alpha units'><div class='post-entry post-entry-type-page post-entry-6923'><div class='entry-content-wrapper clearfix'><div class='avia-image-container  av-styling-    avia-align-center '  itemprop=\"ImageObject\" itemscope=\"itemscope\" itemtype=\"https:\/\/schema.org\/ImageObject\"  ><div class='avia-image-container-inner'><img class='avia_image ' src='https:\/\/northakademi.com\/tr\/wp-content\/uploads\/2019\/12\/north-akademi-egitim-0124.jpg' alt='' title=''   itemprop=\"thumbnailUrl\"  \/><\/div><\/div><\/p>\n<div class=\"flex_column av_one_full  flex_column_div av-zero-column-padding first  \" style='border-radius:0px; '><section class=\"av_textblock_section \"  itemscope=\"itemscope\" itemtype=\"https:\/\/schema.org\/CreativeWork\" ><div class='avia_textblock  '   itemprop=\"text\" ><p><strong>1. \u0130\u015faret\u00e7i: Sapan ile vinci kullanan operat\u00f6re i\u015faret ile yard\u0131mc\u0131 eleman.<\/strong><\/p>\n<p>a. \u0130\u015faret\u00e7i ile ilgili genel bilgiler, i\u015faret\u00e7inin kullanaca\u011f\u0131 bilgilerin \u00f6\u011frenilmesi, uygulamas\u0131n\u0131n yap\u0131lmas\u0131<br \/>\nb. Vin\u00e7 ve sapanc\u0131 ile ilgili genel bilgilerin i\u015faret\u00e7i taraf\u0131ndan bilinmesi,<br \/>\nc. \u0130\u015faret\u00e7inin kullanaca\u011f\u0131 i\u015faretler: (uluslar aras\u0131 standartlarda) Yava\u015f, kald\u0131r, indir, dur, y\u00fck\u00fc kald\u0131r, indir, acil durum i\u015faretleri, jib bomu vb. i\u015faretler ile ilgili genel bilgiler,<br \/>\nd. \u0130\u015fin tehlikesi ve tehlike an\u0131nda i\u015faret\u00e7inin yapmas\u0131 gerekenler, tehlikenin fark\u0131na var\u0131lmas\u0131, tehlike esnas\u0131nda yap\u0131lacak i\u015flemler, tehlike sonras\u0131 yap\u0131lacak i\u015flem \u00e7e\u015fitleri ile ilgili bilgiler,<br \/>\ne. Kaza, yaralanma tehlikeleri ve i\u015faret\u00e7inin yapmas\u0131 gerekenler.<\/p>\n<p><strong>2. Sapanc\u0131: Y\u00fck\u00fcn vin\u00e7 kancas\u0131na ba\u011flant\u0131 eleman\u0131.<\/strong><\/p>\n<p>a. Vin\u00e7 arac\u0131n\u0131 tan\u0131ma, vincin \u00f6zelliklerini bilme; vin\u00e7 manevra ve hareket ve \u00e7e\u015fitlerini ilgili genel ve teknik bilgileri bilme,<br \/>\nb. Sapan ve sapan\u0131n \u00f6zelliklerini bilme (Sapan: Y\u00fck\u00fcn vin\u00e7 kancas\u0131na ba\u011flant\u0131 eleman\u0131).<br \/>\nc. Sapan \u00e7e\u015fitlerinin tan\u0131nmas\u0131; zincir, bez ve \u00e7elik sapanlar hakk\u0131nda kald\u0131rma, ba\u011flant\u0131, \u00f6l\u00e7\u00fcm \u00f6zelliklerinin bilinmesi.<br \/>\nd. Sapanlara ve halatlara ait mekanizmalar\u0131n bilinmesi. Sapan kilit mekanizman\u0131n i\u015faret\u00e7i ve sapanc\u0131 taraf\u0131ndan tan\u0131nmas\u0131, y\u00fck takma i\u015finin uygulamas\u0131n\u0131n yap\u0131lmas\u0131. Sapanlamadan (y\u00fck\u00fcn 9 sapanlanmas\u0131nda) \u00f6nceki ve sonraki hesaplamalar, a\u00e7\u0131 \u00f6zelliklerinin yap\u0131lmas\u0131, halatlar\u0131n kald\u0131rma \u00f6zelliklerinin ve hesaplamalar\u0131n\u0131n yap\u0131lmas\u0131, \u00f6l\u00e7\u00fcm de\u011ferlerine g\u00f6re y\u00fck\u00fcn ba\u011flanmas\u0131.<br \/>\ne. Halatlar ve halat \u00e7e\u015fitleri; halatlar\u0131n hasarlar\u0131n\u0131n tespiti ve halatlar\u0131n y\u00fcke ba\u011flanmas\u0131<br \/>\nf. Y\u00fck ve sapan\u0131n y\u00fcke ba\u011flan\u0131m i\u015flemlerin yap\u0131lmas\u0131.<br \/>\ng. Kancalar; \u00c7e\u015fitleri, kontrol\u00fc<\/p>\n<p><strong>Uygulamalar<\/strong><\/p>\n<p>1. Uygulama e\u011fitimi 4 saatlik teori e\u011fitiminin ard\u0131ndan bilgilerin peki\u015fmesi, i\u015faret\u00e7inin operat\u00f6r ile ayni dili konu\u015fmalar\u0131 hata ve kaza olas\u0131l\u0131\u011f\u0131n\u0131 s\u0131f\u0131ra indirmek ad\u0131na son derece \u00f6nemlidir.<br \/>\n2. E\u011fitim verilen kurumundan bir vin\u00e7 farkl\u0131 nitelikte y\u00fckler ve yine farkl\u0131 \u00e7e\u015fitte sapanlar istenerek y\u00fck \u00e7e\u015fidine g\u00f6re ve tonaja uygun sapan secimi bunun akabinde y\u00fck\u00fc ba\u011flama teknikleri bire-bir i\u015f\u00e7ilere yapt\u0131r\u0131larak \u00f6\u011fretilecektir. Tim verilir.\u201d \u015feklinde emretmektedir.<br \/>\n3. S\u00f6z konusu y\u00fck uygun sapan ve uygun ba\u011flama y\u00f6ntemi ile ba\u011fland\u0131ktan sonra i\u015faret\u00e7ilerin her birine y\u00fck ile ilgili e\u011fitici taraf\u0131ndan belirlenen operasyonlar\u0131n\u0131 hatas\u0131z olarak ger\u00e7ekle\u015ftirmeleri istenmektedir.<br \/>\n4. Bu kald\u0131rma operasyonu esnas\u0131nda \u00e7al\u0131\u015fanlar\u0131n ger\u00e7ek hayatta kar\u015f\u0131la\u015fabilecekleri d\u0131\u015fsal fakt\u00f6rler senaryoya dahil edilerek \u00e7al\u0131\u015fanlar\u0131n bu operasyon esnas\u0131nda i\u015f g\u00fcvenli\u011fi kurallar\u0131na riayet edip etmedikleri test edilmektedir.<br \/>\n5. Hem teori hem de pratikten \u00e7al\u0131\u015fanlar s\u0131nava tabi tutulacak 70 ve \u00fczeri alanlara ba\u015far\u0131 sertifikas\u0131 70 ve alt\u0131 alanlara kat\u0131l\u0131m sertifikas\u0131 verilmektedir.<\/p>\n<p><strong>Sertifikaland\u0131rma<\/strong><br \/>\nE\u011fitime kat\u0131lan \u00e7al\u0131\u015fanlara, \u00c7al\u0131\u015fanlar\u0131n \u0130\u015f Sa\u011fl\u0131\u011f\u0131 ve G\u00fcvenli\u011fi E\u011fitimlerinin Usul ve Esaslar\u0131 Hakk\u0131nda Y\u00f6netmeli\u011fin 15 inci maddesine uygun olarak, E\u011fitim Kat\u0131l\u0131m Belgesi d\u00fczenlenmektedir.<\/p>\n<\/div><\/section><\/div>\n","protected":false},"excerpt":{"rendered":"","protected":false},"author":1,"featured_media":0,"parent":6897,"menu_order":0,"comment_status":"closed","ping_status":"closed","template":"","meta":{"footnotes":""},"_links":{"self":[{"href":"https:\/\/northakademi.com\/tr\/wp-json\/wp\/v2\/pages\/6923"}],"collection":[{"href":"https:\/\/northakademi.com\/tr\/wp-json\/wp\/v2\/pages"}],"about":[{"href":"https:\/\/northakademi.com\/tr\/wp-json\/wp\/v2\/types\/page"}],"author":[{"embeddable":true,"href":"https:\/\/northakademi.com\/tr\/wp-json\/wp\/v2\/users\/1"}],"replies":[{"embeddable":true,"href":"https:\/\/northakademi.com\/tr\/wp-json\/wp\/v2\/comments?post=6923"}],"version-history":[{"count":3,"href":"https:\/\/northakademi.com\/tr\/wp-json\/wp\/v2\/pages\/6923\/revisions"}],"predecessor-version":[{"id":6985,"href":"https:\/\/northakademi.com\/tr\/wp-json\/wp\/v2\/pages\/6923\/revisions\/6985"}],"up":[{"embeddable":true,"href":"https:\/\/northakademi.com\/tr\/wp-json\/wp\/v2\/pages\/6897"}],"wp:attachment":[{"href":"https:\/\/northakademi.com\/tr\/wp-json\/wp\/v2\/media?parent=6923"}],"curies":[{"name":"wp","href":"https:\/\/api.w.org\/{rel}","templated":true}]}}