{"id":6921,"date":"2019-12-24T12:20:03","date_gmt":"2019-12-24T09:20:03","guid":{"rendered":"https:\/\/northakademi.com\/tr\/?page_id=6921"},"modified":"2019-12-24T13:46:05","modified_gmt":"2019-12-24T10:46:05","slug":"kalite-yonetim-sistemi-egitimi","status":"publish","type":"page","link":"https:\/\/northakademi.com\/tr\/egitimler\/kalite-yonetim-sistemi-egitimi\/","title":{"rendered":"Kalite Y\u00f6netim Sistemi E\u011fitimi"},"content":{"rendered":"<\/div><\/div><\/div><!-- close content main div --><\/div><\/div><div id='av_section_1' class='avia-section main_color avia-section-default avia-no-shadow avia-bg-style-scroll   av-minimum-height av-minimum-height-custom container_wrap sidebar_right' style = 'background-repeat: no-repeat; background-image: url(https:\/\/northakademi.com\/tr\/wp-content\/uploads\/2019\/12\/slide-north-akademi-siyah-lacivert.jpg); background-attachment: scroll; background-position: top left; ' data-section-bg-repeat='no-repeat' ><div class='container' style='height:150px'><div class='template-page content  av-content-small alpha units'><div class='post-entry post-entry-type-page post-entry-6921'><div class='entry-content-wrapper clearfix'>\n<div style='padding-bottom:10px;color:#ffffff;' class='av-special-heading av-special-heading-h3 custom-color-heading   '><h3 class='av-special-heading-tag '  itemprop=\"headline\"  >Kalite Y\u00f6netim Sistemi E\u011fitimi<\/h3><div class='special-heading-border'><div class='special-heading-inner-border' style='border-color:#ffffff'><\/div><\/div><\/div>\n<\/div><\/div><\/div><!-- close content main div --><\/div><\/div><div id='after_section_1' class='main_color av_default_container_wrap container_wrap sidebar_right'   ><div class='container' ><div class='template-page content  av-content-small alpha units'><div class='post-entry post-entry-type-page post-entry-6921'><div class='entry-content-wrapper clearfix'><div class='avia-image-container  av-styling-    avia-align-center '  itemprop=\"ImageObject\" itemscope=\"itemscope\" itemtype=\"https:\/\/schema.org\/ImageObject\"  ><div class='avia-image-container-inner'><img class='avia_image ' src='https:\/\/northakademi.com\/tr\/wp-content\/uploads\/2019\/12\/north-akademi-egitim-0124.jpg' alt='' title=''   itemprop=\"thumbnailUrl\"  \/><\/div><\/div><\/p>\n<div class=\"flex_column av_one_full  flex_column_div av-zero-column-padding first  \" style='border-radius:0px; '><section class=\"av_textblock_section \"  itemscope=\"itemscope\" itemtype=\"https:\/\/schema.org\/CreativeWork\" ><div class='avia_textblock  '   itemprop=\"text\" ><p>Kalite \u2013 Y\u00f6netim<\/p>\n<p><strong>Kalite Sistemleri Kurulum Dan\u0131\u015fmanl\u0131\u011f\u0131 ;<\/strong><\/p>\n<p>\u2022 IATF 16949:2016 \u2013 Otomotiv Kalite Y\u00f6netim Sistemi<br \/>\n\u2022 ISO 9001:2015 \u2013 Kalite Y\u00f6netim Sistemi<br \/>\n\u2022 ISO 14001:2016 \u2013 \u00c7evre Y\u00f6netim Sistemi<br \/>\n\u2022 ISO 45001:2018 \u2013 \u0130\u015f Sa\u011fl\u0131\u011f\u0131 Ve G\u00fcvenli\u011fi Y\u00f6netim Sistemi ( Yeni OHSAS 18001 )<br \/>\nBu gibi konularda sitemi kurma ve geli\u015ftirme \u00e7al\u0131\u015fmalar\u0131nda \u00e7\u00f6z\u00fcm merkeziyiz.<\/p>\n<p><strong>E\u011fitimler :<\/strong><\/p>\n<p>\u2022 S\u00fcre\u00e7 Y\u00f6netimi<br \/>\n\u2022 Stratejik Y\u00f6netim &amp; Planlama<br \/>\n\u2022 Kaizen ve Yal\u0131nl\u0131k<br \/>\n\u2022 Kalitesizlik Maliyetleri<br \/>\n\u2022 IS0 9001 : 2015 Kalite Y\u00f6netim Sistemi<br \/>\n\u2022 TS 16949 : 2016 Kalite Y\u00f6netim Sistemi<br \/>\n\u2022 ISO 45001:2018 \u0130\u015f Sa\u011fl\u0131\u011f\u0131 ve \u0130\u015f G\u00fcvenli\u011fi<br \/>\n\u2022 Ergonomi<br \/>\n\u2022 Geometrik \u00d6l\u00e7\u00fclendirme ve Toleransland\u0131rma<br \/>\n\u2022 ANPQP \u2013 \u0130leri \u00dcr\u00fcn Kalite Planlama ( Renault )<br \/>\n\u2022 APQP \u2013 \u0130leri \u00dcr\u00fcn Kalite Planlama<br \/>\n\u2022 DFMEA \u2013 Tasar\u0131m \u2013 Hata T\u00fcr\u00fc Etki Analizi<br \/>\n\u2022 PFMEA \u2013 Proses \u2013 Hata T\u00fcr\u00fc Etki Analizi<br \/>\n\u2022 MSA \u2013 \u00d6l\u00e7\u00fcm sistemleri Analizi<br \/>\n\u2022 PPAP \u2013 \u00dcretim Par\u00e7as\u0131 Onay ProsesiSPC -\u0130statistiksel Proses Kontrol<\/p>\n<p><strong>S\u00fcre\u00e7 Y\u00f6netimi Dan\u0131\u015fmanl\u0131k \u0130\u00e7eri\u011fi<\/strong><\/p>\n<p>\u2022 S\u00fcre\u00e7 S\u0131ralamas\u0131n\u0131n Sipari\u015f \u2013 Talep Y\u00f6netimi ve \/ veya M\u00fc\u015fteri \u0130le \u0130li\u015fki Durumuna G\u00f6re Yap\u0131lmas\u0131<br \/>\n\u2022 S\u00fcre\u00e7 Haritas\u0131n\u0131n Olu\u015fturulmas\u0131<br \/>\n\u2022 S\u00fcre\u00e7 Y\u00f6netiminin G\u00f6zden Ge\u00e7irilmesi &amp; Olu\u015fturulmas\u0131<br \/>\n\u2022 Ortak Hedeflerin Takip \u2013 De\u011ferlendirme \u2013 Geli\u015ftirme Y\u00f6netimi<br \/>\n\u2022 T\u00fcm B\u00f6l\u00fcm S\u00fcre\u00e7lerinin Olu\u015fturulmas\u0131<br \/>\n\u2022 S\u00fcre\u00e7 Sahiplerinin Yetkinlik ve G\u00f6rev Tan\u0131mlar\u0131n\u0131n G\u00f6zden Ge\u00e7irilmesi<br \/>\n\u2022 G\u00f6rev Tan\u0131mlar\u0131n\u0131n G\u00f6zden Ge\u00e7irilmesi &amp; Olu\u015fturulmas\u0131<br \/>\n\u2022 Organizasyon Yap\u0131s\u0131n\u0131n G\u00f6zden Ge\u00e7irilmesi ve geli\u015ftirilmesi<br \/>\n\u2022 \u0130\u015f Talimatlar\u0131n\u0131n G\u00f6zden Ge\u00e7irilmesi &amp; Olu\u015fturulmas\u0131<br \/>\n\u2022 Prosed\u00fcrlerin G\u00f6zden Ge\u00e7irilmesi &amp; Olu\u015fturulmas\u0131<br \/>\n\u2022 Organizasyon Yap\u0131s\u0131n\u0131n G\u00f6zden Ge\u00e7irilmesi ve geli\u015ftirilmesi<br \/>\n\u2022 \u0130\u015f Plan\u0131n\u0131n G\u00f6zden Ge\u00e7irilmesi &amp; Olu\u015fturulmas\u0131<br \/>\n\u2022 Stratejik \u0130\u015f Plan\u0131n\u0131n G\u00f6zden Ge\u00e7irilmesi &amp; Olu\u015fturulmas\u0131<\/p>\n<\/div><\/section><\/div>\n","protected":false},"excerpt":{"rendered":"","protected":false},"author":1,"featured_media":0,"parent":6897,"menu_order":0,"comment_status":"closed","ping_status":"closed","template":"","meta":{"footnotes":""},"_links":{"self":[{"href":"https:\/\/northakademi.com\/tr\/wp-json\/wp\/v2\/pages\/6921"}],"collection":[{"href":"https:\/\/northakademi.com\/tr\/wp-json\/wp\/v2\/pages"}],"about":[{"href":"https:\/\/northakademi.com\/tr\/wp-json\/wp\/v2\/types\/page"}],"author":[{"embeddable":true,"href":"https:\/\/northakademi.com\/tr\/wp-json\/wp\/v2\/users\/1"}],"replies":[{"embeddable":true,"href":"https:\/\/northakademi.com\/tr\/wp-json\/wp\/v2\/comments?post=6921"}],"version-history":[{"count":2,"href":"https:\/\/northakademi.com\/tr\/wp-json\/wp\/v2\/pages\/6921\/revisions"}],"predecessor-version":[{"id":6983,"href":"https:\/\/northakademi.com\/tr\/wp-json\/wp\/v2\/pages\/6921\/revisions\/6983"}],"up":[{"embeddable":true,"href":"https:\/\/northakademi.com\/tr\/wp-json\/wp\/v2\/pages\/6897"}],"wp:attachment":[{"href":"https:\/\/northakademi.com\/tr\/wp-json\/wp\/v2\/media?parent=6921"}],"curies":[{"name":"wp","href":"https:\/\/api.w.org\/{rel}","templated":true}]}}