{"id":6919,"date":"2019-12-24T12:19:48","date_gmt":"2019-12-24T09:19:48","guid":{"rendered":"https:\/\/northakademi.com\/tr\/?page_id=6919"},"modified":"2019-12-24T13:44:24","modified_gmt":"2019-12-24T10:44:24","slug":"iskele-guvenligi-egitimi","status":"publish","type":"page","link":"https:\/\/northakademi.com\/tr\/egitimler\/iskele-guvenligi-egitimi\/","title":{"rendered":"\u0130skele G\u00fcvenli\u011fi E\u011fitimi"},"content":{"rendered":"<\/div><\/div><\/div><!-- close content main div --><\/div><\/div><div id='av_section_1' class='avia-section main_color avia-section-default avia-no-shadow avia-bg-style-scroll   av-minimum-height av-minimum-height-custom container_wrap sidebar_right' style = 'background-repeat: no-repeat; background-image: url(https:\/\/northakademi.com\/tr\/wp-content\/uploads\/2019\/12\/slide-north-akademi-siyah-lacivert.jpg); background-attachment: scroll; background-position: top left; ' data-section-bg-repeat='no-repeat' ><div class='container' style='height:150px'><div class='template-page content  av-content-small alpha units'><div class='post-entry post-entry-type-page post-entry-6919'><div class='entry-content-wrapper clearfix'>\n<div style='padding-bottom:10px;color:#ffffff;' class='av-special-heading av-special-heading-h3 custom-color-heading   '><h3 class='av-special-heading-tag '  itemprop=\"headline\"  >\u0130skele G\u00fcvenli\u011fi E\u011fitimi<\/h3><div class='special-heading-border'><div class='special-heading-inner-border' style='border-color:#ffffff'><\/div><\/div><\/div>\n<\/div><\/div><\/div><!-- close content main div --><\/div><\/div><div id='after_section_1' class='main_color av_default_container_wrap container_wrap sidebar_right'   ><div class='container' ><div class='template-page content  av-content-small alpha units'><div class='post-entry post-entry-type-page post-entry-6919'><div class='entry-content-wrapper clearfix'><div class='avia-image-container  av-styling-    avia-align-center '  itemprop=\"ImageObject\" itemscope=\"itemscope\" itemtype=\"https:\/\/schema.org\/ImageObject\"  ><div class='avia-image-container-inner'><img class='avia_image ' src='https:\/\/northakademi.com\/tr\/wp-content\/uploads\/2019\/12\/north-akademi-egitim-0124.jpg' alt='' title=''   itemprop=\"thumbnailUrl\"  \/><\/div><\/div><\/p>\n<div class=\"flex_column av_one_full  flex_column_div av-zero-column-padding first  \" style='border-radius:0px; '><section class=\"av_textblock_section \"  itemscope=\"itemscope\" itemtype=\"https:\/\/schema.org\/CreativeWork\" ><div class='avia_textblock  '   itemprop=\"text\" ><p><strong>\u0130skele G\u00fcvenli\u011fi ve G\u00fcvenli \u0130skele Kurulumu E\u011fitiminin Amac\u0131 :<\/strong><\/p>\n<p>\u0130n\u015faat ve sanayi gibi iskele kullan\u0131m\u0131 gerektiren sekt\u00f6rlerde, gerek \u00e7al\u0131\u015fan gerekse i\u015f g\u00fcvenli\u011fi denetleme g\u00f6revinde olan t\u00fcm personele; iskele kurulumu, iskele s\u00f6k\u00fcm\u00fc ve iskeleler \u00fczerinde g\u00fcvenli \u00e7al\u0131\u015fmay\u0131 \u00f6\u011fretme amac\u0131yla verilen e\u011fitimdir. \u0130skele g\u00fcvenli\u011fi ve G\u00fcvenli iskele kurma s\u00f6kme e\u011fitimin ana hedefi, kat\u0131l\u0131mc\u0131lar\u0131 iskele elemanlar\u0131n\u0131 tan\u0131ma, standart iskeleleri ay\u0131rt edebilme, iskele kontrol kriterlerini bilme konusunda e\u011fitmek; onlara i\u015f sa\u011fl\u0131\u011f\u0131 ve g\u00fcvenli\u011fini g\u00f6z \u00f6n\u00fcne alarak iskele kurma ve s\u00f6kme beceresi kazand\u0131rmakt\u0131r.<\/p>\n<p><strong>G\u00fcvenli \u0130skele Kurulumu E\u011fitimin Kapsam\u0131<\/strong><\/p>\n<p>Alan\u0131nda g\u00f6rev yapan ve i\u015fi gere\u011fi iskele kurulumu yapacak veya iskelede \u00e7al\u0131\u015fmay\u0131 denetleyecek personele y\u00f6nelik \u00f6zel bir e\u011fitim programd\u0131r. \u0130skele kurulmas\u0131 s\u0131ras\u0131nda do\u011fabilecek olan risklerin \u00f6nlenmesi amac\u0131yla b\u00fct\u00fcn uygulamalar alan\u0131na \u00f6zg\u00fc emniyet gereksinimlerine g\u00f6re d\u00fczenlenmi\u015ftir. Teorik ve pratik e\u011fitim i\u00e7 i\u00e7e verilir. E\u011fitimin bizzat \u00e7al\u0131\u015f\u0131lacak i\u015f yerinde verilmesi etkinli\u011fini artt\u0131rmaktad\u0131r. Ger\u00e7ekle\u015ftirilecek teorik ve pratik e\u011fitim sonunda kat\u0131l\u0131mc\u0131lar\u0131n g\u00fcvenli bir \u015fekilde iskele kurmak ve s\u00f6kmek, iskelelerde g\u00fcvenli \u00e7al\u0131\u015fmak, iskele ve kullan\u0131m\u0131ndan kaynaklanan tehlikeler ile ilgili teorik bilgileri kazanmas\u0131, iskelelerin denetlenmesi, sahada ki \u00f6rnek \u00e7al\u0131\u015fmalarla bu bilgilerin prati\u011fe aktar\u0131lmas\u0131 konusunda bilgi ve deneyim kazanmas\u0131 sa\u011flanmaktad\u0131r.<\/p>\n<p><strong>Sertifikaland\u0131rma<\/strong><\/p>\n<p>\u0130\u015f G\u00fcvenli\u011fi uzman\u0131m\u0131z ve GWO e\u011fitmeniz veya Da\u011fc\u0131l\u0131k federasyonu e\u011fitimine sahip e\u011fitmenlerimiz g\u00f6zetiminde yap\u0131lan s\u0131navda ba\u015far\u0131l\u0131 olan kat\u0131l\u0131mc\u0131lar; \u201c\u0130skele G\u00fcvenli\u011fi ve G\u00fcvenli \u0130skele Kurulumu E\u011fitimi\u201d ba\u015far\u0131 sertifikas\u0131 ile belgelendirilir.<\/p>\n<\/div><\/section><\/div>\n","protected":false},"excerpt":{"rendered":"","protected":false},"author":1,"featured_media":0,"parent":6897,"menu_order":0,"comment_status":"closed","ping_status":"closed","template":"","meta":{"footnotes":""},"_links":{"self":[{"href":"https:\/\/northakademi.com\/tr\/wp-json\/wp\/v2\/pages\/6919"}],"collection":[{"href":"https:\/\/northakademi.com\/tr\/wp-json\/wp\/v2\/pages"}],"about":[{"href":"https:\/\/northakademi.com\/tr\/wp-json\/wp\/v2\/types\/page"}],"author":[{"embeddable":true,"href":"https:\/\/northakademi.com\/tr\/wp-json\/wp\/v2\/users\/1"}],"replies":[{"embeddable":true,"href":"https:\/\/northakademi.com\/tr\/wp-json\/wp\/v2\/comments?post=6919"}],"version-history":[{"count":2,"href":"https:\/\/northakademi.com\/tr\/wp-json\/wp\/v2\/pages\/6919\/revisions"}],"predecessor-version":[{"id":6982,"href":"https:\/\/northakademi.com\/tr\/wp-json\/wp\/v2\/pages\/6919\/revisions\/6982"}],"up":[{"embeddable":true,"href":"https:\/\/northakademi.com\/tr\/wp-json\/wp\/v2\/pages\/6897"}],"wp:attachment":[{"href":"https:\/\/northakademi.com\/tr\/wp-json\/wp\/v2\/media?parent=6919"}],"curies":[{"name":"wp","href":"https:\/\/api.w.org\/{rel}","templated":true}]}}