{"id":6917,"date":"2019-12-24T12:19:21","date_gmt":"2019-12-24T09:19:21","guid":{"rendered":"https:\/\/northakademi.com\/tr\/?page_id=6917"},"modified":"2019-12-24T13:43:00","modified_gmt":"2019-12-24T10:43:00","slug":"acil-durum-kriz-yonetimi-egitici-egitmenligi","status":"publish","type":"page","link":"https:\/\/northakademi.com\/tr\/egitimler\/acil-durum-kriz-yonetimi-egitici-egitmenligi\/","title":{"rendered":"Acil Durum Kriz Y\u00f6netimi E\u011fitici E\u011fitmenli\u011fi"},"content":{"rendered":"<\/div><\/div><\/div><!-- close content main div --><\/div><\/div><div id='av_section_1' class='avia-section main_color avia-section-default avia-no-shadow avia-bg-style-scroll   av-minimum-height av-minimum-height-custom container_wrap sidebar_right' style = 'background-repeat: no-repeat; background-image: url(https:\/\/northakademi.com\/tr\/wp-content\/uploads\/2019\/12\/slide-north-akademi-siyah-lacivert.jpg); background-attachment: scroll; background-position: top left; ' data-section-bg-repeat='no-repeat' ><div class='container' style='height:150px'><div class='template-page content  av-content-small alpha units'><div class='post-entry post-entry-type-page post-entry-6917'><div class='entry-content-wrapper clearfix'>\n<div style='padding-bottom:10px;color:#ffffff;' class='av-special-heading av-special-heading-h3 custom-color-heading   '><h3 class='av-special-heading-tag '  itemprop=\"headline\"  >Acil Durum Kriz Y\u00f6netimi E\u011fitici E\u011fitmenli\u011fi<\/h3><div class='special-heading-border'><div class='special-heading-inner-border' style='border-color:#ffffff'><\/div><\/div><\/div>\n<\/div><\/div><\/div><!-- close content main div --><\/div><\/div><div id='after_section_1' class='main_color av_default_container_wrap container_wrap sidebar_right'   ><div class='container' ><div class='template-page content  av-content-small alpha units'><div class='post-entry post-entry-type-page post-entry-6917'><div class='entry-content-wrapper clearfix'><div class='avia-image-container  av-styling-    avia-align-center '  itemprop=\"ImageObject\" itemscope=\"itemscope\" itemtype=\"https:\/\/schema.org\/ImageObject\"  ><div class='avia-image-container-inner'><img class='avia_image ' src='https:\/\/northakademi.com\/tr\/wp-content\/uploads\/2019\/12\/north-akademi-egitim-0124.jpg' alt='' title=''   itemprop=\"thumbnailUrl\"  \/><\/div><\/div><\/p>\n<div class=\"flex_column av_one_full  flex_column_div av-zero-column-padding first  \" style='border-radius:0px; '><section class=\"av_textblock_section \"  itemscope=\"itemscope\" itemtype=\"https:\/\/schema.org\/CreativeWork\" ><div class='avia_textblock  '   itemprop=\"text\" ><p><strong>E\u011e\u0130T\u0130M\u0130N HEDEF K\u0130TLES\u0130:<\/strong><\/p>\n<p>a) En az \u00f6n lisans mezunu olup, \u00f6zel veya kamu kurulu\u015flar\u0131nda e\u011fitim b\u00f6l\u00fcmlerinde \u00e7al\u0131\u015fmak,<br \/>\nb) \u00dcniversitelerin \u00f6n lisans ( \u0130\u015f sa\u011fl\u0131\u011f\u0131 ve i\u015f g\u00fcvenli\u011fi, insan kaynaklar\u0131 vb.) programlar\u0131nda okuyan ya da mezun olanlar.<br \/>\nc) Ortak Sa\u011fl\u0131k G\u00fcvenlik Birimlerinde g\u00f6rev yapan A,B ve C sertifikas\u0131na sahip i\u015f g\u00fcvenli\u011fi uzmanlar\u0131<br \/>\nd) \u00d6zel E\u011fitim Merkezlerinde E\u011fitici olarak \u00e7al\u0131\u015fanlar,<br \/>\ne) \u0130SG Uzman Adaylar\u0131<br \/>\nf) Ba\u011f\u0131ms\u0131z veya kuruma ba\u011fl\u0131 e\u011fitim veren e\u011fiticiler,<br \/>\ng) E\u011fitimci olmak isteyen veya yeni meslek edinmek isteyen En az \u00dcniversite \u00d6n lisans Mezunlar\u0131<br \/>\nh) \u00d6zel Firmalarda veya Kamu Kurulu\u015flar\u0131nda g\u00f6rev yapan \u0130SG uzmanlar\u0131<br \/>\ni) Firmalarda G\u00f6revli G\u00fcvenlik M\u00fcd\u00fcrleri, \u015eefleri, Amirleri<br \/>\nj) Vardiya Amirleri, Fabrika M\u00fcd\u00fcrleri, \u0130\u015fletme Sorumlular\u0131<\/p>\n<p><strong>E\u011e\u0130T\u0130M\u0130N YASAL DAYANA\u011eI:<\/strong><\/p>\n<p>20.06.2012 tarihli 6331 say\u0131l\u0131 \u0130\u015f sa\u011fl\u0131\u011f\u0131 ve G\u00fcvenli\u011fi Kanunu<br \/>\n09.09.2009 tarihli g\u00fcn ve 27344 say\u0131l\u0131 binalar\u0131n yang\u0131ndan korunmas\u0131 hakk\u0131ndaki y\u00f6netmelik<br \/>\n18.06.2013 tarihli g\u00fcn ve 28681 say\u0131l\u0131 i\u015f yerlerinde acil durumlar hakk\u0131ndaki y\u00f6netmelik<br \/>\n11.09.2013 tarihli g\u00fcn ve 28762 say\u0131l\u0131 sa\u011fl\u0131k ve g\u00fcvenlik i\u015faretleri y\u00f6netmeli\u011fi<\/p>\n<p><strong>E\u011e\u0130T\u0130M\u0130N K\u0130\u015e\u0130YE KAZANDIRACAKLARI:<\/strong><\/p>\n<p>a) \u0130\u015f yerlerinde olu\u015fabilecek acil durumlarda, kriz masas\u0131n\u0131n kurulmas\u0131, y\u00f6netilmesi ve y\u00f6nlendirmesini bilir ve uygular.<br \/>\nb) 2013 tarihli i\u015fyerlerinde acil durumlar hakk\u0131nda y\u00f6netmelik gere\u011fi, haz\u0131rlanmas\u0131 gereken acil durum planlar\u0131n\u0131 haz\u0131rlar, kontrol ve revize edebilir.<br \/>\nc) \u0130\u015f yerlerinde Acil Durum Risk analizi yapabilir.<br \/>\nd) \u0130\u015f yerlerinde Acil Durum Plan\u0131 yapabilir.<br \/>\ne) 6331 say\u0131l\u0131 kanun ve 2009 tarihli binalar\u0131n yang\u0131n korunmas\u0131 hakk\u0131ndaki y\u00f6netmeli\u011fin 126. maddesine g\u00f6re, \u00f6zel i\u015fyerleri ve kamu kurulu\u015flar\u0131nda, olu\u015fturulmas\u0131 gereken acil durum ekiplerini olu\u015fturabilir, g\u00f6revlendirebilir.<br \/>\nf) 2009 tarihli binalar\u0131n yang\u0131ndan korunmas\u0131 hakk\u0131ndaki y\u00f6netmeli\u011fin 127. maddesinde belirtilen ve s\u00f6nd\u00fcrme ekibine, kurtarma ekibine, koruma ekibine, ilk yard\u0131m ekibine acil durum y\u00f6netimi ile bilgilendirme e\u011fitimi verir.<br \/>\ng) 2009 tarihli binalar\u0131n yang\u0131n korunmas\u0131 hakk\u0131ndaki y\u00f6netmeli\u011fin 127. maddesinde belirtilen acil durum ekiplerinin g\u00f6revini bilir.<br \/>\nh) 2013 tarihli \u0130\u015fyerlerinde acil durumlar hakk\u0131nda y\u00f6netmelik ve 2009 tarihli binalar\u0131n yang\u0131n korunmas\u0131 hakk\u0131ndaki y\u00f6netmeli\u011fin 129. maddesine g\u00f6re acil durum ve tahliye y\u00f6ntemlerini olu\u015fturur, tatbikatlar\u0131 yapt\u0131r\u0131r.<br \/>\ni) Acil durumlarda gece ve g\u00fcnd\u00fcz uygulamalar\u0131n\u0131 bilir.<br \/>\nj) 2013 tarihli sa\u011fl\u0131k ve g\u00fcvenlik i\u015faretleri y\u00f6netmelik gere\u011fi, i\u015f yerlerinde yap\u0131lmas\u0131 zorunlu olan sa\u011fl\u0131k ve g\u00fcvenlik i\u015faretleri konusunda bilgilendirme e\u011fitimi verebilir.<br \/>\nk) 2013 tarihli i\u015fyerlerinde acil durumlar hakk\u0131nda y\u00f6netmelik gere\u011fi y\u0131lda en az bir defa yapt\u0131r\u0131lmas\u0131 gereken tatbikat\u0131 denetler, g\u00f6zden ge\u00e7irir, d\u00fczenleyici ve \u00f6nleyici faaliyetleri alarak tatbikat raporu d\u00fczenler.<br \/>\nl) 6331 say\u0131l\u0131 kanunda, 2009 tarihli binalar\u0131n yang\u0131nlardan korunmas\u0131 hakk\u0131ndaki y\u00f6netmelikte, 2013 tarihli i\u015fyerlerinde acil durumlar hakk\u0131nda y\u00f6netmelikte ge\u00e7en e\u011fitimleri verdikten sonra e\u011fitime kat\u0131lanlara KATILIM BELGES\u0130 verebilir.<\/p>\n<p><strong>E\u011e\u0130T\u0130M S\u00dcREC\u0130<\/strong><br \/>\na) E\u011fitim yoklamas\u0131na, kat\u0131l\u0131mc\u0131lar ad\u0131n\u0131, soyad\u0131n\u0131 ve TC kimlik numaralar\u0131n\u0131 yazarak imza atacaklard\u0131r.<br \/>\nb) E\u011fitim yoklamalar\u0131na, e\u011fitim koordinat\u00f6r\u00fc de imza atacakt\u0131r.<br \/>\nc) E\u011fitmen, kat\u0131l\u0131mc\u0131lar\u0131n bilgi seviyesini \u00f6l\u00e7mek i\u00e7in 20 sorudan olu\u015fan \u00f6n testi yapacakt\u0131r. E\u011fitim sonunda sertifika s\u0131nav\u0131n\u0131n ge\u00e7me notu 100 \u00fczerinden 70 (yetmi\u015f) tir.<br \/>\nd) E\u011fitim bittikten sonra kat\u0131l\u0131mc\u0131lara, e\u011fitmen taraf\u0131ndan e\u011fitim de\u011ferlendirme formu ve son sertifika testi da\u011f\u0131t\u0131larak doldurmalar\u0131 sa\u011flanacakt\u0131r.<br \/>\ne) Olumsuz hava ko\u015fullar\u0131, vardiya de\u011fi\u015fikli\u011fi, kursiyerlerin bilgi ve tecr\u00fcbe ko\u015fullar\u0131 gibi nedenlerden dolay\u0131, e\u011fitimin saat ve i\u00e7eri\u011fini de\u011fi\u015ftirme tasarrufu e\u011fitmenlere aittir.<br \/>\nf) Sertifikalar, \u00dcniversite M\u00fcd\u00fcr\u00fc ve Rekt\u00f6r\u00fc imzal\u0131 d\u00fczenlenecektir.<\/p>\n<p><strong>E\u011e\u0130T\u0130M YER\u0130 ve TAR\u0130H\u0130:<\/strong><\/p>\n<p>a) 4 g\u00fcn uzaktan bir g\u00fcn uygulamal\u0131 yap\u0131lacak bu e\u011fitimde, belli bir bilgi ve olgunlu\u011fa sahip ki\u015filerin, zaman ve i\u015f g\u00fcc\u00fc kay\u0131plar\u0131n\u0131 \u00f6nlemek, e\u011fitim \u00fccreti maliyetlerini en aza indirmek hedeflenmi\u015ftir.<br \/>\nb) Uzaktan e\u011fitime dair ders notlar\u0131na eri\u015filebilmesi i\u00e7in sizlere \u00f6zel \u015fifre belirlenecek ve sistem \u00fczerinden ula\u015f\u0131m\u0131n\u0131z sa\u011flanacakt\u0131r.<br \/>\nc) Uygulama e\u011fitimleri 09.30\u2019da ba\u015flayacak olup, belirlenen \u015fehir ve otelde d\u00fczenlenmektedir.<\/p>\n<\/div><\/section><\/div>\n","protected":false},"excerpt":{"rendered":"","protected":false},"author":1,"featured_media":0,"parent":6897,"menu_order":0,"comment_status":"closed","ping_status":"closed","template":"","meta":{"footnotes":""},"_links":{"self":[{"href":"https:\/\/northakademi.com\/tr\/wp-json\/wp\/v2\/pages\/6917"}],"collection":[{"href":"https:\/\/northakademi.com\/tr\/wp-json\/wp\/v2\/pages"}],"about":[{"href":"https:\/\/northakademi.com\/tr\/wp-json\/wp\/v2\/types\/page"}],"author":[{"embeddable":true,"href":"https:\/\/northakademi.com\/tr\/wp-json\/wp\/v2\/users\/1"}],"replies":[{"embeddable":true,"href":"https:\/\/northakademi.com\/tr\/wp-json\/wp\/v2\/comments?post=6917"}],"version-history":[{"count":2,"href":"https:\/\/northakademi.com\/tr\/wp-json\/wp\/v2\/pages\/6917\/revisions"}],"predecessor-version":[{"id":6981,"href":"https:\/\/northakademi.com\/tr\/wp-json\/wp\/v2\/pages\/6917\/revisions\/6981"}],"up":[{"embeddable":true,"href":"https:\/\/northakademi.com\/tr\/wp-json\/wp\/v2\/pages\/6897"}],"wp:attachment":[{"href":"https:\/\/northakademi.com\/tr\/wp-json\/wp\/v2\/media?parent=6917"}],"curies":[{"name":"wp","href":"https:\/\/api.w.org\/{rel}","templated":true}]}}