{"id":6915,"date":"2019-12-24T12:19:05","date_gmt":"2019-12-24T09:19:05","guid":{"rendered":"https:\/\/northakademi.com\/tr\/?page_id=6915"},"modified":"2019-12-24T13:40:04","modified_gmt":"2019-12-24T10:40:04","slug":"is-sagligi-ve-guvenligi-egitimi","status":"publish","type":"page","link":"https:\/\/northakademi.com\/tr\/egitimler\/is-sagligi-ve-guvenligi-egitimi\/","title":{"rendered":"\u0130\u015f Sa\u011fl\u0131\u011f\u0131 ve G\u00fcvenli\u011fi E\u011fitimi"},"content":{"rendered":"<\/div><\/div><\/div><!-- close content main div --><\/div><\/div><div id='av_section_1' class='avia-section main_color avia-section-default avia-no-shadow avia-bg-style-scroll   av-minimum-height av-minimum-height-custom container_wrap sidebar_right' style = 'background-repeat: no-repeat; background-image: url(https:\/\/northakademi.com\/tr\/wp-content\/uploads\/2019\/12\/slide-north-akademi-siyah-lacivert.jpg); background-attachment: scroll; background-position: top left; ' data-section-bg-repeat='no-repeat' ><div class='container' style='height:150px'><div class='template-page content  av-content-small alpha units'><div class='post-entry post-entry-type-page post-entry-6915'><div class='entry-content-wrapper clearfix'>\n<div style='padding-bottom:10px;color:#ffffff;' class='av-special-heading av-special-heading-h3 custom-color-heading   '><h3 class='av-special-heading-tag '  itemprop=\"headline\"  >\u0130\u015f Sa\u011fl\u0131\u011f\u0131 ve G\u00fcvenli\u011fi E\u011fitimi<\/h3><div class='special-heading-border'><div class='special-heading-inner-border' style='border-color:#ffffff'><\/div><\/div><\/div>\n<\/div><\/div><\/div><!-- close content main div --><\/div><\/div><div id='after_section_1' class='main_color av_default_container_wrap container_wrap sidebar_right'   ><div class='container' ><div class='template-page content  av-content-small alpha units'><div class='post-entry post-entry-type-page post-entry-6915'><div class='entry-content-wrapper clearfix'><div class='avia-image-container  av-styling-    avia-align-center '  itemprop=\"ImageObject\" itemscope=\"itemscope\" itemtype=\"https:\/\/schema.org\/ImageObject\"  ><div class='avia-image-container-inner'><img class='avia_image ' src='https:\/\/northakademi.com\/tr\/wp-content\/uploads\/2019\/12\/north-akademi-egitim-0124.jpg' alt='' title=''   itemprop=\"thumbnailUrl\"  \/><\/div><\/div><\/p>\n<div class=\"flex_column av_one_full  flex_column_div av-zero-column-padding first  \" style='border-radius:0px; '><section class=\"av_textblock_section \"  itemscope=\"itemscope\" itemtype=\"https:\/\/schema.org\/CreativeWork\" ><div class='avia_textblock  '   itemprop=\"text\" ><p>\u0130\u015f Sa\u011fl\u0131\u011f\u0131 ve G\u00fcvenli\u011fi Kanunu&#8217;na g\u00f6re i\u015fverenler, i\u015fyeri tehlike s\u0131n\u0131f\u0131na g\u00f6re belirlenen s\u00fcre ve saatlerde t\u00fcm \u00e7al\u0131\u015fanlar\u0131na temel i\u015f sa\u011fl\u0131\u011f\u0131 ve g\u00fcvenli\u011fi e\u011fitimi ald\u0131rmak, e\u011fitimi belgelendirmek ve bu belgeleri ar\u015fivlemekle y\u00fck\u00fcml\u00fcd\u00fcrler.<\/p>\n<p><strong>Tehlike s\u0131n\u0131f\u0131na g\u00f6re e\u011fitim al\u0131nmas\u0131 gereken s\u00fcre ve say\u0131 a\u015fa\u011f\u0131daki gibidir:<\/strong><\/p>\n<p>\u2022 Az tehlikeli s\u0131n\u0131fta t\u00fcm \u00e7al\u0131\u015fanlar\u0131n 3 y\u0131lda 1 defa en az 8 saat;<br \/>\n\u2022 Tehlikeli s\u0131n\u0131fta t\u00fcm \u00e7al\u0131\u015fanlar\u0131n 2 y\u0131lda 1 defa en az 12 saat;<br \/>\n\u2022 \u00c7ok tehlikeli s\u0131n\u0131fta t\u00fcm \u00e7al\u0131\u015fanlar\u0131n y\u0131lda 1 defa en az 16 saat<\/p>\n<p>E\u011fitimin amac\u0131, i\u015fyerlerinde sa\u011fl\u0131kl\u0131 ve g\u00fcvenli bir ortam\u0131 temin etmek, i\u015f kazalar\u0131n\u0131 ve meslek hastal\u0131klar\u0131n\u0131 azaltmak, \u00e7al\u0131\u015fanlar\u0131 yasal hak ve sorumluluklar\u0131 konusunda bilgilendirmek, onlar\u0131n kar\u015f\u0131 kar\u015f\u0131ya bulunduklar\u0131 mesleki riskler ile bu risklere kar\u015f\u0131 al\u0131nmas\u0131 gerekli tedbirleri \u00f6\u011fretmek ve i\u015f sa\u011fl\u0131\u011f\u0131 ve g\u00fcvenli\u011fi bilinci olu\u015fturarak uygun davran\u0131\u015f kazand\u0131rmakt\u0131r.<br \/>\nKimler kat\u0131labilir ?<\/p>\n<p>\u0130lgili yasaya g\u00f6re; kendi nam ve hesab\u0131na en az 1 i\u015f\u00e7i \u00e7al\u0131\u015ft\u0131ran t\u00fcm i\u015fverenler ve kamu kurum ve kurulu\u015flar\u0131ndaki t\u00fcm y\u00f6neticiler, \u00e7al\u0131\u015fanlar\u0131na tehlike s\u0131n\u0131f\u0131na g\u00f6re belirlenmi\u015f s\u00fcrelerde temel i\u015f sa\u011fl\u0131\u011f\u0131 g\u00fcvenli\u011fi e\u011fitimi ald\u0131rmak ve bu e\u011fitimleri belgelendirmekle y\u00fck\u00fcml\u00fcd\u00fcr.<\/p>\n<p><strong>S\u0131nav \/ Sertifikasyon<\/strong><br \/>\nTemel i\u015f sa\u011fl\u0131\u011f\u0131 g\u00fcvenli\u011fi e\u011fitiminde, e\u011fitim \u00f6ncesi yap\u0131lan \u00f6n test ile \u00e7al\u0131\u015fan\u0131n mevcut bilgisi \u00f6l\u00e7\u00fcld\u00fckten sonra, e\u011fitim sonras\u0131 yap\u0131lan son test ile de e\u011fitimin etkilili\u011fi \u00f6l\u00e7\u00fcl\u00fcr. Ayn\u0131 zamanda yasan\u0131n zorunlu k\u0131ld\u0131\u011f\u0131 \u00f6l\u00e7me de\u011ferlendirme ko\u015fulu sa\u011flanarak e\u011fitim kay\u0131t alt\u0131na al\u0131nm\u0131\u015f olur.<\/p>\n<\/div><\/section><\/div>\n","protected":false},"excerpt":{"rendered":"","protected":false},"author":1,"featured_media":0,"parent":6897,"menu_order":0,"comment_status":"closed","ping_status":"closed","template":"","meta":{"footnotes":""},"_links":{"self":[{"href":"https:\/\/northakademi.com\/tr\/wp-json\/wp\/v2\/pages\/6915"}],"collection":[{"href":"https:\/\/northakademi.com\/tr\/wp-json\/wp\/v2\/pages"}],"about":[{"href":"https:\/\/northakademi.com\/tr\/wp-json\/wp\/v2\/types\/page"}],"author":[{"embeddable":true,"href":"https:\/\/northakademi.com\/tr\/wp-json\/wp\/v2\/users\/1"}],"replies":[{"embeddable":true,"href":"https:\/\/northakademi.com\/tr\/wp-json\/wp\/v2\/comments?post=6915"}],"version-history":[{"count":2,"href":"https:\/\/northakademi.com\/tr\/wp-json\/wp\/v2\/pages\/6915\/revisions"}],"predecessor-version":[{"id":6980,"href":"https:\/\/northakademi.com\/tr\/wp-json\/wp\/v2\/pages\/6915\/revisions\/6980"}],"up":[{"embeddable":true,"href":"https:\/\/northakademi.com\/tr\/wp-json\/wp\/v2\/pages\/6897"}],"wp:attachment":[{"href":"https:\/\/northakademi.com\/tr\/wp-json\/wp\/v2\/media?parent=6915"}],"curies":[{"name":"wp","href":"https:\/\/api.w.org\/{rel}","templated":true}]}}