{"id":6913,"date":"2019-12-24T12:18:48","date_gmt":"2019-12-24T09:18:48","guid":{"rendered":"https:\/\/northakademi.com\/tr\/?page_id=6913"},"modified":"2019-12-24T13:38:48","modified_gmt":"2019-12-24T10:38:48","slug":"egticinin-egitimi","status":"publish","type":"page","link":"https:\/\/northakademi.com\/tr\/egitimler\/egticinin-egitimi\/","title":{"rendered":"E\u011fticinin E\u011fitimi"},"content":{"rendered":"<\/div><\/div><\/div><!-- close content main div --><\/div><\/div><div id='av_section_1' class='avia-section main_color avia-section-default avia-no-shadow avia-bg-style-scroll   av-minimum-height av-minimum-height-custom container_wrap sidebar_right' style = 'background-repeat: no-repeat; background-image: url(https:\/\/northakademi.com\/tr\/wp-content\/uploads\/2019\/12\/slide-north-akademi-siyah-lacivert.jpg); background-attachment: scroll; background-position: top left; ' data-section-bg-repeat='no-repeat' ><div class='container' style='height:150px'><div class='template-page content  av-content-small alpha units'><div class='post-entry post-entry-type-page post-entry-6913'><div class='entry-content-wrapper clearfix'>\n<div style='padding-bottom:10px;color:#ffffff;' class='av-special-heading av-special-heading-h3 custom-color-heading   '><h3 class='av-special-heading-tag '  itemprop=\"headline\"  >E\u011fticinin E\u011fitimi<\/h3><div class='special-heading-border'><div class='special-heading-inner-border' style='border-color:#ffffff'><\/div><\/div><\/div>\n<\/div><\/div><\/div><!-- close content main div --><\/div><\/div><div id='after_section_1' class='main_color av_default_container_wrap container_wrap sidebar_right'   ><div class='container' ><div class='template-page content  av-content-small alpha units'><div class='post-entry post-entry-type-page post-entry-6913'><div class='entry-content-wrapper clearfix'><div class='avia-image-container  av-styling-    avia-align-center '  itemprop=\"ImageObject\" itemscope=\"itemscope\" itemtype=\"https:\/\/schema.org\/ImageObject\"  ><div class='avia-image-container-inner'><img class='avia_image ' src='https:\/\/northakademi.com\/tr\/wp-content\/uploads\/2019\/12\/north-akademi-egitim-0124.jpg' alt='' title=''   itemprop=\"thumbnailUrl\"  \/><\/div><\/div><\/p>\n<div class=\"flex_column av_one_full  flex_column_div av-zero-column-padding first  \" style='border-radius:0px; '><section class=\"av_textblock_section \"  itemscope=\"itemscope\" itemtype=\"https:\/\/schema.org\/CreativeWork\" ><div class='avia_textblock  '   itemprop=\"text\" ><p>E\u011fitim s\u0131ras\u0131nda aktar\u0131lacak bilgiyi etkin ve verimli bi\u00e7imde gruba iletmek ve grubu istenilen \u015fekilde bi\u00e7imlendirmektir. Bu seminerin ana konular\u0131; E\u011fitim i\u00e7in planlama ve haz\u0131rl\u0131k, e\u011fitim uygulama y\u00f6ntemleri, ba\u015far\u0131l\u0131 bir sunu\u015f i\u00e7in uygulanacak teknikler, farkl\u0131 e\u011fitmen stilleri, e\u011fitim konular\u0131 ve kat\u0131l\u0131mc\u0131 tiplerine g\u00f6re e\u011fitmenin izleyece\u011fi yollar. Seminer boyunca t\u00fcm konular interaktif bi\u00e7imde ele al\u0131narak i\u015flenecektir.<\/p>\n<p>Her Kat\u0131l\u0131mc\u0131n\u0131n da Bir E\u011fitmen Olarak Platform Deneyimi Kazanmas\u0131 Amac\u0131yla; Video \u00c7ekimlerinin Yap\u0131laca\u011f\u0131 Bireysel Ve Grup \u00c7al\u0131\u015fmalar\u0131 Seminerin A\u011f\u0131rl\u0131k Noktas\u0131n\u0131 Olu\u015fturmaktad\u0131r.<\/p>\n<p><strong>E\u011fitim \u0130\u00e7eri\u011fi:<\/strong><\/p>\n<ul>\n<li>E\u011fitimci Kimdir?<\/li>\n<li>Kat\u0131l\u0131mc\u0131 Profili Ve Beklentilerinin Analiz Edilmesi<\/li>\n<li>E\u011fitim Program\u0131 Haz\u0131rl\u0131\u011f\u0131 Ve E\u011fitim Y\u00f6nteminin Se\u00e7imi<\/li>\n<li>Ba\u015far\u0131l\u0131 Zaman Y\u00f6netimi<\/li>\n<li>E\u011fitim Ortam\u0131 D\u00fczenlenmesi \u2013 Ara\u00e7-Gere\u00e7 \u00d6n Haz\u0131rl\u0131k<\/li>\n<li>Grup \u00c7al\u0131\u015fmas\u0131<\/li>\n<li>E\u011fitimcinin Konsantrasyonu<\/li>\n<li>Tan\u0131\u015fma Ve Buzlar\u0131 K\u0131rma<\/li>\n<li>Genel Bilgilendirme Ve \u0130lgi \u00c7ekme<\/li>\n<li>Grup \u00c7al\u0131\u015fmas\u0131<\/li>\n<li>E\u011fitim Tarzlar\u0131<\/li>\n<li>Bireysel Becerileri Kullanma Y\u00f6ntemleri<\/li>\n<li>Bireysel \u00c7al\u0131\u015fma<\/li>\n<li>Sunu\u015f Tekni\u011fi Ve G\u00fc\u00e7lendirici Malzeme Kullanma Y\u00f6ntemleri<\/li>\n<li>Bireysel \u00c7al\u0131\u015fma<\/li>\n<li>E\u011fitimcinin, Kar\u015f\u0131la\u015faca\u011f\u0131 Tehlike Ve Tuzaklar Ve Bunlarla Ba\u015f etme Y\u00f6ntemleri<\/li>\n<li>Sunu\u015f \u00c7al\u0131\u015fmalar\u0131 \u2013 Video \u00c7ekimi<\/li>\n<li>Sevilen E\u011fitimcilerin P\u00fcf Noktalar\u0131<\/li>\n<li>Konuyu Toparlama Ve Bitirme Stratejileri<\/li>\n<li>Sonucu Takip Etme<\/li>\n<li>Video \u00c7ekimlerinin \u0130zlenmesi Ve De\u011ferlendirme<\/li>\n<\/ul>\n<p><strong>*** Kurumsal E\u011fitim i\u00e7erikleri Kurumunuzla yap\u0131lacak g\u00f6r\u00fc\u015fmeye g\u00f6re taraf\u0131n\u0131za \u00f6zel de\u011fi\u015fiklik g\u00f6sterebilir.<\/strong><\/p>\n<\/div><\/section><\/div>\n","protected":false},"excerpt":{"rendered":"","protected":false},"author":1,"featured_media":0,"parent":6897,"menu_order":0,"comment_status":"closed","ping_status":"closed","template":"","meta":{"footnotes":""},"_links":{"self":[{"href":"https:\/\/northakademi.com\/tr\/wp-json\/wp\/v2\/pages\/6913"}],"collection":[{"href":"https:\/\/northakademi.com\/tr\/wp-json\/wp\/v2\/pages"}],"about":[{"href":"https:\/\/northakademi.com\/tr\/wp-json\/wp\/v2\/types\/page"}],"author":[{"embeddable":true,"href":"https:\/\/northakademi.com\/tr\/wp-json\/wp\/v2\/users\/1"}],"replies":[{"embeddable":true,"href":"https:\/\/northakademi.com\/tr\/wp-json\/wp\/v2\/comments?post=6913"}],"version-history":[{"count":3,"href":"https:\/\/northakademi.com\/tr\/wp-json\/wp\/v2\/pages\/6913\/revisions"}],"predecessor-version":[{"id":6979,"href":"https:\/\/northakademi.com\/tr\/wp-json\/wp\/v2\/pages\/6913\/revisions\/6979"}],"up":[{"embeddable":true,"href":"https:\/\/northakademi.com\/tr\/wp-json\/wp\/v2\/pages\/6897"}],"wp:attachment":[{"href":"https:\/\/northakademi.com\/tr\/wp-json\/wp\/v2\/media?parent=6913"}],"curies":[{"name":"wp","href":"https:\/\/api.w.org\/{rel}","templated":true}]}}