{"id":6911,"date":"2019-12-24T12:18:24","date_gmt":"2019-12-24T09:18:24","guid":{"rendered":"https:\/\/northakademi.com\/tr\/?page_id=6911"},"modified":"2019-12-24T13:36:24","modified_gmt":"2019-12-24T10:36:24","slug":"yangin-egtici-egitmenligi-egitimi","status":"publish","type":"page","link":"https:\/\/northakademi.com\/tr\/egitimler\/yangin-egtici-egitmenligi-egitimi\/","title":{"rendered":"Yang\u0131n E\u011ftici E\u011fitmenli\u011fi E\u011fitimi"},"content":{"rendered":"<\/div><\/div><\/div><!-- close content main div --><\/div><\/div><div id='av_section_1' class='avia-section main_color avia-section-default avia-no-shadow avia-bg-style-scroll   av-minimum-height av-minimum-height-custom container_wrap sidebar_right' style = 'background-repeat: no-repeat; background-image: url(https:\/\/northakademi.com\/tr\/wp-content\/uploads\/2019\/12\/slide-north-akademi-siyah-lacivert.jpg); background-attachment: scroll; background-position: top left; ' data-section-bg-repeat='no-repeat' ><div class='container' style='height:150px'><div class='template-page content  av-content-small alpha units'><div class='post-entry post-entry-type-page post-entry-6911'><div class='entry-content-wrapper clearfix'>\n<div style='padding-bottom:10px;color:#ffffff;' class='av-special-heading av-special-heading-h3 custom-color-heading   '><h3 class='av-special-heading-tag '  itemprop=\"headline\"  >Yang\u0131n E\u011ftici E\u011fitmenli\u011fi E\u011fitimi<\/h3><div class='special-heading-border'><div class='special-heading-inner-border' style='border-color:#ffffff'><\/div><\/div><\/div>\n<\/div><\/div><\/div><!-- close content main div --><\/div><\/div><div id='after_section_1' class='main_color av_default_container_wrap container_wrap sidebar_right'   ><div class='container' ><div class='template-page content  av-content-small alpha units'><div class='post-entry post-entry-type-page post-entry-6911'><div class='entry-content-wrapper clearfix'><div class='avia-image-container  av-styling-    avia-align-center '  itemprop=\"ImageObject\" itemscope=\"itemscope\" itemtype=\"https:\/\/schema.org\/ImageObject\"  ><div class='avia-image-container-inner'><img class='avia_image ' src='https:\/\/northakademi.com\/tr\/wp-content\/uploads\/2019\/12\/north-akademi-egitim-0124.jpg' alt='' title=''   itemprop=\"thumbnailUrl\"  \/><\/div><\/div><\/p>\n<div class=\"flex_column av_one_full  flex_column_div av-zero-column-padding first  \" style='border-radius:0px; '><section class=\"av_textblock_section \"  itemscope=\"itemscope\" itemtype=\"https:\/\/schema.org\/CreativeWork\" ><div class='avia_textblock  '   itemprop=\"text\" ><p>Yang\u0131n E\u011fitici E\u011fitmenli\u011fi<\/p>\n<p><strong>E\u011e\u0130T\u0130M\u0130N YASAL DAYANA\u011eI:<\/strong><\/p>\n<p>6331 say\u0131l\u0131 kanun ve 2009 tarihli binalar\u0131n yang\u0131nlardan korunmas\u0131 hakk\u0131ndaki y\u00f6netmelik gere\u011fi, i\u015fletmede \u00e7al\u0131\u015fan t\u00fcm personelin zorunlu olarak almas\u0131 gereken 1 g\u00fcnl\u00fck genel yang\u0131n e\u011fitimlerini verebilecek etkinli\u011fe sahip e\u011fitmen yeti\u015ftirmektir.<\/p>\n<p><strong>E\u011e\u0130T\u0130M\u0130N K\u0130\u015e\u0130YE KAZANDIRACAKLARI:<\/strong><\/p>\n<p>\u2022 Yanma ve yang\u0131n\u0131n ne oldu\u011funu bilir.<br \/>\n\u2022 Yang\u0131na sebep olacak fakt\u00f6rleri bilir.<br \/>\n\u2022 Yanman\u0131n olu\u015fumunu bilir.<br \/>\n\u2022 Yang\u0131n\u0131n tan\u0131m\u0131n\u0131 ve yang\u0131n t\u00fcrlerini bilir.<br \/>\n\u2022 Niteliklerine g\u00f6re yang\u0131n s\u0131n\u0131flar\u0131n\u0131 bilir.<br \/>\n\u2022 Bulunduklar\u0131 alana g\u00f6re yang\u0131n s\u0131n\u0131flar\u0131n\u0131 bilir.<br \/>\n\u2022 Is\u0131 ve duman\u0131n yay\u0131lma h\u0131z\u0131 ve tehlikelerini bilir.<br \/>\n\u2022 S\u00f6nd\u00fcrme maddelerini bilir.<br \/>\n\u2022 Yang\u0131n s\u00f6nd\u00fcrme cihazlar\u0131n\u0131 bilir ve kullan\u0131r.<br \/>\n\u2022 Yang\u0131n s\u00f6nd\u00fcrme t\u00fcplerinin \u00e7al\u0131\u015fma prensiplerini bilir.<br \/>\n\u2022 Farkl\u0131 t\u00fcr ve tiplerdeki, portatif yang\u0131n s\u00f6nd\u00fcrme cihazlar\u0131n\u0131 bilir ve kullan\u0131r.<br \/>\n\u2022 Yang\u0131n t\u00fcr\u00fcne g\u00f6re uygun olan s\u00f6nd\u00fcrme maddelerini bilir.<br \/>\n\u2022 Yang\u0131n s\u00f6nd\u00fcrmede gerekli olan ara\u00e7 ve malzemeleri bilir.<br \/>\n\u2022 Basit yang\u0131n g\u00fcvenlik \u00f6nlemlerini bilir.<br \/>\n\u2022 Yang\u0131n olay\u0131 meydana geldi\u011finde itfaiyeyi, ilgili ki\u015fileri ve etraf\u0131 haberdar edece\u011fini bilir.<br \/>\n\u2022 Binay\u0131 terk ederken anahtar, \u015falter, tu\u015f vs. kapatmas\u0131n\u0131 bilir.<br \/>\n\u2022 Yang\u0131n dolaplar\u0131n\u0131 kullan\u0131r.<br \/>\n\u2022 Kat\u0131, s\u0131v\u0131, gaz yang\u0131nlar\u0131n\u0131 s\u00f6nd\u00fcrebilir.<br \/>\n\u2022 Ba\u015flang\u0131\u00e7 a\u015famas\u0131ndaki yang\u0131nlar\u0131 s\u00f6nd\u00fcrebilir.<br \/>\n\u2022 Genel yang\u0131n e\u011fitimi i\u00e7in program haz\u0131rlar.<br \/>\n\u2022 Genel yang\u0131n e\u011fitimi i\u00e7in gerekli malzemeleri haz\u0131rlar.<br \/>\n\u2022 E\u011fitim ortam\u0131nda g\u00fcvenlik \u00f6nlemlerini al\u0131r.<br \/>\n\u2022 E\u011fitim sonras\u0131 de\u011ferlendirme yapar ve kay\u0131tlar\u0131 tutar.<br \/>\n\u2022 Genel yang\u0131n e\u011fitimi verebilir ve tahliye tatbikatlar\u0131 yapar.<br \/>\n\u2022 Fabrikada \u00e7al\u0131\u015fan t\u00fcm personele genel yang\u0131n e\u011fitimi verebilir.<br \/>\n\u2022 Binalar\u0131n yang\u0131nlardan korunmas\u0131 hakk\u0131ndaki y\u00f6netmelik gere\u011fi y\u0131lda 1 kez zorunlu olan genel yang\u0131n e\u011fitimi verebilir.<br \/>\n\u2022 Binalar\u0131n yang\u0131nlardan korunmas\u0131 hakk\u0131ndaki y\u00f6netmelik gere\u011fi yap\u0131lmas\u0131 gereken acil eylem planlar\u0131n\u0131 olu\u015fturur.<br \/>\n\u2022 6331 say\u0131l\u0131 kanunda ge\u00e7en yang\u0131nla m\u00fccadele e\u011fitimini verebilir.<br \/>\n\u2022 E\u011fitim sonunda KATILIM BELGES\u0130 verebilir.<\/p>\n<p><strong>E\u011e\u0130T\u0130M\u0130N KURUMA KAZANDIRACAKLARI<\/strong><\/p>\n<p>Bu e\u011fitim sonunda i\u015fletme ve\/veya kuruma a\u015fa\u011f\u0131daki faydalar kazand\u0131r\u0131lacakt\u0131r.<\/p>\n<p>a) \u0130\u015fletme ve\/veya kurum i\u00e7erisinde, basit tedbirsizlik sonucu meydana gelebilecek yang\u0131nlar\u0131n \u00f6nlenmesi<br \/>\nb) Meydana gelen yang\u0131n olaylar\u0131nda can ve mal kayb\u0131n\u0131 en aza indirilmesi<br \/>\nc) \u0130\u015fletme prestijinin korunmas\u0131<br \/>\nd) Personelin \u00f6zg\u00fcveninin art\u0131r\u0131lmas\u0131 sonucu verim ve kalitenin artmas\u0131 sa\u011flanacakt\u0131r.<\/p>\n<p><strong>E\u011e\u0130T\u0130M\u0130N \u0130\u00c7ER\u0130\u011e\u0130:<\/strong><\/p>\n<p>1. ve 4. g\u00fcn uzaktan e\u011fitim<\/p>\n<p>Temel Yanma ve Yang\u0131n Bilgisi<\/p>\n<p>\u2022 Yanman\u0131n tan\u0131m\u0131<br \/>\n\u2022 Yanma \u00e7e\u015fitleri (Yava\u015f, h\u0131zl\u0131, kendi kendine, parlama-patlama<br \/>\n\u2022 Yang\u0131n\u0131n tan\u0131m\u0131<br \/>\n\u2022 Yang\u0131n \u00fc\u00e7geni<br \/>\n\u2022 Yang\u0131n d\u00f6rtgeni<br \/>\n\u2022 Niteliklerine g\u00f6re yang\u0131n t\u00fcrleri (A-B-C-D-E-F t\u00fcrleri)<br \/>\n\u2022 Yang\u0131n\u0131n evreleri ( Flamover, Flashover, beckdraft)<br \/>\n\u2022 Is\u0131 transferleri ( Radyasyon, kond\u00fcksiyon, konveksiyon)<br \/>\n\u2022 Yang\u0131n sebepleri (Dikkatsizlik, tedbirsizlik vs\u2026\u2026.)<br \/>\n\u2022 Yang\u0131n Yerindeki Tehlikeler ( psikolojik, zehirlenme, radyasyon vs\u2026\u2026)<br \/>\n\u2022 S\u00f6nd\u00fcrme y\u00f6ntemleri ( So\u011futma, bo\u011fma, da\u011f\u0131tma)<br \/>\n\u2022 Portatif Yang\u0131n s\u00f6nd\u00fcrme t\u00fcpleri<br \/>\n1. 6 kg kapasiteli KKT tipi portatif yang\u0131n s\u00f6nd\u00fcrme t\u00fcp\u00fcn\u00fcn \u00e7al\u0131\u015fma prensibi<br \/>\n2. 5 kg kapasiteli CO2 tipi portatif yang\u0131n s\u00f6nd\u00fcrme t\u00fcp\u00fcn\u00fcn \u00e7al\u0131\u015fma prensibi<br \/>\n3. 50 kg kapasiteli FOAM tipi portatif yang\u0131n s\u00f6nd\u00fcrme t\u00fcp\u00fcn\u00fcn \u00e7al\u0131\u015fma prensibi<br \/>\n4. Sifon ve emniyet valfleri<br \/>\n5. \u00c7al\u0131\u015fma ve test bas\u0131n\u00e7lar\u0131<br \/>\n6. Manometre sistemleri<br \/>\n7. Uygulamada yap\u0131lan hileler<br \/>\n8. Test y\u00f6ntemleri<\/p>\n<p><strong>5. G\u00dcN UYGULAMA<\/strong><\/p>\n<p>Yang\u0131n e\u011fitim uygulamalar\u0131ndaki riskler<br \/>\nYang\u0131n e\u011fitim uygulamas\u0131ndaki risklerin bertaraf edilmesi<br \/>\nYang\u0131n e\u011fitim uygulamalar\u0131ndaki teknik bilgiler<br \/>\nS\u00f6nd\u00fcrmede uygulanabilen k\u00fc\u00e7\u00fck n\u00fcanslar<\/p>\n<p>\u2022 Gaz yang\u0131nlar\u0131na m\u00fcdahale<\/p>\n<p>1. LPG\u2019 nin el ile s\u00f6nd\u00fcr\u00fclmesi<br \/>\n2. LPG\u2019 nin \u0131slak bez ile s\u00f6nd\u00fcr\u00fclmesi<br \/>\n3. LPG\u2019 nin su ile s\u00f6nd\u00fcr\u00fclmesi<br \/>\n4. LPG\u2019 nin KKT ile s\u00f6nd\u00fcr\u00fclmesi<br \/>\n5. LPG\u2019 nin su ile s\u00f6nd\u00fcr\u00fclmesi<\/p>\n<p>\u2022 S\u0131v\u0131 yang\u0131nlar\u0131na m\u00fcdahale<\/p>\n<p>1. S\u0131v\u0131 yang\u0131nlar\u0131n\u0131n KKT ile s\u00f6nd\u00fcr\u00fclmesi<br \/>\n2. S\u0131v\u0131 yang\u0131nlar\u0131n\u0131n CO2 ile s\u00f6nd\u00fcr\u00fclmesi<br \/>\n3. S\u0131v\u0131 yang\u0131nlar\u0131n\u0131n FOAM ile s\u00f6nd\u00fcr\u00fclmesi<\/p>\n<p><strong>E\u011e\u0130T\u0130M S\u00dcREC\u0130<\/strong><\/p>\n<p>a) E\u011fitim yoklamas\u0131na, kat\u0131l\u0131mc\u0131lar ad\u0131n\u0131, soyad\u0131n\u0131 ve TC kimlik numaralar\u0131n\u0131 yazarak imza atacaklard\u0131r.<br \/>\nb) E\u011fitim yoklamalar\u0131na, e\u011fitim koordinat\u00f6r\u00fc de imza atacakt\u0131r.<br \/>\nc) E\u011fitmen, kat\u0131l\u0131mc\u0131lar\u0131n bilgi seviyesini \u00f6l\u00e7mek i\u00e7in 20 sorudan olu\u015fan \u00f6n testi yapacakt\u0131r. E\u011fitim sonunda sertifika s\u0131nav\u0131n\u0131n ge\u00e7me notu 100 \u00fczerinden 70 (yetmi\u015f) tir.<br \/>\nd) E\u011fitim bittikten sonra kat\u0131l\u0131mc\u0131lara, e\u011fitmen taraf\u0131ndan e\u011fitim de\u011ferlendirme formu ve son sertifika testi da\u011f\u0131t\u0131larak doldurmalar\u0131 sa\u011flanacakt\u0131r.<br \/>\ne) Olumsuz hava ko\u015fullar\u0131, vardiya de\u011fi\u015fikli\u011fi, kursiyerlerin bilgi ve tecr\u00fcbe ko\u015fullar\u0131 gibi nedenlerden dolay\u0131, e\u011fitimin saat ve i\u00e7eri\u011fini de\u011fi\u015ftirme tasarrufu e\u011fitmenlere aittir.<br \/>\nf) Sertifikalar, \u00dcniversite M\u00fcd\u00fcr\u00fc ve Rekt\u00f6r\u00fc imzal\u0131 d\u00fczenlenecektir.<\/p>\n<p><strong>E\u011e\u0130T\u0130M YER\u0130 ve TAR\u0130H\u0130:<\/strong><\/p>\n<p>a) 4 g\u00fcn uzaktan bir g\u00fcn uygulamal\u0131 yap\u0131lacak bu e\u011fitimde, belli bir bilgi ve olgunlu\u011fa sahip ki\u015filerin, zaman ve i\u015f g\u00fcc\u00fc kay\u0131plar\u0131n\u0131 \u00f6nlemek, e\u011fitim \u00fccreti maliyetlerini en aza indirmek hedeflenmi\u015ftir.<br \/>\nb) Uzaktan e\u011fitime dair ders notlar\u0131na eri\u015filebilmesi i\u00e7in sizlere \u00f6zel \u015fifre belirlenecek ve sistem \u00fczerinden ula\u015f\u0131m\u0131n\u0131z sa\u011flanacakt\u0131r.<br \/>\nc) Uygulama e\u011fitimleri 09.30\u2019da ba\u015flayacak olup, belirlenen \u015fehir ve otelde d\u00fczenlenmektedir.<\/p>\n<\/div><\/section><\/div>\n","protected":false},"excerpt":{"rendered":"","protected":false},"author":1,"featured_media":0,"parent":6897,"menu_order":0,"comment_status":"closed","ping_status":"closed","template":"","meta":{"footnotes":""},"_links":{"self":[{"href":"https:\/\/northakademi.com\/tr\/wp-json\/wp\/v2\/pages\/6911"}],"collection":[{"href":"https:\/\/northakademi.com\/tr\/wp-json\/wp\/v2\/pages"}],"about":[{"href":"https:\/\/northakademi.com\/tr\/wp-json\/wp\/v2\/types\/page"}],"author":[{"embeddable":true,"href":"https:\/\/northakademi.com\/tr\/wp-json\/wp\/v2\/users\/1"}],"replies":[{"embeddable":true,"href":"https:\/\/northakademi.com\/tr\/wp-json\/wp\/v2\/comments?post=6911"}],"version-history":[{"count":3,"href":"https:\/\/northakademi.com\/tr\/wp-json\/wp\/v2\/pages\/6911\/revisions"}],"predecessor-version":[{"id":6976,"href":"https:\/\/northakademi.com\/tr\/wp-json\/wp\/v2\/pages\/6911\/revisions\/6976"}],"up":[{"embeddable":true,"href":"https:\/\/northakademi.com\/tr\/wp-json\/wp\/v2\/pages\/6897"}],"wp:attachment":[{"href":"https:\/\/northakademi.com\/tr\/wp-json\/wp\/v2\/media?parent=6911"}],"curies":[{"name":"wp","href":"https:\/\/api.w.org\/{rel}","templated":true}]}}