{"id":6909,"date":"2019-12-24T12:17:56","date_gmt":"2019-12-24T09:17:56","guid":{"rendered":"https:\/\/northakademi.com\/tr\/?page_id=6909"},"modified":"2019-12-24T13:36:47","modified_gmt":"2019-12-24T10:36:47","slug":"yuksekte-calisma-egtici-egitmenligi-egitimi","status":"publish","type":"page","link":"https:\/\/northakademi.com\/tr\/egitimler\/yuksekte-calisma-egtici-egitmenligi-egitimi\/","title":{"rendered":"Y\u00fcksekte \u00c7al\u0131\u015fma E\u011ftici E\u011fitmenli\u011fi E\u011fitimi"},"content":{"rendered":"<\/div><\/div><\/div><!-- close content main div --><\/div><\/div><div id='av_section_1' class='avia-section main_color avia-section-default avia-no-shadow avia-bg-style-scroll   av-minimum-height av-minimum-height-custom container_wrap sidebar_right' style = 'background-repeat: no-repeat; background-image: url(https:\/\/northakademi.com\/tr\/wp-content\/uploads\/2019\/12\/slide-north-akademi-siyah-lacivert.jpg); background-attachment: scroll; background-position: top left; ' data-section-bg-repeat='no-repeat' ><div class='container' style='height:150px'><div class='template-page content  av-content-small alpha units'><div class='post-entry post-entry-type-page post-entry-6909'><div class='entry-content-wrapper clearfix'>\n<div style='padding-bottom:10px;color:#ffffff;' class='av-special-heading av-special-heading-h3 custom-color-heading   '><h3 class='av-special-heading-tag '  itemprop=\"headline\"  >Y\u00fcksekte \u00c7al\u0131\u015fma E\u011ftici E\u011fitmenli\u011fi E\u011fitimi<\/h3><div class='special-heading-border'><div class='special-heading-inner-border' style='border-color:#ffffff'><\/div><\/div><\/div>\n<\/div><\/div><\/div><!-- close content main div --><\/div><\/div><div id='after_section_1' class='main_color av_default_container_wrap container_wrap sidebar_right'   ><div class='container' ><div class='template-page content  av-content-small alpha units'><div class='post-entry post-entry-type-page post-entry-6909'><div class='entry-content-wrapper clearfix'><div class='avia-image-container  av-styling-    avia-align-center '  itemprop=\"ImageObject\" itemscope=\"itemscope\" itemtype=\"https:\/\/schema.org\/ImageObject\"  ><div class='avia-image-container-inner'><img class='avia_image ' src='https:\/\/northakademi.com\/tr\/wp-content\/uploads\/2019\/12\/north-akademi-egitim-0124.jpg' alt='' title=''   itemprop=\"thumbnailUrl\"  \/><\/div><\/div><\/p>\n<div class=\"flex_column av_one_full  flex_column_div av-zero-column-padding first  \" style='border-radius:0px; '><section class=\"av_textblock_section \"  itemscope=\"itemscope\" itemtype=\"https:\/\/schema.org\/CreativeWork\" ><div class='avia_textblock  '   itemprop=\"text\" ><p>Y\u00fcksekte \u00c7al\u0131\u015fma E\u011fitici E\u011fitmenli\u011fi<\/p>\n<p><strong>E\u011e\u0130T\u0130M\u0130N YASAL DAYANA\u011eI:<\/strong><\/p>\n<p>6331 say\u0131l\u0131 i\u015f sa\u011fl\u0131\u011f\u0131 ve g\u00fcvenli\u011fi kanunu, 25786 say\u0131l\u0131 yap\u0131 i\u015flerinde i\u015f sa\u011fl\u0131\u011f\u0131 ve g\u00fcvenli\u011fi y\u00f6netmeli\u011fi, 28695 say\u0131l\u0131 ki\u015fisel koruyucu donan\u0131mlar\u0131n (KKD) i\u015f yerlerinde kullan\u0131lmas\u0131 hakk\u0131ndaki y\u00f6netmelik.<\/p>\n<p><strong>E\u011e\u0130T\u0130M\u0130N K\u0130\u015e\u0130YE KAZANDIRACAKLARI:<\/strong><\/p>\n<p>a) Y\u00fcksekte \u00e7al\u0131\u015fman\u0131n tan\u0131m\u0131n\u0131 ve \u00e7e\u015fitlerini bilir.<br \/>\nb) Y\u00fcksekte \u00e7al\u0131\u015fma ortamlar\u0131n\u0131n nereler oldu\u011funu bilir.<br \/>\nc) Y\u00fckseklik bilincini ve g\u00fcvenlik \u00f6nlemlerini bilir.<br \/>\nd) Y\u00fcksekte \u00e7al\u0131\u015fmalarda kullan\u0131lan ki\u015fisel koruyucu donan\u0131mlar\u0131 (Baret, g\u00f6zl\u00fck, eldiven, emniyet ayakkab\u0131s\u0131, bot, \u00e7izme vs) bilir.<br \/>\ne) Y\u00fcksekte \u00e7al\u0131\u015fma ekipmanlar\u0131n\u0131 (Merdiven, iskele, vin\u00e7, platform vb.) bilir.<br \/>\nf) Y\u00fcksekte \u00e7al\u0131\u015fmada kullan\u0131lan ekipmanlar\u0131 (Emniyet kemeri, g\u00fcvenlik a\u011flar\u0131, \u015fok emiciler, armut ve D karabina vb.) bilir.<br \/>\ng) Y\u00fcksekte \u00e7al\u0131\u015fma ekipmanlar\u0131n\u0131n kullanma prensiplerini bilir.<br \/>\nh) Y\u00fckse\u011fe g\u00fcvenle ula\u015fma y\u00f6ntemlerini bilir.<br \/>\n\u0131) Y\u00fcksekte \u00e7al\u0131\u015fma ile ilgili kanun, y\u00f6netmelik ve t\u00fcz\u00fckleri bilir.<br \/>\ni) \u0130skelelerin kurulmas\u0131 ve iskeleler ile \u00e7al\u0131\u015fma, konular\u0131n\u0131 bilir.<br \/>\nj) Korkuluklar, \u00e7at\u0131lar ve \u00e7at\u0131larda \u00e7al\u0131\u015fma konular\u0131n\u0131 bilir.<br \/>\nk) D\u0131\u015f cephe asans\u00f6rlerini bilir.<br \/>\nl) Mobil y\u00fckselebilen platformlar\u0131 bilir.<br \/>\nm) Kald\u0131rma ekipmanlar\u0131n\u0131 bilir.<br \/>\nn) Merdivenlerde \u00e7al\u0131\u015fma tekniklerini bilir.<br \/>\no) Emniyet \u015feritleri ile i\u015faretleme y\u00f6ntemlerini bilir.<br \/>\n\u00f6) Ankraj noktalar\u0131n\u0131 ve ankrajlar\u0131n, nerelerde kullan\u0131lmas\u0131 gerekti\u011fini bilir.<br \/>\np) Tehlikeli ve g\u00fcvensiz durumlar\u0131 bilir.<br \/>\nr) G\u00fcvenli ortam olu\u015fturmay\u0131 bilir.<br \/>\ns) D\u00fc\u015fmeden korunmada kullan\u0131lan ekipmanlar\u0131n standartlar\u0131n\u0131 bilir.<br \/>\n\u015f) D\u00fc\u015fme fakt\u00f6r\u00fc ve y\u00fcksekte \u00e7al\u0131\u015fman\u0131n risklerinden korunma y\u00f6ntemlerini bilir.<br \/>\nt) Y\u00fcksekte \u00e7al\u0131\u015fma e\u011fitimi i\u00e7in program ve gerekli malzemeleri haz\u0131rlar.<br \/>\nu) Y\u00fcksekte \u00e7al\u0131\u015fma e\u011fitimi i\u00e7in g\u00fcvenlik \u00f6nlemlerini al\u0131r.<br \/>\n\u00fc) Y\u00fcksekte \u00e7al\u0131\u015fma e\u011fitimi sonras\u0131 de\u011ferlendirme yapar ve kay\u0131tlar\u0131 tutar.<br \/>\nv) 6331 say\u0131l\u0131 i\u015f sa\u011fl\u0131\u011f\u0131 ve g\u00fcvenli\u011fi kanunu kapsam\u0131nda, y\u00fcksekte \u00e7al\u0131\u015fma e\u011fitimi verebilir.<br \/>\ny) 28786 say\u0131l\u0131 yap\u0131 i\u015flerinde i\u015f sa\u011fl\u0131\u011f\u0131 ve g\u00fcvenli\u011fi y\u00f6netmeli\u011fi gere\u011fi y\u00fcksekte \u00e7al\u0131\u015fma e\u011fitimi verebilir. 28786 say\u0131l\u0131 yap\u0131 i\u015flerinde i\u015f sa\u011fl\u0131\u011f\u0131 ve g\u00fcvenli\u011fi y\u00f6netmeli\u011fi gere\u011fi \u00e7al\u0131\u015f\u0131lacak i\u015fin g\u00fcvenli\u011fi hakk\u0131nda bilgilendirme yapabilir.<br \/>\nz) 28695 say\u0131l\u0131 y\u00f6netmelik gere\u011fi, Ki\u015fisel Koruyucu Donan\u0131mlar\u0131n kullan\u0131lmas\u0131 konusunda uygulamal\u0131 e\u011fitim verebilir. Y\u00fcksekte \u00e7al\u0131\u015fma e\u011fitimi sonunda KATILIM BELGES\u0130 verebilir.<\/p>\n<p><strong>E\u011e\u0130T\u0130M\u0130N KURUMA KAZANDIRACAKLARI<\/strong><\/p>\n<p>Bu e\u011fitim sonunda i\u015fletme ve\/veya kuruma a\u015fa\u011f\u0131daki faydalar kazand\u0131r\u0131lacakt\u0131r.<br \/>\na. \u0130\u015fletme ve \/veya kurum i\u00e7erisinde, basit tedbirsizlik sonucu meydana gelebilecek yang\u0131nlar\u0131n \u00f6nlenmesi<br \/>\nb. Meydana gelen yang\u0131n olaylar\u0131nda can ve mal kayb\u0131n\u0131n en aza indirilmesi<br \/>\nc. \u0130\u015fletme prestijinin korunmas\u0131<br \/>\nd. Personelin \u00f6zg\u00fcveninin artt\u0131r\u0131lmas\u0131 sonucu verim ve kalitenin artmas\u0131 sa\u011flanacakt\u0131r.<\/p>\n<p><strong>E\u011e\u0130T\u0130M S\u00dcREC\u0130<\/strong><\/p>\n<p>a) E\u011fitim yoklamas\u0131na, kat\u0131l\u0131mc\u0131lar ad\u0131n\u0131, soyad\u0131n\u0131 ve TC kimlik numaralar\u0131n\u0131 yazarak imza atacaklard\u0131r.<br \/>\nb) E\u011fitim yoklamalar\u0131na, e\u011fitim koordinat\u00f6r\u00fc de imza atacakt\u0131r.<br \/>\nc) E\u011fitmen, kat\u0131l\u0131mc\u0131lar\u0131n bilgi seviyesini \u00f6l\u00e7mek i\u00e7in 20 sorudan olu\u015fan \u00f6n testi yapacakt\u0131r. E\u011fitim sonunda sertifika s\u0131nav\u0131n\u0131n ge\u00e7me notu 100 \u00fczerinden 70 (yetmi\u015f) tir.<br \/>\nd) E\u011fitim bittikten sonra kat\u0131l\u0131mc\u0131lara, e\u011fitmen taraf\u0131ndan e\u011fitim de\u011ferlendirme formu ve son sertifika testi da\u011f\u0131t\u0131larak doldurmalar\u0131 sa\u011flanacakt\u0131r.<br \/>\ne) Olumsuz hava ko\u015fullar\u0131, vardiya de\u011fi\u015fikli\u011fi, kursiyerlerin bilgi ve tecr\u00fcbe ko\u015fullar\u0131 gibi nedenlerden dolay\u0131, e\u011fitimin saat ve i\u00e7eri\u011fini de\u011fi\u015ftirme tasarrufu e\u011fitmenlere aittir.<br \/>\nf) Sertifikalar, \u00dcniversite M\u00fcd\u00fcr\u00fc ve Rekt\u00f6r\u00fc imzal\u0131 d\u00fczenlenecektir.<\/p>\n<p><strong>E\u011e\u0130T\u0130M YER\u0130 ve TAR\u0130H\u0130:<\/strong><\/p>\n<p>a) 4 g\u00fcn uzaktan bir g\u00fcn uygulamal\u0131 yap\u0131lacak bu e\u011fitimde, belli bir bilgi ve olgunlu\u011fa sahip ki\u015filerin, zaman ve i\u015f g\u00fcc\u00fc kay\u0131plar\u0131n\u0131 \u00f6nlemek, e\u011fitim \u00fccreti maliyetlerini en aza indirmek hedeflenmi\u015ftir.<br \/>\nb) Uzaktan e\u011fitime dair ders notlar\u0131na eri\u015filebilmesi i\u00e7in sizlere \u00f6zel \u015fifre belirlenecek ve sistem \u00fczerinden ula\u015f\u0131m\u0131n\u0131z sa\u011flanacakt\u0131r.<br \/>\nc) Uygulama e\u011fitimleri kar\u015f\u0131l\u0131kl\u0131 belirlenecek tarihte 09.30\u2019da ba\u015flayacak olup, firman\u0131zda d\u00fczenlenecektir<\/p>\n<\/div><\/section><\/div>\n","protected":false},"excerpt":{"rendered":"","protected":false},"author":1,"featured_media":0,"parent":6897,"menu_order":0,"comment_status":"closed","ping_status":"closed","template":"","meta":{"footnotes":""},"_links":{"self":[{"href":"https:\/\/northakademi.com\/tr\/wp-json\/wp\/v2\/pages\/6909"}],"collection":[{"href":"https:\/\/northakademi.com\/tr\/wp-json\/wp\/v2\/pages"}],"about":[{"href":"https:\/\/northakademi.com\/tr\/wp-json\/wp\/v2\/types\/page"}],"author":[{"embeddable":true,"href":"https:\/\/northakademi.com\/tr\/wp-json\/wp\/v2\/users\/1"}],"replies":[{"embeddable":true,"href":"https:\/\/northakademi.com\/tr\/wp-json\/wp\/v2\/comments?post=6909"}],"version-history":[{"count":4,"href":"https:\/\/northakademi.com\/tr\/wp-json\/wp\/v2\/pages\/6909\/revisions"}],"predecessor-version":[{"id":6977,"href":"https:\/\/northakademi.com\/tr\/wp-json\/wp\/v2\/pages\/6909\/revisions\/6977"}],"up":[{"embeddable":true,"href":"https:\/\/northakademi.com\/tr\/wp-json\/wp\/v2\/pages\/6897"}],"wp:attachment":[{"href":"https:\/\/northakademi.com\/tr\/wp-json\/wp\/v2\/media?parent=6909"}],"curies":[{"name":"wp","href":"https:\/\/api.w.org\/{rel}","templated":true}]}}