{"id":6907,"date":"2019-12-24T12:17:37","date_gmt":"2019-12-24T09:17:37","guid":{"rendered":"https:\/\/northakademi.com\/tr\/?page_id=6907"},"modified":"2019-12-24T13:03:11","modified_gmt":"2019-12-24T10:03:11","slug":"ilk-yardim-egitimi","status":"publish","type":"page","link":"https:\/\/northakademi.com\/tr\/egitimler\/ilk-yardim-egitimi\/","title":{"rendered":"\u0130lk Yard\u0131m E\u011fitimi"},"content":{"rendered":"<\/div><\/div><\/div><!-- close content main div --><\/div><\/div><div id='av_section_1' class='avia-section main_color avia-section-default avia-no-shadow avia-bg-style-scroll   av-minimum-height av-minimum-height-custom container_wrap sidebar_right' style = 'background-repeat: no-repeat; background-image: url(https:\/\/northakademi.com\/tr\/wp-content\/uploads\/2019\/12\/slide-north-akademi-siyah-lacivert.jpg); background-attachment: scroll; background-position: top left; ' data-section-bg-repeat='no-repeat' ><div class='container' style='height:150px'><div class='template-page content  av-content-small alpha units'><div class='post-entry post-entry-type-page post-entry-6907'><div class='entry-content-wrapper clearfix'>\n<div style='padding-bottom:10px;color:#ffffff;' class='av-special-heading av-special-heading-h3 custom-color-heading   '><h3 class='av-special-heading-tag '  itemprop=\"headline\"  >\u0130lk Yard\u0131m E\u011fitimi<\/h3><div class='special-heading-border'><div class='special-heading-inner-border' style='border-color:#ffffff'><\/div><\/div><\/div>\n<\/div><\/div><\/div><!-- close content main div --><\/div><\/div><div id='after_section_1' class='main_color av_default_container_wrap container_wrap sidebar_right'   ><div class='container' ><div class='template-page content  av-content-small alpha units'><div class='post-entry post-entry-type-page post-entry-6907'><div class='entry-content-wrapper clearfix'><div class='avia-image-container  av-styling-    avia-align-center '  itemprop=\"ImageObject\" itemscope=\"itemscope\" itemtype=\"https:\/\/schema.org\/ImageObject\"  ><div class='avia-image-container-inner'><img class='avia_image ' src='https:\/\/northakademi.com\/tr\/wp-content\/uploads\/2019\/12\/north-akademi-egitim-0124.jpg' alt='' title=''   itemprop=\"thumbnailUrl\"  \/><\/div><\/div><\/p>\n<div class=\"flex_column av_one_full  flex_column_div av-zero-column-padding first  \" style='border-radius:0px; '><section class=\"av_textblock_section \"  itemscope=\"itemscope\" itemtype=\"https:\/\/schema.org\/CreativeWork\" ><div class='avia_textblock  '   itemprop=\"text\" ><p>Acil bir durum kar\u015f\u0131s\u0131nda profesyonel ekipler gelene kadar, yanl\u0131\u015f m\u00fcdahalelerden ka\u00e7\u0131narak hasta\/yaral\u0131ya h\u0131zl\u0131, etkin ve en uygun m\u00fcdahalede bulunmak i\u00e7in gerekli bilgi ve beceriyi kazand\u0131rmak. Herhangi bir kaza ya da ya\u015fam\u0131 tehlikeye d\u00fc\u015f\u00fcren bir durumda, sa\u011fl\u0131k g\u00f6revlilerinin t\u0131bbi yard\u0131m\u0131 sa\u011flay\u0131ncaya kadar, hayat\u0131n kurtar\u0131lmas\u0131 ya da durumun daha k\u00f6t\u00fcye gitmesini \u00f6nlemek amac\u0131yla olay yerinde, t\u0131bbi ara\u00e7 gere\u00e7 aranmaks\u0131z\u0131n mevcut ara\u00e7 ve gere\u00e7lerle yap\u0131lan ila\u00e7s\u0131z uygulamalard\u0131r. Herhangi bir kaza ya da ya\u015fam\u0131 tehlikeye d\u00fc\u015f\u00fcren bir durumda, sa\u011fl\u0131k g\u00f6revlilerinin t\u0131bbi yard\u0131m\u0131 sa\u011flay\u0131ncaya kadar, hayat\u0131n kurtar\u0131lmas\u0131 ya da durumun daha k\u00f6t\u00fcye gitmesini \u00f6nlemek amac\u0131yla olay yerinde, t\u0131bbi ara\u00e7 gere\u00e7 aranmaks\u0131z\u0131n mevcut ara\u00e7 ve gere\u00e7lerle yap\u0131lan ila\u00e7s\u0131z uygulamalard\u0131r.<\/p>\n<p>\u0130lk yard\u0131m\u0131n tan\u0131m\u0131nda belirtilen ama\u00e7 do\u011frultusunda, hasta ya da yaral\u0131ya t\u0131bbi ara\u00e7-gere\u00e7 aranmaks\u0131z\u0131n mevcut ara\u00e7-gere\u00e7lerle, sa\u011fl\u0131k ekibi gelinceye kadar, ila\u00e7s\u0131z uygulamalar\u0131 yapan, en az Temel \u0130lk Yard\u0131m E\u011fitimine kat\u0131l\u0131p \u201c\u0130lkyard\u0131mc\u0131 Sertifikas\u0131\u201d alm\u0131\u015f ki\u015fidir.<\/p>\n<p><strong>E\u011fitim S\u00fcresi :<\/strong> Her bir Grup i\u00e7in 2 G\u00fcn (16 saat)<br \/>\n<strong>Kat\u0131l\u0131mc\u0131 Say\u0131s\u0131 :<\/strong> En fazla 12 ki\u015fi kadar e\u011fitim verilebilmektedir.<\/p>\n<p><strong>Sertifikaland\u0131rma<\/strong><\/p>\n<p><strong>Sa\u011fl\u0131k bakanl\u0131\u011f\u0131 onayl\u0131 e\u011fitmenimiz ve GWO e\u011fitimine sahip e\u011fitmenimiz g\u00f6zetiminde yap\u0131lan s\u0131navda ba\u015far\u0131l\u0131 olan kat\u0131l\u0131mc\u0131lar;<\/strong> \u201c Temel \u0130lk Yard\u0131m E\u011fitimi\u201d ba\u015far\u0131 sertifikas\u0131 ile belgelendirilir. Sertifika s\u00fcresi 2 y\u0131l ge\u00e7erlidir.<\/p>\n<\/div><\/section><\/div>\n","protected":false},"excerpt":{"rendered":"","protected":false},"author":1,"featured_media":0,"parent":6897,"menu_order":0,"comment_status":"closed","ping_status":"closed","template":"","meta":{"footnotes":""},"_links":{"self":[{"href":"https:\/\/northakademi.com\/tr\/wp-json\/wp\/v2\/pages\/6907"}],"collection":[{"href":"https:\/\/northakademi.com\/tr\/wp-json\/wp\/v2\/pages"}],"about":[{"href":"https:\/\/northakademi.com\/tr\/wp-json\/wp\/v2\/types\/page"}],"author":[{"embeddable":true,"href":"https:\/\/northakademi.com\/tr\/wp-json\/wp\/v2\/users\/1"}],"replies":[{"embeddable":true,"href":"https:\/\/northakademi.com\/tr\/wp-json\/wp\/v2\/comments?post=6907"}],"version-history":[{"count":3,"href":"https:\/\/northakademi.com\/tr\/wp-json\/wp\/v2\/pages\/6907\/revisions"}],"predecessor-version":[{"id":6972,"href":"https:\/\/northakademi.com\/tr\/wp-json\/wp\/v2\/pages\/6907\/revisions\/6972"}],"up":[{"embeddable":true,"href":"https:\/\/northakademi.com\/tr\/wp-json\/wp\/v2\/pages\/6897"}],"wp:attachment":[{"href":"https:\/\/northakademi.com\/tr\/wp-json\/wp\/v2\/media?parent=6907"}],"curies":[{"name":"wp","href":"https:\/\/api.w.org\/{rel}","templated":true}]}}