{"id":6905,"date":"2019-12-24T12:17:23","date_gmt":"2019-12-24T09:17:23","guid":{"rendered":"https:\/\/northakademi.com\/tr\/?page_id=6905"},"modified":"2019-12-25T01:19:09","modified_gmt":"2019-12-24T22:19:09","slug":"yangin-egitimi","status":"publish","type":"page","link":"https:\/\/northakademi.com\/tr\/egitimler\/yangin-egitimi\/","title":{"rendered":"Yang\u0131n E\u011fitimi"},"content":{"rendered":"<\/div><\/div><\/div><!-- close content main div --><\/div><\/div><div id='av_section_1' class='avia-section main_color avia-section-default avia-no-shadow avia-bg-style-scroll   av-minimum-height av-minimum-height-custom container_wrap sidebar_right' style = 'background-repeat: no-repeat; background-image: url(https:\/\/northakademi.com\/tr\/wp-content\/uploads\/2019\/12\/slide-north-akademi-siyah-lacivert.jpg); background-attachment: scroll; background-position: top left; ' data-section-bg-repeat='no-repeat' ><div class='container' style='height:150px'><div class='template-page content  av-content-small alpha units'><div class='post-entry post-entry-type-page post-entry-6905'><div class='entry-content-wrapper clearfix'>\n<div style='padding-bottom:10px;color:#ffffff;' class='av-special-heading av-special-heading-h3 custom-color-heading   '><h3 class='av-special-heading-tag '  itemprop=\"headline\"  >Yang\u0131n E\u011ftimi<\/h3><div class='special-heading-border'><div class='special-heading-inner-border' style='border-color:#ffffff'><\/div><\/div><\/div>\n<\/div><\/div><\/div><!-- close content main div --><\/div><\/div><div id='after_section_1' class='main_color av_default_container_wrap container_wrap sidebar_right'   ><div class='container' ><div class='template-page content  av-content-small alpha units'><div class='post-entry post-entry-type-page post-entry-6905'><div class='entry-content-wrapper clearfix'><div class='avia-image-container  av-styling-    avia-align-center '  itemprop=\"ImageObject\" itemscope=\"itemscope\" itemtype=\"https:\/\/schema.org\/ImageObject\"  ><div class='avia-image-container-inner'><img class='avia_image ' src='https:\/\/northakademi.com\/tr\/wp-content\/uploads\/2019\/12\/north-akademi-egitim-0124.jpg' alt='' title=''   itemprop=\"thumbnailUrl\"  \/><\/div><\/div><\/p>\n<div class=\"flex_column av_one_full  flex_column_div av-zero-column-padding first  \" style='border-radius:0px; '><section class=\"av_textblock_section \"  itemscope=\"itemscope\" itemtype=\"https:\/\/schema.org\/CreativeWork\" ><div class='avia_textblock  '   itemprop=\"text\" ><p>\u00c7al\u0131\u015fanlar\u0131n \u00f6ncelikle \u00f6nleme faaliyetleri ve i\u015fyerinde ortaya \u00e7\u0131kabilecek bir yang\u0131n acil durumda do\u011fru malzemeyle muhtemel yang\u0131nlara m\u00fcdahalelerini yapabilmelerini sa\u011flamak. Yasal olarak Acil durum ekiplerinde olmas\u0131 gereken S\u00f6nd\u00fcrme ekibine gerekli e\u011fitimlerin verilmesi.<\/p>\n<p>\u0130lk g\u00f6ren reaksiyonu ve \u00c7al\u0131\u015fanlar\u0131n \u0130\u015f Sa\u011fl\u0131\u011f\u0131 ve G\u00fcvenli\u011fi E\u011fitimlerinin Usul ve Esaslar\u0131 Hakk\u0131ndaki Y\u00f6netmelik gere\u011fi T\u00dcM \u00c7ALI\u015eANLARIN TEMEL YANGIN e\u011fitiminin verilmesidir. \u0130lkg\u00f6ren reaksiyonu ve \u00c7al\u0131\u015fanlar\u0131n \u0130\u015f Sa\u011fl\u0131\u011f\u0131 ve G\u00fcvenli\u011fi E\u011fitimlerinin Usul ve Esaslar\u0131 Hakk\u0131ndaki Y\u00f6netmelik gere\u011fi 10 Ki\u015fiden en az 1 ki\u015fi<\/p>\n<p><strong>TEMEL YANGIN E\u011e\u0130T\u0130M\u0130N\u0130<\/strong> almas\u0131 gerekir. Yang\u0131n e\u011fitimini kendi \u00e7al\u0131\u015fma saham\u0131zda ve ya m\u00fc\u015fterimizin uygun bir sahas\u0131nda verilebilmektedir.<\/p>\n<p><strong>E\u011fitim S\u00fcresi :<\/strong> Her bir Grup i\u00e7in 4 Saat (1\/2 G\u00fcn)<br \/>\n<strong>Kat\u0131l\u0131mc\u0131 Say\u0131s\u0131 :<\/strong> En fazla 12 ki\u015fi kadar e\u011fitim verilebilmektedir.<\/p>\n<p><strong>Sertifikaland\u0131rma<\/strong><br \/>\n\u0130\u015f G\u00fcvenli\u011fi uzman\u0131m\u0131z ve GWO e\u011fitimine sahip e\u011fitmenimiz g\u00f6zetiminde yap\u0131lan s\u0131navda ba\u015far\u0131l\u0131 olan kat\u0131l\u0131mc\u0131lar; \u201c Temel Yang\u0131n Bilinci E\u011fitimi\u201d ba\u015far\u0131 sertifikas\u0131 ile belgelendirilir. Sertifika s\u00fcresi 2 y\u0131l ge\u00e7erlidir.<\/p>\n<\/div><\/section><\/div>\n","protected":false},"excerpt":{"rendered":"","protected":false},"author":1,"featured_media":0,"parent":6897,"menu_order":0,"comment_status":"closed","ping_status":"closed","template":"","meta":{"footnotes":""},"_links":{"self":[{"href":"https:\/\/northakademi.com\/tr\/wp-json\/wp\/v2\/pages\/6905"}],"collection":[{"href":"https:\/\/northakademi.com\/tr\/wp-json\/wp\/v2\/pages"}],"about":[{"href":"https:\/\/northakademi.com\/tr\/wp-json\/wp\/v2\/types\/page"}],"author":[{"embeddable":true,"href":"https:\/\/northakademi.com\/tr\/wp-json\/wp\/v2\/users\/1"}],"replies":[{"embeddable":true,"href":"https:\/\/northakademi.com\/tr\/wp-json\/wp\/v2\/comments?post=6905"}],"version-history":[{"count":4,"href":"https:\/\/northakademi.com\/tr\/wp-json\/wp\/v2\/pages\/6905\/revisions"}],"predecessor-version":[{"id":7031,"href":"https:\/\/northakademi.com\/tr\/wp-json\/wp\/v2\/pages\/6905\/revisions\/7031"}],"up":[{"embeddable":true,"href":"https:\/\/northakademi.com\/tr\/wp-json\/wp\/v2\/pages\/6897"}],"wp:attachment":[{"href":"https:\/\/northakademi.com\/tr\/wp-json\/wp\/v2\/media?parent=6905"}],"curies":[{"name":"wp","href":"https:\/\/api.w.org\/{rel}","templated":true}]}}