{"id":6903,"date":"2019-12-24T12:17:08","date_gmt":"2019-12-24T09:17:08","guid":{"rendered":"https:\/\/northakademi.com\/tr\/?page_id=6903"},"modified":"2019-12-24T13:00:51","modified_gmt":"2019-12-24T10:00:51","slug":"yuksekte-calisma-egitimi","status":"publish","type":"page","link":"https:\/\/northakademi.com\/tr\/egitimler\/yuksekte-calisma-egitimi\/","title":{"rendered":"Y\u00fcksekte \u00c7al\u0131\u015fma E\u011fitimi"},"content":{"rendered":"<\/div><\/div><\/div><!-- close content main div --><\/div><\/div><div id='av_section_1' class='avia-section main_color avia-section-default avia-no-shadow avia-bg-style-scroll   av-minimum-height av-minimum-height-custom container_wrap sidebar_right' style = 'background-repeat: no-repeat; background-image: url(https:\/\/northakademi.com\/tr\/wp-content\/uploads\/2019\/12\/slide-north-akademi-siyah-lacivert.jpg); background-attachment: scroll; background-position: top left; ' data-section-bg-repeat='no-repeat' ><div class='container' style='height:150px'><div class='template-page content  av-content-small alpha units'><div class='post-entry post-entry-type-page post-entry-6903'><div class='entry-content-wrapper clearfix'>\n<div style='padding-bottom:10px;color:#ffffff;' class='av-special-heading av-special-heading-h3 custom-color-heading   '><h3 class='av-special-heading-tag '  itemprop=\"headline\"  >Y\u00fcksekte \u00c7al\u0131\u015fma E\u011fitimi<\/h3><div class='special-heading-border'><div class='special-heading-inner-border' style='border-color:#ffffff'><\/div><\/div><\/div>\n<\/div><\/div><\/div><!-- close content main div --><\/div><\/div><div id='after_section_1' class='main_color av_default_container_wrap container_wrap sidebar_right'   ><div class='container' ><div class='template-page content  av-content-small alpha units'><div class='post-entry post-entry-type-page post-entry-6903'><div class='entry-content-wrapper clearfix'><div class='avia-image-container  av-styling-    avia-align-center '  itemprop=\"ImageObject\" itemscope=\"itemscope\" itemtype=\"https:\/\/schema.org\/ImageObject\"  ><div class='avia-image-container-inner'><img class='avia_image ' src='https:\/\/northakademi.com\/tr\/wp-content\/uploads\/2019\/12\/north-akademi-egitim-0124.jpg' alt='' title=''   itemprop=\"thumbnailUrl\"  \/><\/div><\/div><\/p>\n<div class=\"flex_column av_one_full  flex_column_div av-zero-column-padding first  \" style='border-radius:0px; '><section class=\"av_textblock_section \"  itemscope=\"itemscope\" itemtype=\"https:\/\/schema.org\/CreativeWork\" ><div class='avia_textblock  '   itemprop=\"text\" ><p>Y\u00fcksekte \u00e7al\u0131\u015facak personelin g\u00fcvenli bir bi\u00e7imde \u00e7al\u0131\u015fmas\u0131n\u0131 sa\u011flayacak bilgiler ile donanmas\u0131 ve kaza anlar\u0131nda gerekli kurtarma g\u00f6revlerini yerine getirebilecek seviyede e\u011fitilmesini sa\u011flamakt\u0131r.<\/p>\n<p>Alan\u0131nda g\u00f6rev yapan ve i\u015fi gere\u011fi emniyet gerektirecek y\u00fcksekliklerde \u00e7al\u0131\u015fmas\u0131 gereken personele y\u00f6nelik \u00f6zel bir programd\u0131r. Personelin g\u00fcvenli\u011finin sa\u011flanmas\u0131 i\u00e7in gerekli bilgilendirmelerin yan\u0131 s\u0131ra kurtarma becerilerini kazand\u0131ran uygulamalar\u0131 da i\u00e7erir.<\/p>\n<p>B\u00fct\u00fcn uygulamalar alan\u0131na \u00f6zg\u00fc emniyet gereksinimlerine g\u00f6re d\u00fczenlenmi\u015ftir, kurtarma konusu ilave edilerek tamamen i\u015fe \u00f6zel bir program olu\u015fturulmu\u015ftur. Teorik ve pratik e\u011fitim i\u00e7 i\u00e7e verilir. E\u011fitimin bizzat \u00e7al\u0131\u015f\u0131lacak i\u015f yerinde verilmesi etkinli\u011fini artt\u0131rmaktad\u0131r.<\/p>\n<p><strong>E\u011fitim sonunda kat\u0131l\u0131mc\u0131lar\u0131n kazan\u0131lmas\u0131 hedeflenen davran\u0131\u015f \u015fekilleri;<\/strong><\/p>\n<ul>\n<li>Y\u00fcksekte g\u00fcvenli \u00e7al\u0131\u015fman\u0131n yasal dayanaklar\u0131n\u0131 sayabilecekler,<\/li>\n<li>D\u00fc\u015fme kineti\u011fini a\u00e7\u0131klayabilecekler,<\/li>\n<li>Y\u00fcksekte \u00e7al\u0131\u015fma gerektiren i\u015flerden kaynaklanabilecek riskleri de\u011ferlendirebilecekler,<\/li>\n<li>Y\u00fcksekte yap\u0131lan \u00e7al\u0131\u015fmalar s\u0131ras\u0131nda kar\u015f\u0131la\u015f\u0131lan riskli davran\u0131\u015flar\u0131 tan\u0131mlayabilecekler,<\/li>\n<li>Y\u00fcksekte g\u00fcvenli \u00e7al\u0131\u015fma y\u00f6ntemlerini tan\u0131yacaklar,<\/li>\n<li>Y\u00fcksekte yap\u0131lan \u00e7al\u0131\u015fmalarda kullan\u0131lacak ekipman ve donat\u0131lar\u0131n standartlar\u0131n\u0131 kontrol edebilecekler,<\/li>\n<li>Y\u00fcksekte \u00e7al\u0131\u015fma ekipmanlar\u0131 i\u00e7in uygunluk kriterleri belirleyebilecekler,<\/li>\n<li>Ba\u011flant\u0131 noktalar\u0131n\u0131n \u00f6zelliklerini ve se\u00e7im kriterlerini tan\u0131mlayabilecekler,<\/li>\n<li>Emniyet kemerinin do\u011fru ku\u015fan\u0131ld\u0131\u011f\u0131n\u0131 ve uygun do\u011fru merdiven kullan\u0131ld\u0131\u011f\u0131n\u0131 kontrol edip do\u011frulayabilecekler,<\/li>\n<li>Ekipman ve koruyucular\u0131n temizlik, bak\u0131m ve saklanma ko\u015fullar\u0131 konusunda bilgi edineceklerdir.<\/li>\n<\/ul>\n<p><strong>E\u011fitim S\u00fcresi :<\/strong> Her bir Grup i\u00e7in 2 G\u00fcn ( 16 saat )<br \/>\n<strong>E\u011fitim Say\u0131s\u0131 :<\/strong> En fazla 12 ki\u015fi kadar e\u011fitim verilebilmektedir.<\/p>\n<p><strong>Sertifikaland\u0131rma<\/strong><br \/>\n\u0130\u015f G\u00fcvenli\u011fi uzman\u0131m\u0131z ve GWO e\u011fitimine sahip e\u011fitmenimiz g\u00f6zetiminde yap\u0131lan s\u0131navda ba\u015far\u0131l\u0131 olan kat\u0131l\u0131mc\u0131lar; \u201cY\u00fcksekte \u00c7al\u0131\u015fmalarda \u0130\u015f Sa\u011fl\u0131\u011f\u0131 ve G\u00fcvenli\u011fi E\u011fitimi\u201d ba\u015far\u0131 sertifikas\u0131 ile belgelendirilir. Sertifika s\u00fcresi 2 y\u0131l ge\u00e7erlidir.<\/p>\n<\/div><\/section><\/div>\n","protected":false},"excerpt":{"rendered":"","protected":false},"author":1,"featured_media":0,"parent":6897,"menu_order":0,"comment_status":"closed","ping_status":"closed","template":"","meta":{"footnotes":""},"_links":{"self":[{"href":"https:\/\/northakademi.com\/tr\/wp-json\/wp\/v2\/pages\/6903"}],"collection":[{"href":"https:\/\/northakademi.com\/tr\/wp-json\/wp\/v2\/pages"}],"about":[{"href":"https:\/\/northakademi.com\/tr\/wp-json\/wp\/v2\/types\/page"}],"author":[{"embeddable":true,"href":"https:\/\/northakademi.com\/tr\/wp-json\/wp\/v2\/users\/1"}],"replies":[{"embeddable":true,"href":"https:\/\/northakademi.com\/tr\/wp-json\/wp\/v2\/comments?post=6903"}],"version-history":[{"count":4,"href":"https:\/\/northakademi.com\/tr\/wp-json\/wp\/v2\/pages\/6903\/revisions"}],"predecessor-version":[{"id":6970,"href":"https:\/\/northakademi.com\/tr\/wp-json\/wp\/v2\/pages\/6903\/revisions\/6970"}],"up":[{"embeddable":true,"href":"https:\/\/northakademi.com\/tr\/wp-json\/wp\/v2\/pages\/6897"}],"wp:attachment":[{"href":"https:\/\/northakademi.com\/tr\/wp-json\/wp\/v2\/media?parent=6903"}],"curies":[{"name":"wp","href":"https:\/\/api.w.org\/{rel}","templated":true}]}}