{"id":6901,"date":"2019-12-24T12:16:54","date_gmt":"2019-12-24T09:16:54","guid":{"rendered":"https:\/\/northakademi.com\/tr\/?page_id=6901"},"modified":"2024-04-04T15:43:11","modified_gmt":"2024-04-04T12:43:11","slug":"kaldirma-supervizoru-egitimi","status":"publish","type":"page","link":"https:\/\/northakademi.com\/tr\/egitimler\/kaldirma-supervizoru-egitimi\/","title":{"rendered":"Kald\u0131rma S\u00fcperviz\u00f6r\u00fc E\u011fitimi &#8211; Lifting Supervisor Training"},"content":{"rendered":"<\/div><\/div><\/div><!-- close content main div --><\/div><\/div><div id='av_section_1' class='avia-section main_color avia-section-default avia-no-shadow avia-bg-style-scroll   av-minimum-height av-minimum-height-custom container_wrap sidebar_right' style = 'background-repeat: no-repeat; background-image: url(https:\/\/northakademi.com\/tr\/wp-content\/uploads\/2019\/12\/slide-north-akademi-siyah-lacivert.jpg); background-attachment: scroll; background-position: top left; ' data-section-bg-repeat='no-repeat' ><div class='container' style='height:150px'><div class='template-page content  av-content-small alpha units'><div class='post-entry post-entry-type-page post-entry-6901'><div class='entry-content-wrapper clearfix'>\n<div style='padding-bottom:10px;color:#ffffff;' class='av-special-heading av-special-heading-h3 custom-color-heading   '><h3 class='av-special-heading-tag '  itemprop=\"headline\"  >Lifting Supervisor Training<\/h3><div class='special-heading-border'><div class='special-heading-inner-border' style='border-color:#ffffff'><\/div><\/div><\/div>\n<\/div><\/div><\/div><!-- close content main div --><\/div><\/div><div id='after_section_1' class='main_color av_default_container_wrap container_wrap sidebar_right'   ><div class='container' ><div class='template-page content  av-content-small alpha units'><div class='post-entry post-entry-type-page post-entry-6901'><div class='entry-content-wrapper clearfix'><div class='avia-image-container  av-styling-    avia-align-center '  itemprop=\"ImageObject\" itemscope=\"itemscope\" itemtype=\"https:\/\/schema.org\/ImageObject\"  ><div class='avia-image-container-inner'><img class='avia_image ' src='https:\/\/northakademi.com\/tr\/wp-content\/uploads\/2019\/12\/north-akademi-egitim-0124.jpg' alt='' title=''   itemprop=\"thumbnailUrl\"  \/><\/div><\/div><\/p>\n<div class=\"flex_column av_one_full  flex_column_div av-zero-column-padding first  \" style='border-radius:0px; '><section class=\"av_textblock_section \"  itemscope=\"itemscope\" itemtype=\"https:\/\/schema.org\/CreativeWork\" ><div class='avia_textblock  '   itemprop=\"text\" ><ul>\n<li>Kald\u0131rma operasyonlar\u0131 y\u00f6netimi<\/li>\n<li>Kald\u0131rma ara\u00e7 tipleri<\/li>\n<li>Stabilite ve mekanik prensipleri<\/li>\n<li>\u00c7evresel tehlikeler<\/li>\n<li>Vin\u00e7 tipleri<\/li>\n<li>G\u00f6stermeler<\/li>\n<li>Y\u00fck \u015femalar\u0131<\/li>\n<li>Bak\u0131m ve yak\u0131t ikmali<\/li>\n<li>Periyodik kontrol<\/li>\n<li>Kay\u0131t alt\u0131na alma<\/li>\n<li>\u0130nsan kald\u0131rma operasyonlar\u0131<\/li>\n<li>Kaza \u00f6rnekleri kazadan \u00e7\u0131kar\u0131lan dersler<\/li>\n<li>G\u00f6rev ve sorumluluklar<\/li>\n<li>\u0130leti\u015fim<\/li>\n<li>Kald\u0131rma operasyonlar\u0131n\u0131n planlanmas\u0131<\/li>\n<li>Kald\u0131rma operasyonu<\/li>\n<li>Bu e\u011fitimlerden sunulmaktad\u0131r.<\/li>\n<li>Sertifikaland\u0131rma<\/li>\n<\/ul>\n<p>\u0130\u015f G\u00fcvenli\u011fi uzman\u0131m\u0131z ve M\u00fchendislerimizin g\u00f6zetiminde yap\u0131lan s\u0131navda ba\u015far\u0131l\u0131 olan kat\u0131l\u0131mc\u0131lar; \u201cKald\u0131rma S\u00fcperviz\u00f6r\u00fc E\u011fitimi\u201d ba\u015far\u0131 sertifikas\u0131 ile belgelendirilir<\/p>\n<\/div><\/section><\/div>\n<div class='avia-image-container  av-styling-    avia-align-center '  itemprop=\"ImageObject\" itemscope=\"itemscope\" itemtype=\"https:\/\/schema.org\/ImageObject\"  ><div class='avia-image-container-inner'><img class='avia_image ' src='https:\/\/northakademi.com\/tr\/wp-content\/uploads\/2024\/04\/Loler-HSE-Puwer-Dark.png' alt='' title='Loler-HSE-Puwer-Dark'   itemprop=\"thumbnailUrl\"  \/><\/div><\/div>\n","protected":false},"excerpt":{"rendered":"","protected":false},"author":1,"featured_media":0,"parent":6897,"menu_order":0,"comment_status":"closed","ping_status":"closed","template":"","meta":{"footnotes":""},"_links":{"self":[{"href":"https:\/\/northakademi.com\/tr\/wp-json\/wp\/v2\/pages\/6901"}],"collection":[{"href":"https:\/\/northakademi.com\/tr\/wp-json\/wp\/v2\/pages"}],"about":[{"href":"https:\/\/northakademi.com\/tr\/wp-json\/wp\/v2\/types\/page"}],"author":[{"embeddable":true,"href":"https:\/\/northakademi.com\/tr\/wp-json\/wp\/v2\/users\/1"}],"replies":[{"embeddable":true,"href":"https:\/\/northakademi.com\/tr\/wp-json\/wp\/v2\/comments?post=6901"}],"version-history":[{"count":4,"href":"https:\/\/northakademi.com\/tr\/wp-json\/wp\/v2\/pages\/6901\/revisions"}],"predecessor-version":[{"id":7793,"href":"https:\/\/northakademi.com\/tr\/wp-json\/wp\/v2\/pages\/6901\/revisions\/7793"}],"up":[{"embeddable":true,"href":"https:\/\/northakademi.com\/tr\/wp-json\/wp\/v2\/pages\/6897"}],"wp:attachment":[{"href":"https:\/\/northakademi.com\/tr\/wp-json\/wp\/v2\/media?parent=6901"}],"curies":[{"name":"wp","href":"https:\/\/api.w.org\/{rel}","templated":true}]}}