{"id":6311,"date":"2019-12-08T22:20:32","date_gmt":"2019-12-08T19:20:32","guid":{"rendered":"https:\/\/northakademi.com\/tr\/?page_id=6311"},"modified":"2019-12-24T12:13:43","modified_gmt":"2019-12-24T09:13:43","slug":"teknik-uygunluk-belgesi","status":"publish","type":"page","link":"https:\/\/northakademi.com\/tr\/belgelendirme\/urun-belgelendirme\/teknik-uygunluk-belgesi\/","title":{"rendered":"Teknik Uygunluk Belgesi"},"content":{"rendered":"<\/div><\/div><\/div><!-- close content main div --><\/div><\/div><div id='av_section_1' class='avia-section main_color avia-section-default avia-no-shadow avia-bg-style-scroll   av-minimum-height av-minimum-height-custom container_wrap sidebar_right' style = 'background-repeat: no-repeat; background-image: url(https:\/\/northakademi.com\/tr\/wp-content\/uploads\/2019\/12\/slide-north-akademi-siyah-lacivert.jpg); background-attachment: scroll; background-position: top left; ' data-section-bg-repeat='no-repeat' ><div class='container' style='height:150px'><div class='template-page content  av-content-small alpha units'><div class='post-entry post-entry-type-page post-entry-6311'><div class='entry-content-wrapper clearfix'>\n<div style='padding-bottom:10px;color:#ffffff;' class='av-special-heading av-special-heading-h3 custom-color-heading   '><h3 class='av-special-heading-tag '  itemprop=\"headline\"  >Teknik Uygunluk Belgesi<\/h3><div class='special-heading-border'><div class='special-heading-inner-border' style='border-color:#ffffff'><\/div><\/div><\/div>\n<\/div><\/div><\/div><!-- close content main div --><\/div><\/div><div id='after_section_1' class='main_color av_default_container_wrap container_wrap sidebar_right'   ><div class='container' ><div class='template-page content  av-content-small alpha units'><div class='post-entry post-entry-type-page post-entry-6311'><div class='entry-content-wrapper clearfix'>\n<div class='avia-image-container  av-styling-    avia-align-center '  itemprop=\"ImageObject\" itemscope=\"itemscope\" itemtype=\"https:\/\/schema.org\/ImageObject\"  ><div class='avia-image-container-inner'><img class='avia_image ' src='https:\/\/northakademi.com\/tr\/wp-content\/uploads\/2019\/12\/teknik-yeterlilik-belgesi-north-akademi-01.jpg' alt='' title=''   itemprop=\"thumbnailUrl\"  \/><\/div><\/div>\n<div class=\"flex_column av_one_full  flex_column_div av-zero-column-padding first  \" style='border-radius:0px; '><section class=\"av_textblock_section \"  itemscope=\"itemscope\" itemtype=\"https:\/\/schema.org\/CreativeWork\" ><div class='avia_textblock  '   itemprop=\"text\" ><p>Belirtilen Lokasyonlarda \u0130\u015f Sa\u011fl\u0131\u011f\u0131 ve G\u00fcvenli\u011fi ile Teknik Y\u00f6nden Yap\u0131lan \u0130nceleme Sonucunda Kurulumun Yap\u0131lan Makinalar\u0131n Teknik Y\u00f6nden Kurulum Sonras\u0131 \u00c7al\u0131\u015fabilir Raporu haz\u0131rlamaktad\u0131r.<\/p>\n<p>\u00c7evre ve Sosyal G\u00fcvenlik Bakanl\u0131\u011f\u0131 25.04.2013 tairihli resmi gazetede yay\u0131nlanan 28628 say\u0131l\u0131 \u201c \u0130\u015e EK\u0130PMANLARININ KULLANILMASINDA SA\u011eLIK VE G\u00dcVENL\u0130K \u015eARTLARI Y\u00d6NETMEL\u0130\u011e\u0130\u201d ne g\u00f6re makinan\u0131n ve \u00e7al\u0131\u015fma ortam\u0131n\u0131n teknik y\u00f6nden uygun olup olmad\u0131\u011f\u0131 incelenmektedir.<\/p>\n<\/div><\/section><\/div>\n","protected":false},"excerpt":{"rendered":"","protected":false},"author":1,"featured_media":0,"parent":6261,"menu_order":0,"comment_status":"closed","ping_status":"closed","template":"","meta":{"footnotes":""},"_links":{"self":[{"href":"https:\/\/northakademi.com\/tr\/wp-json\/wp\/v2\/pages\/6311"}],"collection":[{"href":"https:\/\/northakademi.com\/tr\/wp-json\/wp\/v2\/pages"}],"about":[{"href":"https:\/\/northakademi.com\/tr\/wp-json\/wp\/v2\/types\/page"}],"author":[{"embeddable":true,"href":"https:\/\/northakademi.com\/tr\/wp-json\/wp\/v2\/users\/1"}],"replies":[{"embeddable":true,"href":"https:\/\/northakademi.com\/tr\/wp-json\/wp\/v2\/comments?post=6311"}],"version-history":[{"count":4,"href":"https:\/\/northakademi.com\/tr\/wp-json\/wp\/v2\/pages\/6311\/revisions"}],"predecessor-version":[{"id":6896,"href":"https:\/\/northakademi.com\/tr\/wp-json\/wp\/v2\/pages\/6311\/revisions\/6896"}],"up":[{"embeddable":true,"href":"https:\/\/northakademi.com\/tr\/wp-json\/wp\/v2\/pages\/6261"}],"wp:attachment":[{"href":"https:\/\/northakademi.com\/tr\/wp-json\/wp\/v2\/media?parent=6311"}],"curies":[{"name":"wp","href":"https:\/\/api.w.org\/{rel}","templated":true}]}}