{"id":6305,"date":"2019-12-08T22:19:18","date_gmt":"2019-12-08T19:19:18","guid":{"rendered":"https:\/\/northakademi.com\/tr\/?page_id=6305"},"modified":"2020-03-02T00:18:18","modified_gmt":"2020-03-01T21:18:18","slug":"helal-belgesi","status":"publish","type":"page","link":"https:\/\/northakademi.com\/tr\/belgelendirme\/urun-belgelendirme\/helal-belgesi\/","title":{"rendered":"Helal G\u0131da Belgesi"},"content":{"rendered":"<\/div><\/div><\/div><!-- close content main div --><\/div><\/div><div id='av_section_1' class='avia-section main_color avia-section-default avia-no-shadow avia-bg-style-scroll   av-minimum-height av-minimum-height-custom container_wrap sidebar_right' style = 'background-repeat: no-repeat; background-image: url(https:\/\/northakademi.com\/tr\/wp-content\/uploads\/2019\/12\/slide-north-akademi-siyah-lacivert.jpg); background-attachment: scroll; background-position: top left; ' data-section-bg-repeat='no-repeat' ><div class='container' style='height:150px'><div class='template-page content  av-content-small alpha units'><div class='post-entry post-entry-type-page post-entry-6305'><div class='entry-content-wrapper clearfix'>\n<div style='padding-bottom:10px;color:#ffffff;' class='av-special-heading av-special-heading-h3 custom-color-heading   '><h3 class='av-special-heading-tag '  itemprop=\"headline\"  >Helal Belgesi<\/h3><div class='special-heading-border'><div class='special-heading-inner-border' style='border-color:#ffffff'><\/div><\/div><\/div>\n<\/div><\/div><\/div><!-- close content main div --><\/div><\/div><div id='after_section_1' class='main_color av_default_container_wrap container_wrap sidebar_right'   ><div class='container' ><div class='template-page content  av-content-small alpha units'><div class='post-entry post-entry-type-page post-entry-6305'><div class='entry-content-wrapper clearfix'><div class='avia-image-container  av-styling-    avia-align-center '  itemprop=\"ImageObject\" itemscope=\"itemscope\" itemtype=\"https:\/\/schema.org\/ImageObject\"  ><div class='avia-image-container-inner'><img class='avia_image ' src='https:\/\/northakademi.com\/tr\/wp-content\/uploads\/2019\/12\/helal-belgesi-north-akdemi-014.jpg' alt='' title=''   itemprop=\"thumbnailUrl\"  \/><\/div><\/div><\/p>\n<div class=\"flex_column av_one_full  flex_column_div av-zero-column-padding first  \" style='border-radius:0px; '><section class=\"av_textblock_section \"  itemscope=\"itemscope\" itemtype=\"https:\/\/schema.org\/CreativeWork\" ><div class='avia_textblock  '   itemprop=\"text\" ><p><strong>Helal (G\u0131da) Nedir?<\/strong><\/p>\n<p>Helal, yasal veya izin verilen anlamlar\u0131na gelen Arap\u00e7a k\u00f6kenli bir s\u00f6zc\u00fckt\u00fcr. G\u0131da konusuna gelindi\u011finde ise helal, Kur\u2019an\u2019da belirtildi\u011fi \u00fczere bir beslenme standard\u0131d\u0131r. Helalin z\u0131tt\u0131 yasa d\u0131\u015f\u0131 veya yasaklanm\u0131\u015f anlamlar\u0131na gelen haramd\u0131r. Helal ve haram, \u00f6zellikle M\u00fcsl\u00fcman bireylerce hayat\u0131n t\u00fcm y\u00f6nlerine uygulanabilen evrensel terimlerdir. Bununla birlikte bu terimler genellikle g\u0131da \u00fcr\u00fcnleri, et \u00fcr\u00fcnleri, kozmetik \u00fcr\u00fcnler, ki\u015fisel bak\u0131m \u00fcr\u00fcnleri, farmas\u00f6tikler, g\u0131da bile\u015fenleri ve g\u0131dayla temas eden malzemeler ile ili\u015fkili olarak kullan\u0131lmaktad\u0131r.<br \/>\nBir\u00e7ok g\u0131da veya madde a\u00e7\u0131k\u00e7a helal veya haram olarak adland\u0131r\u0131labilse de, helal veya haram oldu\u011fu net olmayan baz\u0131 \u015feyler bulunmaktad\u0131r. Bunlar\u0131 helal veya haram olarak s\u0131n\u0131fland\u0131rmak i\u00e7in daha fazla bilgiye ihtiya\u00e7 bulunur. Bu t\u00fcr maddeler genellikle \u015f\u00fcpheli veya tart\u0131\u015fmal\u0131 olarak adland\u0131r\u0131l\u0131r.<\/p>\n<p><strong>Helal G\u0131da ve \u00dcr\u00fcnler Nelerdir?<\/strong><\/p>\n<p>\u0130slamiyette genelde her g\u0131da Kur&#8217;an veya Hadis taraf\u0131ndan \u00f6zellikle yasaklanmad\u0131\u011f\u0131 s\u00fcrece helal kabul edilmektedir. Bununla birlikte resmi tan\u0131m gere\u011fi, helal g\u0131dalar \u015fu \u00f6zelliklere sahip olmal\u0131d\u0131rlar:<\/p>\n<ul>\n<li>M\u00fcsl\u00fcmanlar\u0131n \u0130slam hukukuna g\u00f6re t\u00fcketmelerinin yasak oldu\u011fu herhangi bir bile\u015fen i\u00e7ermemek,<\/li>\n<li>\u0130slami kurallara g\u00f6re temizlenmi\u015f mutfak e\u015fyalar\u0131, ekipman ve makineler kullan\u0131larak i\u015flenmi\u015f, \u00fcretilmi\u015f ve depolanm\u0131\u015f olmak.<\/li>\n<li>A\u015fa\u011f\u0131da belirtilen \u00fcr\u00fcnler d\u0131\u015f\u0131nda kalan \u00fcr\u00fcnler helal olarak kabul edilmektedir:<\/li>\n<li>Domuz ve onun yan \u00fcr\u00fcnleri,<\/li>\n<\/ul>\n<p><strong>\u0130slami usullere uygun olarak kesilmeyen veya kesimden \u00f6nce \u00f6l\u00fc olan hayvanlar,<\/strong><\/p>\n<ul>\n<li>Alkoll\u00fc i\u00e7ecekler ve sarho\u015f edici maddeler,<\/li>\n<li>Et\u00e7il hayvanlar ve y\u0131rt\u0131c\u0131 ku\u015flar,<\/li>\n<li>Kan ve kan yan \u00fcr\u00fcnleri,<\/li>\n<li>Yukar\u0131da say\u0131lan \u00fcr\u00fcnlerden herhangi birisi bula\u015fm\u0131\u015f \u00fcr\u00fcnler.<\/li>\n<\/ul>\n<p><strong>HELAL Belgesi\u2019ni Kimler Alabilir?<\/strong><\/p>\n<p>G\u0131da, ila\u00e7 ve kozmetik sekt\u00f6rlerinde faaliyet g\u00f6steren firmalar\u0131n Helal Belgesi alabilmeleri i\u00e7in ISO 22000, FSSC, BRC, IFS ve ISO 22716 GMP belgelerinden birisine sahip olmalar\u0131 gerekmektedir. G\u0131da sekt\u00f6r\u00fc i\u00e7in bu sertifikalardan birine sahip olmayan firmalar HELAL Belgelendirme ile birlikte ISO 22000 belgelendirmesini bir arada ger\u00e7ekle\u015ftirebilirler. Kozmetik sekt\u00f6r\u00fc i\u00e7inse HELAL Belgesi alabilmek i\u00e7in ISO 22716 GMP Belgesi bulunmal\u0131d\u0131r, ya da bu denetimler bir arada ger\u00e7ekle\u015ftirilebilir. WHO, Kodeks, FDA gibi kabul g\u00f6rm\u00fc\u015f kurulu\u015flarca belli bir limit konmu\u015f, kullan\u0131m\u0131 s\u0131n\u0131rland\u0131r\u0131lm\u0131\u015f maddelerin limit kontrol\u00fc gerekir.<\/p>\n<p>HELAL belgesi \u00fc\u00e7 y\u0131l s\u00fcreyle ge\u00e7erli olup, denetimler her y\u0131l tekrarlanmaktad\u0131r.<\/p>\n<\/div><\/section><\/div>\n","protected":false},"excerpt":{"rendered":"","protected":false},"author":1,"featured_media":0,"parent":6261,"menu_order":0,"comment_status":"closed","ping_status":"closed","template":"","meta":{"footnotes":""},"_links":{"self":[{"href":"https:\/\/northakademi.com\/tr\/wp-json\/wp\/v2\/pages\/6305"}],"collection":[{"href":"https:\/\/northakademi.com\/tr\/wp-json\/wp\/v2\/pages"}],"about":[{"href":"https:\/\/northakademi.com\/tr\/wp-json\/wp\/v2\/types\/page"}],"author":[{"embeddable":true,"href":"https:\/\/northakademi.com\/tr\/wp-json\/wp\/v2\/users\/1"}],"replies":[{"embeddable":true,"href":"https:\/\/northakademi.com\/tr\/wp-json\/wp\/v2\/comments?post=6305"}],"version-history":[{"count":4,"href":"https:\/\/northakademi.com\/tr\/wp-json\/wp\/v2\/pages\/6305\/revisions"}],"predecessor-version":[{"id":7125,"href":"https:\/\/northakademi.com\/tr\/wp-json\/wp\/v2\/pages\/6305\/revisions\/7125"}],"up":[{"embeddable":true,"href":"https:\/\/northakademi.com\/tr\/wp-json\/wp\/v2\/pages\/6261"}],"wp:attachment":[{"href":"https:\/\/northakademi.com\/tr\/wp-json\/wp\/v2\/media?parent=6305"}],"curies":[{"name":"wp","href":"https:\/\/api.w.org\/{rel}","templated":true}]}}