{"id":6303,"date":"2019-12-08T22:19:03","date_gmt":"2019-12-08T19:19:03","guid":{"rendered":"https:\/\/northakademi.com\/tr\/?page_id=6303"},"modified":"2019-12-24T00:19:15","modified_gmt":"2019-12-23T21:19:15","slug":"ce-belgesi","status":"publish","type":"page","link":"https:\/\/northakademi.com\/tr\/belgelendirme\/urun-belgelendirme\/ce-belgesi\/","title":{"rendered":"CE Belgesi"},"content":{"rendered":"<\/div><\/div><\/div><!-- close content main div --><\/div><\/div><div id='av_section_1' class='avia-section main_color avia-section-default avia-no-shadow avia-bg-style-scroll   av-minimum-height av-minimum-height-custom container_wrap sidebar_right' style = 'background-repeat: no-repeat; background-image: url(https:\/\/northakademi.com\/tr\/wp-content\/uploads\/2019\/12\/slide-north-akademi-siyah-lacivert.jpg); background-attachment: scroll; background-position: top left; ' data-section-bg-repeat='no-repeat' ><div class='container' style='height:150px'><div class='template-page content  av-content-small alpha units'><div class='post-entry post-entry-type-page post-entry-6303'><div class='entry-content-wrapper clearfix'>\n<div style='padding-bottom:10px;color:#ffffff;' class='av-special-heading av-special-heading-h3 custom-color-heading   '><h3 class='av-special-heading-tag '  itemprop=\"headline\"  >CE Belgesi<\/h3><div class='special-heading-border'><div class='special-heading-inner-border' style='border-color:#ffffff'><\/div><\/div><\/div>\n<\/div><\/div><\/div><!-- close content main div --><\/div><\/div><div id='after_section_1' class='main_color av_default_container_wrap container_wrap sidebar_right'   ><div class='container' ><div class='template-page content  av-content-small alpha units'><div class='post-entry post-entry-type-page post-entry-6303'><div class='entry-content-wrapper clearfix'><div class='avia-image-container  av-styling-    avia-align-center '  itemprop=\"ImageObject\" itemscope=\"itemscope\" itemtype=\"https:\/\/schema.org\/ImageObject\"  ><div class='avia-image-container-inner'><img class='avia_image ' src='https:\/\/northakademi.com\/tr\/wp-content\/uploads\/2019\/12\/ce-belgesi-north-102.jpg' alt='' title=''   itemprop=\"thumbnailUrl\"  \/><\/div><\/div><\/p>\n<div class=\"flex_column av_one_full  flex_column_div av-zero-column-padding first  \" style='border-radius:0px; '><section class=\"av_textblock_section \"  itemscope=\"itemscope\" itemtype=\"https:\/\/schema.org\/CreativeWork\" ><div class='avia_textblock  '   itemprop=\"text\" ><p><strong>CE BELGES\u0130 NASIL ALINIR?<\/strong><br \/>\nTest, muayene ve\/veya CE sertifikasyon \u00e7al\u0131\u015fmalar\u0131 i\u00e7eren \u00fcr\u00fcn uygunlu\u011funu de\u011ferlendirme prosed\u00fcrleri (mod\u00fcller) takip edilerek, \u00fcr\u00fcn piyasaya \u00e7\u0131kmadan \u00f6nce bu i\u015flemler tamamlanm\u0131\u015f olmal\u0131d\u0131r. \u00dcreticilerimiz, \u00fcr\u00fcnlerinin kapsamlar\u0131 i\u00e7erisinde bulunduklar\u0131 y\u00f6netmelikleri do\u011frulayarak gerekiyorsa bu alanda uygunluk de\u011ferlendirme i\u015flemi sunmak i\u00e7in yetkilendirilmi\u015f onaylanm\u0131\u015f kurulu\u015flara ba\u015fvurmal\u0131d\u0131rlar.<\/p>\n<p>CE \u0130\u015faretinin \u015fekli a\u015fa\u011f\u0131daki gibi olmal\u0131d\u0131r, boyutlar\u0131 de\u011fi\u015fse bile oranlara uyulmal\u0131d\u0131r. CE i\u015fareti \u00fcr\u00fcn bilgi levhas\u0131\/etiketi \u00fczerine g\u00f6r\u00fcn\u00fcr, okunakl\u0131, silinemez bir \u015fekilde ili\u015ftirilmelidir. \u00dcr\u00fcn\u00fcn do\u011fas\u0131ndan kaynaklanan sebeplerden \u00f6t\u00fcr\u00fc bu \u015fartlar sa\u011flanamazsa \u00fcr\u00fcn\u00fcn paketine ya da uygun dok\u00fcmanlara ili\u015ftirilmelidir.<\/p>\n<p><strong>TEMEL GEREKLER<\/strong><br \/>\nAB y\u00f6netmeliklerinin ba\u015fl\u0131ca \u00f6zelli\u011fi, CE i\u015fareti ta\u015f\u0131yacak \u00fcr\u00fcnlerin y\u00fcksek sa\u011fl\u0131k ve g\u00fcvenlik gereklerini ortaya koyan temel gereklerle s\u0131n\u0131rland\u0131r\u0131lm\u0131\u015f olmalar\u0131d\u0131r. Temel gerekler \u00fcr\u00fcn\u00fcn do\u011fas\u0131nda olan tehlikeleri ifade eder, bu y\u00fczden \u00fcreticiler e\u011fer kulland\u0131klar\u0131 harmonize standartlarda yer alm\u0131yorsa risk analizlerini yap\u0131p teknik dosyalar\u0131nda bulundurmal\u0131d\u0131rlar.<br \/>\nTemel gerekler ula\u015f\u0131lmas\u0131 gereken sonu\u00e7lar\u0131 veya elemine edilecek tehlikeleri belirtirken, teknik \u00e7\u00f6z\u00fcmleri veya bu tehlikelerle nas\u0131l ba\u015fa \u00e7\u0131k\u0131laca\u011f\u0131 hakk\u0131nda ipucu vermez. \u00dcreticiler temel gereklere uyumu sa\u011flayacak kesin \u00e7\u00f6z\u00fcmlere ve uygulama detaylar\u0131na ilgili harmonize standartlar\u0131 veya \u015fartnameleri kullanarak ula\u015fabilir.<\/p>\n<p><strong>TEKN\u0130K DOSYA ( TEKN\u0130K D\u00d6K\u00dcMANTASYON ) NELER\u0130 \u0130\u00c7ERMEL\u0130D\u0130R?<\/strong><br \/>\nAB harmonize y\u00f6netmelikleri, \u00fcreticilere \u00fcr\u00fcnlerinin temel gereklere uygun oldu\u011funu kan\u0131tlayacak bilgileri i\u00e7eren bir teknik dosya haz\u0131rlamak ve bu dosyay\u0131 10 sene saklamak zorunlulu\u011fu getirir. \u00dcreticilerimizin veya yetkili temsilcilerinin sorumlulu\u011fu olan teknik dosya, kalite sistem tabanl\u0131 uygunluk de\u011ferlendirme prose\u00fcrlerinde kalite system d\u00f6k\u00fcmantasyonun bir par\u00e7as\u0131 olabilir.<br \/>\nTeknik dosyada bulunmas\u0131 gerekenler her y\u00f6netmelikte ayr\u0131nt\u0131l\u0131 bir \u015fekilde belirtilse de genel olarak \u00fcr\u00fcn\u00fcn tan\u0131mlamas\u0131, kullan\u0131m amac\u0131, dizayn, \u00fcretim, operasyonla ilgili bilgi ve d\u00f6k\u00fcmanlar\u0131 i\u00e7erir. Web sayfam\u0131zda da bu bilgilere ula\u015fabilirsiniz.<\/p>\n<p><strong>CE BELGES\u0130 &amp; UYGUNLUK DE\u011eERLEND\u0130RME MOD\u00dcLLER\u0130<\/strong><br \/>\nUygunluk de\u011ferlendirme mod\u00fclleri tasar\u0131m ve \u00fcretim a\u015famalar\u0131n\u0131 kapsar. Baz\u0131 mod\u00fcller sadece bir baz\u0131lar\u0131 da iki a\u015famay\u0131 birden kapsar. Uygunluk de\u011ferlendirme mod\u00fcllleri 8 ana kategoriden olu\u015fmaktad\u0131r;<\/p>\n<ul>\n<li>Mod\u00fcl A, A1, A2 \u2013 \u0130\u00e7 \u00fcretim kontrol\u00fc<\/li>\n<li>Mod\u00fcl B \u2013 AT tip incelemesi<\/li>\n<li>Mod\u00fcl C, C1, C2 \u2013 \u00dcretimin dahili kontrol\u00fcne dayal\u0131 tipe uygunluk<\/li>\n<li>Mod\u00fcl D, D1 \u2013 \u00dcretim s\u00fcrecinin kalite g\u00fcvencesine dayal\u0131 tipe uygunluk<\/li>\n<li>Mod\u00fcl E, E1 \u2013 \u00dcr\u00fcn kalite g\u00fcvencesine dayal\u0131 tipe uygunluk<\/li>\n<li>Mod\u00fcl F, F1 \u2013 \u00dcr\u00fcn do\u011frulamas\u0131na dayal\u0131 tipe uygunluk<\/li>\n<li>Mod\u00fcl G \u2013 Birim do\u011frulamas\u0131na dayal\u0131 uygunluk<\/li>\n<li>Mod\u00fcl H, H1 \u2013 Tam kalite g\u00fcvencesine uygunluk<\/li>\n<\/ul>\n<\/div><\/section><\/div>\n","protected":false},"excerpt":{"rendered":"","protected":false},"author":1,"featured_media":0,"parent":6261,"menu_order":0,"comment_status":"closed","ping_status":"closed","template":"","meta":{"footnotes":""},"_links":{"self":[{"href":"https:\/\/northakademi.com\/tr\/wp-json\/wp\/v2\/pages\/6303"}],"collection":[{"href":"https:\/\/northakademi.com\/tr\/wp-json\/wp\/v2\/pages"}],"about":[{"href":"https:\/\/northakademi.com\/tr\/wp-json\/wp\/v2\/types\/page"}],"author":[{"embeddable":true,"href":"https:\/\/northakademi.com\/tr\/wp-json\/wp\/v2\/users\/1"}],"replies":[{"embeddable":true,"href":"https:\/\/northakademi.com\/tr\/wp-json\/wp\/v2\/comments?post=6303"}],"version-history":[{"count":3,"href":"https:\/\/northakademi.com\/tr\/wp-json\/wp\/v2\/pages\/6303\/revisions"}],"predecessor-version":[{"id":6836,"href":"https:\/\/northakademi.com\/tr\/wp-json\/wp\/v2\/pages\/6303\/revisions\/6836"}],"up":[{"embeddable":true,"href":"https:\/\/northakademi.com\/tr\/wp-json\/wp\/v2\/pages\/6261"}],"wp:attachment":[{"href":"https:\/\/northakademi.com\/tr\/wp-json\/wp\/v2\/media?parent=6303"}],"curies":[{"name":"wp","href":"https:\/\/api.w.org\/{rel}","templated":true}]}}