{"id":6301,"date":"2019-12-08T22:15:30","date_gmt":"2019-12-08T19:15:30","guid":{"rendered":"https:\/\/northakademi.com\/tr\/?page_id=6301"},"modified":"2019-12-24T03:44:10","modified_gmt":"2019-12-24T00:44:10","slug":"iso-45001-is-sagligi-ve-guvenligi-yonetim-sistemi","status":"publish","type":"page","link":"https:\/\/northakademi.com\/tr\/belgelendirme\/sistem-belgelendirme\/iso-45001-is-sagligi-ve-guvenligi-yonetim-sistemi\/","title":{"rendered":"ISO 45001 \u0130\u015f Sa\u011fl\u0131\u011f\u0131 ve G\u00fcvenli\u011fi Y\u00f6netim Sistemi"},"content":{"rendered":"<\/div><\/div><\/div><!-- close content main div --><\/div><\/div><div id='av_section_1' class='avia-section main_color avia-section-default avia-no-shadow avia-bg-style-scroll   av-minimum-height av-minimum-height-custom container_wrap sidebar_right' style = 'background-repeat: no-repeat; background-image: url(https:\/\/northakademi.com\/tr\/wp-content\/uploads\/2019\/12\/slide-north-akademi-siyah-lacivert.jpg); background-attachment: scroll; background-position: top left; ' data-section-bg-repeat='no-repeat' ><div class='container' style='height:150px'><div class='template-page content  av-content-small alpha units'><div class='post-entry post-entry-type-page post-entry-6301'><div class='entry-content-wrapper clearfix'>\n<div style='padding-bottom:10px;color:#ffffff;' class='av-special-heading av-special-heading-h3 custom-color-heading   '><h3 class='av-special-heading-tag '  itemprop=\"headline\"  >ISO 45001 \u0130\u015f Sa\u011fl\u0131\u011f\u0131 ve G\u00fcvenli\u011fi Y\u00f6netim Sistemi<\/h3><div class='special-heading-border'><div class='special-heading-inner-border' style='border-color:#ffffff'><\/div><\/div><\/div>\n<\/div><\/div><\/div><!-- close content main div --><\/div><\/div><div id='after_section_1' class='main_color av_default_container_wrap container_wrap sidebar_right'   ><div class='container' ><div class='template-page content  av-content-small alpha units'><div class='post-entry post-entry-type-page post-entry-6301'><div class='entry-content-wrapper clearfix'><div class='avia-image-container  av-styling-    avia-align-center '  itemprop=\"ImageObject\" itemscope=\"itemscope\" itemtype=\"https:\/\/schema.org\/ImageObject\"  ><div class='avia-image-container-inner'><img class='avia_image ' src='https:\/\/northakademi.com\/tr\/wp-content\/uploads\/2019\/12\/iso-45001-is-sagligi-north-akademi.jpg' alt='' title=''   itemprop=\"thumbnailUrl\"  \/><\/div><\/div><\/p>\n<div class=\"flex_column av_one_full  flex_column_div av-zero-column-padding first  \" style='border-radius:0px; '><section class=\"av_textblock_section \"  itemscope=\"itemscope\" itemtype=\"https:\/\/schema.org\/CreativeWork\" ><div class='avia_textblock  '   itemprop=\"text\" ><p>Etkili bir \u0130\u015f Sa\u011fl\u0131\u011f\u0131 ve G\u00fcvenli\u011fi Y\u00f6netim Sistemi, en de\u011ferli varl\u0131\u011f\u0131n\u0131z olan \u00e7al\u0131\u015fanlar\u0131n\u0131z\u0131 koruman\u0131z konusunda size yard\u0131m edecek ve i\u015f m\u00fckemmelli\u011fine ula\u015fman\u0131z\u0131 sa\u011flayacakt\u0131r.<\/p>\n<p><strong>ISO 45001:2018 size \u015fu faydalar\u0131 sa\u011flayacakt\u0131r;<\/strong><\/p>\n<ul>\n<li>Proaktif risk \u00f6nleme ve \u0130S&amp;G performans\u0131n\u0131n s\u00fcrekli iyile\u015ftirilmesi yoluyla organizasyonel dayan\u0131kl\u0131l\u0131\u011f\u0131n artmas\u0131<\/li>\n<li>Yasal ve d\u00fczenleyici uygunlu\u011fun g\u00fc\u00e7lendirilmesi<\/li>\n<li>G\u00fcvenli, sa\u011fl\u0131kl\u0131 ve s\u00fcrd\u00fcr\u00fclebilir \u00e7al\u0131\u015fmaya olan ba\u011fl\u0131l\u0131\u011f\u0131n\u0131z\u0131 g\u00f6stererek sosyal sorumluluk bilincinizi kan\u0131tlama<\/li>\n<li>\u00c7al\u0131\u015fanlar\u0131n\u0131z i\u00e7in daha iyi bir \u00e7al\u0131\u015fma ortam\u0131 yaratmak ve i\u015f kazalar\u0131n\u0131 en aza indirmek<\/li>\n<li>Marka ve kurumsal itibar\u0131n\u0131z\u0131 korumak<\/li>\n<\/ul>\n<p><strong>SO 45001, kurulu\u015funuz i\u00e7in neden gereklidir?<\/strong><\/p>\n<p>ISO 45001, i\u015f kazalar\u0131n\u0131n ve meslek hastal\u0131klar\u0131n\u0131n \u00f6nlenmesi, g\u00fcvenli ve sa\u011fl\u0131kl\u0131 \u00e7al\u0131\u015fma ortamlar\u0131n\u0131n sa\u011flanmas\u0131 i\u00e7in tasarlanm\u0131\u015ft\u0131r.<br \/>\nUluslararas\u0131 faaliyet g\u00f6steren veya ticaret yapan kurulu\u015flar i\u00e7in, co\u011frafi, politik, ekonomik, ticari ve sosyal s\u0131n\u0131rlar\u0131 a\u015fan tek bir uluslararas\u0131 standartla \u00e7al\u0131\u015fmak i\u015finizi kolayla\u015ft\u0131rabilir.<\/p>\n<p>OHSAS 18001 belgeliyseniz veya ANSI\/ASSE Z10 2012, CAN\/CSAZ1000-14, AS\/NZS 48001: 2001 gibi ulusal standartlarla \u00e7al\u0131\u015f\u0131yorsan\u0131z sisteminizi ISO 45001&#8217;e y\u00fckseltmek i\u00e7in \u015fimdi m\u00fckemmel bir zaman.<\/p>\n<p>E\u011fer i\u015f sa\u011fl\u0131\u011f\u0131 ve g\u00fcvenli\u011fi y\u00f6netiminde yeniyseniz, ISO 45001 size en iyi uygulama rehberi olarak da yard\u0131mc\u0131 olabilir.<\/p>\n<\/div><\/section><\/div>\n","protected":false},"excerpt":{"rendered":"","protected":false},"author":1,"featured_media":0,"parent":6259,"menu_order":0,"comment_status":"closed","ping_status":"closed","template":"","meta":{"footnotes":""},"_links":{"self":[{"href":"https:\/\/northakademi.com\/tr\/wp-json\/wp\/v2\/pages\/6301"}],"collection":[{"href":"https:\/\/northakademi.com\/tr\/wp-json\/wp\/v2\/pages"}],"about":[{"href":"https:\/\/northakademi.com\/tr\/wp-json\/wp\/v2\/types\/page"}],"author":[{"embeddable":true,"href":"https:\/\/northakademi.com\/tr\/wp-json\/wp\/v2\/users\/1"}],"replies":[{"embeddable":true,"href":"https:\/\/northakademi.com\/tr\/wp-json\/wp\/v2\/comments?post=6301"}],"version-history":[{"count":3,"href":"https:\/\/northakademi.com\/tr\/wp-json\/wp\/v2\/pages\/6301\/revisions"}],"predecessor-version":[{"id":6883,"href":"https:\/\/northakademi.com\/tr\/wp-json\/wp\/v2\/pages\/6301\/revisions\/6883"}],"up":[{"embeddable":true,"href":"https:\/\/northakademi.com\/tr\/wp-json\/wp\/v2\/pages\/6259"}],"wp:attachment":[{"href":"https:\/\/northakademi.com\/tr\/wp-json\/wp\/v2\/media?parent=6301"}],"curies":[{"name":"wp","href":"https:\/\/api.w.org\/{rel}","templated":true}]}}