{"id":6299,"date":"2019-12-08T22:15:07","date_gmt":"2019-12-08T19:15:07","guid":{"rendered":"https:\/\/northakademi.com\/tr\/?page_id=6299"},"modified":"2019-12-24T03:38:47","modified_gmt":"2019-12-24T00:38:47","slug":"iso-3834-en-15085-kaynakli-imalat-yeterlilik-yonetim-sistemi","status":"publish","type":"page","link":"https:\/\/northakademi.com\/tr\/belgelendirme\/sistem-belgelendirme\/iso-3834-en-15085-kaynakli-imalat-yeterlilik-yonetim-sistemi\/","title":{"rendered":"ISO 3834 (EN 15085) Kaynakl\u0131 \u0130malat Yeterlilik Y\u00f6netim Sistemi"},"content":{"rendered":"<\/div><\/div><\/div><!-- close content main div --><\/div><\/div><div id='av_section_1' class='avia-section main_color avia-section-default avia-no-shadow avia-bg-style-scroll   av-minimum-height av-minimum-height-custom container_wrap sidebar_right' style = 'background-repeat: no-repeat; background-image: url(https:\/\/northakademi.com\/tr\/wp-content\/uploads\/2019\/12\/slide-north-akademi-siyah-lacivert.jpg); background-attachment: scroll; background-position: top left; ' data-section-bg-repeat='no-repeat' ><div class='container' style='height:150px'><div class='template-page content  av-content-small alpha units'><div class='post-entry post-entry-type-page post-entry-6299'><div class='entry-content-wrapper clearfix'>\n<div style='padding-bottom:10px;color:#ffffff;' class='av-special-heading av-special-heading-h3 custom-color-heading   '><h3 class='av-special-heading-tag '  itemprop=\"headline\"  >ISO 3834 (EN 15085) Kaynakl\u0131 \u0130malat Yeterlilik Y\u00f6netim Sistemi<\/h3><div class='special-heading-border'><div class='special-heading-inner-border' style='border-color:#ffffff'><\/div><\/div><\/div>\n<\/div><\/div><\/div><!-- close content main div --><\/div><\/div><div id='after_section_1' class='main_color av_default_container_wrap container_wrap sidebar_right'   ><div class='container' ><div class='template-page content  av-content-small alpha units'><div class='post-entry post-entry-type-page post-entry-6299'><div class='entry-content-wrapper clearfix'><div class='avia-image-container  av-styling-    avia-align-center '  itemprop=\"ImageObject\" itemscope=\"itemscope\" itemtype=\"https:\/\/schema.org\/ImageObject\"  ><div class='avia-image-container-inner'><img class='avia_image ' src='https:\/\/northakademi.com\/tr\/wp-content\/uploads\/2019\/12\/iso-3834-kaynakli-uretim.jpg' alt='' title=''   itemprop=\"thumbnailUrl\"  \/><\/div><\/div><\/p>\n<div class=\"flex_column av_one_full  flex_column_div av-zero-column-padding first  \" style='border-radius:0px; '><section class=\"av_textblock_section \"  itemscope=\"itemscope\" itemtype=\"https:\/\/schema.org\/CreativeWork\" ><div class='avia_textblock  '   itemprop=\"text\" ><p>ilk ad\u0131m olarak, kaynak at\u00f6lyesi kaynak\u00e7\u0131lar\u0131 uygun hale getirmelidir. Yetkin olduklar\u0131ndan emin olmak i\u00e7in, kaynak\u00e7\u0131lar\u0131 test etmek i\u00e7in standart y\u00f6ntemler vard\u0131r. Bir sonraki ad\u0131m, tekrarlanabilirli\u011fi artt\u0131rmak i\u00e7in kaynak talimatlar\u0131n\u0131 ve \/ veya kaynak prosed\u00fcr\u00fc \u015fartlar\u0131n\u0131(WPS) kullanmakt\u0131r. WPS kalifiye olmal\u0131d\u0131r. \u00d6zet olarak WPS WPQR&#8217;a (Kaynak Prosed\u00fcr\u00fc Kalifikasyon Kayd\u0131) dayanmal\u0131d\u0131r.<br \/>\nKaynak at\u00f6lyesinde kaynak g\u00f6revlisi veya kaynak koordinat\u00f6r\u00fc kaynak\u00e7\u0131lar\u0131n kaynaklar\u0131ndan, e\u011fitiminden ve y\u00f6netiminden sorumlu olacakt\u0131r. Kaynak koordinat\u00f6r\u00fcn\u00fcn yetkin olmas\u0131 gerekmektedir. G\u00f6rev ve sorumluluklar\u0131n yan\u0131 s\u0131ra yeterlilik gereksinimleri de ISO 14731&#8217;e g\u00f6re d\u00fczenlenmi\u015ftir.<\/p>\n<p><strong>Ne bilmek istiyorsunuz?<\/strong><\/p>\n<p>Kaynak kalitesinde do\u011frudan ve dolayl\u0131 bir etkiye sahip olan t\u00fcm unsurlar\u0131 dikkate almak i\u00e7in kaynak at\u00f6lyesinin bir kalite g\u00fcvence sistemi olu\u015fturmas\u0131 tavsiye edilir. <strong>EN ISO 3834 yaln\u0131z ba\u015f\u0131na bir standart de\u011fil, 5 standarttan olu\u015fan bir standartlar grubudur.<\/strong><\/p>\n<ul>\n<li>EN ISO 3834-1: Kalite \u015fartlar\u0131n\u0131n uygun seviye se\u00e7imi i\u00e7in kriterler,<\/li>\n<li>EN ISO 3834-2: Kapsaml\u0131 kalite \u015fartlar\u0131,<\/li>\n<li>EN ISO 3834-3: Standart kalite \u015fartlar\u0131,<\/li>\n<li>EN ISO 3834-4: Temel kalite \u015fartlar\u0131,<\/li>\n<li>EN ISO 3834-5: Kalite \u015fartlar\u0131na uygunlu\u011fun teyidi i\u00e7in gerekli dok\u00fcmanlar.<\/li>\n<\/ul>\n<p><strong>Sertifika a\u015fa\u011f\u0131daki b\u00f6l\u00fcmlerden olu\u015fmaktad\u0131r<\/strong><\/p>\n<ul>\n<li>Belge incelenmesi<\/li>\n<li>Belgelendirme Denetimi<\/li>\n<li>Ara Denetim<\/li>\n<li>Yenileme Denetimi<\/li>\n<\/ul>\n<p>Sertifikasyon denetimi tamamland\u0131ktan sonra, y\u0131ll\u0131k periyodik bir denetimin tamamlanmas\u0131 kayd\u0131yla, 3 y\u0131l s\u00fcreyle ge\u00e7erli bir sertifika d\u00fczenlenir. Periyodik bir g\u00f6zden ge\u00e7irme, \u015firketin kalite y\u00f6netim sistemine ba\u011fl\u0131 kalmas\u0131n\u0131 ve sistemin i\u015flevselli\u011fini de\u011ferlendirmesini sa\u011flar. 3 y\u0131l sonra sertifikay\u0131 yenilemek i\u00e7in belgelendirme denetimine benzer daha kapsaml\u0131 bir denetim yap\u0131l\u0131r.<\/p>\n<\/div><\/section><\/div>\n","protected":false},"excerpt":{"rendered":"","protected":false},"author":1,"featured_media":0,"parent":6259,"menu_order":0,"comment_status":"closed","ping_status":"closed","template":"","meta":{"footnotes":""},"_links":{"self":[{"href":"https:\/\/northakademi.com\/tr\/wp-json\/wp\/v2\/pages\/6299"}],"collection":[{"href":"https:\/\/northakademi.com\/tr\/wp-json\/wp\/v2\/pages"}],"about":[{"href":"https:\/\/northakademi.com\/tr\/wp-json\/wp\/v2\/types\/page"}],"author":[{"embeddable":true,"href":"https:\/\/northakademi.com\/tr\/wp-json\/wp\/v2\/users\/1"}],"replies":[{"embeddable":true,"href":"https:\/\/northakademi.com\/tr\/wp-json\/wp\/v2\/comments?post=6299"}],"version-history":[{"count":3,"href":"https:\/\/northakademi.com\/tr\/wp-json\/wp\/v2\/pages\/6299\/revisions"}],"predecessor-version":[{"id":6880,"href":"https:\/\/northakademi.com\/tr\/wp-json\/wp\/v2\/pages\/6299\/revisions\/6880"}],"up":[{"embeddable":true,"href":"https:\/\/northakademi.com\/tr\/wp-json\/wp\/v2\/pages\/6259"}],"wp:attachment":[{"href":"https:\/\/northakademi.com\/tr\/wp-json\/wp\/v2\/media?parent=6299"}],"curies":[{"name":"wp","href":"https:\/\/api.w.org\/{rel}","templated":true}]}}