{"id":6297,"date":"2019-12-08T22:14:37","date_gmt":"2019-12-08T19:14:37","guid":{"rendered":"https:\/\/northakademi.com\/tr\/?page_id=6297"},"modified":"2019-12-24T03:28:05","modified_gmt":"2019-12-24T00:28:05","slug":"fsc-coc-orman-yonetim-sistemi","status":"publish","type":"page","link":"https:\/\/northakademi.com\/tr\/belgelendirme\/sistem-belgelendirme\/fsc-coc-orman-yonetim-sistemi\/","title":{"rendered":"FSC-CoC Orman Y\u00f6netim Sistemi"},"content":{"rendered":"<\/div><\/div><\/div><!-- close content main div --><\/div><\/div><div id='av_section_1' class='avia-section main_color avia-section-default avia-no-shadow avia-bg-style-scroll   av-minimum-height av-minimum-height-custom container_wrap sidebar_right' style = 'background-repeat: no-repeat; background-image: url(https:\/\/northakademi.com\/tr\/wp-content\/uploads\/2019\/12\/slide-north-akademi-siyah-lacivert.jpg); background-attachment: scroll; background-position: top left; ' data-section-bg-repeat='no-repeat' ><div class='container' style='height:150px'><div class='template-page content  av-content-small alpha units'><div class='post-entry post-entry-type-page post-entry-6297'><div class='entry-content-wrapper clearfix'>\n<div style='padding-bottom:10px;color:#ffffff;' class='av-special-heading av-special-heading-h3 custom-color-heading   '><h3 class='av-special-heading-tag '  itemprop=\"headline\"  >FSC-CoC Orman Y\u00f6netim Sistemi<\/h3><div class='special-heading-border'><div class='special-heading-inner-border' style='border-color:#ffffff'><\/div><\/div><\/div>\n<\/div><\/div><\/div><!-- close content main div --><\/div><\/div><div id='after_section_1' class='main_color av_default_container_wrap container_wrap sidebar_right'   ><div class='container' ><div class='template-page content  av-content-small alpha units'><div class='post-entry post-entry-type-page post-entry-6297'><div class='entry-content-wrapper clearfix'><div class='avia-image-container  av-styling-    avia-align-center '  itemprop=\"ImageObject\" itemscope=\"itemscope\" itemtype=\"https:\/\/schema.org\/ImageObject\"  ><div class='avia-image-container-inner'><img class='avia_image ' src='https:\/\/northakademi.com\/tr\/wp-content\/uploads\/2019\/12\/fsc-coc-orman-yonetim-sistemi.jpg' alt='' title=''   itemprop=\"thumbnailUrl\"  \/><\/div><\/div><\/p>\n<div class=\"flex_column av_one_full  flex_column_div av-zero-column-padding first  \" style='border-radius:0px; '><section class=\"av_textblock_section \"  itemscope=\"itemscope\" itemtype=\"https:\/\/schema.org\/CreativeWork\" ><div class='avia_textblock  '   itemprop=\"text\" ><p>Orman Y\u00f6netimi sertifikasyonu orman \u00fcr\u00fcnlerinin do\u011frulanmas\u0131 i\u00e7in g\u00f6n\u00fcll\u00fc bir s\u00fcreci tan\u0131mlar.<br \/>\nBelge 5 i\u00e7in d\u00fczenlenir, 1. y\u0131l sertifikasyon denetimi yap\u0131l\u0131r varsa uygunsuzluklar\u0131n kapat\u0131lmas\u0131n\u0131 takiben sertifika d\u00fczenlenir. di\u011fer y\u0131llar g\u00f6zetim denetimleri ger\u00e7ekle\u015ftirilmesi, olas\u0131 uygunsuzluklar\u0131n kapat\u0131lmas\u0131 , y\u0131ll\u0131k AAF * bedellerinin ve G\u00f6zetim denetimi \u00fccretlerinin d\u00fczenli \u00f6demelerin yap\u0131lmas\u0131 kayd\u0131yla sertifika 5 y\u0131l boyunca ge\u00e7erlili\u011fini s\u00fcrd\u00fcr\u00fcr.<\/p>\n<p><strong>AAF nedir ?<\/strong><\/p>\n<p>The AAF is an Annual Admistration Fee charged by FSC to accredited certification bodies, calculated on a \u201cper certificate\u201d basis. &#8221; AAF ; Annual Administration Fee&#8221; Bas harflerinin k\u0131saltmas\u0131 olan,y\u0131ll\u0131k yonetim \u00fccreti ad\u0131 alt\u0131nda , her sertifika da ciro baz\u0131nda<br \/>\nFSC sertifikasyonunun y\u00f6netim merkezi olan Forest Stewardship Council (Orman Y\u00f6netim Konseyi) taraf\u0131ndan al\u0131nan \u00fccretdir. Bu \u00fccret ile ilgili a\u00e7\u0131klay\u0131c\u0131 bilgi sizinle yap\u0131lan sertifikasyon s\u00f6zle\u015fmesinde de belirtilir, ve her y\u0131l ba\u015f\u0131nda o y\u0131lla ilgili AAF \u00fccreti , belgeli firmaya fatura edilir, ve ilgili y\u0131l\u0131n mart ay\u0131 sonuna kadar \u00f6denmesi beklenir.<\/p>\n<ul>\n<li>Y\u00fcr\u00fcrl\u00fckteki t\u00fcm kanunlara ve s\u00f6zle\u015fmelere uyum<\/li>\n<li>Kan\u0131tlanm\u0131\u015f toprak m\u00fclkiyeti haklar\u0131 sorgulanmas\u0131<\/li>\n<li>Yerel halklar\u0131n haklar\u0131na sayg\u0131<\/li>\n<li>Uzun vadeli \u0130\u015f\u00e7i haklar\u0131n\u0131n korunmas\u0131 ve iyile\u015ftirilmesi<\/li>\n<li>Ormandan adil kullan\u0131m i\u00e7in elde edilen faydalar\u0131n a\u00e7\u0131klanmas\u0131<\/li>\n<li>Ekolojik fonksiyonlar\u0131n orman\u0131n b\u00fct\u00fcnl\u00fc\u011f\u00fcne zarar vermemesi<\/li>\n<li>S\u00fcrekli g\u00fcncellenen uygun bir y\u00f6netim plan\u0131<\/li>\n<li>\u0130zleme faaliyetlerinin \u00e7evresel etkileride kapsamas\u0131<\/li>\n<li>Restorasyon ve do\u011fal ormanlar\u0131 te\u015fvik etmek<\/li>\n<li>\u00c7evresel ve sosyal de\u011ferleri g\u00f6zeten bir bak\u0131m<\/li>\n<\/ul>\n<\/div><\/section><\/div>\n","protected":false},"excerpt":{"rendered":"","protected":false},"author":1,"featured_media":0,"parent":6259,"menu_order":0,"comment_status":"closed","ping_status":"closed","template":"","meta":{"footnotes":""},"_links":{"self":[{"href":"https:\/\/northakademi.com\/tr\/wp-json\/wp\/v2\/pages\/6297"}],"collection":[{"href":"https:\/\/northakademi.com\/tr\/wp-json\/wp\/v2\/pages"}],"about":[{"href":"https:\/\/northakademi.com\/tr\/wp-json\/wp\/v2\/types\/page"}],"author":[{"embeddable":true,"href":"https:\/\/northakademi.com\/tr\/wp-json\/wp\/v2\/users\/1"}],"replies":[{"embeddable":true,"href":"https:\/\/northakademi.com\/tr\/wp-json\/wp\/v2\/comments?post=6297"}],"version-history":[{"count":3,"href":"https:\/\/northakademi.com\/tr\/wp-json\/wp\/v2\/pages\/6297\/revisions"}],"predecessor-version":[{"id":6877,"href":"https:\/\/northakademi.com\/tr\/wp-json\/wp\/v2\/pages\/6297\/revisions\/6877"}],"up":[{"embeddable":true,"href":"https:\/\/northakademi.com\/tr\/wp-json\/wp\/v2\/pages\/6259"}],"wp:attachment":[{"href":"https:\/\/northakademi.com\/tr\/wp-json\/wp\/v2\/media?parent=6297"}],"curies":[{"name":"wp","href":"https:\/\/api.w.org\/{rel}","templated":true}]}}