{"id":6293,"date":"2019-12-08T22:13:46","date_gmt":"2019-12-08T19:13:46","guid":{"rendered":"https:\/\/northakademi.com\/tr\/?page_id=6293"},"modified":"2019-12-24T03:11:28","modified_gmt":"2019-12-24T00:11:28","slug":"iso-15504-yazilim-surec-degerlendirme-sistemi","status":"publish","type":"page","link":"https:\/\/northakademi.com\/tr\/belgelendirme\/sistem-belgelendirme\/iso-15504-yazilim-surec-degerlendirme-sistemi\/","title":{"rendered":"ISO 15504 Yaz\u0131l\u0131m S\u00fcre\u00e7 De\u011ferlendirme Sistemi"},"content":{"rendered":"<\/div><\/div><\/div><!-- close content main div --><\/div><\/div><div id='av_section_1' class='avia-section main_color avia-section-default avia-no-shadow avia-bg-style-scroll   av-minimum-height av-minimum-height-custom container_wrap sidebar_right' style = 'background-repeat: no-repeat; background-image: url(https:\/\/northakademi.com\/tr\/wp-content\/uploads\/2019\/12\/slide-north-akademi-siyah-lacivert.jpg); background-attachment: scroll; background-position: top left; ' data-section-bg-repeat='no-repeat' ><div class='container' style='height:150px'><div class='template-page content  av-content-small alpha units'><div class='post-entry post-entry-type-page post-entry-6293'><div class='entry-content-wrapper clearfix'>\n<div style='padding-bottom:10px;color:#ffffff;' class='av-special-heading av-special-heading-h3 custom-color-heading   '><h3 class='av-special-heading-tag '  itemprop=\"headline\"  >ISO 15504 Yaz\u0131l\u0131m S\u00fcre\u00e7 De\u011ferlendirme Sistemi<\/h3><div class='special-heading-border'><div class='special-heading-inner-border' style='border-color:#ffffff'><\/div><\/div><\/div>\n<\/div><\/div><\/div><!-- close content main div --><\/div><\/div><div id='after_section_1' class='main_color av_default_container_wrap container_wrap sidebar_right'   ><div class='container' ><div class='template-page content  av-content-small alpha units'><div class='post-entry post-entry-type-page post-entry-6293'><div class='entry-content-wrapper clearfix'><div class='avia-image-container  av-styling-    avia-align-center '  itemprop=\"ImageObject\" itemscope=\"itemscope\" itemtype=\"https:\/\/schema.org\/ImageObject\"  ><div class='avia-image-container-inner'><img class='avia_image ' src='https:\/\/northakademi.com\/tr\/wp-content\/uploads\/2019\/12\/iso-15504-yazilim-north-akademi.jpg' alt='' title=''   itemprop=\"thumbnailUrl\"  \/><\/div><\/div><\/p>\n<div class=\"flex_column av_one_full  flex_column_div av-zero-column-padding first  \" style='border-radius:0px; '><section class=\"av_textblock_section \"  itemscope=\"itemscope\" itemtype=\"https:\/\/schema.org\/CreativeWork\" ><div class='avia_textblock  '   itemprop=\"text\" ><p>ISO 15504 Yaz\u0131l\u0131m S\u00fcre\u00e7 De\u011ferlendirme Sistemi bilgi teknolojisi s\u00fcre\u00e7 de\u011ferlendirme olarak ifade edilebilir.SPICE (Software Process Improvement and Capability Determination) Yaz\u0131l\u0131m S\u00fcre\u00e7 geli\u015ftirme yetenek d\u00fczeyi belirlenmesi olarak ifade edilebilir. ISO ve IEC kurumlara\u0131 taraf\u0131ndan ortak geli\u015ftirilen bir standartt\u0131r.<\/p>\n<p>ISO 15504 Yaz\u0131l\u0131m S\u00fcre\u00e7 De\u011ferlendirme Sistemi, kurum ve i\u015fletmeniz b\u00fcnyesinde geli\u015ftirilen farkl\u0131 yaz\u0131l\u0131m s\u00fcre\u00e7lerinin de\u011ferlendirilmesi ve Y\u00f6netilmesi i\u00e7in yayg\u0131n olarak kullan\u0131lan bir standartt\u0131r ve \u00f6zellikle Yaz\u0131l\u0131m elde etme, sa\u011flama, geli\u015ftirme, i\u015fletme, ve destek yeterlili\u011finin olu\u015fturmak isteyen yaz\u0131l\u0131m firmalar\u0131na \u00f6nerilir.<\/p>\n<p>ISO 15504 Yaz\u0131l\u0131m S\u00fcre\u00e7 De\u011ferlendirme Sisteminin amac\u0131 farkl\u0131 yaz\u0131l\u0131m s\u00fcre\u00e7 de\u011ferlendirme model ve y\u00f6ntemleri i\u00e7in ortak bir ana prensip sa\u011flamakt\u0131r. B\u00f6ylece de\u011ferlendirmelerin sonu\u00e7lar\u0131n\u0131n ortak bir ba\u011flamda rapor edilmesi sa\u011flan\u0131r.<\/p>\n<p>Referans model iyi yaz\u0131l\u0131m m\u00fchendisli\u011fi i\u00e7in gerekli olan temel hedefleri \u00fcst seviyede tarif eder ve yaz\u0131l\u0131m\u0131 elde etme, sa\u011flama, geli\u015ftirme, i\u015fletme, tekam\u00fcl ettirme ve destek yeterlili\u011fi olu\u015fturmay\u0131 isteyen her yaz\u0131l\u0131m kurulu\u015funa uygulan\u0131r. Model, belirli bir kurulu\u015f yap\u0131s\u0131, y\u00f6netim felsefesi, yaz\u0131l\u0131m ya\u015fam d\u00f6ng\u00fcs\u00fc modeli, yaz\u0131l\u0131m teknolojisi ya da geli\u015ftirme metodolojisini temel almaz. Bu referans modelin mimarisi, s\u00fcre\u00e7leri yaz\u0131l\u0131m personelinin yaz\u0131l\u0131m s\u00fcre\u00e7leri y\u00f6netiminin s\u00fcrekli iyile\u015ftirmesi i\u00e7in anlamas\u0131 ve kullanmas\u0131na yard\u0131mc\u0131 olacak \u015fekilde d\u00fczenler.<\/p>\n<p>Bu standard\u0131n kurulmas\u0131 ve \u00e7al\u0131\u015ft\u0131r\u0131lmas\u0131 sayesinde, \u015firketlerin ayr\u0131 bir denetim \u015firketi taraf\u0131ndan denetlenmesine gerek kalmamaktad\u0131r.<br \/>\nYaz\u0131l\u0131m s\u00fcre\u00e7lerini iyile\u015ftirmek ve s\u00fcre\u00e7 yeteneklerini belirlemek i\u00e7in haz\u0131rlanan SPICE, belgelendirme amac\u0131 ta\u015f\u0131mamaktad\u0131r. Ancak \u00fclkemizde ilk defa 2010 y\u0131l\u0131nda T\u00fcrk Standartlar\u0131 Enstit\u00fcs\u00fc taraf\u0131ndan bir teknoloji firmas\u0131 denetlenmi\u015f ve ISO 15504 Yaz\u0131l\u0131m S\u00fcre\u00e7 De\u011ferlendirme Sistemi Belgesi verilmi\u015ftir.<\/p>\n<p>T\u00fcrk Standartlar Enstit\u00fcs\u00fc\u2019n\u00fcn, uluslararas\u0131 SPICE denetimcisi belgesine sahip uzman bir ekibi bulunmakta ve SPICE e\u011fitimleri, de\u011ferlendirme ve belgelendirme \u00e7al\u0131\u015fmalar\u0131 yaparak, \u00fclkemizde yaz\u0131l\u0131m kalitesinin y\u00fckselmesi anlam\u0131nda ciddi bir g\u00f6rev yerine getirmektedir.<br \/>\nBug\u00fcn 45 \u00fclkede SPICE de\u011ferlendirmesi yap\u0131lmaktad\u0131r ve en \u00e7ok Avrupa, Japonya, Brezilya ve Avustralya\u2019da belgelendirmeleri \u00e7al\u0131\u015fmalar\u0131 yayg\u0131n olarak yap\u0131lmaktad\u0131r.<\/p>\n<p>Belgelendirme \u00e7al\u0131\u015fmalar\u0131 sadece yaz\u0131l\u0131m sekt\u00f6r\u00fcnde de\u011fil, otomotiv, havac\u0131l\u0131k, savunma, t\u0131p ve servis y\u00f6netimi gibi farkl\u0131 sekt\u00f6rlerde de yap\u0131lmaktad\u0131r.<\/p>\n<\/div><\/section><\/div>\n","protected":false},"excerpt":{"rendered":"","protected":false},"author":1,"featured_media":0,"parent":6259,"menu_order":0,"comment_status":"closed","ping_status":"closed","template":"","meta":{"footnotes":""},"_links":{"self":[{"href":"https:\/\/northakademi.com\/tr\/wp-json\/wp\/v2\/pages\/6293"}],"collection":[{"href":"https:\/\/northakademi.com\/tr\/wp-json\/wp\/v2\/pages"}],"about":[{"href":"https:\/\/northakademi.com\/tr\/wp-json\/wp\/v2\/types\/page"}],"author":[{"embeddable":true,"href":"https:\/\/northakademi.com\/tr\/wp-json\/wp\/v2\/users\/1"}],"replies":[{"embeddable":true,"href":"https:\/\/northakademi.com\/tr\/wp-json\/wp\/v2\/comments?post=6293"}],"version-history":[{"count":3,"href":"https:\/\/northakademi.com\/tr\/wp-json\/wp\/v2\/pages\/6293\/revisions"}],"predecessor-version":[{"id":6871,"href":"https:\/\/northakademi.com\/tr\/wp-json\/wp\/v2\/pages\/6293\/revisions\/6871"}],"up":[{"embeddable":true,"href":"https:\/\/northakademi.com\/tr\/wp-json\/wp\/v2\/pages\/6259"}],"wp:attachment":[{"href":"https:\/\/northakademi.com\/tr\/wp-json\/wp\/v2\/media?parent=6293"}],"curies":[{"name":"wp","href":"https:\/\/api.w.org\/{rel}","templated":true}]}}