{"id":6287,"date":"2019-12-08T22:11:04","date_gmt":"2019-12-08T19:11:04","guid":{"rendered":"https:\/\/northakademi.com\/tr\/?page_id=6287"},"modified":"2019-12-24T02:44:33","modified_gmt":"2019-12-23T23:44:33","slug":"iso-26000-sosyal-sorumluluk-yonetim-sistemi","status":"publish","type":"page","link":"https:\/\/northakademi.com\/tr\/belgelendirme\/sistem-belgelendirme\/iso-26000-sosyal-sorumluluk-yonetim-sistemi\/","title":{"rendered":"ISO 26000 Sosyal Sorumluluk Y\u00f6netim Sistemi"},"content":{"rendered":"<\/div><\/div><\/div><!-- close content main div --><\/div><\/div><div id='av_section_1' class='avia-section main_color avia-section-default avia-no-shadow avia-bg-style-scroll   av-minimum-height av-minimum-height-custom container_wrap sidebar_right' style = 'background-repeat: no-repeat; background-image: url(https:\/\/northakademi.com\/tr\/wp-content\/uploads\/2019\/12\/slide-north-akademi-siyah-lacivert.jpg); background-attachment: scroll; background-position: top left; ' data-section-bg-repeat='no-repeat' ><div class='container' style='height:150px'><div class='template-page content  av-content-small alpha units'><div class='post-entry post-entry-type-page post-entry-6287'><div class='entry-content-wrapper clearfix'>\n<div style='padding-bottom:10px;color:#ffffff;' class='av-special-heading av-special-heading-h3 custom-color-heading   '><h3 class='av-special-heading-tag '  itemprop=\"headline\"  >ISO 26000 Sosyal Sorumluluk Y\u00f6netim Sistemi<\/h3><div class='special-heading-border'><div class='special-heading-inner-border' style='border-color:#ffffff'><\/div><\/div><\/div>\n<\/div><\/div><\/div><!-- close content main div --><\/div><\/div><div id='after_section_1' class='main_color av_default_container_wrap container_wrap sidebar_right'   ><div class='container' ><div class='template-page content  av-content-small alpha units'><div class='post-entry post-entry-type-page post-entry-6287'><div class='entry-content-wrapper clearfix'><div class='avia-image-container  av-styling-    avia-align-center '  itemprop=\"ImageObject\" itemscope=\"itemscope\" itemtype=\"https:\/\/schema.org\/ImageObject\"  ><div class='avia-image-container-inner'><img class='avia_image ' src='https:\/\/northakademi.com\/tr\/wp-content\/uploads\/2019\/12\/iso-26000-sosyal-sorumluluk-north-akademi.jpg' alt='' title=''   itemprop=\"thumbnailUrl\"  \/><\/div><\/div><\/p>\n<div class=\"flex_column av_one_full  flex_column_div av-zero-column-padding first  \" style='border-radius:0px; '><section class=\"av_textblock_section \"  itemscope=\"itemscope\" itemtype=\"https:\/\/schema.org\/CreativeWork\" ><div class='avia_textblock  '   itemprop=\"text\" ><p>Son y\u0131llarda sosyal sorumluluk standard\u0131ndan \u00e7ok\u00e7a s\u00f6z edilmektedir. Ancak \u00fclkemizde \u00e7ok yeni bir standartt\u0131r. Hen\u00fcz ISO 26000 belgesi alan i\u015fletme say\u0131s\u0131 10\u2019dan fazla de\u011fildir. Bug\u00fcne kadar rekabet konusunda hep kalite ve maliyet unsurlar\u0131 \u00f6n plana \u00e7\u0131k\u0131yordu. Ancak son y\u0131llarda ahlaka uygun faaliyet g\u00f6stermek ve sosyal sorumluluklara sahip olmak da rekabetin \u00f6nemli unsurlar\u0131 aras\u0131na girmeye ba\u015flam\u0131\u015ft\u0131r. Bunun yan\u0131 s\u0131ra sivil toplum kurulu\u015flar\u0131 da geli\u015fen ileti\u015fim teknolojileri sayesinde gittik\u00e7e g\u00fc\u00e7lenmi\u015ftir ve sosyal sorumluluk kavram\u0131n\u0131n i\u015fletmelerde yerle\u015fmesinde etkili olmu\u015ftur.<\/p>\n<p>Sosyal sorumluluk kavram\u0131n\u0131n geli\u015fmesinde ba\u015fka fakt\u00f6rler de etkilidir. \u015e\u00f6yle ki,<br \/>\nEkolojik dengenin bozulmas\u0131na neden olan i\u015fg\u00fcc\u00fc a\u011f\u0131rl\u0131kl\u0131 eski teknolojilerin geli\u015fmekte olan \u00fclkelere daha fazla transfer edilmesi<br \/>\nGeli\u015fmi\u015f \u00fclkelerin yasal d\u00fczenlemelerinden ka\u00e7an ve ucuz i\u015f g\u00fcc\u00fc kullanarak uzun \u00f6m\u00fcrl\u00fc yat\u0131r\u0131mlar yapmay\u0131 ama\u00e7layan uluslararas\u0131 i\u015fletmeler \u00fczerinde bask\u0131lar\u0131n artmas\u0131<\/p>\n<p>Bu fakt\u00f6rler ISO 26000 standard\u0131n\u0131n ortaya \u00e7\u0131kmas\u0131nda olduk\u00e7a etkilidir. ISO 9001 standard\u0131 bilindi\u011fi gibi i\u015fletmelerin m\u00fc\u015fterilerine daha g\u00fcvenilir ve kaliteli \u00fcr\u00fcnler sunma sorumlulu\u011funu hedef almaktad\u0131r. Bunun yan\u0131 s\u0131ra ISO 14001 standard\u0131 do\u011fal \u00e7evreye kar\u015f\u0131 olan sorumluluklar\u0131 d\u00fczenlemektedir. OHSAS 18001 standard\u0131 i\u015fverenlerin i\u015f sa\u011fl\u0131\u011f\u0131 ve g\u00fcvenli\u011fi sorumluluklar\u0131na odaklanm\u0131\u015ft\u0131r.<\/p>\n<p>Sosyal Sorumluluk 8000 standard\u0131 (Social Accountability 8000), Uluslarararas\u0131 Sosyal Sorumluluk \u00d6rg\u00fct\u00fc taraf\u0131ndan 1997 y\u0131l\u0131 Ekim ay\u0131nda yay\u0131nlanm\u0131\u015ft\u0131r. Bu standard\u0131n yay\u0131nlanmas\u0131nda i\u015f\u00e7i sendikalar\u0131, insan haklar\u0131 ve \u00e7ocuk haklar\u0131 \u00f6rg\u00fctleri, i\u015fverenler ve akademisyenler de katk\u0131da bulunmu\u015ftur. Bu standard\u0131n temel amac\u0131, \u00e7al\u0131\u015fanlar\u0131n haklar\u0131n\u0131 garanti alt\u0131na almakt\u0131r. Standart haz\u0131rlan\u0131rken Uluslararas\u0131 \u00c7al\u0131\u015fma \u00d6rg\u00fct\u00fc (ILO) s\u00f6zle\u015fmeleri, Birle\u015fmi\u015f Milletler \u0130nsan Haklar\u0131 Evrensel Beyannamesi ve Birle\u015fmi\u015f Milletler \u00c7ocuk Haklar\u0131 S\u00f6zle\u015fmesi dikkate al\u0131nm\u0131\u015ft\u0131r. K\u0131saca SA 8000 standard\u0131 i\u015fveren, tedarik\u00e7i firma, m\u00fc\u015fteri ve topluma kar\u015f\u0131 olan sosyal sorumluluklar\u0131 kapsamaktad\u0131r.<\/p>\n<p>Sosyal sorumluluk derken, i\u015fletmelerin faaliyet g\u00f6sterdi\u011fi ortam\u0131 koruma ve geli\u015ftirme konusundaki y\u00fck\u00fcml\u00fcl\u00fckleri ifade edilmektedir. SA 8000 standard\u0131, mal ve hizmet \u00fcretiminde etik kurallar\u0131 garanti alt\u0131na almaktad\u0131r.<\/p>\n<p><strong>ISO 26000 Sosyal Sorumluluk Y\u00f6netim Sistemi Nedir?<\/strong><\/p>\n<p>Uluslararas\u0131 Standartlar \u00d6rg\u00fct\u00fc (ISO) 2010 y\u0131l\u0131nda Sosyal Sorumluluk standard\u0131n\u0131 (SA 8000 standard\u0131n\u0131) esas alarak ISO 26000 Sosyal Sorumluluk Y\u00f6netim Sistemi standard\u0131n\u0131 yay\u0131nlanm\u0131\u015ft\u0131r. Bu standard sadece \u00f6zel sekt\u00f6r firmalar\u0131 de\u011fil, kamu sekt\u00f6r\u00fc kurulu\u015flar\u0131 i\u00e7in de uygulanabilir \u00f6zelliktedir. Sivil toplum kurulu\u015flar\u0131 dahil, her sekt\u00f6rde i\u015fletme, b\u00fcy\u00fckl\u00fc\u011f\u00fcne bak\u0131lmaks\u0131z\u0131n b\u00fcnyesinde bu sistemi kurulabilir ve uygulayabilir.<br \/>\nISO 26000 standard\u0131n\u0131n gerekliliklerini yerine getiren i\u015fletmeler, rekabette \u00fcst\u00fcnl\u00fck sa\u011flamak, m\u00fc\u015fterilerin beklenti ve ihtiya\u00e7lar\u0131n\u0131 kar\u015f\u0131lamak, i\u015fletmenin sayg\u0131nl\u0131\u011f\u0131n\u0131 ve verimlili\u011fini artt\u0131rmak, t\u00fcketicilerin g\u00fcvenini y\u00fckseltmek, i\u015f yapt\u0131klar\u0131 tedarik\u00e7i ve ta\u015feron firmalarla ili\u015fkileri iyile\u015ftirmek ve \u00e7al\u0131\u015fanlar\u0131n motivasyonunu artt\u0131rmak gibi bir\u00e7ok konuda ilerleme kaydetmektedir.<\/p>\n<p>Bug\u00fcn sosyal sorumluluk kavram\u0131n\u0131n tan\u0131mlanmas\u0131nda ve uygulamas\u0131nda farkl\u0131 g\u00f6r\u00fc\u015fler ileri s\u00fcr\u00fclmekte ve \u00e7e\u015fitli tart\u0131\u015fmalar yap\u0131lmaktad\u0131r. \u0130\u015fletmelerin misyon, vizyon ve de\u011fer taahh\u00fctleri aras\u0131nda sosyal sorumluluk ifadeleri yer al\u0131rken bir yandan da bir\u00e7ok i\u015fletme sosyal sorumluluk projeleri tasarlamakta ve somut ad\u0131mlar atmaktad\u0131r. B\u00f6yle bir ortamda yay\u0131nlanan ISO 26000 standard\u0131 ger\u00e7ekten bu karma\u015fay\u0131 ortadan kald\u0131racak bir rehber niteli\u011findedir.<\/p>\n<p>ISO 26000 Sosyal Sorumluluk Y\u00f6netim Sistemi, sosyal sorumluluk tan\u0131mlamalar\u0131 ve uygulamalar\u0131 \u00fczerinde anla\u015fma sa\u011flanan ilk resmi belgedir. ISO 26000 standard\u0131 sadece \u00f6zel sekt\u00f6r kurulu\u015flar\u0131 i\u00e7in de\u011fil, kamu kuru\u015flular\u0131 ve sivil toplum kurulu\u015flar\u0131na kadar her b\u00fcy\u00fckl\u00fckte ve her sekt\u00f6rden i\u015fletmede uygulanabilir niteliktedir. Bu sistemin amac\u0131 s\u00fcrd\u00fcr\u00fclebilir kalk\u0131nma sa\u011flamakt\u0131r. B\u00fct\u00fcn sosyal sorumluluk projelerinin hedefi, s\u00fcrd\u00fcr\u00fclebilir kalk\u0131nmay\u0131 ger\u00e7ekle\u015ftirmektir. ISO 26000 standard\u0131, sosyal sorumlu oldu\u011funu iddia eden kurulu\u015flar\u0131n bu ilkeyi hayata ge\u00e7irmesine ve i\u015f s\u00fcre\u00e7lerine yans\u0131tmas\u0131na imkan tan\u0131maktad\u0131r.<\/p>\n<p>ISO 26000 Sosyal Sorumluluk Y\u00f6netim Sistemi tamamen g\u00f6n\u00fcll\u00fck esas\u0131na dayal\u0131d\u0131r ve di\u011fer ISO standartlar\u0131nda oldu\u011fu gibi bir denetleme ve belgelendirme s\u00fcrecine sahip de\u011fildir. \u00d6zel sekt\u00f6r\u00fcn bu standard\u0131 bir pazarlama arac\u0131 olarak kullanmamas\u0131 i\u00e7in b\u00f6yle bir yol izlenmi\u015ftir. B\u00f6yle olunca bu sistem, ger\u00e7ekten sosyal sorumluluk duygusu ile projeler y\u00fcr\u00fctmek isteyen ve i\u015f s\u00fcre\u00e7lerini bu ilkeler do\u011frultusunda yap\u0131land\u0131ran i\u015fletmeler taraf\u0131ndan uygulanabilecektir.<\/p>\n<p><strong>Bu \u015fekilde ISO 26000 Sosyal Sorumluluk Y\u00f6netim Sistemi faaliyetleri s\u00fcrd\u00fcr\u00fclen a\u015fa\u011f\u0131daki sosyal sorumluluk \u00e7al\u0131\u015fmalar\u0131na alternatif olmamakta ve bu \u00e7al\u0131\u015fmalar\u0131 desteklemektedir:<\/strong><\/p>\n<ul>\n<li>Uluslararas\u0131 \u00c7al\u0131\u015fma \u00d6rg\u00fct\u00fc (ILO)<\/li>\n<li>Birle\u015fmi\u015f Milletler K\u00fcresel \u0130lkeler S\u00f6zle\u015fmesi<\/li>\n<li>Ekonomik \u0130\u015fbirli\u011fi ve Kalk\u0131nma Te\u015fkilat\u0131 (OECD)<\/li>\n<li>Global Reporting Initiative (K\u00fcresel Raporlama Giri\u015fimi)<\/li>\n<\/ul>\n<p><strong>ISO 26000 Sosyal Sorumluluk Y\u00f6netim Sistemi \u0130\u015fletmelere Ne Kazad\u0131r\u0131yor?<\/strong><\/p>\n<p>ISO 26000 standard\u0131 yedi ana ba\u015fl\u0131k alt\u0131nda yap\u0131lanm\u0131\u015ft\u0131r:<\/p>\n<ul>\n<li>Organizasyonel y\u00f6neti\u015fim<\/li>\n<li>\u0130nsan haklar\u0131<\/li>\n<li>\u00c7al\u0131\u015fan uygulamalar\u0131<\/li>\n<li>\u00c7evre<\/li>\n<li>Adil \u00e7al\u0131\u015fma uygulamalar\u0131<\/li>\n<li>T\u00fcketici meseleleri<\/li>\n<li>Toplumsal kat\u0131l\u0131m ve geli\u015fme<\/li>\n<\/ul>\n<p>Bu ba\u015fl\u0131klar alt\u0131nda i\u015fletmenin yapmas\u0131 gereken faaliyetleri tespit etme ve uygulama s\u00fcre\u00e7leri a\u00e7\u0131klanmaktad\u0131r. Bu s\u00fcre\u00e7ler i\u015fletmelerin kendi de\u011ferleri ve faaliyet alanlar\u0131na ba\u011fl\u0131 olarak belirlenmek zorundad\u0131r. Bu bak\u0131mdan her i\u015fletme ISO 26000 standard\u0131n\u0131 kurarken bu ba\u015fl\u0131klar alt\u0131nda ilgili s\u00fcre\u00e7leri haz\u0131rlamak zorundad\u0131r.<\/p>\n<p><strong>Sistemin i\u015fletmelere kazand\u0131rd\u0131klar\u0131 \u015fu \u015fekilde \u00f6zetlenebilir:<\/strong><\/p>\n<ul>\n<li>\u0130\u015fletmeler sekt\u00f6rdeki rakiplerine kar\u015f\u0131 \u00fcst\u00fcnl\u00fck kazan\u0131r<\/li>\n<li>\u0130\u015fletmenin sekt\u00f6rdeki marka de\u011feri ve itibar\u0131 y\u00fckselir<\/li>\n<li>\u0130\u015fletme yeni m\u00fc\u015fteriler kazan\u0131r, mevcut m\u00fc\u015fterilerde ba\u011fl\u0131l\u0131k yarat\u0131r<\/li>\n<li>\u0130\u015fletmede \u00e7al\u0131\u015fanlar\u0131n moralleri y\u00fckselir ve i\u015fletmeye ba\u011fl\u0131l\u0131klar\u0131 artar<\/li>\n<li>Ayn\u0131 zamanda \u00e7al\u0131\u015fanlar\u0131n ve i\u015fletmenin verimlili\u011fi y\u00fckselir<\/li>\n<li>Yat\u0131r\u0131mc\u0131lar\u0131n, sponsorlar\u0131n, finans gruplar\u0131n\u0131n ve pay sahiplerinin i\u015fletmeye bak\u0131\u015f a\u00e7\u0131lar\u0131 de\u011fi\u015fir<\/li>\n<li>\u0130\u015fletmenin resmi makamlar, medya, rakipler ve m\u00fc\u015fteriler ile ileti\u015fimi g\u00fc\u00e7lenir<\/li>\n<\/ul>\n<p>ISO 26000 Sosyal Sorumluluk Y\u00f6netim Sistemi \u00f6z\u00fcnde \u015fu ilkeleri bar\u0131nd\u0131rmaktad\u0131r: sorumlu olmak, \u015feffaf olmak, etik davranmak, m\u00fc\u015fterilerin beklentilerine ve haklar\u0131na sayg\u0131 g\u00f6stermek, yasal d\u00fczenlemelere uymak, uluslararas\u0131 davran\u0131\u015f kurallar\u0131na uymak ve insan haklar\u0131na sayg\u0131 g\u00f6stermek.<br \/>\nG\u00fcn\u00fcm\u00fczde \u00e7evreye duyarl\u0131l\u0131k, d\u00fc\u015f\u00fck maliyet, kaliteli \u00fcr\u00fcn ve g\u00fcvenlik konular\u0131 i\u015fletmeler i\u00e7i ya\u015famsal \u00f6nem sahiptir. Ancak ISO 26000 standard\u0131 ile birlikte art\u0131k sosyal sorumluluk duymak ve ahlaka uygun faaliyet g\u00f6stermek de ayn\u0131 \u015fekilde rekabet edebilmenin \u00f6nemli bir ko\u015fulu olmaktad\u0131r.<\/p>\n<\/div><\/section><\/div>\n","protected":false},"excerpt":{"rendered":"","protected":false},"author":1,"featured_media":0,"parent":6259,"menu_order":0,"comment_status":"closed","ping_status":"closed","template":"","meta":{"footnotes":""},"_links":{"self":[{"href":"https:\/\/northakademi.com\/tr\/wp-json\/wp\/v2\/pages\/6287"}],"collection":[{"href":"https:\/\/northakademi.com\/tr\/wp-json\/wp\/v2\/pages"}],"about":[{"href":"https:\/\/northakademi.com\/tr\/wp-json\/wp\/v2\/types\/page"}],"author":[{"embeddable":true,"href":"https:\/\/northakademi.com\/tr\/wp-json\/wp\/v2\/users\/1"}],"replies":[{"embeddable":true,"href":"https:\/\/northakademi.com\/tr\/wp-json\/wp\/v2\/comments?post=6287"}],"version-history":[{"count":3,"href":"https:\/\/northakademi.com\/tr\/wp-json\/wp\/v2\/pages\/6287\/revisions"}],"predecessor-version":[{"id":6862,"href":"https:\/\/northakademi.com\/tr\/wp-json\/wp\/v2\/pages\/6287\/revisions\/6862"}],"up":[{"embeddable":true,"href":"https:\/\/northakademi.com\/tr\/wp-json\/wp\/v2\/pages\/6259"}],"wp:attachment":[{"href":"https:\/\/northakademi.com\/tr\/wp-json\/wp\/v2\/media?parent=6287"}],"curies":[{"name":"wp","href":"https:\/\/api.w.org\/{rel}","templated":true}]}}