{"id":6285,"date":"2019-12-08T22:10:34","date_gmt":"2019-12-08T19:10:34","guid":{"rendered":"https:\/\/northakademi.com\/tr\/?page_id=6285"},"modified":"2019-12-24T02:37:00","modified_gmt":"2019-12-23T23:37:00","slug":"iso-28001-tedarik-zinciri-guvenligi-yonetim-sistemi","status":"publish","type":"page","link":"https:\/\/northakademi.com\/tr\/belgelendirme\/sistem-belgelendirme\/iso-28001-tedarik-zinciri-guvenligi-yonetim-sistemi\/","title":{"rendered":"ISO 28001 Tedarik Zinciri G\u00fcvenli\u011fi Y\u00f6netim Sistemi"},"content":{"rendered":"<\/div><\/div><\/div><!-- close content main div --><\/div><\/div><div id='av_section_1' class='avia-section main_color avia-section-default avia-no-shadow avia-bg-style-scroll   av-minimum-height av-minimum-height-custom container_wrap sidebar_right' style = 'background-repeat: no-repeat; background-image: url(https:\/\/northakademi.com\/tr\/wp-content\/uploads\/2019\/12\/slide-north-akademi-siyah-lacivert.jpg); background-attachment: scroll; background-position: top left; ' data-section-bg-repeat='no-repeat' ><div class='container' style='height:150px'><div class='template-page content  av-content-small alpha units'><div class='post-entry post-entry-type-page post-entry-6285'><div class='entry-content-wrapper clearfix'>\n<div style='padding-bottom:10px;color:#ffffff;' class='av-special-heading av-special-heading-h3 custom-color-heading   '><h3 class='av-special-heading-tag '  itemprop=\"headline\"  >ISO 28001 Tedarik Zinciri G\u00fcvenli\u011fi Y\u00f6netim Sistemi<\/h3><div class='special-heading-border'><div class='special-heading-inner-border' style='border-color:#ffffff'><\/div><\/div><\/div>\n<\/div><\/div><\/div><!-- close content main div --><\/div><\/div><div id='after_section_1' class='main_color av_default_container_wrap container_wrap sidebar_right'   ><div class='container' ><div class='template-page content  av-content-small alpha units'><div class='post-entry post-entry-type-page post-entry-6285'><div class='entry-content-wrapper clearfix'><div class='avia-image-container  av-styling-    avia-align-center '  itemprop=\"ImageObject\" itemscope=\"itemscope\" itemtype=\"https:\/\/schema.org\/ImageObject\"  ><div class='avia-image-container-inner'><img class='avia_image ' src='https:\/\/northakademi.com\/tr\/wp-content\/uploads\/2019\/12\/iso-28001-tedarik-zinciri-north.jpg' alt='' title=''   itemprop=\"thumbnailUrl\"  \/><\/div><\/div><\/p>\n<div class=\"flex_column av_one_full  flex_column_div av-zero-column-padding first  \" style='border-radius:0px; '><section class=\"av_textblock_section \"  itemscope=\"itemscope\" itemtype=\"https:\/\/schema.org\/CreativeWork\" ><div class='avia_textblock  '   itemprop=\"text\" ><p>ISO 28001 Tedarik Zinciri G\u00fcvenli\u011fi Y\u00f6netim Sistemi, tedarik zincirinin t\u00fcm \u00f6\u011felerinde olas\u0131 g\u00fcvenlik zafiyetlerini tespit etmek ve s\u00fcreklili\u011fi sa\u011flanm\u0131\u015f bir \u00fcr\u00fcn tedarik sistemi kurmay\u0131, olas\u0131 aksakl\u0131klarda erken ve daha \u00f6nceden \u00fczerinde \u00e7al\u0131\u015f\u0131lm\u0131\u015f bir kontrol sistemini ama\u00e7lamaktad\u0131r.<\/p>\n<p><strong>ISO 28001 Belgesini Kimler Hangi Firmalar Alabilir? ISO 28001 Standard\u0131n\u0131 Kimler Kullanabilir?<\/strong><br \/>\nISO 28001 Tedarik Zinciri G\u00fcvenli\u011fi Y\u00f6netim Sistemini m\u00fc\u015fterilerine zaman\u0131nda, eksiksiz, tam ve g\u00fcvenli bir \u00fcr\u00fcn tedari\u011finde bulundu\u011funu g\u00f6stermek isteyen, tedarik zincirinin t\u00fcm a\u015famalar\u0131nda g\u00f6rev yapan \u00fcretim yapan firmalar, ta\u015f\u0131mac\u0131l\u0131k-sevkiyat, g\u00fcmr\u00fck faaliyetlerinde hizmet g\u00f6steren t\u00fcm irili ufakl\u0131 kurulu\u015flar firmalar taraf\u0131ndan kullan\u0131labilir ve ISO 28001 Belgesini alabilirler.<\/p>\n<p><strong>ISO 28001 Belgesi Nas\u0131l Al\u0131n\u0131r?<\/strong><br \/>\nISO 28001 Belgesi alabilmek i\u00e7in ISO 28001 Tedarik Zinciri G\u00fcvenli\u011fi Y\u00f6netim Sistemi Standard\u0131na uygun olarak bir y\u00f6netim sistemi kurulmu\u015f olmas\u0131 ve buna g\u00f6re s\u00fcre\u00e7lerin yap\u0131land\u0131r\u0131lmas\u0131 gerekmektedir.<\/p>\n<p><strong>ISO 28001 Belgesini Nereden Al\u0131n\u0131r Kim Verir?<\/strong><br \/>\nISO 28001 Belgesini tarafs\u0131z ve ba\u011f\u0131ms\u0131z olarak faaliyet g\u00f6steren belgelendirme kurulu\u015flar\u0131, denetim yaparak, \u015fartlar\u0131n yerine getirildi\u011fini biz dizi kontrol ve test faaliyetleri sonras\u0131nda standart \u015fartlar\u0131n uyuldu\u011fu garanti edilerek verebilir.<\/p>\n<p><strong>ISO 28001 Tedarik G\u00fcvenli\u011fi Y\u00f6netim Sistemi Dan\u0131\u015fmanl\u0131k E\u011fitim Kurulum A\u015famalar\u0131 Nedir Nelerdir?<\/strong><br \/>\nNorth Akademi firmas\u0131 olarak ISO 28000 Tedarik G\u00fcvenli\u011fi Y\u00f6netim Sisteminin kurulumu i\u00e7in a\u015fa\u011f\u0131daki dan\u0131\u015fmanl\u0131k E\u011fitim ve Kurulum a\u015famalar\u0131n\u0131 firman\u0131zda ger\u00e7ekle\u015ftirmektedir. E\u011fitim Dan\u0131\u015fmanl\u0131k ve Kurulum a\u015famalar\u0131 sonras\u0131 ISO 28000 Tedarik G\u00fcvenli\u011fi Y\u00f6netim Sistemi Belgesini Uluslararas\u0131 Belgelendirme firmalar\u0131ndan al\u0131m\u0131n\u0131 sa\u011flamaktad\u0131r.<\/p>\n<p><strong>ISO 28001 Tedarik G\u00fcvenli\u011fi Y\u00f6netim Sistemi Kurulum A\u015famalar\u0131<\/strong><\/p>\n<ul>\n<li>Tedarik G\u00fcvenli\u011fi Y\u00f6netim Ekibi Olu\u015fturulmas\u0131<\/li>\n<li>Personel E\u011fitimlerinin Al\u0131nmas\u0131<\/li>\n<li>Tedarik G\u00fcvenli\u011fi Kapsam ve S\u0131n\u0131rlar\u0131n\u0131n Belirlenmesi<\/li>\n<li>Tedarik G\u00fcvenli\u011finde G\u00f6rev Alan T\u00fcm \u0130lgili Taraflar\u0131n Beklentilerinin Anla\u015f\u0131lmas\u0131<\/li>\n<li>Tedarik G\u00fcvenli\u011fi Dokumantasyonun Olu\u015fturulmas\u0131 (El Kitab\u0131, Prosed\u00fcrler, Talimatlar, Formlar, Planlar)<\/li>\n<li>Tedarik G\u00fcvenli\u011fi Politikas\u0131n\u0131n Olu\u015fturulmas\u0131<\/li>\n<li>Tedarik G\u00fcvenli\u011fi Risk De\u011ferlendirme S\u00fcrecinin Olu\u015fturulmas\u0131<\/li>\n<li>Tedarik G\u00fcvenli\u011fi Tehdit, Zaafiyet Konular\u0131n\u0131n Belirlenmesi<\/li>\n<li>G\u00fcvenlik Planlar\u0131n\u0131n Olu\u015fturulmas\u0131 ve Denenmesi<\/li>\n<li>G\u00fcvenlik Operasyonel Kontrollerin Uygulanmas\u0131<\/li>\n<li>D\u00fczeltici ve \u00d6nleyici Faaliyetlerin Uygulanmas\u0131<\/li>\n<li>\u0130\u00e7 Tetkiklerin Yap\u0131lmas\u0131<\/li>\n<li>YGG\u2019nin Yap\u0131lmas\u0131<\/li>\n<li>Belgelendirme Denetimine Girilmesi<\/li>\n<\/ul>\n<\/div><\/section><\/div>\n","protected":false},"excerpt":{"rendered":"","protected":false},"author":1,"featured_media":0,"parent":6259,"menu_order":0,"comment_status":"closed","ping_status":"closed","template":"","meta":{"footnotes":""},"_links":{"self":[{"href":"https:\/\/northakademi.com\/tr\/wp-json\/wp\/v2\/pages\/6285"}],"collection":[{"href":"https:\/\/northakademi.com\/tr\/wp-json\/wp\/v2\/pages"}],"about":[{"href":"https:\/\/northakademi.com\/tr\/wp-json\/wp\/v2\/types\/page"}],"author":[{"embeddable":true,"href":"https:\/\/northakademi.com\/tr\/wp-json\/wp\/v2\/users\/1"}],"replies":[{"embeddable":true,"href":"https:\/\/northakademi.com\/tr\/wp-json\/wp\/v2\/comments?post=6285"}],"version-history":[{"count":3,"href":"https:\/\/northakademi.com\/tr\/wp-json\/wp\/v2\/pages\/6285\/revisions"}],"predecessor-version":[{"id":6859,"href":"https:\/\/northakademi.com\/tr\/wp-json\/wp\/v2\/pages\/6285\/revisions\/6859"}],"up":[{"embeddable":true,"href":"https:\/\/northakademi.com\/tr\/wp-json\/wp\/v2\/pages\/6259"}],"wp:attachment":[{"href":"https:\/\/northakademi.com\/tr\/wp-json\/wp\/v2\/media?parent=6285"}],"curies":[{"name":"wp","href":"https:\/\/api.w.org\/{rel}","templated":true}]}}