{"id":6283,"date":"2019-12-08T22:10:06","date_gmt":"2019-12-08T19:10:06","guid":{"rendered":"https:\/\/northakademi.com\/tr\/?page_id=6283"},"modified":"2019-12-24T02:32:34","modified_gmt":"2019-12-23T23:32:34","slug":"iso-39001-yol-ve-trafik-guvenligi-yonetim-sistemi","status":"publish","type":"page","link":"https:\/\/northakademi.com\/tr\/belgelendirme\/sistem-belgelendirme\/iso-39001-yol-ve-trafik-guvenligi-yonetim-sistemi\/","title":{"rendered":"ISO 39001 Yol ve Trafik G\u00fcvenli\u011fi Y\u00f6netim Sistemi"},"content":{"rendered":"<\/div><\/div><\/div><!-- close content main div --><\/div><\/div><div id='av_section_1' class='avia-section main_color avia-section-default avia-no-shadow avia-bg-style-scroll   av-minimum-height av-minimum-height-custom container_wrap sidebar_right' style = 'background-repeat: no-repeat; background-image: url(https:\/\/northakademi.com\/tr\/wp-content\/uploads\/2019\/12\/slide-north-akademi-siyah-lacivert.jpg); background-attachment: scroll; background-position: top left; ' data-section-bg-repeat='no-repeat' ><div class='container' style='height:150px'><div class='template-page content  av-content-small alpha units'><div class='post-entry post-entry-type-page post-entry-6283'><div class='entry-content-wrapper clearfix'>\n<div style='padding-bottom:10px;color:#ffffff;' class='av-special-heading av-special-heading-h3 custom-color-heading   '><h3 class='av-special-heading-tag '  itemprop=\"headline\"  >ISO 39001 Yol ve Trafik G\u00fcvenli\u011fi Y\u00f6netim Sistemi<\/h3><div class='special-heading-border'><div class='special-heading-inner-border' style='border-color:#ffffff'><\/div><\/div><\/div>\n<\/div><\/div><\/div><!-- close content main div --><\/div><\/div><div id='after_section_1' class='main_color av_default_container_wrap container_wrap sidebar_right'   ><div class='container' ><div class='template-page content  av-content-small alpha units'><div class='post-entry post-entry-type-page post-entry-6283'><div class='entry-content-wrapper clearfix'><div class='avia-image-container  av-styling-    avia-align-center '  itemprop=\"ImageObject\" itemscope=\"itemscope\" itemtype=\"https:\/\/schema.org\/ImageObject\"  ><div class='avia-image-container-inner'><img class='avia_image ' src='https:\/\/northakademi.com\/tr\/wp-content\/uploads\/2019\/12\/iso-39001-yol-trafik.jpg' alt='' title=''   itemprop=\"thumbnailUrl\"  \/><\/div><\/div><\/p>\n<div class=\"flex_column av_one_full  flex_column_div av-zero-column-padding first  \" style='border-radius:0px; '><section class=\"av_textblock_section \"  itemscope=\"itemscope\" itemtype=\"https:\/\/schema.org\/CreativeWork\" ><div class='avia_textblock  '   itemprop=\"text\" ><p>BS ISO 39001, bir Yol Trafik G\u00fcvenli\u011fi Y\u00f6netim Sisteminin asgari gerekliliklerini saptar. Her y\u0131l karayollar\u0131nda \u00f6len ya da a\u011f\u0131r yaralanan insan say\u0131s\u0131ndaki art\u0131\u015f nedeniyle idareler, karayolu yetkilileri, g\u00fcvenlik gruplar\u0131 ve \u00f6zel \u015firketler b\u00f6yle bir standart geli\u015ftirmek istedi.<\/p>\n<p><strong>Yol Trafik G\u00fcvenlik (YTG) Y\u00f6netim Sistemleri?<\/strong><\/p>\n<p>\u0130ster BS ISO 39001&#8217;de yeni olun, ister tecr\u00fcbenizi ileriye g\u00f6t\u00fcrmek isteyin, do\u011fru e\u011fitimlere, kaynaklara ve hizmetlere sahibiz. \u015eirketiniz i\u00e7in \u00f6zel olarak geli\u015ftirilmi\u015f, sa\u011fl\u0131k ve g\u00fcvenlik y\u00f6netiminizi h\u0131zla ba\u015flatacak, ihtiyac\u0131n\u0131z olmayan hizmetlerinin giderini d\u00fc\u015fecek hizmetler sunabiliriz. Yol trafik g\u00fcvenli\u011fi sa\u011fl\u0131k ve g\u00fcvenlik kayg\u0131lar\u0131n\u0131zdan biriyse, insanlar\u0131n i\u015fle ilgili t\u00fcm faaliyetlerinde g\u00fcvende olmalar\u0131 i\u00e7in neden OHSAS 180001 \u0130\u015f Sa\u011fl\u0131\u011f\u0131 ve G\u00fcvenli\u011fi standard\u0131yla \u00f6zel bir paket olu\u015fturmayal\u0131m?<\/p>\n<p><strong>BS ISO 39001 Standard\u0131n\u0131n Avantajlar\u0131 Nedir?<\/strong><\/p>\n<ul>\n<li>Kurumsal g\u00fcvenlik ve toplumsal sorumluluk hedeflerinize ula\u015f\u0131n<\/li>\n<li>Bu hedefleri ciddiye ald\u0131\u011f\u0131n\u0131z\u0131 hissedarlar\u0131n\u0131za g\u00f6sterin<\/li>\n<li>Daha iyi y\u00f6netim yoluyla verimlili\u011fi art\u0131rman\u0131n yolunu belirleyin<\/li>\n<li>\u0130yile\u015ftirilen verimle giderleri k\u0131s\u0131n<\/li>\n<li>BS ISO 39001&#8217;i uygulayan ilk \u015firketlerden biri olarak tan\u0131n\u0131n<\/li>\n<\/ul>\n<\/div><\/section><\/div>\n","protected":false},"excerpt":{"rendered":"","protected":false},"author":1,"featured_media":0,"parent":6259,"menu_order":0,"comment_status":"closed","ping_status":"closed","template":"","meta":{"footnotes":""},"_links":{"self":[{"href":"https:\/\/northakademi.com\/tr\/wp-json\/wp\/v2\/pages\/6283"}],"collection":[{"href":"https:\/\/northakademi.com\/tr\/wp-json\/wp\/v2\/pages"}],"about":[{"href":"https:\/\/northakademi.com\/tr\/wp-json\/wp\/v2\/types\/page"}],"author":[{"embeddable":true,"href":"https:\/\/northakademi.com\/tr\/wp-json\/wp\/v2\/users\/1"}],"replies":[{"embeddable":true,"href":"https:\/\/northakademi.com\/tr\/wp-json\/wp\/v2\/comments?post=6283"}],"version-history":[{"count":3,"href":"https:\/\/northakademi.com\/tr\/wp-json\/wp\/v2\/pages\/6283\/revisions"}],"predecessor-version":[{"id":6856,"href":"https:\/\/northakademi.com\/tr\/wp-json\/wp\/v2\/pages\/6283\/revisions\/6856"}],"up":[{"embeddable":true,"href":"https:\/\/northakademi.com\/tr\/wp-json\/wp\/v2\/pages\/6259"}],"wp:attachment":[{"href":"https:\/\/northakademi.com\/tr\/wp-json\/wp\/v2\/media?parent=6283"}],"curies":[{"name":"wp","href":"https:\/\/api.w.org\/{rel}","templated":true}]}}