{"id":6281,"date":"2019-12-08T22:06:00","date_gmt":"2019-12-08T19:06:00","guid":{"rendered":"https:\/\/northakademi.com\/tr\/?page_id=6281"},"modified":"2019-12-24T02:22:15","modified_gmt":"2019-12-23T23:22:15","slug":"iso-31000-kurumsal-risk-yonetim-sistemi","status":"publish","type":"page","link":"https:\/\/northakademi.com\/tr\/belgelendirme\/sistem-belgelendirme\/iso-31000-kurumsal-risk-yonetim-sistemi\/","title":{"rendered":"ISO 31000 Kurumsal Risk Y\u00f6netim Sistemi"},"content":{"rendered":"<\/div><\/div><\/div><!-- close content main div --><\/div><\/div><div id='av_section_1' class='avia-section main_color avia-section-default avia-no-shadow avia-bg-style-scroll   av-minimum-height av-minimum-height-custom container_wrap sidebar_right' style = 'background-repeat: no-repeat; background-image: url(https:\/\/northakademi.com\/tr\/wp-content\/uploads\/2019\/12\/slide-north-akademi-siyah-lacivert.jpg); background-attachment: scroll; background-position: top left; ' data-section-bg-repeat='no-repeat' ><div class='container' style='height:150px'><div class='template-page content  av-content-small alpha units'><div class='post-entry post-entry-type-page post-entry-6281'><div class='entry-content-wrapper clearfix'>\n<div style='padding-bottom:10px;color:#ffffff;' class='av-special-heading av-special-heading-h3 custom-color-heading   '><h3 class='av-special-heading-tag '  itemprop=\"headline\"  >ISO 31000 Kurumsal Risk Y\u00f6netim Sistemi<\/h3><div class='special-heading-border'><div class='special-heading-inner-border' style='border-color:#ffffff'><\/div><\/div><\/div>\n<\/div><\/div><\/div><!-- close content main div --><\/div><\/div><div id='after_section_1' class='main_color av_default_container_wrap container_wrap sidebar_right'   ><div class='container' ><div class='template-page content  av-content-small alpha units'><div class='post-entry post-entry-type-page post-entry-6281'><div class='entry-content-wrapper clearfix'><div class='avia-image-container  av-styling-    avia-align-center '  itemprop=\"ImageObject\" itemscope=\"itemscope\" itemtype=\"https:\/\/schema.org\/ImageObject\"  ><div class='avia-image-container-inner'><img class='avia_image ' src='https:\/\/northakademi.com\/tr\/wp-content\/uploads\/2019\/12\/iso-31000-kurumsal.jpg' alt='' title=''   itemprop=\"thumbnailUrl\"  \/><\/div><\/div><\/p>\n<div class=\"flex_column av_one_full  flex_column_div av-zero-column-padding first  \" style='border-radius:0px; '><section class=\"av_textblock_section \"  itemscope=\"itemscope\" itemtype=\"https:\/\/schema.org\/CreativeWork\" ><div class='avia_textblock  '   itemprop=\"text\" ><p>ISO 31000 risk y\u00f6netimi, kurulu\u015flar\u0131n s\u00fcre\u00e7leri boyunca ortaya \u00e7\u0131kan riskleri sistematik ve mant\u0131ksal bir y\u00f6ntemle belirlenmesini, de\u011ferlendirilmesini , derecelendirilmesini ve d\u00fc\u015f\u00fcr\u00fclmesi i\u00e7in yap\u0131lacak planlamalar\u0131 i\u00e7eren ,kapsaml\u0131 ilke ve y\u00f6nergeler sa\u011flayarak \u015firketlere katma de\u011fer sa\u011flayan y\u00f6netim sistemidir.<\/p>\n<p><strong>Neden ISO 31000;<\/strong><\/p>\n<ul>\n<li>ISO 31000 ile gelecekte ortaya \u00e7\u0131kabilecek zor durumlar\u0131 \u00f6ng\u00f6r\u00fcrs\u00fcn\u00fcz.<\/li>\n<li>ISO 31000 ile riskler ortaya \u00e7\u0131kmadan \u00f6nlem alma imkan\u0131 elde edersiniz.<\/li>\n<li>ISO 31000 ile h\u0131zl\u0131 do\u011fru kararlar verebilirsiniz.<\/li>\n<li>ISO 31000 ile zaman tasarrufu ve kaynak sto\u011fu elde edersiniz.<\/li>\n<li>ISO 31000 ile proaktif y\u00f6netimi uygulama \u015fans\u0131 elde edersiniz.<\/li>\n<li>ISO 31000 ile i\u015f s\u00fcreklili\u011fi elde edersiniz.<\/li>\n<li>ISO 31000 ile risk ve f\u0131rsatlar\u0131 analiz eder planlama do\u011fru strateji uygulars\u0131n\u0131z.<\/li>\n<li>ISO 31000 ile hedeflerinize daha sa\u011flam ilerlersiniz.<\/li>\n<li>ISO 31000 ile payda\u015f g\u00fcveni elde edersiniz.<\/li>\n<\/ul>\n<p><strong>ISO 31000 ile kazan\u0131n;<\/strong><\/p>\n<p>ISO 31000 ile de\u011fi\u015fime ayak uydurursunuz ve kurulu\u015funuz b\u00fcy\u00fcrken t\u00fcm tehditlere kar\u015f\u0131 bir kalkan elde edersiniz.<\/p>\n<\/div><\/section><\/div>\n","protected":false},"excerpt":{"rendered":"","protected":false},"author":1,"featured_media":0,"parent":6259,"menu_order":0,"comment_status":"closed","ping_status":"closed","template":"","meta":{"footnotes":""},"_links":{"self":[{"href":"https:\/\/northakademi.com\/tr\/wp-json\/wp\/v2\/pages\/6281"}],"collection":[{"href":"https:\/\/northakademi.com\/tr\/wp-json\/wp\/v2\/pages"}],"about":[{"href":"https:\/\/northakademi.com\/tr\/wp-json\/wp\/v2\/types\/page"}],"author":[{"embeddable":true,"href":"https:\/\/northakademi.com\/tr\/wp-json\/wp\/v2\/users\/1"}],"replies":[{"embeddable":true,"href":"https:\/\/northakademi.com\/tr\/wp-json\/wp\/v2\/comments?post=6281"}],"version-history":[{"count":3,"href":"https:\/\/northakademi.com\/tr\/wp-json\/wp\/v2\/pages\/6281\/revisions"}],"predecessor-version":[{"id":6853,"href":"https:\/\/northakademi.com\/tr\/wp-json\/wp\/v2\/pages\/6281\/revisions\/6853"}],"up":[{"embeddable":true,"href":"https:\/\/northakademi.com\/tr\/wp-json\/wp\/v2\/pages\/6259"}],"wp:attachment":[{"href":"https:\/\/northakademi.com\/tr\/wp-json\/wp\/v2\/media?parent=6281"}],"curies":[{"name":"wp","href":"https:\/\/api.w.org\/{rel}","templated":true}]}}