{"id":6279,"date":"2019-12-08T22:05:26","date_gmt":"2019-12-08T19:05:26","guid":{"rendered":"https:\/\/northakademi.com\/tr\/?page_id=6279"},"modified":"2019-12-24T01:24:23","modified_gmt":"2019-12-23T22:24:23","slug":"iso-22301-is-surekliligi-yonetim-sistemi","status":"publish","type":"page","link":"https:\/\/northakademi.com\/tr\/belgelendirme\/sistem-belgelendirme\/iso-22301-is-surekliligi-yonetim-sistemi\/","title":{"rendered":"ISO 22301 \u0130\u015f S\u00fcreklili\u011fi Y\u00f6netim Sistemi"},"content":{"rendered":"<\/div><\/div><\/div><!-- close content main div --><\/div><\/div><div id='av_section_1' class='avia-section main_color avia-section-default avia-no-shadow avia-bg-style-scroll   av-minimum-height av-minimum-height-custom container_wrap sidebar_right' style = 'background-repeat: no-repeat; background-image: url(https:\/\/northakademi.com\/tr\/wp-content\/uploads\/2019\/12\/slide-north-akademi-siyah-lacivert.jpg); background-attachment: scroll; background-position: top left; ' data-section-bg-repeat='no-repeat' ><div class='container' style='height:150px'><div class='template-page content  av-content-small alpha units'><div class='post-entry post-entry-type-page post-entry-6279'><div class='entry-content-wrapper clearfix'>\n<div style='padding-bottom:10px;color:#ffffff;' class='av-special-heading av-special-heading-h3 custom-color-heading   '><h3 class='av-special-heading-tag '  itemprop=\"headline\"  >ISO 22301 \u0130\u015f S\u00fcreklili\u011fi Y\u00f6netim Sistemi<\/h3><div class='special-heading-border'><div class='special-heading-inner-border' style='border-color:#ffffff'><\/div><\/div><\/div>\n<\/div><\/div><\/div><!-- close content main div --><\/div><\/div><div id='after_section_1' class='main_color av_default_container_wrap container_wrap sidebar_right'   ><div class='container' ><div class='template-page content  av-content-small alpha units'><div class='post-entry post-entry-type-page post-entry-6279'><div class='entry-content-wrapper clearfix'><div class='avia-image-container  av-styling-    avia-align-center '  itemprop=\"ImageObject\" itemscope=\"itemscope\" itemtype=\"https:\/\/schema.org\/ImageObject\"  ><div class='avia-image-container-inner'><img class='avia_image ' src='https:\/\/northakademi.com\/tr\/wp-content\/uploads\/2019\/12\/iso-22301-545.jpg' alt='' title=''   itemprop=\"thumbnailUrl\"  \/><\/div><\/div><\/p>\n<div class=\"flex_column av_one_full  flex_column_div av-zero-column-padding first  \" style='border-radius:0px; '><section class=\"av_textblock_section \"  itemscope=\"itemscope\" itemtype=\"https:\/\/schema.org\/CreativeWork\" ><div class='avia_textblock  '   itemprop=\"text\" ><p><strong>ISO 22301 Toplumsal G\u00fcvenlik ve \u0130\u015f S\u00fcreklili\u011fi Y\u00f6netim Sistemi Nedir;<\/strong><\/p>\n<p>ISO 22301 kurulu\u015flar\u0131n i\u015f s\u00fcreklili\u011fini sa\u011flamalar\u0131 i\u00e7in gerekli y\u00f6ntemleri belirlemelerini planlar\u0131 olu\u015fturmalar\u0131n\u0131, uygulamalar\u0131, i\u015fletmeleri, izlemeleri, incelemeleri, s\u00fcrd\u00fcrmeleri, korumalar\u0131 i\u00e7eren , riskleri azaltmak i\u00e7in haz\u0131rlanmalar\u0131, y\u0131k\u0131c\u0131 olaylardan kurtarmak i\u00e7in strateji belirlemeleri sa\u011flayan y\u00f6netim sistemidir.<\/p>\n<p><strong>Neden ISO 22301;<\/strong><\/p>\n<p>ISO 22301 ile faaliyetlerdeki kesintileri azalt\u0131r kurtarma zaman\u0131n\u0131 iyile\u015ftirirsiniz.<br \/>\nISO 22301 ile olay etkilerini azalt\u0131rs\u0131n\u0131z.<br \/>\nISO 22301 ile kriz zamanlar\u0131nda kritik fonksiyonlar\u0131n kesintisiz \u00e7al\u0131\u015fmas\u0131n\u0131 sa\u011flars\u0131n\u0131z.<br \/>\nISO 22301 ile kurulu\u015fta i\u015f kayb\u0131ndan dolay\u0131 meydana gelebilecek maddi zararlar\u0131n \u00f6n\u00fcne ge\u00e7ersiniz.<br \/>\nISO 22301 ile kurulu\u015funuzun marka de\u011ferini koruman\u0131z\u0131 sa\u011flar.<br \/>\nISO 22301 ile faaliyetlerdeki tehditler belirlenir ve bunlar\u0131 do\u011fru \u015fekilde ortadan kald\u0131rmak i\u00e7in plan yapman\u0131z\u0131 sa\u011flar.<\/p>\n<p><strong>ISO 22301 ile kazan\u0131n;<\/strong><\/p>\n<p>ISO 22301 ile size kesintisiz ve kay\u0131ps\u0131z faaliyet sunar, b\u00f6ylelikle hem prestijini devaml\u0131 k\u0131lars\u0131n\u0131z hem de b\u00fcy\u00fcmede s\u00fcreklilik elde edersiniz.<\/p>\n<\/div><\/section><\/div>\n","protected":false},"excerpt":{"rendered":"","protected":false},"author":1,"featured_media":0,"parent":6259,"menu_order":0,"comment_status":"closed","ping_status":"closed","template":"","meta":{"footnotes":""},"_links":{"self":[{"href":"https:\/\/northakademi.com\/tr\/wp-json\/wp\/v2\/pages\/6279"}],"collection":[{"href":"https:\/\/northakademi.com\/tr\/wp-json\/wp\/v2\/pages"}],"about":[{"href":"https:\/\/northakademi.com\/tr\/wp-json\/wp\/v2\/types\/page"}],"author":[{"embeddable":true,"href":"https:\/\/northakademi.com\/tr\/wp-json\/wp\/v2\/users\/1"}],"replies":[{"embeddable":true,"href":"https:\/\/northakademi.com\/tr\/wp-json\/wp\/v2\/comments?post=6279"}],"version-history":[{"count":3,"href":"https:\/\/northakademi.com\/tr\/wp-json\/wp\/v2\/pages\/6279\/revisions"}],"predecessor-version":[{"id":6850,"href":"https:\/\/northakademi.com\/tr\/wp-json\/wp\/v2\/pages\/6279\/revisions\/6850"}],"up":[{"embeddable":true,"href":"https:\/\/northakademi.com\/tr\/wp-json\/wp\/v2\/pages\/6259"}],"wp:attachment":[{"href":"https:\/\/northakademi.com\/tr\/wp-json\/wp\/v2\/media?parent=6279"}],"curies":[{"name":"wp","href":"https:\/\/api.w.org\/{rel}","templated":true}]}}