{"id":6277,"date":"2019-12-08T22:04:59","date_gmt":"2019-12-08T19:04:59","guid":{"rendered":"https:\/\/northakademi.com\/tr\/?page_id=6277"},"modified":"2019-12-24T01:19:05","modified_gmt":"2019-12-23T22:19:05","slug":"iso-ts-16949-otomotiv-kalite-yonetim-sistemi","status":"publish","type":"page","link":"https:\/\/northakademi.com\/tr\/belgelendirme\/sistem-belgelendirme\/iso-ts-16949-otomotiv-kalite-yonetim-sistemi\/","title":{"rendered":"ISO TS 16949 Otomotiv Kalite Y\u00f6netim Sistemi"},"content":{"rendered":"<\/div><\/div><\/div><!-- close content main div --><\/div><\/div><div id='av_section_1' class='avia-section main_color avia-section-default avia-no-shadow avia-bg-style-scroll   av-minimum-height av-minimum-height-custom container_wrap sidebar_right' style = 'background-repeat: no-repeat; background-image: url(https:\/\/northakademi.com\/tr\/wp-content\/uploads\/2019\/12\/slide-north-akademi-siyah-lacivert.jpg); background-attachment: scroll; background-position: top left; ' data-section-bg-repeat='no-repeat' ><div class='container' style='height:150px'><div class='template-page content  av-content-small alpha units'><div class='post-entry post-entry-type-page post-entry-6277'><div class='entry-content-wrapper clearfix'>\n<div style='padding-bottom:10px;color:#ffffff;' class='av-special-heading av-special-heading-h3 custom-color-heading   '><h3 class='av-special-heading-tag '  itemprop=\"headline\"  >ISO TS 16949 Otomotiv Kalite Y\u00f6netim Sistemi<\/h3><div class='special-heading-border'><div class='special-heading-inner-border' style='border-color:#ffffff'><\/div><\/div><\/div>\n<\/div><\/div><\/div><!-- close content main div --><\/div><\/div><div id='after_section_1' class='main_color av_default_container_wrap container_wrap sidebar_right'   ><div class='container' ><div class='template-page content  av-content-small alpha units'><div class='post-entry post-entry-type-page post-entry-6277'><div class='entry-content-wrapper clearfix'><div class='avia-image-container  av-styling-    avia-align-center '  itemprop=\"ImageObject\" itemscope=\"itemscope\" itemtype=\"https:\/\/schema.org\/ImageObject\"  ><div class='avia-image-container-inner'><img class='avia_image ' src='https:\/\/northakademi.com\/tr\/wp-content\/uploads\/2019\/12\/iso-16949-otomotiv-kalite-yonetim-01234.jpg' alt='' title=''   itemprop=\"thumbnailUrl\"  \/><\/div><\/div><\/p>\n<div class=\"flex_column av_one_full  flex_column_div av-zero-column-padding first  \" style='border-radius:0px; '><section class=\"av_textblock_section \"  itemscope=\"itemscope\" itemtype=\"https:\/\/schema.org\/CreativeWork\" ><div class='avia_textblock  '   itemprop=\"text\" ><p>ISO\/TS 16949 standard\u0131 global otomotiv end\u00fcstrisi i\u00e7in ISO Technical Committee-TC 176 taraf\u0131ndan olu\u015fturulmu\u015ftur. FORD,GM ve CHRYSLER\u2019in haz\u0131rlad\u0131\u011f\u0131 QS 9000, Alman VDA6.1, Frans\u0131z EAQF ve \u0130talyan AVSQ standartlar\u0131n\u0131 i\u00e7erisinde kapsamaktad\u0131r.<\/p>\n<p>ISO9000 standard\u0131 temeli \u00fczerine otomotiv sekt\u00f6r\u00fcne \u00f6zel gereksinimlerin dahil edilmesiyle olu\u015fturulmu\u015ftur. S\u00fcrekli geli\u015ftirmeyi ve hatalar\u0131n ortaya \u00e7\u0131kmamas\u0131n\u0131 sa\u011flayacak temel sistem anlay\u0131\u015f\u0131na sahiptir.<\/p>\n<p>Her ne kadar QS9000 standard\u0131 son d\u00f6nemde yayg\u0131nla\u015fm\u0131\u015f olsa da yeni standart \u015fimdiden yerini almaya haz\u0131rd\u0131r. 2003 y\u0131l\u0131na kadar ge\u00e7erli olacak ve bu tarihten itibaren kullan\u0131mdan kalkacak olan QS9000 standard\u0131 bu nedenle 2000 y\u0131l\u0131 revizyonu g\u00f6rmeyecektir.<br \/>\nISO\/TS 16949 International Automotive Task Force (IATF) taraf\u0131ndan ISO\/TC 176 temsilcileri ve otomotiv \u00fcreticilerinin ve Ticari Birliklerin uzmanlar\u0131n\u0131n kat\u0131l\u0131m\u0131 ile geli\u015ftirildi.<\/p>\n<p>ISO 9001:2000 ile birlikte ISO\/TS 16949:2002, otomotiv ile ilgili \u00fcr\u00fcnlerin dizayn\u0131\/geli\u015ftirilmesi, \u00fcretimi, montaj\u0131 ve servisi i\u00e7in konulan kalite sistem gerekliliklerini belirlemektedir. Buna ek olarak, ara\u00e7 \u00fcretici \u015firketleri taraf\u0131ndan ayr\u0131 olarak gerekli k\u0131l\u0131nan m\u00fc\u015fteriye \u00f6zel gereklilikler de mevcuttur.<br \/>\nISO\/TS 16949:2002, Uluslararas\u0131 Standartla\u015ft\u0131rma Organizasyonu (ISO) ile ba\u011flant\u0131l\u0131 olarak Uluslararas\u0131 Otomotiv \u0130\u015f G\u00fcc\u00fc (IATF) taraf\u0131ndan geli\u015ftirilmi\u015ftir.<\/p>\n<p>IATF; bir uluslararas\u0131 ara\u00e7 \u00fcreticileri grubundan olu\u015fmaktad\u0131r &#8211; BMW Group, DaimlerChrysler, Fiat, Ford Motor \u015eirketi, General Motors Corporation, PSA Peugeot-Citroen, Renault ve Volkswagen &#8211; bunun yani s\u0131ra ulusal ticaret birlikleri &#8211; AIAG (Amerika), VDA (Almanya), SMMT (Ingiltere), ANFIA (Italya) ve FIEV (Fransa). Japon ara\u00e7 \u00fcreticileri birli\u011fi JAMA da ISO\/TS 16949:2002&#8217;nin geli\u015ftirilmesinde rol \u00fcstlenmistir, bu da Japon ara\u00e7 \u00fcreticilerinin gelecekte IATF&#8217;ye katilim\u0131n\u0131n yolunu a\u00e7m\u0131\u015ft\u0131r.<\/p>\n<p><strong>OTOMOT\u0130V YAN SANAY\u0130;<\/strong><\/p>\n<p>IATF \u00dcyesi Ara\u00e7 \u00dcretici \u015eirketleri, ISO\/TS 16949:2002 uyar\u0131nca yan sanayi belgelendirme\/uygunluk gerekliliklerini belirlemi\u015flerdir.<br \/>\nOtomotiv yan sanayi zincirinde yer alan \u015firketler, belgelendirme i\u00e7in m\u00fc\u015fteri zaman-skalalar\u0131 ile paralel do\u011frultuda ISO\/TS 16949:2002&#8217;e ge\u00e7is i\u00e7in \u00e7al\u0131\u015fmalar\u0131n\u0131 s\u00fcrd\u00fcrmektedirler.<\/p>\n<p>26.Mart.2002 tarihinde yay\u0131nlanan 2. Revizyonu ile ISO9001:2000 standartlar\u0131 ile uyumlu hale getirilmi\u015ftir.<\/p>\n<p>ISO\/TS 16949 standard\u0131 ile,<\/p>\n<ul>\n<li>Otomotiv sekt\u00f6r\u00fcn\u00fcn bilgi birikimini bir araya toplamak<\/li>\n<li>\u00dcr\u00fcn kalitesini iyile\u015ftirmek<\/li>\n<li>Tedarik\u00e7i zincirini geli\u015ftirmek<\/li>\n<li>T\u00fcm sekt\u00f6r\u00fcn ayn\u0131 kalite sisteminde bulu\u015fmas\u0131n\u0131 sa\u011flamak<\/li>\n<li>Verimlili\u011fi artt\u0131rmak<\/li>\n<li>Ana sanayinin farkl\u0131 denetim tipleri uygulamas\u0131n\u0131 \u00f6nlemek<\/li>\n<li>Sekt\u00f6r\u00fcn nitelik ve kalite d\u00fczeyini artt\u0131rmak<\/li>\n<li>T\u00fcketiciye daha g\u00fcvenilir \u00fcr\u00fcnler sunmak<\/li>\n<\/ul>\n<\/div><\/section><\/div>\n","protected":false},"excerpt":{"rendered":"","protected":false},"author":1,"featured_media":0,"parent":6259,"menu_order":0,"comment_status":"closed","ping_status":"closed","template":"","meta":{"footnotes":""},"_links":{"self":[{"href":"https:\/\/northakademi.com\/tr\/wp-json\/wp\/v2\/pages\/6277"}],"collection":[{"href":"https:\/\/northakademi.com\/tr\/wp-json\/wp\/v2\/pages"}],"about":[{"href":"https:\/\/northakademi.com\/tr\/wp-json\/wp\/v2\/types\/page"}],"author":[{"embeddable":true,"href":"https:\/\/northakademi.com\/tr\/wp-json\/wp\/v2\/users\/1"}],"replies":[{"embeddable":true,"href":"https:\/\/northakademi.com\/tr\/wp-json\/wp\/v2\/comments?post=6277"}],"version-history":[{"count":3,"href":"https:\/\/northakademi.com\/tr\/wp-json\/wp\/v2\/pages\/6277\/revisions"}],"predecessor-version":[{"id":6847,"href":"https:\/\/northakademi.com\/tr\/wp-json\/wp\/v2\/pages\/6277\/revisions\/6847"}],"up":[{"embeddable":true,"href":"https:\/\/northakademi.com\/tr\/wp-json\/wp\/v2\/pages\/6259"}],"wp:attachment":[{"href":"https:\/\/northakademi.com\/tr\/wp-json\/wp\/v2\/media?parent=6277"}],"curies":[{"name":"wp","href":"https:\/\/api.w.org\/{rel}","templated":true}]}}