{"id":6275,"date":"2019-12-08T22:04:32","date_gmt":"2019-12-08T19:04:32","guid":{"rendered":"https:\/\/northakademi.com\/tr\/?page_id=6275"},"modified":"2019-12-24T00:52:51","modified_gmt":"2019-12-23T21:52:51","slug":"iso-50001-enerji-yonetim-sistemi","status":"publish","type":"page","link":"https:\/\/northakademi.com\/tr\/belgelendirme\/sistem-belgelendirme\/iso-50001-enerji-yonetim-sistemi\/","title":{"rendered":"ISO 50001 Enerji Y\u00f6netim Sistemi"},"content":{"rendered":"<\/div><\/div><\/div><!-- close content main div --><\/div><\/div><div id='av_section_1' class='avia-section main_color avia-section-default avia-no-shadow avia-bg-style-scroll   av-minimum-height av-minimum-height-custom container_wrap sidebar_right' style = 'background-repeat: no-repeat; background-image: url(https:\/\/northakademi.com\/tr\/wp-content\/uploads\/2019\/12\/slide-north-akademi-siyah-lacivert.jpg); background-attachment: scroll; background-position: top left; ' data-section-bg-repeat='no-repeat' ><div class='container' style='height:150px'><div class='template-page content  av-content-small alpha units'><div class='post-entry post-entry-type-page post-entry-6275'><div class='entry-content-wrapper clearfix'>\n<div style='padding-bottom:10px;color:#ffffff;' class='av-special-heading av-special-heading-h3 custom-color-heading   '><h3 class='av-special-heading-tag '  itemprop=\"headline\"  >ISO 50001 Enerji Y\u00f6netim Sistemi<\/h3><div class='special-heading-border'><div class='special-heading-inner-border' style='border-color:#ffffff'><\/div><\/div><\/div>\n<\/div><\/div><\/div><!-- close content main div --><\/div><\/div><div id='after_section_1' class='main_color av_default_container_wrap container_wrap sidebar_right'   ><div class='container' ><div class='template-page content  av-content-small alpha units'><div class='post-entry post-entry-type-page post-entry-6275'><div class='entry-content-wrapper clearfix'><div class='avia-image-container  av-styling-    avia-align-center '  itemprop=\"ImageObject\" itemscope=\"itemscope\" itemtype=\"https:\/\/schema.org\/ImageObject\"  ><div class='avia-image-container-inner'><img class='avia_image ' src='https:\/\/northakademi.com\/tr\/wp-content\/uploads\/2019\/12\/enerji-yonetim-sistemi-north-akademi.jpg' alt='' title=''   itemprop=\"thumbnailUrl\"  \/><\/div><\/div><\/p>\n<div class=\"flex_column av_one_full  flex_column_div av-zero-column-padding first  \" style='border-radius:0px; '><section class=\"av_textblock_section \"  itemscope=\"itemscope\" itemtype=\"https:\/\/schema.org\/CreativeWork\" ><div class='avia_textblock  '   itemprop=\"text\" ><p><strong>ISO 50001 Enerji Y\u00f6netim Sistemi<\/strong>, t\u00fcm enerji \u00e7e\u015fitlerini kapsam\u0131na al\u0131r. Bu standart, firmalar\u0131n veya kurulu\u015flar\u0131n enerji verimlili\u011fini artmak ad\u0131na gerek duyulan a\u015fama ile sistemleri haz\u0131rlamalar\u0131n\u0131, uygulamaya koymalar\u0131n\u0131 ayr\u0131ca s\u00fcrd\u00fcr\u00fclebilirli\u011fini sa\u011flamakt\u0131r.<\/p>\n<p><strong>ISO 50001 yani enerji y\u00f6netimi sistemi<\/strong>, g\u00fcvenlikten, \u00fcretim, verimlilik ve miktar\u0131ndan, \u00e7evresel yetkinliklerden taviz verilmeden enerjinin kaliteli kullan\u0131m\u0131n\u0131 i\u015faret eder . Enerji Y\u00f6netim Sistemi Standard\u0131, firmalar\u0131n t\u00fcm\u00fcn\u00fcn etkin ve verimli enerji y\u00f6netimine, masraflar\u0131n indirgenmesine ayn\u0131 zamanda da \u00e7evreye kar\u015f\u0131 duyarl\u0131l\u0131\u011fa te\u015fvikte bulunur.<\/p>\n<p><strong>ISO 50001<\/strong> belgesi yani enerji y\u00f6netim sistemi, firmalar\u0131n aksiyon koordinelerini meydana getirmelerini sa\u011flarken, enerji sarfiyat\u0131n\u0131 minimize etmek i\u00e7in ama\u00e7 belirlenmesini ve enerji performans g\u00f6stergelerini meydana getirilmesini sa\u011flamaktad\u0131r. Enerji performans\u0131n\u0131 art\u0131rmak ad\u0131na ise iyile\u015ftirme imkanlar\u0131n\u0131n belirlenmesini, \u00f6nceliklendirilmesini ayn\u0131 zamanda kaydedilmesini sa\u011flamaktad\u0131r. Bununla birlikte enerji t\u00fcr\u00fc ne olursa olsun; daha verimli, daha s\u00fcrd\u00fcr\u00fclebilir enerji sarfiyat\u0131 \u015feklinde devaml\u0131 iyile\u015ftirme i\u00e7in ihtiya\u00e7lar \u00fczerine \u015fartlar\u0131 koymaktad\u0131r.<\/p>\n<p>Enerji y\u00f6netim sistemi konusunda daha ayr\u0131nt\u0131l\u0131 bilgi almak i\u00e7in Sistem Kalite ISO 50001 belgelendirme ve test dan\u0131\u015fmanl\u0131\u011f\u0131 kurulu\u015fumuza m\u00fcracaat ediniz.<\/p>\n<\/div><\/section><\/div>\n","protected":false},"excerpt":{"rendered":"","protected":false},"author":1,"featured_media":0,"parent":6259,"menu_order":0,"comment_status":"closed","ping_status":"closed","template":"","meta":{"footnotes":""},"_links":{"self":[{"href":"https:\/\/northakademi.com\/tr\/wp-json\/wp\/v2\/pages\/6275"}],"collection":[{"href":"https:\/\/northakademi.com\/tr\/wp-json\/wp\/v2\/pages"}],"about":[{"href":"https:\/\/northakademi.com\/tr\/wp-json\/wp\/v2\/types\/page"}],"author":[{"embeddable":true,"href":"https:\/\/northakademi.com\/tr\/wp-json\/wp\/v2\/users\/1"}],"replies":[{"embeddable":true,"href":"https:\/\/northakademi.com\/tr\/wp-json\/wp\/v2\/comments?post=6275"}],"version-history":[{"count":3,"href":"https:\/\/northakademi.com\/tr\/wp-json\/wp\/v2\/pages\/6275\/revisions"}],"predecessor-version":[{"id":6844,"href":"https:\/\/northakademi.com\/tr\/wp-json\/wp\/v2\/pages\/6275\/revisions\/6844"}],"up":[{"embeddable":true,"href":"https:\/\/northakademi.com\/tr\/wp-json\/wp\/v2\/pages\/6259"}],"wp:attachment":[{"href":"https:\/\/northakademi.com\/tr\/wp-json\/wp\/v2\/media?parent=6275"}],"curies":[{"name":"wp","href":"https:\/\/api.w.org\/{rel}","templated":true}]}}