{"id":6271,"date":"2019-12-08T22:03:42","date_gmt":"2019-12-08T19:03:42","guid":{"rendered":"https:\/\/northakademi.com\/tr\/?page_id=6271"},"modified":"2019-12-23T23:26:16","modified_gmt":"2019-12-23T20:26:16","slug":"iso-27001-bilgi-guvenligi-yonetim-sistemi","status":"publish","type":"page","link":"https:\/\/northakademi.com\/tr\/belgelendirme\/sistem-belgelendirme\/iso-27001-bilgi-guvenligi-yonetim-sistemi\/","title":{"rendered":"ISO 27001 Bilgi G\u00fcvenli\u011fi Y\u00f6netim Sistemi"},"content":{"rendered":"<\/div><\/div><\/div><!-- close content main div --><\/div><\/div><div id='av_section_1' class='avia-section main_color avia-section-default avia-no-shadow avia-bg-style-scroll   av-minimum-height av-minimum-height-custom container_wrap sidebar_right' style = 'background-repeat: no-repeat; background-image: url(https:\/\/northakademi.com\/tr\/wp-content\/uploads\/2019\/12\/slide-north-akademi-siyah-lacivert.jpg); background-attachment: scroll; background-position: top left; ' data-section-bg-repeat='no-repeat' ><div class='container' style='height:150px'><div class='template-page content  av-content-small alpha units'><div class='post-entry post-entry-type-page post-entry-6271'><div class='entry-content-wrapper clearfix'>\n<div style='padding-bottom:10px;color:#ffffff;' class='av-special-heading av-special-heading-h3 custom-color-heading   '><h3 class='av-special-heading-tag '  itemprop=\"headline\"  >ISO 27001 Bilgi G\u00fcvenli\u011fi Y\u00f6netim Sistemi<\/h3><div class='special-heading-border'><div class='special-heading-inner-border' style='border-color:#ffffff'><\/div><\/div><\/div>\n<\/div><\/div><\/div><!-- close content main div --><\/div><\/div><div id='after_section_1' class='main_color av_default_container_wrap container_wrap sidebar_right'   ><div class='container' ><div class='template-page content  av-content-small alpha units'><div class='post-entry post-entry-type-page post-entry-6271'><div class='entry-content-wrapper clearfix'><div class='avia-image-container  av-styling-    avia-align-center '  itemprop=\"ImageObject\" itemscope=\"itemscope\" itemtype=\"https:\/\/schema.org\/ImageObject\"  ><div class='avia-image-container-inner'><img class='avia_image ' src='https:\/\/northakademi.com\/tr\/wp-content\/uploads\/2019\/12\/iso-27001-bilgi-guvenligi-north-1.jpg' alt='' title=''   itemprop=\"thumbnailUrl\"  \/><\/div><\/div><\/p>\n<div class=\"flex_column av_one_full  flex_column_div av-zero-column-padding first  \" style='border-radius:0px; '><section class=\"av_textblock_section \"  itemscope=\"itemscope\" itemtype=\"https:\/\/schema.org\/CreativeWork\" ><div class='avia_textblock  '   itemprop=\"text\" ><p>Bilgi G\u00fcvenli\u011fi Y\u00f6netim Sistemi, bilgi varl\u0131klar\u0131n\u0131n korumas\u0131na ve ilgili taraflara, \u00f6zellikle de m\u00fc\u015fterilere g\u00fcven verilmesine y\u00f6nelik bir y\u00f6netim sistemidir. Bu standart, Bilgi G\u00fcvenli\u011fi Y\u00f6netim Sistemini olu\u015fturmak, uygulamak, i\u015fletmek, izlemek, incelemek, s\u00fcrd\u00fcrmek ve geli\u015ftirmek i\u00e7in s\u00fcre\u00e7 yakla\u015f\u0131m\u0131n\u0131 benimser. D\u00fcnyan\u0131n neresinden olursa olsun b\u00fcy\u00fck k\u00fc\u00e7\u00fck t\u00fcm kurulu\u015flara uygulanabilir.<\/p>\n<p><strong>ISO\/IEC 27001<\/strong>, Bilgi G\u00fcvenli\u011fi Y\u00f6netimi Sistemi gereksinimlerini tan\u0131mlayan tek uluslararas\u0131 denetlenebilir standartt\u0131r. Yeterli ve orant\u0131l\u0131 g\u00fcvenlik denetimleri se\u00e7ilmesini sa\u011flamak i\u00e7in tasarlanm\u0131\u015ft\u0131r Bu standart, finans, sa\u011fl\u0131k, kamu ve Bilgi Teknolojileri sekt\u00f6rleri gibi bilginin korunmas\u0131n\u0131n b\u00fcy\u00fck \u00f6neme sahip oldu\u011fu alanlarda \u00f6zellikle gereklidir. M\u00fc\u015fterilere bilgilerinin koruma alt\u0131nda oldu\u011fu g\u00fcvencesini verebilecek bir y\u00f6netim standard\u0131d\u0131r.<\/p>\n<p><strong>ISO 27001<\/strong> belgesi i\u00e7in kurum ve kurulu\u015flar\u0131n \u00f6ncelikle ISO 27001 Bilgi G\u00fcvenli\u011fi Y\u00f6netim Sistemi standard\u0131na g\u00f6re sistem kurmalar\u0131 ve uygulamalar\u0131 gerekmektedir. ISO 27001 Bilgi G\u00fcvenli\u011fi Y\u00f6netim Sistemi Kurumlar\u0131n risk y\u00f6netimi ve risk i\u015fleme planlar\u0131n\u0131, g\u00f6rev ve sorumluluklar\u0131, i\u015f devaml\u0131l\u0131\u011f\u0131 planlar\u0131n\u0131, acil durum olay y\u00f6netimi prosed\u00fcrleri haz\u0131rlamas\u0131n\u0131 ve uygulamada bunlar\u0131n kay\u0131tlar\u0131n\u0131 tutmas\u0131n\u0131 gerektirir.<\/p>\n<p><strong>ISO 27001<\/strong> Bilgi G\u00fcvenli\u011fi Y\u00f6netim Sistemi standard\u0131na g\u00f6re sistem kuran firmalar\u0131n uluslararas\u0131 boyutta tan\u0131nan ve ISO 27001 Bilgi G\u00fcvenli\u011fi Y\u00f6netim Sistemi hususunda akredite olmu\u015f kurulu\u015flardan denetim yapt\u0131rmas\u0131 ve bu denetimlerden ba\u015far\u0131 ile ge\u00e7mesi gerekmektedir.<\/p>\n<p>Bilgi g\u00fcvenli\u011fine \u00f6nem veren kurum ve kurulu\u015flar\u0131n illa belgelendirilmeleri gerekmez. ISO 27001 standard\u0131na g\u00f6re ISO 27001 Bilgi G\u00fcvenli\u011fi Y\u00f6netim Sistemi kurmalar\u0131 da yeterlidir. Fakat hi\u00e7bir sistem ve uygulama \u00fc\u00e7\u00fcnc\u00fc taraf bir g\u00f6zle kontrol edilip denetlenmedikten sonra o sistemin etkinli\u011finden bahsetmek m\u00fcmk\u00fcn de\u011fildir.<\/p>\n<p><strong>\u00d6nemli Not:<\/strong> E-fatura hizmeti verecek \u00f6zel entegrat\u00f6r firmalara ISO 27001, ISO 22301 ve ISO 20000 belgeleri alma zorunlulu\u011fu getirilmi\u015ftir.<\/p>\n<p>Gelir \u0130daresi Ba\u015fkanl\u0131\u011f\u0131 (G\u0130B) Ba\u011fl\u0131 Denetim ve Uyum Y\u00f6netimi Daire Ba\u015fkanl\u0131\u011f\u0131 e-fatura hizmeti verecek olan \u00d6zel Entegrat\u00f6r Firmalar i\u00e7in yay\u0131nlad\u0131\u011f\u0131 e-fatura uygulamas\u0131 k\u0131lavuzunda;<\/p>\n<p><strong>\u00d6zel Entegrat\u00f6r;<\/strong><br \/>\nBilgi g\u00fcvenli\u011fi i\u00e7in TS ISO IEC 27001 veya ISO27001 belgelerine,<br \/>\n\u0130\u015f s\u00fcreklili\u011fi (Societal security &#8211; Business continuity) i\u00e7in ISO 22301 belgesine,<\/p>\n<p><strong>Bilgi Teknolojileri Hizmet Y\u00f6netimi Sistemi i\u00e7in;<\/strong><br \/>\nTS ISO IEC 20000 veya ISO 20000 belgelerine sahip olmal\u0131d\u0131r.<\/p>\n<p>\u015eeklindeki a\u00e7\u0131klamas\u0131yla e-fatura hizmeti verecek \u00f6zel entegrat\u00f6r firmalara ISO 27001, ISO 22301 ve ISO 20000 belgeleri alma zorunlulu\u011fu getirmi\u015ftir.<\/p>\n<p><strong>\u00d6zetle \u00d6zel Entegrat\u00f6r Firmalar;<\/strong><\/p>\n<p>&#8211; ISO 27001 Bilgi G\u00fcvenli\u011fi Y\u00f6netim Sistemi<br \/>\n&#8211; ISO 22301 \u0130\u015f S\u00fcreklili\u011fi Y\u00f6netim Sistemi<br \/>\n&#8211; ISO 20000-1 Bilgi Teknolojileri Hizmet Y\u00f6netim Sistemi<\/p>\n<p>Standartlar\u0131na g\u00f6re bir sistem olu\u015fturup uluslararas\u0131 akreditasyona tabi belgelendirme kurulu\u015flar\u0131ndan bu sistemleri belgelendirmeleri gerekmektedir.<br \/>\nISO 27001 Bilgi G\u00fcvenli\u011fi Y\u00f6netim Sistemi, denetim ve belgelendirmesi yaparak m\u00fc\u015fterilerine hizmet vermektedir.<\/p>\n<\/div><\/section><\/div>\n","protected":false},"excerpt":{"rendered":"","protected":false},"author":1,"featured_media":0,"parent":6259,"menu_order":0,"comment_status":"closed","ping_status":"closed","template":"","meta":{"footnotes":""},"_links":{"self":[{"href":"https:\/\/northakademi.com\/tr\/wp-json\/wp\/v2\/pages\/6271"}],"collection":[{"href":"https:\/\/northakademi.com\/tr\/wp-json\/wp\/v2\/pages"}],"about":[{"href":"https:\/\/northakademi.com\/tr\/wp-json\/wp\/v2\/types\/page"}],"author":[{"embeddable":true,"href":"https:\/\/northakademi.com\/tr\/wp-json\/wp\/v2\/users\/1"}],"replies":[{"embeddable":true,"href":"https:\/\/northakademi.com\/tr\/wp-json\/wp\/v2\/comments?post=6271"}],"version-history":[{"count":3,"href":"https:\/\/northakademi.com\/tr\/wp-json\/wp\/v2\/pages\/6271\/revisions"}],"predecessor-version":[{"id":6823,"href":"https:\/\/northakademi.com\/tr\/wp-json\/wp\/v2\/pages\/6271\/revisions\/6823"}],"up":[{"embeddable":true,"href":"https:\/\/northakademi.com\/tr\/wp-json\/wp\/v2\/pages\/6259"}],"wp:attachment":[{"href":"https:\/\/northakademi.com\/tr\/wp-json\/wp\/v2\/media?parent=6271"}],"curies":[{"name":"wp","href":"https:\/\/api.w.org\/{rel}","templated":true}]}}