{"id":6269,"date":"2019-12-08T22:03:09","date_gmt":"2019-12-08T19:03:09","guid":{"rendered":"https:\/\/northakademi.com\/tr\/?page_id=6269"},"modified":"2019-12-23T23:20:20","modified_gmt":"2019-12-23T20:20:20","slug":"ohsas-18001-isci-sagligi-ve-is-guvenligi-yonetim-sistemleri","status":"publish","type":"page","link":"https:\/\/northakademi.com\/tr\/belgelendirme\/sistem-belgelendirme\/ohsas-18001-isci-sagligi-ve-is-guvenligi-yonetim-sistemleri\/","title":{"rendered":"OHSAS 18001 \u0130\u015f\u00e7i Sa\u011fl\u0131\u011f\u0131 ve \u0130\u015f G\u00fcvenli\u011fi Y\u00f6netim Sistemleri"},"content":{"rendered":"<\/div><\/div><\/div><!-- close content main div --><\/div><\/div><div id='av_section_1' class='avia-section main_color avia-section-default avia-no-shadow avia-bg-style-scroll   av-minimum-height av-minimum-height-custom container_wrap sidebar_right' style = 'background-repeat: no-repeat; background-image: url(https:\/\/northakademi.com\/tr\/wp-content\/uploads\/2019\/12\/slide-north-akademi-siyah-lacivert.jpg); background-attachment: scroll; background-position: top left; ' data-section-bg-repeat='no-repeat' ><div class='container' style='height:150px'><div class='template-page content  av-content-small alpha units'><div class='post-entry post-entry-type-page post-entry-6269'><div class='entry-content-wrapper clearfix'>\n<div style='padding-bottom:10px;color:#ffffff;' class='av-special-heading av-special-heading-h3 custom-color-heading   '><h3 class='av-special-heading-tag '  itemprop=\"headline\"  >OHSAS 18001 \u0130\u015f\u00e7i Sa\u011fl\u0131\u011f\u0131 ve \u0130\u015f G\u00fcvenli\u011fi Y\u00f6netim Sistemleri<\/h3><div class='special-heading-border'><div class='special-heading-inner-border' style='border-color:#ffffff'><\/div><\/div><\/div>\n<\/div><\/div><\/div><!-- close content main div --><\/div><\/div><div id='after_section_1' class='main_color av_default_container_wrap container_wrap sidebar_right'   ><div class='container' ><div class='template-page content  av-content-small alpha units'><div class='post-entry post-entry-type-page post-entry-6269'><div class='entry-content-wrapper clearfix'><div class='avia-image-container  av-styling-    avia-align-center '  itemprop=\"ImageObject\" itemscope=\"itemscope\" itemtype=\"https:\/\/schema.org\/ImageObject\"  ><div class='avia-image-container-inner'><img class='avia_image ' src='https:\/\/northakademi.com\/tr\/wp-content\/uploads\/2019\/12\/iso-18001-isci-sagligi-north.jpg' alt='' title=''   itemprop=\"thumbnailUrl\"  \/><\/div><\/div><\/p>\n<div class=\"flex_column av_one_full  flex_column_div av-zero-column-padding first  \" style='border-radius:0px; '><section class=\"av_textblock_section \"  itemscope=\"itemscope\" itemtype=\"https:\/\/schema.org\/CreativeWork\" ><div class='avia_textblock  '   itemprop=\"text\" ><p><strong>ISO 45001, kurulu\u015funuz i\u00e7in neden gereklidir?<\/strong><\/p>\n<p>ISO 45001, i\u015f kazalar\u0131n\u0131n ve meslek hastal\u0131klar\u0131n\u0131n \u00f6nlenmesi, g\u00fcvenli ve sa\u011fl\u0131kl\u0131 \u00e7al\u0131\u015fma ortamlar\u0131n\u0131n sa\u011flanmas\u0131 i\u00e7in tasarlanm\u0131\u015ft\u0131r. Uluslararas\u0131 faaliyet g\u00f6steren veya ticaret yapan kurulu\u015flar i\u00e7in co\u011frafi, politik, ekonomik, ticari ve sosyal s\u0131n\u0131rlar\u0131 a\u015fan tek bir uluslararas\u0131 standartla \u00e7al\u0131\u015fmak i\u015finizi kolayla\u015ft\u0131rabilir.<\/p>\n<p><strong>ISO 45001 e\u011fitim ve belgelendirmesi i\u00e7in neden North Akademiyi se\u00e7melisiniz?<\/strong><\/p>\n<p>BSI olarak, ISO 45001&#8217;den en iyi \u015fekilde yararlanman\u0131za yard\u0131mc\u0131 olacak uzmanl\u0131\u011fa ve bilgiye sahibiz. Sekt\u00f6r uzmanlar\u0131m\u0131z ve e\u011fitmenlerimizin uzun y\u0131llara dayanan bilgi birikimi ve kapsaml\u0131 destek materyallerimiz ile verdi\u011fimiz e\u011fitimler sayesinde standard\u0131 en iyi \u015fekilde kavraman\u0131za yard\u0131mc\u0131 oluyoruz.<\/p>\n<\/div><\/section><\/div>\n","protected":false},"excerpt":{"rendered":"","protected":false},"author":1,"featured_media":0,"parent":6259,"menu_order":0,"comment_status":"closed","ping_status":"closed","template":"","meta":{"footnotes":""},"_links":{"self":[{"href":"https:\/\/northakademi.com\/tr\/wp-json\/wp\/v2\/pages\/6269"}],"collection":[{"href":"https:\/\/northakademi.com\/tr\/wp-json\/wp\/v2\/pages"}],"about":[{"href":"https:\/\/northakademi.com\/tr\/wp-json\/wp\/v2\/types\/page"}],"author":[{"embeddable":true,"href":"https:\/\/northakademi.com\/tr\/wp-json\/wp\/v2\/users\/1"}],"replies":[{"embeddable":true,"href":"https:\/\/northakademi.com\/tr\/wp-json\/wp\/v2\/comments?post=6269"}],"version-history":[{"count":3,"href":"https:\/\/northakademi.com\/tr\/wp-json\/wp\/v2\/pages\/6269\/revisions"}],"predecessor-version":[{"id":6820,"href":"https:\/\/northakademi.com\/tr\/wp-json\/wp\/v2\/pages\/6269\/revisions\/6820"}],"up":[{"embeddable":true,"href":"https:\/\/northakademi.com\/tr\/wp-json\/wp\/v2\/pages\/6259"}],"wp:attachment":[{"href":"https:\/\/northakademi.com\/tr\/wp-json\/wp\/v2\/media?parent=6269"}],"curies":[{"name":"wp","href":"https:\/\/api.w.org\/{rel}","templated":true}]}}