{"id":6267,"date":"2019-12-08T22:01:16","date_gmt":"2019-12-08T19:01:16","guid":{"rendered":"https:\/\/northakademi.com\/tr\/?page_id=6267"},"modified":"2019-12-23T21:34:30","modified_gmt":"2019-12-23T18:34:30","slug":"iso-22000-gida-yonetim-sistemi","status":"publish","type":"page","link":"https:\/\/northakademi.com\/tr\/belgelendirme\/sistem-belgelendirme\/iso-22000-gida-yonetim-sistemi\/","title":{"rendered":"ISO 22000 G\u0131da Y\u00f6netim Sistemi"},"content":{"rendered":"<\/div><\/div><\/div><!-- close content main div --><\/div><\/div><div id='av_section_1' class='avia-section main_color avia-section-default avia-no-shadow avia-bg-style-scroll   av-minimum-height av-minimum-height-custom container_wrap sidebar_right' style = 'background-repeat: no-repeat; background-image: url(https:\/\/northakademi.com\/tr\/wp-content\/uploads\/2019\/12\/slide-north-akademi-siyah-lacivert.jpg); background-attachment: scroll; background-position: top left; ' data-section-bg-repeat='no-repeat' ><div class='container' style='height:150px'><div class='template-page content  av-content-small alpha units'><div class='post-entry post-entry-type-page post-entry-6267'><div class='entry-content-wrapper clearfix'>\n<div style='padding-bottom:10px;color:#ffffff;' class='av-special-heading av-special-heading-h3 custom-color-heading   '><h3 class='av-special-heading-tag '  itemprop=\"headline\"  >ISO 22000 G\u0131da Y\u00f6netim Sistemi<\/h3><div class='special-heading-border'><div class='special-heading-inner-border' style='border-color:#ffffff'><\/div><\/div><\/div>\n<\/div><\/div><\/div><!-- close content main div --><\/div><\/div><div id='after_section_1' class='main_color av_default_container_wrap container_wrap sidebar_right'   ><div class='container' ><div class='template-page content  av-content-small alpha units'><div class='post-entry post-entry-type-page post-entry-6267'><div class='entry-content-wrapper clearfix'><div class='avia-image-container  av-styling-    avia-align-center '  itemprop=\"ImageObject\" itemscope=\"itemscope\" itemtype=\"https:\/\/schema.org\/ImageObject\"  ><div class='avia-image-container-inner'><img class='avia_image ' src='https:\/\/northakademi.com\/tr\/wp-content\/uploads\/2019\/12\/iso-22000-gida-guvenligi-north.jpg' alt='' title=''   itemprop=\"thumbnailUrl\"  \/><\/div><\/div><\/p>\n<div class=\"flex_column av_one_full  flex_column_div av-zero-column-padding first  \" style='border-radius:0px; '><section class=\"av_textblock_section \"  itemscope=\"itemscope\" itemtype=\"https:\/\/schema.org\/CreativeWork\" ><div class='avia_textblock  '   itemprop=\"text\" ><p>O 22000; g\u0131da tedarik zincirindeki mevcut ve potansiyel tehlikelerin belirlenmesi, bunlar\u0131n kontrol\u00fc i\u00e7in \u00f6nlemlerinin belirlenmesi, uygulanmas\u0131, izlenmesi, sonu\u00e7lar\u0131n\u0131n de\u011ferlendirilmesi ve analizi, uygulamalar\u0131n s\u00fcrekli iyile\u015ftirilmesi i\u00e7in uygulanan bir y\u00f6netim sistemidir.<\/p>\n<p>G\u00fcn\u00fcm\u00fczde g\u0131da g\u00fcvenli\u011fi, b\u00fct\u00fcn d\u00fcnyan\u0131n ilgilendi\u011fi bir konu haline gelmi\u015ftir. G\u0131da yoluyla ta\u015f\u0131nan salg\u0131n hastal\u0131klar\u0131n yaln\u0131zca insan hayat\u0131 \u00fczerinde de\u011fil, kurulu\u015flar ve \u00fclkelerin ekonomileri \u00fczerinde b\u0131rakabilece\u011fi y\u0131k\u0131c\u0131 etkiler son derece fazlad\u0131r. Her y\u0131l, d\u00fcnyan\u0131n her yerinde y\u00fczlerce insan g\u0131da zehirlenmesi sonucunda hastal\u0131klara yakalanmakta ve g\u0131da \u00fcreticisi kurulu\u015flar y\u00fckl\u00fc miktarda tazminatlar \u00f6deyerek, kurulu\u015flar\u0131n itibar\u0131nda \u00f6l\u00e7\u00fclemeyecek b\u00fcy\u00fckl\u00fckte zararlarla kar\u015f\u0131la\u015fmaktad\u0131rlar.<\/p>\n<p>Kalite ve g\u0131da g\u00fcvenli\u011fin garanti alt\u0131na al\u0131nmas\u0131, \u201ctarladan sofraya\u201d g\u0131da zincirindeki t\u00fcm kurulu\u015flar\u0131n devaml\u0131l\u0131\u011f\u0131 i\u00e7in ka\u00e7\u0131n\u0131lmaz bir gerekliliktir. Bu nedenle risk y\u00f6netimi; restoranlar ve catering hizmeti veren kurulu\u015flar\u0131, paketleme hizmeti veren kurulu\u015flar\u0131, g\u0131da \u00fcretimi ve ilgili faaliyetlerde kullan\u0131lan ekipman ve kimyasal \u00fcreticileri ile ha\u015fere kontrol\u00fc, temizlik, ta\u015f\u0131ma ve lojistik gibi hizmet kurulu\u015flar\u0131 da dahil olmak \u00fczere, piyasada konumunu korumak isteyen t\u00fcm kurulu\u015flar i\u00e7in \u015fart haline gelmi\u015ftir.<\/p>\n<p>Ara ve nihai t\u00fcketiciler, ihtiya\u00e7 duyduklar\u0131 garantiyi sa\u011flayabilecek, g\u00fcvenilir kurlu\u015flar\u0131 tercih etmektedir. Kurulu\u015flar bu g\u00fcveni, b\u00fct\u00fcn proseslerini kapsayan ve etkin olarak uygulanan bir g\u0131da g\u00fcvenli\u011fi y\u00f6netim sistemleri oldu\u011funu kan\u0131tlayarak kazanabilirler.<br \/>\nISO 22000, global g\u0131da temini zincirindeki t\u00fcm kurulu\u015flar i\u00e7in ge\u00e7erlidir ve uluslar aras\u0131 bir standartt\u0131r. ISO 22000, ulusal standardlara uyum konusunda altyap\u0131 sa\u011flar ve mevcut G\u0131da g\u00fcvenli\u011fi standardlar\u0131 \u015fartlar\u0131n\u0131n \u00e7o\u011funu kapsar. ISO 22000\u2019in yap\u0131s\u0131, ISO 9001 ve ISO 14001 y\u00f6netim sistemleri maddeleri ile uyumludur.<\/p>\n<p><strong>ISO 22000 G\u0131da G\u00fcvenli\u011fi Sisteminin Yararlar\u0131:<\/strong><\/p>\n<ul>\n<li>M\u00fc\u015fterilere \u00fcr\u00fcnlerin hijyenik ve g\u00fcvenli \u015fekilde \u00fcretildi\u011fine dair g\u00fcven verilmi\u015f olur.<\/li>\n<li>G\u0131da \u00fcr\u00fcnlerinin \u00fcretim a\u015famalar\u0131nda gerekli t\u00fcm \u00f6nlemlerin al\u0131nd\u0131\u011f\u0131n\u0131 g\u00f6sterir.<\/li>\n<li>\u00dcr\u00fcn yakla\u015f\u0131m\u0131 yerine sistem yakla\u015f\u0131m\u0131n\u0131 \u00f6ng\u00f6r\u00fcr.<\/li>\n<li>G\u0131da tedarik zinciri boyunca, kaynak optimizasyonu sa\u011flar.<\/li>\n<li>T\u00fcm kontrol \u00f6nlemleri i\u00e7in tehlike analizi yap\u0131lmas\u0131n\u0131 sa\u011flar.<\/li>\n<li>\u00dcr\u00fcnlerin kalitesini geli\u015ftirir, \u00fcr\u00fcne olan g\u00fcveni artt\u0131r\u0131r, g\u00fcvenli olmayan \u00fcr\u00fcnlerin \u00fcretimi ve sat\u0131\u015f\u0131 riskini azalt\u0131r.<\/li>\n<li>Muhtemel tehlikeleri \u00f6nleyerek g\u00fcvenilir g\u0131da \u00fcretilmesini ve m\u00fc\u015fteriye ula\u015ft\u0131r\u0131lmas\u0131n\u0131 sa\u011flar.<\/li>\n<li>\u00dcr\u00fcnlerin kalite kontrol\u00fcnden, \u00f6nleyici kalite g\u00fcvencesine ge\u00e7i\u015fi sa\u011flar.<\/li>\n<li>M\u00fc\u015fteri \u015fikayetlerinin azalt\u0131lmas\u0131n\u0131 ve b\u00f6ylelikle zaman ve maliyetten tasarruf edilmesini sa\u011flar.<\/li>\n<li>\u00dcretimde ve \u00fcr\u00fcnlerde potansiyel tehlikeler ba\u015flang\u0131\u00e7ta ortaya \u00e7\u0131kar\u0131l\u0131r ve giderilebilir.<\/li>\n<li>Fire ve iadelerden kaynaklanan maliyetleri azalt\u0131r.<\/li>\n<li>Yerel otorite ile g\u0131da g\u00fcvenli\u011fi konusunda daha iyi ili\u015fkiler geli\u015ftirilmesine yard\u0131mc\u0131 olur.<\/li>\n<li>Avrupa Birli\u011fi i\u00e7inde ve d\u0131\u015f\u0131nda ticaret kolayl\u0131\u011f\u0131 ile rekabet g\u00fcc\u00fcn\u00fcn artt\u0131r\u0131lmas\u0131n\u0131 sa\u011flar.<\/li>\n<\/ul>\n<\/div><\/section><\/div>\n","protected":false},"excerpt":{"rendered":"","protected":false},"author":1,"featured_media":0,"parent":6259,"menu_order":0,"comment_status":"closed","ping_status":"closed","template":"","meta":{"footnotes":""},"_links":{"self":[{"href":"https:\/\/northakademi.com\/tr\/wp-json\/wp\/v2\/pages\/6267"}],"collection":[{"href":"https:\/\/northakademi.com\/tr\/wp-json\/wp\/v2\/pages"}],"about":[{"href":"https:\/\/northakademi.com\/tr\/wp-json\/wp\/v2\/types\/page"}],"author":[{"embeddable":true,"href":"https:\/\/northakademi.com\/tr\/wp-json\/wp\/v2\/users\/1"}],"replies":[{"embeddable":true,"href":"https:\/\/northakademi.com\/tr\/wp-json\/wp\/v2\/comments?post=6267"}],"version-history":[{"count":3,"href":"https:\/\/northakademi.com\/tr\/wp-json\/wp\/v2\/pages\/6267\/revisions"}],"predecessor-version":[{"id":6817,"href":"https:\/\/northakademi.com\/tr\/wp-json\/wp\/v2\/pages\/6267\/revisions\/6817"}],"up":[{"embeddable":true,"href":"https:\/\/northakademi.com\/tr\/wp-json\/wp\/v2\/pages\/6259"}],"wp:attachment":[{"href":"https:\/\/northakademi.com\/tr\/wp-json\/wp\/v2\/media?parent=6267"}],"curies":[{"name":"wp","href":"https:\/\/api.w.org\/{rel}","templated":true}]}}